{"id":1015,"date":"2017-10-28T20:48:19","date_gmt":"2017-10-28T20:48:19","guid":{"rendered":"http:\/\/www.miamiroboticprostatectomy.com\/?page_id=1015"},"modified":"2021-08-23T11:56:57","modified_gmt":"2021-08-23T11:56:57","slug":"benign-prostatic-hyperplasia","status":"publish","type":"page","link":"https:\/\/miamiroboticprostatectomy.com\/pt\/prostate-cancer\/benign-prostatic-hyperplasia\/","title":{"rendered":"Hiperplasia Benigna da Pr\u00f3stata"},"content":{"rendered":"<p>A hiperplasia benigna da pr\u00f3stata, mais conhecida como BPH, \u00e9 um aumento da gl\u00e2ndula da pr\u00f3stata (n\u00e3o canceroso) devido ao desenvolvimento excessivo das c\u00e9lulas da pr\u00f3stata. A gl\u00e2ndula \u00e9 um componente cr\u00edtico do sistema reprodutor masculino.<\/p>\n<p>A pr\u00f3stata secreta um fluido na uretra durante o processo de ejacula\u00e7\u00e3o. A pr\u00f3stata est\u00e1 localizada abaixo do colo da bexiga urin\u00e1ria, englobando a uretra. Embora n\u00e3o haja consenso sobre a causa da HBP, muitos especialistas acreditam que ela seja causada devido a uma diminui\u00e7\u00e3o da testosterona com a idade.<\/p>\n<p><img decoding=\"async\" class=\"img-responsive\" src=\"http:\/\/www.miamiroboticprostatectomy.com\/wp-content\/uploads\/2020\/01\/BPH-image.png\" alt=\"Benign Prostatic Hyperplasia\" title=\"\"><\/p>\n<p>Quase 50% dos homens aos 50 anos ter\u00e3o hiperplasia benigna da pr\u00f3stata e, quando chegarem aos 80 anos, h\u00e1 uma chance de 80-90% de desenvolver uma pr\u00f3stata aumentada. Nos EUA, mais de 2 milh\u00f5es de homens s\u00e3o tratados anualmente para BPH. Embora os sintomas da HBP e do c\u00e2ncer de pr\u00f3stata sejam semelhantes, a hiperplasia benigna da pr\u00f3stata nunca foi comprovada como um precursor no desenvolvimento do c\u00e2ncer de pr\u00f3stata.<\/p>\n<p>\u00c0 medida que a pr\u00f3stata aumenta de tamanho, ela comprime a uretra, que passa diretamente pelo centro da gl\u00e2ndula e, com o passar do tempo, pode restringir o fluxo urin\u00e1rio. No in\u00edcio, os sintomas da BPH s\u00e3o leves e toler\u00e1veis. \u00c0 medida que a condi\u00e7\u00e3o se torna mais grave, os sintomas podem afetar a qualidade de vida do homem.<\/p>\n<h2> <strong> Os sintomas mais comuns de BPH s\u00e3o: <\/strong> <\/h2>\n<ul>\n<li> Urinar com frequ\u00eancia \u00e0 noite <\/li>\n<li> Uma urg\u00eancia de urinar com frequ\u00eancia <\/li>\n<li> O fluxo urin\u00e1rio n\u00e3o come\u00e7a imediatamente <\/li>\n<li> O fluxo urin\u00e1rio \u00e9 intermitente, para e desaparece <\/li>\n<li> O fluxo lento da urina <\/li>\n<li> encontrar sangue na urina <\/li>\n<li> A Sensa\u00e7\u00e3o de que a bexiga n\u00e3o est\u00e1 vazia <\/li>\n<li> Dor ou sensa\u00e7\u00e3o de queima\u00e7\u00e3o durante ou depois de urinar <\/li>\n<li> Impot\u00eancia <\/li>\n<li> Dor durante o orgasmo <\/li>\n<\/ul>\n<p>Com esses sintomas, encontrar um banheiro influencia aonde se pode ir. Ter que se desculpar com frequ\u00eancia e ficar desconfort\u00e1vel na maior parte do tempo pode ser irritante, sen\u00e3o embara\u00e7oso em ambientes sociais. A certa altura, torna-se necess\u00e1rio consultar um urologista como <a href=\"https:\/\/miamiroboticprostatectomy.com\/pt\/about-doctor\/\">Dr. Razdan<\/a>,um m\u00e9dico especialista em doen\u00e7as da \u00e1rea genital e urin\u00e1ria. Assim que ele confirmar o diagn\u00f3stico de BPH, ele recomendar\u00e1 uma op\u00e7\u00e3o de tratamento. N\u00e3o h\u00e1 cura para a HBP, ent\u00e3o o principal objetivo do tratamento \u00e9 encontrar al\u00edvio.<\/p>\n<h2> A causa da hiperplasia benigna da pr\u00f3stata n\u00e3o \u00e9 clara <\/h2>\n<h5> <strong> Embora haja muitas pesquisas sobre a HBP, a causa raiz da hiperplasia prost\u00e1tica benigna ainda n\u00e3o foi identificada. Existem dois fatores principais que se destacam para ajudar a prever essa condi\u00e7\u00e3o: <\/strong> <\/h5>\n<ul>\n<li> hist\u00f3ria familiar de BPH <\/li>\n<li> idade <\/li>\n<\/ul>\n<p>Muitos especialistas tendem a concordar que a BPH resulta de uma diminui\u00e7\u00e3o na testosterona \u00e0 medida que os homens envelhecem. Algumas das outras teorias incluem estrog\u00eanio e a presen\u00e7a de DHT. Devido \u00e0 grande popula\u00e7\u00e3o de homens que sofrem de BPH, pesquisas em andamento est\u00e3o sendo conduzidas para identificar a verdadeira causa e os m\u00e9todos menos invasivos para tratar a doen\u00e7a.<\/p>\n<h3> As op\u00e7\u00f5es de tratamento para BPH podem variar de terapia medicamentosa a cirurgia <\/h3>\n<p>Para a maioria dos homens com hiperplasia benigna da pr\u00f3stata, a pr\u00f3stata continuar\u00e1 a crescer at\u00e9 que a interven\u00e7\u00e3o m\u00e9dica seja necess\u00e1ria. Com a ajuda de um urologista de renome mundial como o Dr. Razdan, cada homem pode desenvolver o melhor e mais adequado plano de tratamento com o qual ambos se sintam confort\u00e1veis. Algumas das op\u00e7\u00f5es atualmente dispon\u00edveis podem ser encontradas abaixo.<\/p>\n<h3> Op\u00e7\u00e3o Assistir e Esperar: <\/h3>\n<p>Para sintomas muito leves sem diminui\u00e7\u00e3o na qualidade de vida do homem, sensibilidade aos medicamentos ou quando a cirurgia n\u00e3o \u00e9 uma op\u00e7\u00e3o, esta abordagem pode ser desej\u00e1vel. Com acompanhamentos regulares, o Dr. Razdan monitorar\u00e1 o progresso da doen\u00e7a e os sintomas. Esta \u00e9 normalmente uma op\u00e7\u00e3o tempor\u00e1ria porque a pr\u00f3stata continuar\u00e1 a crescer com o tempo e um tratamento mais avan\u00e7ado ser\u00e1 necess\u00e1rio. Al\u00e9m disso, o tratamento avan\u00e7ado ser\u00e1 recomendado independente do n\u00edvel de desconforto devido \u00e0 possibilidade de prejudicar a regi\u00e3o urogenital. Com o tempo, a parede da bexiga fica mais espessa e os m\u00fasculos enfraquecem a ponto de a bexiga n\u00e3o se esvaziar completamente. Isso pode resultar em infec\u00e7\u00f5es repetitivas do trato urin\u00e1rio, reten\u00e7\u00e3o de urina, c\u00e1lculos dolorosos na bexiga e danos aos \u00f3rg\u00e3os nas \u00e1reas urin\u00e1ria e reprodutiva. Eventualmente, se essas condi\u00e7\u00f5es continuarem, a urina de um homem pode retornar aos rins, criando o potencial para pedras nos rins dolorosas e doen\u00e7as renais.<\/p>\n<h2> Terapia medicamentosa: <\/h2>\n<h3> <strong> Existem 3 grupos de medicamentos: <\/strong> <\/h3>\n<ul>\n<li> Medicamentos que relaxam os m\u00fasculos da pr\u00f3stata e da bexiga inferior, permitindo que a uretra se abra <\/li>\n<li> Medicamentos que diminuem o crescimento da pr\u00f3stata <\/li>\n<li> Medicamentos que aumentam a capacidade da bexiga. <\/li>\n<\/ul>\n<p>Alguns nomes dessas drogas s\u00e3o: Flomax, Proscar, Cardura e, Avodart. Quando prescrito este medicamento, deve ser tomado para o resto da vida do homem. Esses medicamentos podem ser muito eficazes, mas a desvantagem s\u00e3o seus efeitos colaterais, que incluem problemas de funcionamento sexual. Para alguns pacientes, essa op\u00e7\u00e3o \u00e9 inaceit\u00e1vel.<\/p>\n<h3> Interven\u00e7\u00f5es cir\u00fargicas: <\/h3>\n<p>Existem v\u00e1rias op\u00e7\u00f5es cir\u00fargicas dispon\u00edveis. Os procedimentos discutidos abaixo s\u00e3o os mais eficientes e eficazes de todas as op\u00e7\u00f5es de tratamento dispon\u00edveis atualmente.<br \/>\nAnos atr\u00e1s, a HBP foi tratada cirurgicamente por uma opera\u00e7\u00e3o conhecida como prostatectomia aberta. Este \u00e9 um procedimento importante em que \u00e9 feita uma grande incis\u00e3o no abd\u00f4men. Esta cirurgia \u00e9 realizada em um hospital sob anestesia geral. O urologista far\u00e1 uma incis\u00e3o no abd\u00f4men do paciente e (ressecar\u00e1) remover\u00e1 a gl\u00e2ndula ou cortar\u00e1 (transectar\u00e1) o crescimento excessivo. Ap\u00f3s a cirurgia, o paciente sai da sala de opera\u00e7\u00e3o cir\u00fargica com dois cateteres que permanecer\u00e3o no paciente por at\u00e9 uma semana. Este procedimento requer um per\u00edodo de reabilita\u00e7\u00e3o de longo prazo e pode ser doloroso. Hoje, uma prostatectomia s\u00f3 \u00e9 realizada quando a pr\u00f3stata do paciente cresceu muito para ser removida laparoscopicamente ou roboticamente, al\u00e9m disso, se houver c\u00e1lculos na bexiga ou quando a bexiga precisar ser reparada.<br \/>\n<a href=\"http:\/\/www.miamiroboticprostatectomy.com\/holeap-turp\/\">TURP<\/a> mais conhecido como (Ressec\u00e7\u00e3o Transuretral da Pr\u00f3stata) \u00e9 o procedimento mais comumente realizado. Este procedimento \u00e9 realizado em um hospital ou centro cir\u00fargico ambulatorial, tamb\u00e9m sob anestesia geral ou sob seda\u00e7\u00e3o consciente. Usando um escopo de imagem especial conhecido como ressectosc\u00f3pio, o urologista entra na uretra atrav\u00e9s do p\u00eanis e corta peda\u00e7os da pr\u00f3stata crescida usando eletricidade. Ao final do procedimento, um cateter urin\u00e1rio \u00e9 colocado no paciente e retirado no dia seguinte. Este procedimento leva menos de 2 horas e o paciente pode receber alta em 1 a 2 dias. O paciente geralmente pode retornar \u00e0s atividades di\u00e1rias em 4 semanas; no entanto, atividades extenuantes podem levar muitos meses. O benef\u00edcio deste procedimento \u00e9 sua seguran\u00e7a e efic\u00e1cia na abertura da via urin\u00e1ria. Os poss\u00edveis efeitos colaterais imediatamente ap\u00f3s o procedimento incluem dificuldade inc\u00f4moda e ocasional para urinar e sangue na urina. Existe a possibilidade de problemas de recupera\u00e7\u00e3o a longo prazo, incluindo impot\u00eancia e ejacula\u00e7\u00e3o retr\u00f3grada. TURP \u00e9 considerado o tratamento ideal para BPH hoje.<\/p>\n<h3> Tratamentos minimamente invasivos, n\u00e3o cir\u00fargicos: <\/h3>\n<p>Existem v\u00e1rios tratamentos minimamente invasivos, incluindo lasers, microondas, ondas de radiofrequ\u00eancia e ultrassom. Essas formas de energia podem ser direcionadas \u00e0 pr\u00f3stata ao entrar na uretra com um cistosc\u00f3pio ou instrumento semelhante. A efic\u00e1cia do uso da energia focada \u00e9 positiva em curto prazo com alta no mesmo dia, menor desconforto ao urinar e retorno mais r\u00e1pido \u00e0s atividades di\u00e1rias do que com cirurgia. Muitos desses tratamentos minimamente invasivos t\u00eam poucos dados e precisam de mais estudos antes que uma compara\u00e7\u00e3o possa ser feita entre as op\u00e7\u00f5es de tratamento n\u00e3o cir\u00fargico e cir\u00fargico.<\/p>\n","protected":false},"excerpt":{"rendered":"<p>A hiperplasia benigna da pr\u00f3stata, mais conhecida como BPH, \u00e9 um aumento da gl\u00e2ndula da pr\u00f3stata (n\u00e3o canceroso) devido ao desenvolvimento excessivo das c\u00e9lulas da pr\u00f3stata. A gl\u00e2ndula \u00e9 um componente cr\u00edtico do sistema reprodutor masculino. A pr\u00f3stata secreta um fluido na uretra durante o processo de ejacula\u00e7\u00e3o. A pr\u00f3stata est\u00e1 localizada abaixo do colo [&hellip;]<\/p>\n","protected":false},"author":1,"featured_media":0,"parent":6,"menu_order":0,"comment_status":"closed","ping_status":"closed","template":"","meta":{"footnotes":""},"class_list":["post-1015","page","type-page","status-publish","hentry"],"_links":{"self":[{"href":"https:\/\/miamiroboticprostatectomy.com\/pt\/wp-json\/wp\/v2\/pages\/1015","targetHints":{"allow":["GET"]}}],"collection":[{"href":"https:\/\/miamiroboticprostatectomy.com\/pt\/wp-json\/wp\/v2\/pages"}],"about":[{"href":"https:\/\/miamiroboticprostatectomy.com\/pt\/wp-json\/wp\/v2\/types\/page"}],"author":[{"embeddable":true,"href":"https:\/\/miamiroboticprostatectomy.com\/pt\/wp-json\/wp\/v2\/users\/1"}],"replies":[{"embeddable":true,"href":"https:\/\/miamiroboticprostatectomy.com\/pt\/wp-json\/wp\/v2\/comments?post=1015"}],"version-history":[{"count":29,"href":"https:\/\/miamiroboticprostatectomy.com\/pt\/wp-json\/wp\/v2\/pages\/1015\/revisions"}],"predecessor-version":[{"id":2842,"href":"https:\/\/miamiroboticprostatectomy.com\/pt\/wp-json\/wp\/v2\/pages\/1015\/revisions\/2842"}],"up":[{"embeddable":true,"href":"https:\/\/miamiroboticprostatectomy.com\/pt\/wp-json\/wp\/v2\/pages\/6"}],"wp:attachment":[{"href":"https:\/\/miamiroboticprostatectomy.com\/pt\/wp-json\/wp\/v2\/media?parent=1015"}],"curies":[{"name":"wp","href":"https:\/\/api.w.org\/{rel}","templated":true}]}}