{"id":106,"date":"2017-09-22T10:24:02","date_gmt":"2017-09-22T10:24:02","guid":{"rendered":"http:\/\/www.miamiroboticprostatectomy.com\/?page_id=106"},"modified":"2021-08-23T11:51:39","modified_gmt":"2021-08-23T11:51:39","slug":"holeap-turp","status":"publish","type":"page","link":"https:\/\/miamiroboticprostatectomy.com\/pt\/holeap-turp\/","title":{"rendered":"Holeap-Turp"},"content":{"rendered":"<div class=\"row\">\n<div class=\"col-md-6 col-sm-6 col-xs-12\"><iframe loading=\"lazy\" src=\"https:\/\/www.youtube.com\/embed\/kNB58Hhuu2w?autoplay=1&amp;autohide=2&amp;modestbranding=1\" width=\"100%\" height=\"315\" frameborder=\"0\" allowfullscreen=\"allowfullscreen\"><\/iframe><\/div>\n<div class=\"col-md-6 col-sm-6 col-xs-12\"><iframe loading=\"lazy\" src=\"https:\/\/www.youtube.com\/embed\/JY1L_ThJPLY?&amp;autohide=2&amp;modestbranding=1\" width=\"100%\" height=\"315\" frameborder=\"0\" allowfullscreen=\"allowfullscreen\"><\/iframe><\/div>\n<\/div>\n<p>Para pacientes que sofrem de hiperplasia prost\u00e1tica, nosso Holmium Laser Ablation oferece um tratamento mais seguro, r\u00e1pido e melhor. Esta cirurgia usa um laser de alta pot\u00eancia para tratar uma pr\u00f3stata aumentada, bem como pedras, sem nenhum dos efeitos colaterais usuais.<\/p>\n<h3><strong>The TURP (Ressec\u00e7\u00e3o transuretral da pr\u00f3stata) oferece: <\/strong> <\/h3>\n<ul>\n<li> Sem transfus\u00f5es de sangue <\/li>\n<li> Efeitos colaterais reduzidos <\/li>\n<li> Melhores resultados do que o laser de \u201cluz verde\u201d <\/li>\n<li> O procedimento ambulatorial permite que os pacientes voltem para casa no mesmo dia <\/li>\n<li> 90% dos pacientes v\u00e3o para casa sem um cateter de Foley <\/li>\n<li> Seguro para pacientes de alto risco que tomam anticoagulantes <\/li>\n<\/ul>\n","protected":false},"excerpt":{"rendered":"<p>Para pacientes que sofrem de hiperplasia prost\u00e1tica, nosso Holmium Laser Ablation oferece um tratamento mais seguro, r\u00e1pido e melhor. Esta cirurgia usa um laser de alta pot\u00eancia para tratar uma pr\u00f3stata aumentada, bem como pedras, sem nenhum dos efeitos colaterais usuais. The TURP (Ressec\u00e7\u00e3o transuretral da pr\u00f3stata) oferece: Sem transfus\u00f5es de sangue Efeitos colaterais reduzidos [&hellip;]<\/p>\n","protected":false},"author":1,"featured_media":0,"parent":0,"menu_order":0,"comment_status":"closed","ping_status":"closed","template":"","meta":{"footnotes":""},"class_list":["post-106","page","type-page","status-publish","hentry"],"_links":{"self":[{"href":"https:\/\/miamiroboticprostatectomy.com\/pt\/wp-json\/wp\/v2\/pages\/106","targetHints":{"allow":["GET"]}}],"collection":[{"href":"https:\/\/miamiroboticprostatectomy.com\/pt\/wp-json\/wp\/v2\/pages"}],"about":[{"href":"https:\/\/miamiroboticprostatectomy.com\/pt\/wp-json\/wp\/v2\/types\/page"}],"author":[{"embeddable":true,"href":"https:\/\/miamiroboticprostatectomy.com\/pt\/wp-json\/wp\/v2\/users\/1"}],"replies":[{"embeddable":true,"href":"https:\/\/miamiroboticprostatectomy.com\/pt\/wp-json\/wp\/v2\/comments?post=106"}],"version-history":[{"count":20,"href":"https:\/\/miamiroboticprostatectomy.com\/pt\/wp-json\/wp\/v2\/pages\/106\/revisions"}],"predecessor-version":[{"id":2873,"href":"https:\/\/miamiroboticprostatectomy.com\/pt\/wp-json\/wp\/v2\/pages\/106\/revisions\/2873"}],"wp:attachment":[{"href":"https:\/\/miamiroboticprostatectomy.com\/pt\/wp-json\/wp\/v2\/media?parent=106"}],"curies":[{"name":"wp","href":"https:\/\/api.w.org\/{rel}","templated":true}]}}