{"id":115,"date":"2017-09-22T10:30:08","date_gmt":"2017-09-22T10:30:08","guid":{"rendered":"http:\/\/www.miamiroboticprostatectomy.com\/?page_id=115"},"modified":"2021-08-23T11:03:25","modified_gmt":"2021-08-23T11:03:25","slug":"an-exciting-new-book-from-dr-razdan","status":"publish","type":"page","link":"https:\/\/miamiroboticprostatectomy.com\/pt\/an-exciting-new-book-from-dr-razdan\/","title":{"rendered":"Um novo livro emocionante do Dr. Razdan"},"content":{"rendered":"\r\n<p><strong>\u201cO primeiro texto a enfocar exclusivamente os aspectos anat\u00f4micos, fisiol\u00f3gicos, patol\u00f3gicos e t\u00e9cnicos da contin\u00eancia urin\u00e1ria e fun\u00e7\u00e3o er\u00e9til p\u00f3s-prostatectomia rob\u00f3tica.\u201d<\/strong><\/p>\r\n\r\n\r\n\r\n<h3 class=\"wp-block-heading\">Pref\u00e1cio<\/h3>\r\n\r\n\r\n\r\n<p>O campo de\u00a0<a href=\"https:\/\/miamiroboticprostatectomy.com\/pt\/an-exciting-new-book-from-dr-razdan\/\">a prostatectomia rob\u00f3tica <\/a> est\u00e1 em r\u00e1pida evolu\u00e7\u00e3o. As t\u00e9cnicas mais recentes est\u00e3o permitindo tempos de interna\u00e7\u00e3o mais curtos, recupera\u00e7\u00e3o mais r\u00e1pida e contin\u00eancia e fun\u00e7\u00e3o er\u00e9til aprimoradas. A velocidade com que as t\u00e9cnicas cir\u00fargicas e a prepara\u00e7\u00e3o pr\u00e9 e p\u00f3s-operat\u00f3ria est\u00e3o avan\u00e7ando foi o que me levou a escrever este livro. Nele, abordo os fundamentos da prostatectomia rob\u00f3tica e os m\u00e9todos usados \u200b\u200bpor l\u00edderes internacionalmente reconhecidos na \u00e1rea para maximizar a contin\u00eancia e a fun\u00e7\u00e3o er\u00e9til. Pois, na verdade, estamos em um est\u00e1gio da pr\u00e1tica m\u00e9dica e cir\u00fargica em que a cura do c\u00e2ncer \u00e9 f\u00e1cil. Agora mudamos nosso foco para minimizar os danos colaterais.<\/p>\r\n<div class=\"row\">\r\n<div class=\"col-md-4\"><img decoding=\"async\" src=\"https:\/\/miamiroboticprostatectomy.com\/pt\/sp\/wp-content\/uploads\/2017\/09\/book.jpg\" alt=\"urinary continence and sexual function\" title=\"\"><\/div>\r\n<div class=\"col-md-8\">\r\n<p>A pr\u00f3xima fronteira da cirurgia rob\u00f3tica de pr\u00f3stata definitivamente n\u00e3o \u00e9 apenas curar o c\u00e2ncer, mas tamb\u00e9m melhorar os resultados &#8211; com a contin\u00eancia preservada e a fun\u00e7\u00e3o er\u00e9til no topo da lista de prioridades do paciente. Com isso em mente, este livro \u00e9 o primeiro tratado no mundo dedicado exclusivamente ao retorno precoce da contin\u00eancia e da fun\u00e7\u00e3o er\u00e9til ap\u00f3s a cirurgia rob\u00f3tica da pr\u00f3stata. <\/p>\r\n<p> O texto est\u00e1 dividido em 9 cap\u00edtulos, come\u00e7ando com a compreens\u00e3o b\u00e1sica da anatomia e fisiologia da contin\u00eancia e pot\u00eancia e evoluindo gradualmente para as novas t\u00e9cnicas para melhorar e acelerar a recupera\u00e7\u00e3o da contin\u00eancia e da fun\u00e7\u00e3o er\u00e9til. <\/p>\r\n<p> O que achei particularmente \u00fatil enquanto aprimorava minha t\u00e9cnica cir\u00fargica pessoal foi assistir aos v\u00eddeos de minhas cirurgias e de outros cirurgi\u00f5es experientes. Desta forma, eu fui capaz de ver o que funcionou e o que n\u00e3o funcionou e, em seguida, ajustar meu procedimento.<\/p>\r\n<\/div>\r\n<\/div>\r\n\r\n\r\n\r\n<p>\u00c9 por isso que inclu\u00edmos uma s\u00e9rie de v\u00eddeos como complemento deste livro para ajudar a orientar seu estudo. Muitos cap\u00edtulos incluem refer\u00eancias a v\u00eddeos que apresentam os pontos-chave de cada cap\u00edtulo. Esperamos que o leitor ache esses v\u00eddeos \u00fateis.<\/p>\r\n\r\n\r\n\r\n<p>No final do dia, a coisa mais importante a lembrar na cirurgia rob\u00f3tica de pr\u00f3stata \u00e9 continuar praticando. Mesmo que o cirurgi\u00e3o n\u00e3o esteja sentado no console, manobrando o joystick e pressionando o pedal, ele pode continuar a assistir v\u00eddeos, estudar a literatura e estar aberto ao di\u00e1logo com colegas da \u00e1rea de oncologia urol\u00f3gica e talvez at\u00e9 em outros campos. Na verdade, foi uma discuss\u00e3o casual com um neurocirurgi\u00e3o que me levou a ser o pioneiro no uso da membrana amni\u00f3tica humana na preserva\u00e7\u00e3o da fun\u00e7\u00e3o nervosa durante a prostatectomia rob\u00f3tica, como ser\u00e1 discutido no cap. 9. No devido tempo, o novato se tornar\u00e1 um especialista e desenvolver\u00e1 suas pr\u00f3prias t\u00e9cnicas para melhorar os resultados, como fizeram os cirurgi\u00f5es que contribu\u00edram para este livro.<\/p>\r\n\r\n\r\n\r\n<p>Gostaria de agradecer aos meus colegas por generosamente contribu\u00edrem com cap\u00edtulos para\u00a0<a href=\"https:\/\/www.springer.com\/gp\/book\/9783319394466\" target=\"_blank\" rel=\"noopener\">este livro<\/a>. Cada cap\u00edtulo foi muito bem escrito por colegas que tenho em alta estima por sua not\u00e1vel contribui\u00e7\u00e3o para a cirurgia rob\u00f3tica da pr\u00f3stata. Foi realmente um esfor\u00e7o colaborativo. Tamb\u00e9m gostaria de agradecer a minha fam\u00edlia por seu apoio incans\u00e1vel, especialmente minha filha Shirin, por dedicar um tempo de sua agenda lotada da faculdade de medicina para ajudar a mim e meus colegas a organizar nosso vasto banco de dados de pacientes submetidos a prostatectomias rob\u00f3ticas.<\/p>\r\n\r\n\r\n\r\n<p>N\u00f3s, os autores, esperamos que voc\u00ea goste deste livro. N\u00f3s nos esfor\u00e7amos para torn\u00e1-lo relevante para a pr\u00e1tica de hoje e compreens\u00edvel para os cirurgi\u00f5es em todos os n\u00edveis da curva de aprendizado. Os v\u00eddeos que acompanham o livro n\u00e3o devem ser ignorados, pois podem mostrar ainda melhor os conceitos explicados nos cap\u00edtulos.<\/p>\r\n\r\n\r\n\r\n<p>Nossos melhores votos est\u00e3o com voc\u00ea. <\/p>\r\n<h2> <strong> Sanjay Razdan, MD, MCh, FRCS (Glasg)<\/strong><\/h2>\r\n\r\n\r\n\r\n<h3><strong>Miami, FL, EUA<\/strong><\/h3>\r\n\r\n\r\n\r\n<h3 class=\"wp-block-heading\">\u00cdndice<\/h3>\r\n\r\n\r\n\r\n<ul class=\"list1 wp-block-list\">\r\n<li>Fundamentos anat\u00f4micos e fisiologia da fun\u00e7\u00e3o er\u00e9til e contin\u00eancia urin\u00e1ria Deepansh Dalela e Mani Menon <\/li>\r\n<li> Avalia\u00e7\u00e3o e interven\u00e7\u00e3o pr\u00e9-operat\u00f3ria: Otimizando os resultados para o retorno precoce da contin\u00eancia urin\u00e1ria Fouad Aoun, Simone Albisinni, Ksenija Limani e Roland van Velthoven <\/li>\r\n<li> Avalia\u00e7\u00e3o e interven\u00e7\u00e3o pr\u00e9-operat\u00f3ria: Otimizando os resultados para o retorno precoce da fun\u00e7\u00e3o er\u00e9til Weil R. Lai e Raju Thomas <\/li>\r\n<li> Fisiopatologia da les\u00e3o nervosa e seu efeito no retorno da fun\u00e7\u00e3o er\u00e9til Louis Eichel, Douglas Skarecky e Thomas E. Ahlering <\/li>\r\n<li> Inova\u00e7\u00f5es t\u00e9cnicas para otimizar o retorno precoce da contin\u00eancia urin\u00e1ria Usama Khater e Sanjay Razdan <\/li>\r\n<li> Inova\u00e7\u00f5es t\u00e9cnicas para otimizar o retorno precoce da fun\u00e7\u00e3o er\u00e9til Gabriel Ogaya-Pinies, Vladimir Mouraviev, Hariharan Ganapathi e Vipul Patel <\/li>\r\n<li> Resultados oncol\u00f3gicos da prostatectomia radical assistida por rob\u00f4: o &#8220;ato de equil\u00edbrio&#8221; de alcan\u00e7ar o controle do c\u00e2ncer e minimizar os danos colaterais P. Sooriakumaran, H. S. Dev, D. Skarecky, Thomas E. Ahlering e P. Wiklund. <\/li>\r\n<li> Medidas adjuvantes e novas terapias para otimizar o retorno precoce da contin\u00eancia urin\u00e1ria Rose Khavari e Brian J. Miles <\/li>\r\n<li> Medidas adjuvantes e novas terapias para otimizar o retorno precoce da fun\u00e7\u00e3o er\u00e9til Nizar Boudiab, Usama Khater, Shirin Razdan e Sanjay Razdan<\/li>\r\n<\/ul>\r\n\r\n\r\n\r\n<h4 class=\"wp-block-heading\"><a href=\"http:\/\/www.springer.com\/us\/book\/9783319394466\" target=\"_blank\" rel=\"noopener\">CLIQUE AQUI SE VOC\u00ca EST\u00c1 INTERESSADO EM ADQUIRIR ESTE LIVRO<\/a><\/h4>\r\n","protected":false},"excerpt":{"rendered":"<p>ISBN: 978-3-319-39446-6 (Print)<\/p>\n<p>978-3-319-39448-0 (Online)<\/p>\n","protected":false},"author":1,"featured_media":0,"parent":0,"menu_order":0,"comment_status":"closed","ping_status":"closed","template":"","meta":{"footnotes":""},"class_list":["post-115","page","type-page","status-publish","hentry"],"_links":{"self":[{"href":"https:\/\/miamiroboticprostatectomy.com\/pt\/wp-json\/wp\/v2\/pages\/115","targetHints":{"allow":["GET"]}}],"collection":[{"href":"https:\/\/miamiroboticprostatectomy.com\/pt\/wp-json\/wp\/v2\/pages"}],"about":[{"href":"https:\/\/miamiroboticprostatectomy.com\/pt\/wp-json\/wp\/v2\/types\/page"}],"author":[{"embeddable":true,"href":"https:\/\/miamiroboticprostatectomy.com\/pt\/wp-json\/wp\/v2\/users\/1"}],"replies":[{"embeddable":true,"href":"https:\/\/miamiroboticprostatectomy.com\/pt\/wp-json\/wp\/v2\/comments?post=115"}],"version-history":[{"count":51,"href":"https:\/\/miamiroboticprostatectomy.com\/pt\/wp-json\/wp\/v2\/pages\/115\/revisions"}],"predecessor-version":[{"id":2855,"href":"https:\/\/miamiroboticprostatectomy.com\/pt\/wp-json\/wp\/v2\/pages\/115\/revisions\/2855"}],"wp:attachment":[{"href":"https:\/\/miamiroboticprostatectomy.com\/pt\/wp-json\/wp\/v2\/media?parent=115"}],"curies":[{"name":"wp","href":"https:\/\/api.w.org\/{rel}","templated":true}]}}