{"id":1151,"date":"2017-12-08T09:39:56","date_gmt":"2017-12-08T09:39:56","guid":{"rendered":"http:\/\/www.miamiroboticprostatectomy.com\/?page_id=1151"},"modified":"2021-08-23T11:24:39","modified_gmt":"2021-08-23T11:24:39","slug":"insurances-accepted","status":"publish","type":"page","link":"https:\/\/miamiroboticprostatectomy.com\/pt\/insurances-accepted\/","title":{"rendered":"Seguros aceitos"},"content":{"rendered":"<p><img decoding=\"async\" class=\"img-fluid\" src=\"http:\/\/www.miamiroboticprostatectomy.com\/wp-content\/uploads\/2017\/11\/Insurances-Accepted.jpg\" alt=\"Insurances Accepted\" title=\"\"><\/p>\n<p>O International Robotic Prostatectomy Institute aceita a <strong> MAIORIA das seguradoras <\/strong>, incluindo as listadas abaixo:<\/p>\n<div class=\"row\">\n<div><\/div>\n<div class=\"col-md-6\"><a href=\"https:\/\/www.aarp.org\" target=\"_blank\" rel=\"noopener\">AARP<\/a><br \/>\n<a href=\"https:\/\/www.myallsavers.com\/MyAllSavers\/Home\/FindDoc\" target=\"_blank\" rel=\"noopener\">TODAS AS ECONOMIAS<\/a><br \/>\nUMA REDE<br \/>\n<a href=\"https:\/\/www.aetna.com\/\" target=\"_blank\" rel=\"noopener\">AETNA<\/a><br \/>\n<a href=\"https:\/\/www.ambetterhealth.com\/\" target=\"_blank\" rel=\"noopener\">AMBETTER<\/a><br \/>\nAMERIBAN<br \/>\nATLANTIC MEDICAL<br \/>\n<a href=\"https:\/\/www.avmed.org\/\" target=\"_blank\" rel=\"noopener\">AVMED<\/a><br \/>\nCONCEITOS ADMNISTRATIVOS \/ LIBERDADE DE SA\u00daDE<br \/>\n<a href=\"https:\/\/www.trustmarkbenefits.com\/Health-Benefits\" target=\"_blank\" rel=\"noopener\">FONTE CORE <\/a><br \/>\nMELHORES M\u00c9DICOS<br \/>\n<a href=\"https:\/\/www.bcbs.com\/\" target=\"_blank\" rel=\"noopener\">BCBS<\/a><br \/>\n<a href=\"https:\/\/www.bupaglobal.com\/en\" target=\"_blank\" rel=\"noopener\">BUPA<\/a><br \/>\n<a href=\"https:\/\/www.cigna.com\" target=\"_blank\" rel=\"noopener\">CIGNA<\/a><br \/>\n<a href=\"https:\/\/www.careplushealthplans.com\/\" target=\"_blank\" rel=\"noopener\">CAREPLUS<\/a><br \/>\n<a href=\"https:\/\/member.cvty.com\/memberPortalWeb\/appmanager\/memberPortal\/member\" target=\"_blank\" rel=\"noopener\">COVENTRY<\/a><br \/>\n<a href=\"https:\/\/www.colina.com\/\" target=\"_blank\" rel=\"noopener\">COLINA<\/a><br \/>\nDIMENS\u00c3O<br \/>\nREGRAS DE OURO<br \/>\nADMINISTRADORES DE BENEF\u00cdCIOS INTERNACIONAIS<br \/>\nGLOBAL EXCEL<br \/>\n<a href=\"https:\/\/www.geha.com\/\" target=\"_blank\" rel=\"noopener\">GEHA<\/a><br \/>\n<a href=\"https:\/\/www.leonmedicalcenters.com\/\" target=\"_blank\" rel=\"noopener\">LEON MEDICAL<\/a><\/div>\n<div class=\"col-md-6\"><a href=\"https:\/\/www.mymedicare.gov\/\" target=\"_blank\" rel=\"noopener\">MEDICARE<\/a><br \/>\n<a href=\"https:\/\/www.medicaid.gov\/\" target=\"_blank\" rel=\"noopener\">MEDICAID\/MEDICAID HMOS<\/a><br \/>\nMERITAIN<br \/>\nREDE DE SA\u00daDE UM<br \/>\n<a href=\"https:\/\/www.humana.com\/\" target=\"_blank\" rel=\"noopener\">HUMANA<\/a><br \/>\n<a href=\"https:\/\/healthsun.com\/\" target=\"_blank\" rel=\"noopener\">HEALTHSUN<\/a><br \/>\nPRIMEIRA REDE DE SA\u00daDE<br \/>\n<a href=\"https:\/\/www.molinahealthcare.com\/en-us\/Pages\/home.aspx?CookieCheck=true\" target=\"_blank\" rel=\"noopener\">MOLINA<\/a><br \/>\nVIZINHAN\u00c7A<br \/>\nUMA FONTE EPO<br \/>\nPHCS<br \/>\nPAN AM\u00c9RICA<br \/>\n<a href=\"https:\/\/www.oxhp.com\/\" target=\"_blank\" rel=\"noopener\">OXFORD<\/a><br \/>\nOLYMPUS<br \/>\nQHM<br \/>\nGEST\u00c3O DE SA\u00daDE DE QUALIDADE<br \/>\n<a href=\"https:\/\/www.medigap.com\/secure-horizons-medicare-plans\/\" target=\"_blank\" rel=\"noopener\">HORIZONTE SEGURO<\/a><br \/>\n<a href=\"https:\/\/www.wellcare.com\/florida\/members\/medicaid-plans\/staywell\" target=\"_blank\" rel=\"noopener\">FIQUE BEM<\/a><br \/>\n<a href=\"https:\/\/www.simplyhealthcareplans.com\/florida-home\/simply.html\" target=\"_blank\" rel=\"noopener\">SIMPLESMENTE<\/a><br \/>\n<a href=\"https:\/\/www.sanushealth.com\/\" target=\"_blank\" rel=\"noopener\">SANUS<\/a><br \/>\n<a href=\"https:\/\/www.sunshinehealth.com\/\" target=\"_blank\" rel=\"noopener\">SUNSHINE<\/a><br \/>\n<a href=\"https:\/\/www.tricare.mil\/\" target=\"_blank\" rel=\"noopener\">TRICARE<\/a><\/div>\n<div class=\"col-md-6\"><a href=\"https:\/\/www.uhc.com\/\" target=\"_blank\" rel=\"noopener\">CUIDADOS DE SA\u00daDE UNIDOS<\/a><br \/>\nUMR<br \/>\n<a href=\"https:\/\/www.wellcare.com\/\" target=\"_blank\" rel=\"noopener\">BEM CUIDADO<\/a><\/div>\n<\/div>\n<p>Para os pacientes que n\u00e3o t\u00eam cobertura de seguro, o <strong> International Robotic Prostatectomy Institute oferece um plano de pagamento em dinheiro com DESCONTO! <\/strong> Tamb\u00e9m aceitamos benef\u00edcios fora da rede para alguns seguros, bem como uma taxa de pagamento com desconto em dinheiro para pacientes que esgotaram seus benef\u00edcios. O seguro nunca \u00e9 f\u00e1cil, <strong> mas deixe-nos ajudar a orient\u00e1-lo.<\/strong><\/p>\n<p>\u00c9 importante compreender os detalhes do seu plano e op\u00e7\u00f5es de pagamento. Se voc\u00ea tiver d\u00favidas, entre em contato com sua seguradora para saber mais sobre franquias ou co-pagamentos.<\/p>\n<p>O seu seguro n\u00e3o est\u00e1 listado acima? Algumas seguradoras n\u00e3o nos permitem arquivar em seu nome. Se voc\u00ea n\u00e3o encontrar sua empresa listada acima, pergunte-nos sobre ela. Teremos prazer em responder a quaisquer perguntas e ver se podemos trabalhar com voc\u00ea e seu seguro.<\/p>\n<p>Como um servi\u00e7o adicional gratuito, entraremos em contato com voc\u00ea e confirmaremos seus benef\u00edcios de Urologia antes de sua consulta com o International Robotics Prostatectomy Institute.<\/p>\n<p>Para obter mais informa\u00e7\u00f5es sobre cobertura de seguro e op\u00e7\u00f5es de pagamento, ligue para 305-251-8650.<\/p>\n","protected":false},"excerpt":{"rendered":"<p>O International Robotic Prostatectomy Institute aceita a MAIORIA das seguradoras , incluindo as listadas abaixo: AARP TODAS AS ECONOMIAS UMA REDE AETNA AMBETTER AMERIBAN ATLANTIC MEDICAL AVMED CONCEITOS ADMNISTRATIVOS \/ LIBERDADE DE SA\u00daDE FONTE CORE MELHORES M\u00c9DICOS BCBS BUPA CIGNA CAREPLUS COVENTRY COLINA DIMENS\u00c3O REGRAS DE OURO ADMINISTRADORES DE BENEF\u00cdCIOS INTERNACIONAIS GLOBAL EXCEL GEHA LEON [&hellip;]<\/p>\n","protected":false},"author":1,"featured_media":0,"parent":0,"menu_order":0,"comment_status":"closed","ping_status":"closed","template":"","meta":{"footnotes":""},"class_list":["post-1151","page","type-page","status-publish","hentry"],"_links":{"self":[{"href":"https:\/\/miamiroboticprostatectomy.com\/pt\/wp-json\/wp\/v2\/pages\/1151","targetHints":{"allow":["GET"]}}],"collection":[{"href":"https:\/\/miamiroboticprostatectomy.com\/pt\/wp-json\/wp\/v2\/pages"}],"about":[{"href":"https:\/\/miamiroboticprostatectomy.com\/pt\/wp-json\/wp\/v2\/types\/page"}],"author":[{"embeddable":true,"href":"https:\/\/miamiroboticprostatectomy.com\/pt\/wp-json\/wp\/v2\/users\/1"}],"replies":[{"embeddable":true,"href":"https:\/\/miamiroboticprostatectomy.com\/pt\/wp-json\/wp\/v2\/comments?post=1151"}],"version-history":[{"count":29,"href":"https:\/\/miamiroboticprostatectomy.com\/pt\/wp-json\/wp\/v2\/pages\/1151\/revisions"}],"predecessor-version":[{"id":2883,"href":"https:\/\/miamiroboticprostatectomy.com\/pt\/wp-json\/wp\/v2\/pages\/1151\/revisions\/2883"}],"wp:attachment":[{"href":"https:\/\/miamiroboticprostatectomy.com\/pt\/wp-json\/wp\/v2\/media?parent=1151"}],"curies":[{"name":"wp","href":"https:\/\/api.w.org\/{rel}","templated":true}]}}