{"id":116,"date":"2017-09-22T10:29:41","date_gmt":"2017-09-22T10:29:41","guid":{"rendered":"http:\/\/www.miamiroboticprostatectomy.com\/?page_id=116"},"modified":"2021-08-23T11:37:49","modified_gmt":"2021-08-23T11:37:49","slug":"pvp-greenlight-laser","status":"publish","type":"page","link":"https:\/\/miamiroboticprostatectomy.com\/pt\/pvp-greenlight-laser\/","title":{"rendered":"PVP-Greenlight-Laser"},"content":{"rendered":"<p>O <strong> PVP Greenlight Laser <\/strong> \u00e9 um m\u00e9todo alternativo para reduzir a obstru\u00e7\u00e3o do fluxo de sa\u00edda da bexiga sofrida por homens com pr\u00f3stata aumentada. Embora a ressec\u00e7\u00e3o transuretral da pr\u00f3stata (RTU) ainda seja considerada o tratamento cir\u00fargico padr\u00e3o ouro para HPB, a perspectiva de um tratamento menos invasivo \u00e9 atraente. O PVP GreenLight Laser ainda requer um curto per\u00edodo de hospitaliza\u00e7\u00e3o e um anest\u00e9sico leve, mas a recupera\u00e7\u00e3o \u00e9 mais r\u00e1pida em curto prazo. Um cateter (um tubo que drena a bexiga) tamb\u00e9m \u00e9 necess\u00e1rio por 1-2 dias at\u00e9 que a urina seja eliminada. Os pacientes s\u00e3o aconselhados a viver em sil\u00eancio e evitar esfor\u00e7o ou levantamento de peso por cerca de 10 dias ap\u00f3s a cirurgia.<\/p>\n<div class=\"mar-10\"><\/div>\n<p><img decoding=\"async\" class=\"img-fluid\" src=\"http:\/\/www.miamiroboticprostatectomy.com\/wp-content\/uploads\/2017\/09\/PVP-Greenlight-laser.jpg\" alt=\"img-leaser\" title=\"\"><\/p>\n<div class=\"mar-10\"><\/div>\n<h5>Para quem \u00e9 adequado?<\/h5>\n<p>Qualquer paciente para o qual a RTU \u00e9 indicada, com exce\u00e7\u00e3o de homens que sofreram reten\u00e7\u00e3o aguda (incapazes de urinar) com volume da pr\u00f3stata superior a 60 cc; ou que necessitem de an\u00e1lise laboratorial das \u201clascas\u201d da pr\u00f3stata.<\/p>\n<div class=\"mar-10\"><\/div>\n<h5>Como funciona?<\/h5>\n<p>Assim como na RTUP, algum tecido da pr\u00f3stata \u00e9 removido para aliviar a press\u00e3o na uretra. Mas, desta vez, uma sonda de laser \u00e9 inserida e, sob a orienta\u00e7\u00e3o do cirurgi\u00e3o, o tecido crescido \u00e9 vaporizado pela energia do laser. O laser impede o sangramento de qualquer tecido de forma muito eficaz e, como resultado, n\u00e3o \u00e9 necess\u00e1ria irriga\u00e7\u00e3o da bexiga.<\/p>\n<div class=\"mar-10\"><\/div>\n<p>Os efeitos colaterais s\u00e3o semelhantes aos da TURP. Mas com muito menos sangramento, o procedimento a laser \u00e9 considerado menos invasivo. Normalmente, isso significa que o tempo de interna\u00e7\u00e3o \u00e9 mais curto e a recupera\u00e7\u00e3o mais r\u00e1pida. No entanto, n\u00e3o \u00e9 incomum que os pacientes sintam uma sensa\u00e7\u00e3o de queima\u00e7\u00e3o \/ ard\u00eancia por algum tempo ap\u00f3s o procedimento e isso pode durar at\u00e9 seis ou at\u00e9 oito semanas.<\/p>\n<div class=\"mar-10\"><\/div>\n<p>\u00c9 normal que haja vest\u00edgios de sangue na urina ap\u00f3s esta opera\u00e7\u00e3o, por isso \u00e9 aconselh\u00e1vel beber bastante \u00e1gua durante alguns dias, enquanto ela limpa. Os co\u00e1gulos \u00e0s vezes passam 10-14 dias depois; novamente, isso faz parte do processo de cura.<\/p>\n<div class = \"mar-10\"> <\/div>\n<p>Al\u00e9m disso e do risco de infec\u00e7\u00e3o que acompanha qualquer opera\u00e7\u00e3o ou procedimento invasivo, o \u00fanico efeito colateral significativo \u00e9 a quase certeza de que a ejacula\u00e7\u00e3o normal cessar\u00e1. Isso ocorre porque a contra\u00e7\u00e3o que ocorre durante o orgasmo pode n\u00e3o bloquear completamente a entrada da bexiga uma vez que algum tecido foi removido, e o s\u00eamen fluir\u00e1 de volta para a bexiga (ejacula\u00e7\u00e3o &#8220;retr\u00f3grada&#8221; ou &#8220;seca&#8221;) em vez de para fora pelo p\u00eanis . Isso n\u00e3o \u00e9 prejudicial, mas significa que a fertilidade futura ser\u00e1 bastante reduzida.<\/p>\n","protected":false},"excerpt":{"rendered":"<p>O PVP Greenlight Laser \u00e9 um m\u00e9todo alternativo para reduzir a obstru\u00e7\u00e3o do fluxo de sa\u00edda da bexiga sofrida por homens com pr\u00f3stata aumentada. Embora a ressec\u00e7\u00e3o transuretral da pr\u00f3stata (RTU) ainda seja considerada o tratamento cir\u00fargico padr\u00e3o ouro para HPB, a perspectiva de um tratamento menos invasivo \u00e9 atraente. O PVP GreenLight Laser ainda [&hellip;]<\/p>\n","protected":false},"author":1,"featured_media":0,"parent":0,"menu_order":0,"comment_status":"closed","ping_status":"closed","template":"","meta":{"footnotes":""},"class_list":["post-116","page","type-page","status-publish","hentry"],"_links":{"self":[{"href":"https:\/\/miamiroboticprostatectomy.com\/pt\/wp-json\/wp\/v2\/pages\/116","targetHints":{"allow":["GET"]}}],"collection":[{"href":"https:\/\/miamiroboticprostatectomy.com\/pt\/wp-json\/wp\/v2\/pages"}],"about":[{"href":"https:\/\/miamiroboticprostatectomy.com\/pt\/wp-json\/wp\/v2\/types\/page"}],"author":[{"embeddable":true,"href":"https:\/\/miamiroboticprostatectomy.com\/pt\/wp-json\/wp\/v2\/users\/1"}],"replies":[{"embeddable":true,"href":"https:\/\/miamiroboticprostatectomy.com\/pt\/wp-json\/wp\/v2\/comments?post=116"}],"version-history":[{"count":10,"href":"https:\/\/miamiroboticprostatectomy.com\/pt\/wp-json\/wp\/v2\/pages\/116\/revisions"}],"predecessor-version":[{"id":2878,"href":"https:\/\/miamiroboticprostatectomy.com\/pt\/wp-json\/wp\/v2\/pages\/116\/revisions\/2878"}],"wp:attachment":[{"href":"https:\/\/miamiroboticprostatectomy.com\/pt\/wp-json\/wp\/v2\/media?parent=116"}],"curies":[{"name":"wp","href":"https:\/\/api.w.org\/{rel}","templated":true}]}}