{"id":1177,"date":"2017-12-08T20:13:06","date_gmt":"2017-12-08T20:13:06","guid":{"rendered":"http:\/\/www.miamiroboticprostatectomy.com\/?page_id=1177"},"modified":"2021-08-23T11:47:33","modified_gmt":"2021-08-23T11:47:33","slug":"international-prostate-cancer-care","status":"publish","type":"page","link":"https:\/\/miamiroboticprostatectomy.com\/pt\/international-prostate-cancer-care\/","title":{"rendered":"International Prostate Cancer Care"},"content":{"rendered":"<p><img decoding=\"async\" class=\"img-responsive\" src=\"http:\/\/www.miamiroboticprostatectomy.com\/wp-content\/uploads\/2017\/11\/Dr.Razdan-International-Patients.jpg\" alt=\"The Best Patient Care\" title=\"\"><\/p>\n<p>Como um dos cirurgi\u00f5es de c\u00e2ncer de pr\u00f3stata mais experientes do mundo, o Dr. Razdan tratou pacientes de <a href=\"https:\/\/miamiroboticprostatectomy.com\/pt\/patient-testimonials\/\">ao redor do mundo<\/a> para o melhor atendimento cir\u00fargico. Muitos dos pacientes do Dr. Razdan s\u00e3o <a href=\"https:\/\/miamiroboticprostatectomy.com\/pt\/dr-sanjay-razdan-inducted-royal-college-physicians-surgeons-glasgow\/\">internacional<\/a> ou de outro estado. O Dr. Razdan e sua equipe de classe mundial est\u00e3o empenhados em garantir que os pacientes e suas fam\u00edlias tenham a melhor experi\u00eancia.<\/p>\n<h5><strong>Para ajudar em sua viagem ao nosso Instituto, os pacientes internacionais ter\u00e3o um concierge pessoal. O concierge ajudar\u00e1 no seguinte:<\/strong><\/h5>\n<ul class=\"list1\">\n<li>Tradu\u00e7\u00e3o e comunica\u00e7\u00e3o lingu\u00edstica. Falamos v\u00e1rios idiomas. Os arranjos podem ser feitos para pacientes que falam outras l\u00ednguas tamb\u00e9m.<\/li>\n<li>Tradu\u00e7\u00f5es de idiomas e assist\u00eancia no preenchimento de todos os formul\u00e1rios exigidos e gerenciamento de toda a documenta\u00e7\u00e3o necess\u00e1ria.<\/li>\n<li>Forne\u00e7a recomenda\u00e7\u00f5es sobre hot\u00e9is e viagens a\u00e9reas, bem como servi\u00e7os de transporte local. <\/li>\n<li> Responda a todas as perguntas relacionadas ao processo de viagem para sua cirurgia.<\/li>\n<\/ul>\n<p>&nbsp;<\/p>\n<h5><strong>Para se preparar para a viagem ao Instituto Internacional de Prostatectomia Rob\u00f3tica em Miami, Fl\u00f3rida, os pacientes devem observar o seguinte:<\/strong><\/h5>\n<ul>\n<li>Os pacientes devem agendar para passar 10 dias inteiros em Miami, Fl\u00f3rida. Se precisar de ajuda para agendar uma viagem a\u00e9rea, reservar um hotel ou apenas tiver d\u00favidas gerais, fale com o seu concierge. <\/li>\n<li> Cirurgia de prostatectomia rob\u00f3tica com <a href=\"https:\/\/miamiroboticprostatectomy.com\/pt\/urology-physician\/\">Dr. Razdan<\/a> leva menos de duas horas.<\/li>\n<li>A cirurgia \u00e9 realizada em uma das v\u00e1rias instala\u00e7\u00f5es de classe mundial na bela Miami, Fl\u00f3rida. Se precisar de ajuda para agendar o transporte de ou para as instala\u00e7\u00f5es, fale com o seu concierge. Por favor, verifique com seu agendador cir\u00fargico para localiza\u00e7\u00e3o.<\/li>\n<li>Todos os pacientes que se submetem <a href=\"https:\/\/miamiroboticprostatectomy.com\/pt\/robotic-prostatectomy\/\">A prostatectomia rob\u00f3tica <\/a> costuma ir para casa no mesmo dia. <\/li>\n<li> V\u00e1rias de nossas instala\u00e7\u00f5es oferecem aos pacientes quartos privativos que permitem que um membro da fam\u00edlia fique com eles durante sua estada no hospital. Essas solicita\u00e7\u00f5es devem ser feitas com anteced\u00eancia, portanto, certifique-se de entrar em contato com o seu planejador cir\u00fargico para perguntar. <\/li>\n<li> Ap\u00f3s a cirurgia, voc\u00ea ter\u00e1 um cateter por uma semana que ser\u00e1 removido em nosso consult\u00f3rio em\u00a0<a href=\"https:\/\/goo.gl\/maps\/ztzpiiXFQqvGyYXt9\" target=\"_blank\" rel=\"noopener\">3650 NW 82 Avenue, Suite PH 501, Doral, FL 33166 <\/a>. Antes de partir para voar de volta para casa, voc\u00ea ter\u00e1 uma visita p\u00f3s-operat\u00f3ria final com o Dr. Razdan. <\/li>\n<li> 4-6 semanas ap\u00f3s a cirurgia, voc\u00ea far\u00e1 o acompanhamento com seu urologista local para uma consulta e teste de PSA. Voc\u00ea deve fornecer os resultados dos testes e notas de acompanhamento ao nosso escrit\u00f3rio. <\/li>\n<\/ul>\n<p>Os pacientes s\u00e3o incentivados a andar ap\u00f3s a cirurgia. Como tal, n\u00e3o \u00e9 incomum para pacientes internacionais desfrutarem de seu tempo em Miami, Fl\u00f3rida, desfrutando de nosso lindo clima, nossa gastronomia fina em todo o sul da Fl\u00f3rida e explorando os muitos outros locais de interesse da cidade. Para recomenda\u00e7\u00f5es de comida e entretenimento, fale com seu concierge.<\/p>\n","protected":false},"excerpt":{"rendered":"<p>Como um dos cirurgi\u00f5es de c\u00e2ncer de pr\u00f3stata mais experientes do mundo, o Dr. Razdan tratou pacientes de ao redor do mundo para o melhor atendimento cir\u00fargico. Muitos dos pacientes do Dr. Razdan s\u00e3o internacional ou de outro estado. O Dr. Razdan e sua equipe de classe mundial est\u00e3o empenhados em garantir que os pacientes [&hellip;]<\/p>\n","protected":false},"author":1,"featured_media":0,"parent":0,"menu_order":0,"comment_status":"closed","ping_status":"closed","template":"","meta":{"footnotes":""},"class_list":["post-1177","page","type-page","status-publish","hentry"],"_links":{"self":[{"href":"https:\/\/miamiroboticprostatectomy.com\/pt\/wp-json\/wp\/v2\/pages\/1177","targetHints":{"allow":["GET"]}}],"collection":[{"href":"https:\/\/miamiroboticprostatectomy.com\/pt\/wp-json\/wp\/v2\/pages"}],"about":[{"href":"https:\/\/miamiroboticprostatectomy.com\/pt\/wp-json\/wp\/v2\/types\/page"}],"author":[{"embeddable":true,"href":"https:\/\/miamiroboticprostatectomy.com\/pt\/wp-json\/wp\/v2\/users\/1"}],"replies":[{"embeddable":true,"href":"https:\/\/miamiroboticprostatectomy.com\/pt\/wp-json\/wp\/v2\/comments?post=1177"}],"version-history":[{"count":15,"href":"https:\/\/miamiroboticprostatectomy.com\/pt\/wp-json\/wp\/v2\/pages\/1177\/revisions"}],"predecessor-version":[{"id":2888,"href":"https:\/\/miamiroboticprostatectomy.com\/pt\/wp-json\/wp\/v2\/pages\/1177\/revisions\/2888"}],"wp:attachment":[{"href":"https:\/\/miamiroboticprostatectomy.com\/pt\/wp-json\/wp\/v2\/media?parent=1177"}],"curies":[{"name":"wp","href":"https:\/\/api.w.org\/{rel}","templated":true}]}}