{"id":122,"date":"2017-09-22T10:31:40","date_gmt":"2017-09-22T10:31:40","guid":{"rendered":"http:\/\/www.miamiroboticprostatectomy.com\/?page_id=122"},"modified":"2021-08-23T11:50:33","modified_gmt":"2021-08-23T11:50:33","slug":"mulp","status":"publish","type":"page","link":"https:\/\/miamiroboticprostatectomy.com\/pt\/mulp\/","title":{"rendered":"MULP"},"content":{"rendered":"<h3>PROFESSOR DE MATEM\u00c1TICA APOSENTADO BATE C\u00c2NCER DE PR\u00d3STATA AP\u00d3S REALIZA\u00c7\u00c3O DE CIRURGIA ROB\u00d3TICA <\/h3>\r\n<p> O Jackson South Community Hospital est\u00e1 entre os tr\u00eas hospitais da Fl\u00f3rida que receberam o novo Sistema Cir\u00fargico da Vinci\u00ae Xi <\/p>\r\n<p>Dunn foi submetido com sucesso a uma prostatectomia rob\u00f3tica em Jackson South. Durante o procedimento, o Dr. Razdan usou duas t\u00e9cnicas, a <a href=\"https:\/\/miamiroboticprostatectomy.com\/pt\/amniotic-membrane\/\">procedimento de membrana amni\u00f3tica humana <\/a> e a preserva\u00e7\u00e3o do comprimento uretral m\u00e1ximo modificado (MULP), que ajuda o retorno precoce da contin\u00eancia urin\u00e1ria. <\/p>\r\n<p> Normalmente, os homens apresentam problemas urin\u00e1rios ap\u00f3s a cirurgia de c\u00e2ncer de pr\u00f3stata e recuperam o controle da bexiga dentro de seis a 12 meses. <\/p>\r\n<p> \u201cCom a t\u00e9cnica MULP, os pacientes do Centro de Urologia de Excel\u00eancia em Jackson South recuperaram com sucesso o controle da bexiga em quest\u00e3o de dias\u201d, disse o Dr. Razdan, que foi o pioneiro e aperfei\u00e7oou a t\u00e9cnica MULP, e teve suas descobertas publicado no prestigioso Journal of Endourology em agosto de 2014. <\/p>\r\n<p> Dunn tamb\u00e9m se tornou o primeiro paciente em Jackson South a se submeter a cirurgia rob\u00f3tica com o novo sistema cir\u00fargico da Vinci\u00ae Xi do hospital, que foi lan\u00e7ado em abril de 2014. O <a href=\"https:\/\/miamiroboticprostatectomy.com\/pt\/da-vinci-robot\/\">da Vinci Xi<sup>\u00ae<\/sup><\/a> oferece recursos avan\u00e7ados sobre seu antecessor, o Sistema da Vinci <sup> \u00ae <\/sup> original. Inclui instrumentos de pulso, movimento intuitivo e design ergon\u00f4mico. Mais notavelmente, permite a visualiza\u00e7\u00e3o 3D-HD, o que ajuda os cirurgi\u00f5es a realizar procedimentos cir\u00fargicos com uma vis\u00e3o ampliada, estendendo virtualmente seus olhos e m\u00e3os para o paciente. <\/p>\r\n<p> \u00c0 medida que Dunn continua sua recupera\u00e7\u00e3o, ele est\u00e1 ansioso para viajar e jogar golfe. Ele tamb\u00e9m planeja continuar como volunt\u00e1rio no Relay for Life &#8211; mas agora, como um sobrevivente do c\u00e2ncer. <\/p>\r\n<p> \u201cCom tudo que passei nos \u00faltimos meses\u201d, disse ele, \u201cganhei aquela camisa roxa e vou us\u00e1-la no pr\u00f3ximo Revezamento pela Vida.\u201d <\/p>\r\n\r\n<p>&nbsp;<\/p>\r\n","protected":false},"excerpt":{"rendered":"<p>PROFESSOR DE MATEM\u00c1TICA APOSENTADO BATE C\u00c2NCER DE PR\u00d3STATA AP\u00d3S REALIZA\u00c7\u00c3O DE CIRURGIA ROB\u00d3TICA O Jackson South Community Hospital est\u00e1 entre os tr\u00eas hospitais da Fl\u00f3rida que receberam o novo Sistema Cir\u00fargico da Vinci\u00ae Xi Dunn foi submetido com sucesso a uma prostatectomia rob\u00f3tica em Jackson South. Durante o procedimento, o Dr. Razdan usou duas t\u00e9cnicas, [&hellip;]<\/p>\n","protected":false},"author":1,"featured_media":0,"parent":0,"menu_order":0,"comment_status":"closed","ping_status":"closed","template":"","meta":{"footnotes":""},"class_list":["post-122","page","type-page","status-publish","hentry"],"_links":{"self":[{"href":"https:\/\/miamiroboticprostatectomy.com\/pt\/wp-json\/wp\/v2\/pages\/122","targetHints":{"allow":["GET"]}}],"collection":[{"href":"https:\/\/miamiroboticprostatectomy.com\/pt\/wp-json\/wp\/v2\/pages"}],"about":[{"href":"https:\/\/miamiroboticprostatectomy.com\/pt\/wp-json\/wp\/v2\/types\/page"}],"author":[{"embeddable":true,"href":"https:\/\/miamiroboticprostatectomy.com\/pt\/wp-json\/wp\/v2\/users\/1"}],"replies":[{"embeddable":true,"href":"https:\/\/miamiroboticprostatectomy.com\/pt\/wp-json\/wp\/v2\/comments?post=122"}],"version-history":[{"count":16,"href":"https:\/\/miamiroboticprostatectomy.com\/pt\/wp-json\/wp\/v2\/pages\/122\/revisions"}],"predecessor-version":[{"id":2896,"href":"https:\/\/miamiroboticprostatectomy.com\/pt\/wp-json\/wp\/v2\/pages\/122\/revisions\/2896"}],"wp:attachment":[{"href":"https:\/\/miamiroboticprostatectomy.com\/pt\/wp-json\/wp\/v2\/media?parent=122"}],"curies":[{"name":"wp","href":"https:\/\/api.w.org\/{rel}","templated":true}]}}