{"id":1238,"date":"2018-02-06T20:36:59","date_gmt":"2018-02-06T20:36:59","guid":{"rendered":"http:\/\/www.miamiroboticprostatectomy.com\/?page_id=1238"},"modified":"2021-08-23T11:16:22","modified_gmt":"2021-08-23T11:16:22","slug":"about-our-institute-robotic-prostate-surgery","status":"publish","type":"page","link":"https:\/\/miamiroboticprostatectomy.com\/pt\/about-our-institute-robotic-prostate-surgery\/","title":{"rendered":"Sobre o Instituto"},"content":{"rendered":"<p>Bem-vindo ao International Robotic Prostatectomy Institute. Nossa equipe entende que ser diagnosticado com c\u00e2ncer de pr\u00f3stata pode ser uma experi\u00eancia traum\u00e1tica para voc\u00ea e sua fam\u00edlia, tanto f\u00edsica quanto emocionalmente.<\/p>\n<p><iframe loading=\"lazy\" class=\"iframed-video\" src=\"https:\/\/www.youtube.com\/embed\/isogLsJycQc?rel=0&amp;autoplay=1&amp;autohide=2&amp;modestbranding=1\" width=\"100%^\" height=\"485\" frameborder=\"0\" allowfullscreen=\"allowfullscreen\"><\/iframe>Todos os dias, <a href=\"https:\/\/miamiroboticprostatectomy.com\/pt\/patient-travels-ecuador-best-prostate-cancer-surgeon\/\">pacientes <\/a> do mundo todo que procuraram ajuda, venha ao nosso State of the Art Institute, localizado bem aqui na bela Miami.<\/p>\n<p>Nossa inova\u00e7\u00e3o constante e aten\u00e7\u00e3o aos detalhes cir\u00fargicos e sutileza resultaram em resultados excelentes. Muitos m\u00e9dicos e centros em todo o mundo consideram o Dr. Sanjay Razdan o que apresenta os melhores resultados na cirurgia rob\u00f3tica do c\u00e2ncer de pr\u00f3stata em termos de controle do c\u00e2ncer, incontin\u00eancia urin\u00e1ria e fun\u00e7\u00e3o sexual.<\/p>\n<p>N\u00f3s tamb\u00e9m somos o <strong>PRIMEIRO NO MUNDO<\/strong> ser pioneiro e usar <a href=\"http:\/\/www.miamiroboticprostatectomy.com\/amniotic-membrane\/\">Membrana Amni\u00f3tica Humana<\/a> em pacientes com c\u00e2ncer de pr\u00f3stata submetidos \u00e0 cirurgia rob\u00f3tica da pr\u00f3stata. Dr. Razdan \u00e9 considerado o <strong>L\u00cdDER MUNDIAL<\/strong> quando se trata dessa t\u00e9cnica cir\u00fargica. Nossos pacientes geralmente deixam o hospital ou centro cir\u00fargico 4-6 horas ap\u00f3s um <a href=\"http:\/\/www.miamiroboticprostatectomy.com\/robotic-prostatectomy\/\">Prostatectomia rob\u00f3tica<\/a>.<\/p>\n<p>Nossa experiente e compassiva equipe de cirurgi\u00f5es, bolsistas, enfermeiras e t\u00e9cnicos ir\u00e1 ajud\u00e1-lo a se recuperar e voltar ao normal o mais r\u00e1pido poss\u00edvel. Damos as boas-vindas ao Instituto Internacional de Prostatectomia Rob\u00f3tica. Voc\u00ea pode esperar experi\u00eancia cir\u00fargica de classe mundial combinada com cuidado compassivo para fornecer os melhores resultados poss\u00edveis.<\/p>\n<p>Nosso centro tem mais depoimentos em v\u00eddeo do que qualquer outro centro de c\u00e2ncer de pr\u00f3stata no mundo. Estes s\u00e3o pacientes reais do Dr. Razdan que compartilham sua experi\u00eancia e como, com a ajuda do International Robotic Prostatectomy Institute, agora est\u00e3o livres do c\u00e2ncer de pr\u00f3stata. Voc\u00ea encontrar\u00e1 pacientes de todos os Estados Unidos e de todo o mundo em ingl\u00eas e espanhol. Voc\u00ea tamb\u00e9m pode ver todos os coment\u00e1rios de 5 estrelas do Google de pacientes do Dr. Sanjay Razdan e sua equipe de classe mundial.<\/p>\n<p>Ligue para n\u00f3s hoje em 1-305-251-8650. Voc\u00ea tamb\u00e9m pode <a href=\"http:\/\/www.miamiroboticprostatectomy.com\/contact\/\">preencha nosso formul\u00e1rio de contato<\/a> e algu\u00e9m de nossa equipe responder\u00e1 o mais r\u00e1pido poss\u00edvel.<\/p>\n","protected":false},"excerpt":{"rendered":"<p>Bem-vindo ao International Robotic Prostatectomy Institute. Nossa equipe entende que ser diagnosticado com c\u00e2ncer de pr\u00f3stata pode ser uma experi\u00eancia traum\u00e1tica para voc\u00ea e sua fam\u00edlia, tanto f\u00edsica quanto emocionalmente. Todos os dias, pacientes do mundo todo que procuraram ajuda, venha ao nosso State of the Art Institute, localizado bem aqui na bela Miami. Nossa [&hellip;]<\/p>\n","protected":false},"author":1,"featured_media":0,"parent":0,"menu_order":0,"comment_status":"closed","ping_status":"closed","template":"","meta":{"footnotes":""},"class_list":["post-1238","page","type-page","status-publish","hentry"],"_links":{"self":[{"href":"https:\/\/miamiroboticprostatectomy.com\/pt\/wp-json\/wp\/v2\/pages\/1238","targetHints":{"allow":["GET"]}}],"collection":[{"href":"https:\/\/miamiroboticprostatectomy.com\/pt\/wp-json\/wp\/v2\/pages"}],"about":[{"href":"https:\/\/miamiroboticprostatectomy.com\/pt\/wp-json\/wp\/v2\/types\/page"}],"author":[{"embeddable":true,"href":"https:\/\/miamiroboticprostatectomy.com\/pt\/wp-json\/wp\/v2\/users\/1"}],"replies":[{"embeddable":true,"href":"https:\/\/miamiroboticprostatectomy.com\/pt\/wp-json\/wp\/v2\/comments?post=1238"}],"version-history":[{"count":33,"href":"https:\/\/miamiroboticprostatectomy.com\/pt\/wp-json\/wp\/v2\/pages\/1238\/revisions"}],"predecessor-version":[{"id":2845,"href":"https:\/\/miamiroboticprostatectomy.com\/pt\/wp-json\/wp\/v2\/pages\/1238\/revisions\/2845"}],"wp:attachment":[{"href":"https:\/\/miamiroboticprostatectomy.com\/pt\/wp-json\/wp\/v2\/media?parent=1238"}],"curies":[{"name":"wp","href":"https:\/\/api.w.org\/{rel}","templated":true}]}}