{"id":1502,"date":"2019-04-10T16:15:39","date_gmt":"2019-04-10T16:15:39","guid":{"rendered":"http:\/\/www.miamiroboticprostatectomy.com\/?page_id=1502"},"modified":"2021-08-23T11:11:08","modified_gmt":"2021-08-23T11:11:08","slug":"prostate-cancer-tests","status":"publish","type":"page","link":"https:\/\/miamiroboticprostatectomy.com\/pt\/prostate-cancer-tests\/","title":{"rendered":"Testes de c\u00e2ncer de pr\u00f3stata"},"content":{"rendered":"<p>Os testes de pr\u00f3stata s\u00e3o uma parte necess\u00e1ria do diagn\u00f3stico do c\u00e2ncer. Eles s\u00e3o usados para verificar se um indiv\u00edduo tem c\u00e2ncer de pr\u00f3stata ou qualquer outro problema relacionado \u00e0 pr\u00f3stata. Alguns dos mais comuns incluem teste de PSA, bi\u00f3psia da pr\u00f3stata, exame retal digital (DRE) e varreduras.<\/p>\n<p><strong> Aqui est\u00e1 uma breve introdu\u00e7\u00e3o a esses testes: <\/strong><\/p>\n<h3> Introdu\u00e7\u00e3o aos testes de pr\u00f3stata <\/h3>\n<p>Esses testes s\u00e3o muito \u00fateis para descobrir se voc\u00ea pode ter c\u00e2ncer de pr\u00f3stata ou algum outro problema de pr\u00f3stata (prostatite ou aumento da pr\u00f3stata).<\/p>\n<h3> Testes comuns de pr\u00f3stata <\/h3>\n<h5> <strong> Um \u00fanico teste n\u00e3o pode diagnosticar c\u00e2ncer de pr\u00f3stata. Portanto, o paciente deve passar por uma s\u00e9rie de testes para descobrir se voc\u00ea tem um problema de pr\u00f3stata. Os principais testes incluem o seguinte listado abaixo: <\/strong> <\/h5>\n<ul>\n<li> Um teste de urina para descartar qualquer infec\u00e7\u00e3o de urina <\/li>\n<li> Um exame de sangue PSA (ant\u00edgeno espec\u00edfico da pr\u00f3stata) <\/li>\n<li> Um exame retal digital (DRE) <\/li>\n<\/ul>\n<p>Um teste de PSA \u00e9 um tipo de exame de sangue que mede a quantidade de ant\u00edgeno espec\u00edfico da pr\u00f3stata (PSA) no sangue. O PSA \u00e9, na verdade, uma prote\u00edna produzida por c\u00e9lulas saud\u00e1veis \u200b\u200bda pr\u00f3stata e por c\u00e9lulas cancerosas da pr\u00f3stata.<\/p>\n<p>A presen\u00e7a de alguma quantidade de PSA no sangue \u00e9 normal. Com a idade, o valor pode aumentar ligeiramente. Um aumento no n\u00edvel de PSA pode sugerir um problema com a pr\u00f3stata. No entanto, isso pode n\u00e3o indicar necessariamente c\u00e2ncer.<\/p>\n<p>Antes de fazer os testes listados acima, seu cl\u00ednico geral ou m\u00e9dico de cuidados prim\u00e1rios explicar\u00e1 o que eles envolvem. Ele tamb\u00e9m deve discutir os pr\u00f3s e os contras de todos os testes. Voc\u00ea obter\u00e1 mais informa\u00e7\u00f5es sobre o c\u00e2ncer de pr\u00f3stata e seu pr\u00f3prio risco de contra\u00ed-lo.<\/p>\n<p>Finalmente, \u00e9 sua decis\u00e3o fazer os testes. Portanto, certifique-se de coletar todas as informa\u00e7\u00f5es necess\u00e1rias com anteced\u00eancia. Tamb\u00e9m d\u00ea a si mesmo algum tempo para pensar em todo o processo.<\/p>\n<p>Depois de obter todos os resultados do teste, \u00e9 hora de conversar sobre os resultados com o seu m\u00e9dico. Caso eles pensem que voc\u00ea pode ter c\u00e2ncer de pr\u00f3stata ou outra condi\u00e7\u00e3o relacionada \u00e0 pr\u00f3stata, eles far\u00e3o com que voc\u00ea marque uma consulta com um urologista.<\/p>\n<h3> Cirurgias para c\u00e2ncer de pr\u00f3stata <\/h3>\n<p>Hoje, a prostatectomia rob\u00f3tica se tornou o padr\u00e3o ouro para o tratamento do c\u00e2ncer de pr\u00f3stata. A cirurgia realizada por um <a href=\"http:\/\/www.miamiroboticprostatectomy.com\/urology-physician\/\">cirurgi\u00e3o rob\u00f3tico experiente <\/a>, \u00e9 reconhecido por sua precis\u00e3o e remo\u00e7\u00e3o precisa da pr\u00f3stata cancerosa, e um retorno mais r\u00e1pido da fun\u00e7\u00e3o er\u00e9til (sexual).<\/p>\n<h3> Testes realizados no hospital <\/h3>\n<h5> <strong> Voc\u00ea encontrar\u00e1 um especialista (urologista) no hospital. Aqui, voc\u00ea pode ser solicitado a fazer outro teste PSA ou um DRE. O urologista examinar\u00e1 atentamente o seu: <\/strong> <\/h5>\n<ul>\n<li> n\u00edvel PSA <\/li>\n<li> Resultados de DRE <\/li>\n<li> Risco potencial de c\u00e2ncer de pr\u00f3stata <\/li>\n<li> Sa\u00fade geral <\/li>\n<\/ul>\n<p>&#038; nbsp;<\/p>\n<h5> <strong> Um urologista pode recomendar alguns dos seguintes testes, dependendo de sua condi\u00e7\u00e3o e sintomas: <\/strong> <\/h5>\n<ul>\n<li> Exame de resson\u00e2ncia magn\u00e9tica (resson\u00e2ncia magn\u00e9tica) <\/li>\n<li> Bi\u00f3psia da pr\u00f3stata <\/li>\n<li> Tomografia computadorizada (tomografia computadorizada) <\/li>\n<li> Exame \u00f3sseo (pode ser feito com ou sem raios-X) <\/li>\n<\/ul>\n<p>Em alguns casos, os especialistas podem solicitar um teste de fluxo de urina combinado com uma ultrassonografia da bexiga. Esses testes s\u00e3o feitos principalmente para verificar se o paciente tem uma pr\u00f3stata aumentada.<\/p>\n","protected":false},"excerpt":{"rendered":"<p>Os testes de pr\u00f3stata s\u00e3o uma parte necess\u00e1ria do diagn\u00f3stico do c\u00e2ncer. Eles s\u00e3o usados para verificar se um indiv\u00edduo tem c\u00e2ncer de pr\u00f3stata ou qualquer outro problema relacionado \u00e0 pr\u00f3stata. Alguns dos mais comuns incluem teste de PSA, bi\u00f3psia da pr\u00f3stata, exame retal digital (DRE) e varreduras. Aqui est\u00e1 uma breve introdu\u00e7\u00e3o a esses [&hellip;]<\/p>\n","protected":false},"author":1,"featured_media":1478,"parent":0,"menu_order":0,"comment_status":"closed","ping_status":"closed","template":"","meta":{"footnotes":""},"class_list":["post-1502","page","type-page","status-publish","has-post-thumbnail","hentry"],"_links":{"self":[{"href":"https:\/\/miamiroboticprostatectomy.com\/pt\/wp-json\/wp\/v2\/pages\/1502","targetHints":{"allow":["GET"]}}],"collection":[{"href":"https:\/\/miamiroboticprostatectomy.com\/pt\/wp-json\/wp\/v2\/pages"}],"about":[{"href":"https:\/\/miamiroboticprostatectomy.com\/pt\/wp-json\/wp\/v2\/types\/page"}],"author":[{"embeddable":true,"href":"https:\/\/miamiroboticprostatectomy.com\/pt\/wp-json\/wp\/v2\/users\/1"}],"replies":[{"embeddable":true,"href":"https:\/\/miamiroboticprostatectomy.com\/pt\/wp-json\/wp\/v2\/comments?post=1502"}],"version-history":[{"count":8,"href":"https:\/\/miamiroboticprostatectomy.com\/pt\/wp-json\/wp\/v2\/pages\/1502\/revisions"}],"predecessor-version":[{"id":2933,"href":"https:\/\/miamiroboticprostatectomy.com\/pt\/wp-json\/wp\/v2\/pages\/1502\/revisions\/2933"}],"wp:featuredmedia":[{"embeddable":true,"href":"https:\/\/miamiroboticprostatectomy.com\/pt\/wp-json\/wp\/v2\/media\/1478"}],"wp:attachment":[{"href":"https:\/\/miamiroboticprostatectomy.com\/pt\/wp-json\/wp\/v2\/media?parent=1502"}],"curies":[{"name":"wp","href":"https:\/\/api.w.org\/{rel}","templated":true}]}}