{"id":1506,"date":"2019-04-11T09:50:58","date_gmt":"2019-04-11T09:50:58","guid":{"rendered":"http:\/\/www.miamiroboticprostatectomy.com\/?page_id=1506"},"modified":"2021-08-23T11:13:06","modified_gmt":"2021-08-23T11:13:06","slug":"psa-test-prostate-cancer","status":"publish","type":"page","link":"https:\/\/miamiroboticprostatectomy.com\/pt\/psa-test-prostate-cancer\/","title":{"rendered":"Teste PSA para c\u00e2ncer de pr\u00f3stata"},"content":{"rendered":"<h3> Teste PSA &#8211; Uma introdu\u00e7\u00e3o <\/h3>\n<p>O teste de PSA para c\u00e2ncer de pr\u00f3stata \u00e9 um tipo de exame de sangue que pode ajudar a diagnosticar problemas relacionados \u00e0 pr\u00f3stata. \u00c9 tamb\u00e9m um dos principais testes feitos para o diagn\u00f3stico<br \/>\n<a href=\"https:\/\/miamiroboticprostatectomy.com\/pt\/dr-razdan-helps-radio-station-dj-beat-prostate-cancer\/\">c\u00e2ncer de pr\u00f3stata<\/a>.<\/p>\n<p>Aqui est\u00e1 uma informa\u00e7\u00e3o detalhada sobre <a href=\"https:\/\/www.cancer.gov\/types\/prostate\/psa-fact-sheet\" target=\"_blank\" rel=\"noopener\">Teste PSA<\/a> para ajud\u00e1-lo a saber o que acontece se voc\u00ea fizer um teste e o que os resultados do PSA podem indicar:<\/p>\n<h3> O que \u00e9 o teste PSA? <\/h3>\n<p>Este \u00e9 um exame de sangue com o objetivo de medir a quantidade exata de ant\u00edgeno espec\u00edfico da pr\u00f3stata (PSA) no sangue. O PSA \u00e9 na verdade uma prote\u00edna produzida por c\u00e9lulas saud\u00e1veis presentes na pr\u00f3stata. Esta prote\u00edna tamb\u00e9m pode ser produzida por c\u00e9lulas cancerosas da pr\u00f3stata.<\/p>\n<p>\u00c9 normal ter uma pequena quantidade de PSA no sangue. Esta quantidade pode aumentar at\u00e9 certo ponto \u00e0 medida que envelhecemos e com o aumento do tamanho da pr\u00f3stata. O aumento do n\u00edvel de PSA pode indicar um problema de pr\u00f3stata. No entanto, isso n\u00e3o significa necessariamente c\u00e2ncer.<\/p>\n<p>Seu cl\u00ednico geral deve discutir sobre este teste com voc\u00ea em detalhes.<\/p>\n<h3> Sou um candidato ao teste PSA? <\/h3>\n<p>Voc\u00ea \u00e9 candidato se tiver 50 anos de idade. No caso de voc\u00ea ter mais de 45 anos de idade e ter maior risco de c\u00e2ncer de pr\u00f3stata (afro-americano ou ter hist\u00f3rico familiar da doen\u00e7a), voc\u00ea pode discutir sobre fazer um teste com seu m\u00e9dico de fam\u00edlia (cl\u00ednico geral).<\/p>\n<p>Um teste de PSA n\u00e3o \u00e9 recomendado para voc\u00ea se voc\u00ea n\u00e3o mostrar nenhum sintoma. Pode ser oferecido a alguns homens um teste de PSA como parte integrante de um check-up geral.<\/p>\n<h3> O que o teste PSA indica? <\/h3>\n<p>O aumento do n\u00edvel de PSA pode indicar um problema de pr\u00f3stata. Isso pode ser devido ao seguinte:<\/p>\n<ul class = \"list1\">\n<li> Uma pr\u00f3stata aumentada <\/li>\n<li> Prostatite <\/li>\n<li> c\u00e2ncer de pr\u00f3stata <\/li>\n<\/ul>\n<p>Uma s\u00e9rie de outras coisas tamb\u00e9m podem resultar no aumento dos n\u00edveis de PSA. Portanto, \u00e9 natural que o seu m\u00e9dico pe\u00e7a que voc\u00ea fa\u00e7a outros exames para descobrir a causa exata.<\/p>\n<h3> Pr\u00f3s e contras do teste PSA <\/h3>\n<p>\u00c9 muito importante saber sobre os v\u00e1rios pr\u00f3s e contras de fazer o teste de PSA. Aqui est\u00e1 o que voc\u00ea precisa saber:<\/p>\n<h5><\u201dPros<\/ Budap <\/h5>\n<ul>\n<li>The test can help detect prostate cancer even before you observe any symptoms.<\/li>\n<li>The test will help detect fast-growing cancer at an early stage. At this stage, treatment will stop cancer from spreading and causing problems.<\/li>\n<li>This test is more helpful for men at higher risk of prostate cancer. It will help detect any changes in PSA level and decide on the best treatment for prostate cancer.<\/li>\n<\/ul>\n<p>&nbsp;<\/p>\n<h5><\u201dDesvantagens<\/ Budap <\/h5>\n<p>Voc\u00ea pode ter algumas preocupa\u00e7\u00f5es sobre o aumento do n\u00edvel de PSA. No entanto, o teste de PSA pode deixar de detectar o c\u00e2ncer de pr\u00f3stata.<br \/>\nNo caso, seu n\u00edvel de PSA aumentou uma vez, voc\u00ea pode precisar de mais testes, incluindo uma bi\u00f3psia. A bi\u00f3psia pode causar efeitos colaterais, como sangue no s\u00eamen \/ urina, dor e infec\u00e7\u00e3o.<\/p>\n<p>Voc\u00ea pode ser diagnosticado com um c\u00e2ncer de pr\u00f3stata de crescimento lento. Esse tipo de c\u00e2ncer nunca pode causar problemas ao paciente. Isso tamb\u00e9m pode n\u00e3o afetar a expectativa de vida do paciente. No entanto, ser diagnosticado com c\u00e2ncer pode causar estresse desnecess\u00e1rio. Voc\u00ea pode decidir fazer o tratamento mesmo se n\u00e3o precisar.<\/p>\n<p>Os tratamentos para o c\u00e2ncer de pr\u00f3stata t\u00eam alguns efeitos colaterais graves nos pacientes que podem afetar sua vida di\u00e1ria. Isso pode incluir problemas intestinais e do trato urin\u00e1rio. Problemas de ere\u00e7\u00e3o tamb\u00e9m s\u00e3o comuns entre pacientes com c\u00e2ncer de pr\u00f3stata.<\/p>\n<h3> Teste PSA de linha de base <\/h3>\n<p>Este teste envolve fazer um teste de PSA, mesmo quando o risco de obt\u00ea-lo \u00e9 baixo. Destina-se a ajudar os especialistas a compreender o seu risco de contrair c\u00e2ncer de pr\u00f3stata no futuro. Por exemplo, se o n\u00edvel de PSA de um homem for ligeiramente mais alto na casa dos 40 anos, ele pode ter um risco maior de contrair c\u00e2ncer de pr\u00f3stata no futuro.<\/p>\n","protected":false},"excerpt":{"rendered":"<p>Teste PSA &#8211; Uma introdu\u00e7\u00e3o O teste de PSA para c\u00e2ncer de pr\u00f3stata \u00e9 um tipo de exame de sangue que pode ajudar a diagnosticar problemas relacionados \u00e0 pr\u00f3stata. \u00c9 tamb\u00e9m um dos principais testes feitos para o diagn\u00f3stico c\u00e2ncer de pr\u00f3stata. Aqui est\u00e1 uma informa\u00e7\u00e3o detalhada sobre Teste PSA para ajud\u00e1-lo a saber o [&hellip;]<\/p>\n","protected":false},"author":1,"featured_media":0,"parent":0,"menu_order":0,"comment_status":"closed","ping_status":"closed","template":"","meta":{"footnotes":""},"class_list":["post-1506","page","type-page","status-publish","hentry"],"_links":{"self":[{"href":"https:\/\/miamiroboticprostatectomy.com\/pt\/wp-json\/wp\/v2\/pages\/1506","targetHints":{"allow":["GET"]}}],"collection":[{"href":"https:\/\/miamiroboticprostatectomy.com\/pt\/wp-json\/wp\/v2\/pages"}],"about":[{"href":"https:\/\/miamiroboticprostatectomy.com\/pt\/wp-json\/wp\/v2\/types\/page"}],"author":[{"embeddable":true,"href":"https:\/\/miamiroboticprostatectomy.com\/pt\/wp-json\/wp\/v2\/users\/1"}],"replies":[{"embeddable":true,"href":"https:\/\/miamiroboticprostatectomy.com\/pt\/wp-json\/wp\/v2\/comments?post=1506"}],"version-history":[{"count":14,"href":"https:\/\/miamiroboticprostatectomy.com\/pt\/wp-json\/wp\/v2\/pages\/1506\/revisions"}],"predecessor-version":[{"id":2914,"href":"https:\/\/miamiroboticprostatectomy.com\/pt\/wp-json\/wp\/v2\/pages\/1506\/revisions\/2914"}],"wp:attachment":[{"href":"https:\/\/miamiroboticprostatectomy.com\/pt\/wp-json\/wp\/v2\/media?parent=1506"}],"curies":[{"name":"wp","href":"https:\/\/api.w.org\/{rel}","templated":true}]}}