{"id":1560,"date":"2019-09-19T21:04:56","date_gmt":"2019-09-19T21:04:56","guid":{"rendered":"https:\/\/miamiroboticprostatectomy.com\/pt\/?page_id=1560"},"modified":"2021-08-23T11:48:32","modified_gmt":"2021-08-23T11:48:32","slug":"penile-implant-erectile-dysfunction","status":"publish","type":"page","link":"https:\/\/miamiroboticprostatectomy.com\/pt\/penile-implant-erectile-dysfunction\/","title":{"rendered":"Implante peniano para disfun\u00e7\u00e3o er\u00e9til"},"content":{"rendered":"\r\n<h5 class=\"wp-block-heading\"><strong>Voc\u00ea sabia que um em cada quatro homens com mais de 60 anos apresenta algum grau de disfun\u00e7\u00e3o er\u00e9til?<\/strong><\/h5>\r\n\r\n\r\n\r\n<h3 class=\"wp-block-heading\"> O que \u00e9 disfun\u00e7\u00e3o er\u00e9til?<\/h3>\r\n\r\n\r\n\r\n<p>A disfun\u00e7\u00e3o er\u00e9til, comumente conhecida como (DE), \u00e9 a incapacidade de atingir ou manter uma ere\u00e7\u00e3o firme o suficiente para realizar a rela\u00e7\u00e3o sexual. \u00c9 comumente referido como impot\u00eancia.<\/p>\r\n\r\n\r\n\r\n<p>Disfun\u00e7\u00e3o er\u00e9til ou disfun\u00e7\u00e3o er\u00e9til ocasional n\u00e3o \u00e9 incomum. Muitos homens podem sentir isso em momentos de estresse. A DE recorrente, entretanto, pode ser um sinal de problemas de sa\u00fade que precisam de tratamento imediato. DE recorrente tamb\u00e9m pode ser um sinal de dificuldades emocionais ou de relacionamento que devem ser tratadas por um profissional.<\/p>\r\n\r\n\r\n\r\n<p>Felizmente, existem muitos tipos diferentes de tratamentos dispon\u00edveis, incluindo: terapia oral, terapia por inje\u00e7\u00e3o, terapia intrauretral e dispositivos a v\u00e1cuo.<\/p>\r\n\r\n\r\n\r\n<h3 class=\"wp-block-heading\">O Implante Peniano <\/h3>\r\n\r\n\r\n\r\n<p>Uma op\u00e7\u00e3o altamente eficaz e muito satisfat\u00f3ria \u00e9 um implante peniano. Todos os anos, mais de 20.000 homens em todo o mundo restabelecem suas rela\u00e7\u00f5es sexuais usando este tipo de dispositivo m\u00e9dico.<\/p>\r\n\r\n<p><iframe loading=\"lazy\" class=\"iframed-video\" src=\"https:\/\/www.youtube.com\/embed\/wRmWXOsbNq8?rel=0&amp;autoplay=1&amp;autohide=2&amp;modestbranding=1\" width=\"100%^\" height=\"485\" frameborder=\"0\" allowfullscreen=\"allowfullscreen\"><\/iframe><\/p>\r\n\r\n<p><strong>Como um dos melhores cirurgi\u00f5es rob\u00f3ticos e urol\u00f3gicos do mundo<\/strong>,\u00a0<a href=\"https:\/\/miamiroboticprostatectomy.com\/pt\/dr-razdan\/\">Dr. Sanjay Razdan<\/a>\u00a0\u00e9 excelente em ajudar os homens a restaurar sua sa\u00fade sexual. Pacientes de todo o sudeste dos Estados Unidos procuram o Dr. Razdan para realizar uma cirurgia de implante peniano. A equipe de urologistas do Dr. Razdan oferece um espectro de servi\u00e7os que incluem o tratamento da doen\u00e7a de Peyronie e todas as outras formas de cuidados urol\u00f3gicos relacionados \u00e0 fun\u00e7\u00e3o er\u00e9til e \u00e0 sa\u00fade masculina.<\/p>\r\n\r\n\r\n\r\n<h4 class=\"wp-block-heading\">Para agendar uma consulta com o Dr. Razdan, <a href=\"https:\/\/miamiroboticprostatectomy.com\/pt\/contact\/\">entre em contato conosco hoje. <\/a> <\/h4>\r\n\r\n<p>&nbsp;<\/p>","protected":false},"excerpt":{"rendered":"<p>Voc\u00ea sabia que um em cada quatro homens com mais de 60 anos apresenta algum grau de disfun\u00e7\u00e3o er\u00e9til? O que \u00e9 disfun\u00e7\u00e3o er\u00e9til? A disfun\u00e7\u00e3o er\u00e9til, comumente conhecida como (DE), \u00e9 a incapacidade de atingir ou manter uma ere\u00e7\u00e3o firme o suficiente para realizar a rela\u00e7\u00e3o sexual. \u00c9 comumente referido como impot\u00eancia. Disfun\u00e7\u00e3o er\u00e9til [&hellip;]<\/p>\n","protected":false},"author":1,"featured_media":0,"parent":0,"menu_order":0,"comment_status":"closed","ping_status":"closed","template":"","meta":{"footnotes":""},"class_list":["post-1560","page","type-page","status-publish","hentry"],"_links":{"self":[{"href":"https:\/\/miamiroboticprostatectomy.com\/pt\/wp-json\/wp\/v2\/pages\/1560","targetHints":{"allow":["GET"]}}],"collection":[{"href":"https:\/\/miamiroboticprostatectomy.com\/pt\/wp-json\/wp\/v2\/pages"}],"about":[{"href":"https:\/\/miamiroboticprostatectomy.com\/pt\/wp-json\/wp\/v2\/types\/page"}],"author":[{"embeddable":true,"href":"https:\/\/miamiroboticprostatectomy.com\/pt\/wp-json\/wp\/v2\/users\/1"}],"replies":[{"embeddable":true,"href":"https:\/\/miamiroboticprostatectomy.com\/pt\/wp-json\/wp\/v2\/comments?post=1560"}],"version-history":[{"count":16,"href":"https:\/\/miamiroboticprostatectomy.com\/pt\/wp-json\/wp\/v2\/pages\/1560\/revisions"}],"predecessor-version":[{"id":2902,"href":"https:\/\/miamiroboticprostatectomy.com\/pt\/wp-json\/wp\/v2\/pages\/1560\/revisions\/2902"}],"wp:attachment":[{"href":"https:\/\/miamiroboticprostatectomy.com\/pt\/wp-json\/wp\/v2\/media?parent=1560"}],"curies":[{"name":"wp","href":"https:\/\/api.w.org\/{rel}","templated":true}]}}