{"id":1586,"date":"2019-09-30T17:46:20","date_gmt":"2019-09-30T17:46:20","guid":{"rendered":"https:\/\/miamiroboticprostatectomy.com\/pt\/?page_id=1586"},"modified":"2021-08-23T11:35:23","modified_gmt":"2021-08-23T11:35:23","slug":"kidney-stone-removal","status":"publish","type":"page","link":"https:\/\/miamiroboticprostatectomy.com\/pt\/kidney-stone-removal\/","title":{"rendered":"Remo\u00e7\u00e3o de pedra nos rins"},"content":{"rendered":"\r\n<h2 class=\"wp-block-heading\">Remo\u00e7\u00e3o de pedra nos rins<\/h2>\r\n\r\n\r\n\r\n<p>Dor intensa, dificuldade para urinar e n\u00e1useas s\u00e3o sinais comuns de obstru\u00e7\u00e3o de c\u00e1lculos urin\u00e1rios. Freq\u00fcentemente, dependendo do tamanho e da localiza\u00e7\u00e3o da pedra, poucas delas morrem com bastante fluido e tempo, mas os sintomas que se recusam a desaparecer podem indicar uma pedra maior ou uma pedra menor severamente obstrutiva. Essa pedra em um diab\u00e9tico pode ser perigosa se n\u00e3o tratada. Felizmente hoje, v\u00e1rios m\u00e9todos est\u00e3o dispon\u00edveis para tratar essas pedras e quase todos podem ser feitos em ambulat\u00f3rio. Se voc\u00ea estiver na \u00e1rea do sul da Fl\u00f3rida e precisar verificar a dor relacionada \u00e0 pedra, ligue para o Dr. Sanjay Razdan em seu escrit\u00f3rio em Miami, Fl\u00f3rida, para <a href=\"https:\/\/miamiroboticprostatectomy.com\/pt\/contact\/\">agende sua consulta <\/a> ou solicite uma consulta. <a href=\"https:\/\/miamiroboticprostatectomy.com\/pt\/urology-physician\/\">Dr. Razdan<\/a> \u00e9 um dos poucos urologistas do sul da Fl\u00f3rida com forma\u00e7\u00e3o em endourologia e cirurgia rob\u00f3tica, um ramo especializado da urologia dedicado ao tratamento minimamente invasivo, de alta tecnologia e de ponta para c\u00e1lculos e outras doen\u00e7as urol\u00f3gicas. <\/p>\r\n\r\n<div class=\"flt\">\r\n<p><img decoding=\"async\" class=\"img-fluid\" title=\"best kidney stone removal doctor\" src=\"http:\/\/www.miamiroboticprostatectomy.com\/wp-content\/uploads\/2019\/09\/kidney-stones.jpg\" alt=\"best kidney stone removal\" \/><\/p>\r\n<\/div>\r\n\r\n<h4 class=\"wp-block-heading\">Perguntas e respostas sobre pedras nos rins; UMA<\/h4>\r\n\r\n\r\n\r\n<p>&nbsp;<\/p>\r\n\r\n\r\n\r\n<h2 class=\"wp-block-heading\">O que s\u00e3o pedras nos rins?<\/h2>\r\n\r\n\r\n\r\n<p>Normalmente, os subprodutos metab\u00f3licos s\u00e3o secretados pelo rim na urina e permanecem dissolvidos nela. \u00c0s vezes, quando a concentra\u00e7\u00e3o dessas subst\u00e2ncias vai al\u00e9m do n\u00edvel limite, elas podem precipitar e formar pedras. Os culpados mais comuns s\u00e3o &#8211; c\u00e1lcio, oxalato e \u00e1cido \u00farico. Essa situa\u00e7\u00e3o \u00e9 ideal para a forma\u00e7\u00e3o de pedras. Em contraste com a cren\u00e7a comum, as pedras nos rins, uma vez formadas, n\u00e3o se dissolvem e podem ficar no rim e continuar crescendo l\u00e1 ou podem migrar pelos tubos chamados ureteres para serem eventualmente expelidos ou alcan\u00e7ar e permanecer na bexiga. A possibilidade dessas pedras migrat\u00f3rias ficarem presas no ureter sempre existe.<\/p>\r\n\r\n\r\n\r\n<h2 class=\"wp-block-heading\">O que pode causar pedras nos rins?<\/h2>\r\n\r\n\r\n\r\n<p>Embora n\u00e3o haja uma causa \u00fanica para as pedras nos rins, existem alguns fatores de risco comuns que contribuem para sua forma\u00e7\u00e3o.<\/p>\r\n\r\n\r\n\r\n<ul class=\"list1 wp-block-list\">\r\n<li>Estilo de vida sedent\u00e1rio <\/li>\r\n<li> Maus h\u00e1bitos alimentares <\/li>\r\n<li> Volume de urina consistentemente baixo <\/li>\r\n<li> diarreia persistente <\/li>\r\n<li> Obesidade <\/li>\r\n<li> Hist\u00f3ria familiar de pedras renais <\/li>\r\n<li> Algumas doen\u00e7as metab\u00f3licas, como hiperuricemia, acidose tubular renal, aumento da paratire\u00f3ide, etc. <\/li>\r\n<li> Estado prolongado de estar acamado <\/li>\r\n<li> consumo excessivo de carne vermelha <\/li>\r\n<li> certos medicamentos<\/li>\r\n<\/ul>\r\n\r\n\r\n\r\n<h2 class=\"wp-block-heading\">Os c\u00e1lculos renais s\u00e3o divididos em quatro tipos com base em como s\u00e3o formados:<\/h2>\r\n\r\n\r\n\r\n<h4 class=\"wp-block-heading\">Pedras de c\u00e1lcio<\/h4>\r\n\r\n\r\n\r\n<p>O tipo mais comum de pedra nos rins, essas pedras s\u00e3o feitas de oxalato de c\u00e1lcio ou fosfato de c\u00e1lcio. Quantidade excessiva de c\u00e1lcio na urina pode levar \u00e0 sua precipita\u00e7\u00e3o, aumentando o risco de forma\u00e7\u00e3o de c\u00e1lculos sintom\u00e1ticos. Mesmo com quantidades normais de c\u00e1lcio, pode haver condi\u00e7\u00f5es que podem levar \u00e0 forma\u00e7\u00e3o de c\u00e1lculos.<\/p>\r\n\r\n\r\n\r\n<h4 class=\"wp-block-heading\">Pedras de estruvita<\/h4>\r\n\r\n\r\n\r\n<p>Essas pedras ocorrem em resposta a infec\u00e7\u00f5es do trato urin\u00e1rio e podem crescer rapidamente sem aviso pr\u00e9vio. Algumas bact\u00e9rias alteram o n\u00edvel de acidez da urina e produzem um ambiente adequado para a forma\u00e7\u00e3o de c\u00e1lculos. Como essas pedras crescem lentamente, muitas vezes n\u00e3o apresentam sintomas e, portanto, s\u00e3o diagnosticadas tardiamente, quando a pedra \u00e9 grande. Pacientes com tubos de longa dura\u00e7\u00e3o no sistema urin\u00e1rio, esvaziamento incompleto da bexiga, doen\u00e7as neurol\u00f3gicas etc. predisp\u00f5em os indiv\u00edduos a formar este tipo de c\u00e1lculo.<\/p>\r\n\r\n\r\n\r\n<h4 class=\"wp-block-heading\">Pedras de \u00e1cido \u00farico<\/h4>\r\n\r\n\r\n\r\n<p>As pedras de \u00e1cido \u00farico se formam quando a pessoa n\u00e3o se mant\u00e9m hidratada o suficiente por longos per\u00edodos de tempo. O \u00e1cido \u00farico \u00e9 pouco sol\u00favel na urina e precisa de muitos l\u00edquidos para se manter dissolvido. A urina \u00e1cida de baixo volume \u00e9 a receita perfeita para a forma\u00e7\u00e3o dessas pedras. A dieta rica em prote\u00ednas tamb\u00e9m pode contribuir para a forma\u00e7\u00e3o de c\u00e1lculos de \u00e1cido \u00farico.<\/p>\r\n\r\n\r\n\r\n<h4 class=\"wp-block-heading\">Pedras de cistina<\/h4>\r\n\r\n\r\n\r\n<p>O tipo mais raro de c\u00e1lculo renal, ocorre se voc\u00ea tiver um dist\u00farbio heredit\u00e1rio conhecido como cistin\u00faria, que leva a n\u00edveis anormalmente elevados de um amino\u00e1cido conhecido como cistina na urina.<\/p>\r\n\r\n\r\n\r\n<h2 class=\"wp-block-heading\">Quais s\u00e3o os principais sintomas das pedras nos rins?<\/h2>\r\n\r\n\r\n\r\n<p>As pedras nos rins podem permanecer sem diagn\u00f3stico, pois podem n\u00e3o causar desconforto. A obstru\u00e7\u00e3o ao fluxo de urina em qualquer parte do trato por pedras causa dor espasm\u00f3dica intensa e v\u00e1rios outros sintomas:<\/p>\r\n\r\n\r\n\r\n<ul class=\"list1 wp-block-list\">\r\n<li>Dor em seu flanco <\/li>\r\n<li> Dor irradiando ao longo de seu abd\u00f4men e virilha <\/li>\r\n<li> Urina descolorida (normalmente vermelha ou marrom) <\/li>\r\n<li> Maior necessidade de urinar <\/li>\r\n<li> Dor ao urinar <\/li>\r\n<li> N\u00e1useas e v\u00f4mitos <\/li>\r\n<li> Calafrios ou febre em casos graves<\/li>\r\n<\/ul>\r\n\r\n\r\n\r\n<h2 class=\"wp-block-heading\">Diagn\u00f3stica<\/h2>\r\n\r\n\r\n\r\n<p>Quando sem sintomas, as pedras s\u00e3o encontradas quando os testes s\u00e3o realizados durante o exame de sa\u00fade de rotina. Com os sintomas, uma ultrassonografia ou tomografia computadorizada ajuda a chegar a um diagn\u00f3stico. \u00a0<\/p>\r\n\r\n\r\n\r\n<h2 class=\"wp-block-heading\">Como s\u00e3o tratadas as pedras nos rins? <\/h2>\r\n\r\n\r\n\r\n<p>Pedras pequenas n\u00e3o obstrutivas podem ser observadas com seguran\u00e7a sob a orienta\u00e7\u00e3o de um urologista.<\/p>\r\n\r\n\r\n\r\n<p>\u00c9 importante que um c\u00e1lculo grande ou sintom\u00e1tico seja removido para preservar a capacidade funcional do rim. A obstru\u00e7\u00e3o prolongada ao fluxo de urina pode causar danos permanentes aos rins. Em diab\u00e9ticos, as pedras podem causar obstru\u00e7\u00e3o associada \u00e0 infec\u00e7\u00e3o, podendo levar a uma condi\u00e7\u00e3o s\u00e9ria.<\/p>\r\n\r\n\r\n\r\n<p>V\u00e1rios m\u00e9todos para tratar pedras nos rins s\u00e3o:<\/p>\r\n\r\n\r\n\r\n<h4 class=\"wp-block-heading\">Litotripsia extracorp\u00f3rea por ondas de choque <\/h4>\r\n\r\n\r\n\r\n<p>Na litotripsia extracorp\u00f3rea por ondas de choque (LECO), o Dr. Razdan usa ondas de choque eletromagn\u00e9ticas para quebrar o c\u00e1lculo renal em peda\u00e7os menores que podem ent\u00e3o passar pelo trato urin\u00e1rio. Este procedimento \u00e9 adequado apenas para certas pedras espec\u00edficas em locais convenientes. Al\u00e9m da localiza\u00e7\u00e3o, outros determinantes para o uso dessa modalidade s\u00e3o o tamanho, a composi\u00e7\u00e3o do c\u00e1lculo e o habitus corporal do paciente. Freq\u00fcentemente, um stent \u00e9 passado antes da terapia para facilitar a expuls\u00e3o do fragmento de pedra do corpo.<\/p>\r\n\r\n\r\n\r\n<h4 class=\"wp-block-heading\">Ureteroscopia<\/h4>\r\n\r\n\r\n\r\n<p>A ureteroscopia \u00e9 usada para tratar pequenos c\u00e1lculos, especialmente no ureter. Usando uma pequena c\u00e2mera chamada ureterosc\u00f3pio, introduzida atrav\u00e9s da uretra normal, <a href=\"https:\/\/miamiroboticprostatectomy.com\/pt\/about-doctor\/\">Dr. Razdan<\/a> localiza a pedra e usa lasers para remover a pedra ou quebr\u00e1-la em peda\u00e7os transit\u00e1veis. O uso de laser \u00e9 inofensivo para o paciente e a principal vantagem \u00e9 n\u00e3o exigir interna\u00e7\u00e3o hospitalar. \u00a0\u00a0<\/p>\r\n\r\n\r\n\r\n<h4 class=\"wp-block-heading\">Nefrolitotomia percut\u00e2nea<\/h4>\r\n\r\n\r\n\r\n<p>Uma abordagem ideal para c\u00e1lculos renais de grande porte. Um telesc\u00f3pio maior \u00e9 passado por uma pequena incis\u00e3o na parte de tr\u00e1s, atrav\u00e9s da qual ondas de laser ou ultrassom s\u00e3o passadas para quebrar a pedra e os fragmentos retirados. Pedras muito grandes podem ser tratadas em uma sess\u00e3o por este procedimento.<\/p>\r\n\r\n\r\n\r\n<h2 class=\"wp-block-heading\">Preven\u00e7\u00e3o de pedras no futuro<\/h2>\r\n\r\n\r\n\r\n<ul class=\"list1 wp-block-list\">\r\n<li>Hidrata\u00e7\u00e3o adequada todos os dias para prevenir a desidrata\u00e7\u00e3o <\/li>\r\n<li> Dieta com restri\u00e7\u00e3o de sal <\/li>\r\n<li> C\u00e1lcio diet\u00e9tico recomendado <\/li>\r\n<li> Evite vegetais com folhas verdes em excesso <\/li>\r\n<li> Carne vermelha com modera\u00e7\u00e3o <\/li>\r\n<li> Muitas frutas para comer <\/li>\r\n<li> Os m\u00e9dicos podem prescrever alguns medicamentos<\/li>\r\n<\/ul>\r\n\r\n\r\n\r\n<p>Se voc\u00ea est\u00e1 na \u00e1rea do sul da Fl\u00f3rida e est\u00e1 sofrendo de sintomas que voc\u00ea acha que podem ser pedras nos rins, ligue para o Dr. Razdan agora para solicitar sua consulta ou <a href=\"https:\/\/miamiroboticprostatectomy.com\/pt\/contact\/\">solicitar uma consulta online<\/a>.<\/p>\r\n","protected":false},"excerpt":{"rendered":"<p>Remo\u00e7\u00e3o de pedra nos rins Dor intensa, dificuldade para urinar e n\u00e1useas s\u00e3o sinais comuns de obstru\u00e7\u00e3o de c\u00e1lculos urin\u00e1rios. Freq\u00fcentemente, dependendo do tamanho e da localiza\u00e7\u00e3o da pedra, poucas delas morrem com bastante fluido e tempo, mas os sintomas que se recusam a desaparecer podem indicar uma pedra maior ou uma pedra menor severamente [&hellip;]<\/p>\n","protected":false},"author":1,"featured_media":0,"parent":0,"menu_order":0,"comment_status":"closed","ping_status":"closed","template":"","meta":{"footnotes":""},"class_list":["post-1586","page","type-page","status-publish","hentry"],"_links":{"self":[{"href":"https:\/\/miamiroboticprostatectomy.com\/pt\/wp-json\/wp\/v2\/pages\/1586","targetHints":{"allow":["GET"]}}],"collection":[{"href":"https:\/\/miamiroboticprostatectomy.com\/pt\/wp-json\/wp\/v2\/pages"}],"about":[{"href":"https:\/\/miamiroboticprostatectomy.com\/pt\/wp-json\/wp\/v2\/types\/page"}],"author":[{"embeddable":true,"href":"https:\/\/miamiroboticprostatectomy.com\/pt\/wp-json\/wp\/v2\/users\/1"}],"replies":[{"embeddable":true,"href":"https:\/\/miamiroboticprostatectomy.com\/pt\/wp-json\/wp\/v2\/comments?post=1586"}],"version-history":[{"count":15,"href":"https:\/\/miamiroboticprostatectomy.com\/pt\/wp-json\/wp\/v2\/pages\/1586\/revisions"}],"predecessor-version":[{"id":2892,"href":"https:\/\/miamiroboticprostatectomy.com\/pt\/wp-json\/wp\/v2\/pages\/1586\/revisions\/2892"}],"wp:attachment":[{"href":"https:\/\/miamiroboticprostatectomy.com\/pt\/wp-json\/wp\/v2\/media?parent=1586"}],"curies":[{"name":"wp","href":"https:\/\/api.w.org\/{rel}","templated":true}]}}