{"id":1618,"date":"2019-10-15T19:10:16","date_gmt":"2019-10-15T19:10:16","guid":{"rendered":"https:\/\/miamiroboticprostatectomy.com\/pt\/?page_id=1618"},"modified":"2021-08-23T11:06:00","modified_gmt":"2021-08-23T11:06:00","slug":"bladder-cancer-treatment","status":"publish","type":"page","link":"https:\/\/miamiroboticprostatectomy.com\/pt\/bladder-cancer-treatment\/","title":{"rendered":"Tratamento do c\u00e2ncer de bexiga"},"content":{"rendered":"\r\n<p><img decoding=\"async\" class=\"img-responsive\" src=\"https:\/\/miamiroboticprostatectomy.com\/pt\/wp-content\/uploads\/2019\/10\/Bladder-cancer.jpg\" alt=\"Bladder cancer\" title=\"\"><\/p>\r\n<p>O c\u00e2ncer de bexiga \u00e9 o sexto tipo de c\u00e2ncer mais comum que ocorre em idosos. Os homens s\u00e3o quatro vezes mais predispostos do que as mulheres a abrigar essa doen\u00e7a. Aproximadamente 17.000 das 80.000 pessoas diagnosticadas a cada ano com c\u00e2ncer de bexiga n\u00e3o sobrevivem \u00e0 doen\u00e7a.<\/p>\r\n<p>Como qualquer outro c\u00e2ncer, o c\u00e2ncer de bexiga urin\u00e1ria tamb\u00e9m tem a mesma propens\u00e3o de invadir a parede da bexiga e, eventualmente, migrar para outras partes do corpo levando a met\u00e1stases. Os fatores de risco s\u00e3o o uso de tabaco (em qualquer forma), radia\u00e7\u00e3o, infec\u00e7\u00f5es cr\u00f4nicas e exposi\u00e7\u00e3o ocupacional a certos produtos qu\u00edmicos como a benzidina. Medidas preventivas, como abund\u00e2ncia de fluidos orais, vegetais verde-amarelos, etc., foram propostas, mas ainda n\u00e3o foram definitivamente comprovadas, para serem eficazes.<\/p>\r\n<p>O diagn\u00f3stico \u00e9 baseado principalmente na visualiza\u00e7\u00e3o do tumor por meio de um procedimento simples de consult\u00f3rio denominado cistoscopia, que significa a inser\u00e7\u00e3o de um pequeno telesc\u00f3pio atrav\u00e9s da uretra, oferecendo um diagn\u00f3stico conclusivo. Em seguida, \u00e9 encenado usando modalidades como ultrassom, tomografia computadorizada, etc., pois a modalidade de tratamento \u00e9 determinada pela extens\u00e3o do envolvimento da doen\u00e7a.<\/p>\r\n<p>Em um est\u00e1gio inicial, pode ser tratada com seguran\u00e7a com remo\u00e7\u00e3o endosc\u00f3pica seguida de acompanhamento regular por at\u00e9 cinco anos. Ocasionalmente, na apresenta\u00e7\u00e3o, est\u00e1 em um est\u00e1gio avan\u00e7ado, exigindo uma grande cirurgia para remover a bexiga e fornecer um desvio para a urina. Onco-cirurgi\u00f5es especialistas s\u00e3o capazes de lidar com a situa\u00e7\u00e3o em qualquer est\u00e1gio de apresenta\u00e7\u00e3o. Felizmente, urologistas como o Dr. Sanjay Razdan est\u00e3o prontamente dispon\u00edveis para fornecer seus servi\u00e7os nesta \u00e1rea.<\/p>\r\n<p><a href=\"https:\/\/miamiroboticprostatectomy.com\/pt\/urology-physician\/\">Dr. Sanjay Razdan<\/a> \u00e9 um dos mais renomados especialistas em c\u00e2ncer urol\u00f3gico dos Estados Unidos. Ele tem realizado mais do que <a href=\"https:\/\/miamiroboticprostatectomy.com\/pt\/patient-testimonials\/\">8.500 procedimentos de c\u00e2ncer <\/a> com sucesso. Amplamente aclamado por seus resultados excepcionais em cirurgia de c\u00e2ncer, ele tem sido fundamental na inova\u00e7\u00e3o de m\u00e9todos avan\u00e7ados para alcan\u00e7ar controles de c\u00e2ncer superiores em uma variedade de cen\u00e1rios cl\u00ednicos. <\/p>\r\n<p> Se voc\u00ea tiver algum dos fatores de risco enumerados acima ou tiver suspeita de c\u00e2ncer de bexiga, o Dr. Razdan pode ser contatado por <a href=\"https:\/\/miamiroboticprostatectomy.com\/pt\/contact\/\">clicando aqui.<\/a><\/p>\r\n","protected":false},"excerpt":{"rendered":"<p>O c\u00e2ncer de bexiga \u00e9 o sexto tipo de c\u00e2ncer mais comum que ocorre em idosos. Os homens s\u00e3o quatro vezes mais predispostos do que as mulheres a abrigar essa doen\u00e7a. Aproximadamente 17.000 das 80.000 pessoas diagnosticadas a cada ano com c\u00e2ncer de bexiga n\u00e3o sobrevivem \u00e0 doen\u00e7a. Como qualquer outro c\u00e2ncer, o c\u00e2ncer de [&hellip;]<\/p>\n","protected":false},"author":1,"featured_media":0,"parent":0,"menu_order":0,"comment_status":"closed","ping_status":"closed","template":"","meta":{"footnotes":""},"class_list":["post-1618","page","type-page","status-publish","hentry"],"_links":{"self":[{"href":"https:\/\/miamiroboticprostatectomy.com\/pt\/wp-json\/wp\/v2\/pages\/1618","targetHints":{"allow":["GET"]}}],"collection":[{"href":"https:\/\/miamiroboticprostatectomy.com\/pt\/wp-json\/wp\/v2\/pages"}],"about":[{"href":"https:\/\/miamiroboticprostatectomy.com\/pt\/wp-json\/wp\/v2\/types\/page"}],"author":[{"embeddable":true,"href":"https:\/\/miamiroboticprostatectomy.com\/pt\/wp-json\/wp\/v2\/users\/1"}],"replies":[{"embeddable":true,"href":"https:\/\/miamiroboticprostatectomy.com\/pt\/wp-json\/wp\/v2\/comments?post=1618"}],"version-history":[{"count":13,"href":"https:\/\/miamiroboticprostatectomy.com\/pt\/wp-json\/wp\/v2\/pages\/1618\/revisions"}],"predecessor-version":[{"id":2863,"href":"https:\/\/miamiroboticprostatectomy.com\/pt\/wp-json\/wp\/v2\/pages\/1618\/revisions\/2863"}],"wp:attachment":[{"href":"https:\/\/miamiroboticprostatectomy.com\/pt\/wp-json\/wp\/v2\/media?parent=1618"}],"curies":[{"name":"wp","href":"https:\/\/api.w.org\/{rel}","templated":true}]}}