{"id":1640,"date":"2019-11-16T15:26:08","date_gmt":"2019-11-16T15:26:08","guid":{"rendered":"https:\/\/miamiroboticprostatectomy.com\/pt\/?page_id=1640"},"modified":"2021-08-23T11:22:12","modified_gmt":"2021-08-23T11:22:12","slug":"urinary-problems-specialist","status":"publish","type":"page","link":"https:\/\/miamiroboticprostatectomy.com\/pt\/urinary-problems-specialist\/","title":{"rendered":"Sintomas urin\u00e1rios e tratamento"},"content":{"rendered":"<p>&nbsp;<\/p>\r\n\r\n<figure class=\"wp-block-image\"><img loading=\"lazy\" decoding=\"async\" class=\"alignnone wp-image-1642\" src=\"https:\/\/miamiroboticprostatectomy.com\/pt\/wp-content\/uploads\/2019\/11\/Urinary-Symptoms.jpg\" alt=\"urinary problems\" width=\"820\" height=\"350\" title=\"\" srcset=\"https:\/\/miamiroboticprostatectomy.com\/pt\/wp-content\/uploads\/2019\/11\/Urinary-Symptoms.jpg 820w, https:\/\/miamiroboticprostatectomy.com\/pt\/wp-content\/uploads\/2019\/11\/Urinary-Symptoms-300x128.jpg 300w, https:\/\/miamiroboticprostatectomy.com\/pt\/wp-content\/uploads\/2019\/11\/Urinary-Symptoms-768x328.jpg 768w, https:\/\/miamiroboticprostatectomy.com\/pt\/wp-content\/uploads\/2019\/11\/Urinary-Symptoms-375x160.jpg 375w\" sizes=\"auto, (max-width: 820px) 100vw, 820px\" \/><\/figure>\r\n\r\n\r\n\r\n<p>O ato muito normal e fisiol\u00f3gico de urinar pode ter dist\u00farbios que levam a uma queda profunda na qualidade de vida de homens e mulheres. Nenhuma idade est\u00e1 isenta de problemas urin\u00e1rios. \u00c9 comum a ocorr\u00eancia de condi\u00e7\u00f5es como infec\u00e7\u00f5es do trato urin\u00e1rio, infec\u00e7\u00f5es da pr\u00f3stata em homens e at\u00e9 mesmo c\u00e1lculos no trato urin\u00e1rio, que podem potencialmente levar ao aumento da dificuldade no ato de urinar (mic\u00e7\u00e3o). Freq\u00fcentemente, uma ou mais condi\u00e7\u00f5es podem coexistir. As causas comumente observadas de dificuldade para urinar s\u00e3o obesidade, idade avan\u00e7ada, infec\u00e7\u00f5es do trato urin\u00e1rio, resfriado e tosse persistentes, febre e infec\u00e7\u00e3o da bexiga, etc. Algumas das causas mais comuns de dificuldade para urinar em homens s\u00e3o aumento da pr\u00f3stata ou estreitamento do uretra (o tubo que permite a passagem da urina da bexiga para o exterior).<\/p>\r\n\r\n\r\n\r\n<h3><strong>Problemas urin\u00e1rios em mulheres<\/strong><\/h3>\r\n\r\n\r\n\r\n<p>Quando se trata de problemas de mic\u00e7\u00e3o, as mulheres s\u00e3o mais propensas devido \u00e0 sua anatomia. Uma uretra curta e a proximidade dos sistemas urin\u00e1rio e genital tornam a urina altamente suscet\u00edvel a infec\u00e7\u00f5es, com a menor mudan\u00e7a no ambiente local. Al\u00e9m disso, a gravidez e v\u00e1rios partos normais tornam a mulher vulner\u00e1vel a infec\u00e7\u00f5es e subsequente perda involunt\u00e1ria de urina. A mudan\u00e7a no estado hormonal \u00e9 respons\u00e1vel pelo aumento do n\u00famero de infec\u00e7\u00f5es urin\u00e1rias em mulheres ap\u00f3s a menopausa. A atividade sexual tamb\u00e9m desempenha um papel significativo.<\/p>\r\n\r\n\r\n\r\n<h3><strong>Problemas urin\u00e1rios em homens<\/strong><\/h3>\r\n\r\n\r\n\r\n<p> Embora relativamente incomum do que as mulheres, os homens n\u00e3o s\u00e3o completamente poupados. A pr\u00f3stata \u00e9 uma gl\u00e2ndula sexual acess\u00f3ria, presente apenas nos homens, por onde flui a passagem urin\u00e1ria normal. Com a idade, essa gl\u00e2ndula aumenta progressivamente de tamanho e come\u00e7a a obstruir a passagem urin\u00e1ria, levando a uma variedade de problemas, como sensa\u00e7\u00e3o de evacua\u00e7\u00e3o incompleta, um jato de urina muito lento ou dificuldade em iniciar a mic\u00e7\u00e3o. <\/p>\r\n\r\n\r\n\r\n<p> Geralmente, cerca de 40-50 por cento dos adultos t\u00eam lutado durante a mic\u00e7\u00e3o durante a vida. Entre a variedade de sintomas que qualquer pessoa pode ter, nos concentramos aqui no problema comum de vazamento de urina (incontin\u00eancia). <\/p>\r\n\r\n\r\n\r\n<p> Incontin\u00eancia de esfor\u00e7o: pode ocorrer perda involunt\u00e1ria de urina ao realizar atividades triviais como tossir, espirrar, levantar pequenos pesos, etc. A quantidade de vazamento quantifica a gravidade deste problema que ocorre devido \u00e0 flacidez dos m\u00fasculos do assoalho p\u00e9lvico. Observado mais comumente em mulheres que tiveram partos vaginais m\u00faltiplos ou trabalho de parto prolongado. <\/p>\r\n\r\n\r\n\r\n<p> Incontin\u00eancia de urg\u00eancia: Igualmente comum em ambos os sexos \u00e9 o tipo em que o paciente n\u00e3o tem tempo suficiente para chegar ao banheiro antes de ocorrer vazamento. H\u00e1 um desejo muito forte de urinar e muitas vezes o vazamento ocorre em ambientes socialmente inaceit\u00e1veis. Combinado com sintomas de aumento da frequ\u00eancia de mic\u00e7\u00e3o durante o dia e a noite, leva \u00e0 caracter\u00edstica \u201cs\u00edndrome da bexiga hiperativa\u201d. <\/p>\r\n\r\n\r\n\r\n<p> Enurese noturna: fazer xixi na cama involuntariamente depois de ganhar contin\u00eancia social durante o sono \u00e9 geralmente um sinal de algo mais sinistro. <\/p>\r\n<!-- \/wp:post-content -->\r\n\r\n<!-- wp:paragraph -->\r\n<h3><strong>Treatment<\/strong><\/h3>\r\n<!-- \/wp:paragraph -->\r\n\r\n<!-- wp:paragraph -->\r\n<p>Existem v\u00e1rios tratamentos dispon\u00edveis, desde medicamentos a cirurgias que podem ser usados para tratar esses problemas urin\u00e1rios. Parar de fumar, comer de forma saud\u00e1vel, praticar exerc\u00edcios etc. pode melhorar a sa\u00fade geral e reduzir a intensidade desses problemas. No entanto, se n\u00e3o houver melhora percept\u00edvel nos sintomas, \u00e9 recomend\u00e1vel consultar um especialista em urin\u00e1ria. <a href=\"https:\/\/miamiroboticprostatectomy.com\/pt\/urology-physician\/\">Dr. Sanjay Razdan<\/a> e sua equipe de classe mundial costuma tratar desses problemas. Se voc\u00ea precisa de um especialista em problemas de urina em Miami, o Dr. Razdan \u00e9 um dos urologistas mais experientes. Pacientes viajam de<a href=\"https:\/\/miamiroboticprostatectomy.com\/pt\/international-prostate-cancer-care\/\">em todo o mundo <\/a> para buscar tratamento com ele. O Dr. Razdan ajudar\u00e1 a decidir o melhor medicamento, procedimento ou tratamento para lidar com seu problema urin\u00e1rio espec\u00edfico. <\/p>\r\n<!-- \/wp:paragraph -->\r\n\r\n<!-- wp:paragraph -->\r\n<p>Para agendar uma consulta com o Dr. Razdan, ligue 305-251-8650 ou <a href=\"https:\/\/miamiroboticprostatectomy.com\/pt\/contact\/\">click here.<\/a><\/p>\r\n<!-- \/wp:paragraph --><!-- \/wp:paragraph -->\r\n\r\n<!-- wp:paragraph -->\r\n<p><em>O texto acima \u00e9 para informa\u00e7\u00e3o geral e N\u00c3O PODE substituir a avalia\u00e7\u00e3o cient\u00edfica por um provedor de sa\u00fade. <\/em><\/p>\r\n<!-- \/wp:paragraph -->","protected":false},"excerpt":{"rendered":"<p>&nbsp; O ato muito normal e fisiol\u00f3gico de urinar pode ter dist\u00farbios que levam a uma queda profunda na qualidade de vida de homens e mulheres. Nenhuma idade est\u00e1 isenta de problemas urin\u00e1rios. \u00c9 comum a ocorr\u00eancia de condi\u00e7\u00f5es como infec\u00e7\u00f5es do trato urin\u00e1rio, infec\u00e7\u00f5es da pr\u00f3stata em homens e at\u00e9 mesmo c\u00e1lculos no trato [&hellip;]<\/p>\n","protected":false},"author":1,"featured_media":0,"parent":0,"menu_order":0,"comment_status":"closed","ping_status":"closed","template":"","meta":{"footnotes":""},"class_list":["post-1640","page","type-page","status-publish","hentry"],"_links":{"self":[{"href":"https:\/\/miamiroboticprostatectomy.com\/pt\/wp-json\/wp\/v2\/pages\/1640","targetHints":{"allow":["GET"]}}],"collection":[{"href":"https:\/\/miamiroboticprostatectomy.com\/pt\/wp-json\/wp\/v2\/pages"}],"about":[{"href":"https:\/\/miamiroboticprostatectomy.com\/pt\/wp-json\/wp\/v2\/types\/page"}],"author":[{"embeddable":true,"href":"https:\/\/miamiroboticprostatectomy.com\/pt\/wp-json\/wp\/v2\/users\/1"}],"replies":[{"embeddable":true,"href":"https:\/\/miamiroboticprostatectomy.com\/pt\/wp-json\/wp\/v2\/comments?post=1640"}],"version-history":[{"count":10,"href":"https:\/\/miamiroboticprostatectomy.com\/pt\/wp-json\/wp\/v2\/pages\/1640\/revisions"}],"predecessor-version":[{"id":2837,"href":"https:\/\/miamiroboticprostatectomy.com\/pt\/wp-json\/wp\/v2\/pages\/1640\/revisions\/2837"}],"wp:attachment":[{"href":"https:\/\/miamiroboticprostatectomy.com\/pt\/wp-json\/wp\/v2\/media?parent=1640"}],"curies":[{"name":"wp","href":"https:\/\/api.w.org\/{rel}","templated":true}]}}