{"id":166,"date":"2017-09-22T11:55:42","date_gmt":"2017-09-22T11:55:42","guid":{"rendered":"http:\/\/www.miamiroboticprostatectomy.com\/?page_id=166"},"modified":"2021-08-23T11:48:45","modified_gmt":"2021-08-23T11:48:45","slug":"in-thenews","status":"publish","type":"page","link":"https:\/\/miamiroboticprostatectomy.com\/pt\/in-thenews\/","title":{"rendered":"Na m\u00eddia"},"content":{"rendered":"<h3 class=\"pg-hdng\">Dr. Razdan apareceu em v\u00e1rias esta\u00e7\u00f5es de not\u00edcias<\/h3>\n<p>Dr. Razdan, considerado um importante formador de opini\u00e3o em cirurgia rob\u00f3tica, foi destaque no<strong class=\"txt-red\">NBC, Fox, CBS e outras organiza\u00e7\u00f5es de not\u00edcias importantes.<\/strong><\/p>\n<div class=\"row inthenews\">\n<div class=\"col-md-6\"><img decoding=\"async\" class=\"img-fluid\" src=\"http:\/\/www.miamiroboticprostatectomy.com\/wp-content\/uploads\/2017\/09\/43744.jpg\" alt=\"jackson south hospital\" title=\"\"><\/div>\n<div class=\"col-md-6\"><img decoding=\"async\" class=\"img-fluid\" src=\"http:\/\/www.miamiroboticprostatectomy.com\/wp-content\/uploads\/2017\/09\/NBC.jpg\" alt=\"south florida today\" title=\"\"><\/div>\n<\/div>\n<div class=\"row inthenews1\">\n<div class=\"col-md-4 col-sm-4 col-xs-12\">\n<p><!-- Modal --><\/p>\n<div id=\"myModal\" class=\"modal fade\" role=\"dialog\">\n<div class=\"modal-dialog\">\n<p><!-- Modal content--><\/p>\n<div class=\"modal-content\">\n<div class=\"modal-header\"><button class=\"close\" type=\"button\" data-dismiss=\"modal\">\u00d7<\/button><\/div>\n<div class=\"modal-body\"><iframe loading=\"lazy\" src=\"https:\/\/www.youtube.com\/embed\/yDe1MirLSI8?rel=0&amp;autohide=2&amp;modestbranding=1\" width=\"100%\" height=\"250\" frameborder=\"0\" allowfullscreen=\"allowfullscreen\"><\/iframe><\/div>\n<\/div>\n<\/div>\n<\/div>\n<p><a href=\"#\" data-toggle=\"modal\" data-target=\"#myModal\"><img loading=\"lazy\" decoding=\"async\" class=\"img-fluid alignnone\" src=\"http:\/\/www.miamiroboticprostatectomy.com\/wp-content\/uploads\/2017\/09\/44000.jpg\" alt=\"\" width=\"310\" height=\"70\" title=\"\"><\/a><\/p>\n<\/div>\n<div class=\"col-md-4 col-sm-4 col-xs-12\">\n<p><!-- Modal --><\/p>\n<div id=\"myModal-1\" class=\"modal fade\" role=\"dialog\">\n<div class=\"modal-dialog\">\n<p><!-- Modal content--><\/p>\n<div class=\"modal-content\">\n<div class=\"modal-header\"><button class=\"close\" type=\"button\" data-dismiss=\"modal\">\u00d7<\/button><\/div>\n<div class=\"modal-body\"><iframe loading=\"lazy\" src=\"https:\/\/www.youtube.com\/embed\/kE_agUWl_oY?rel=0&amp;autohide=2&amp;modestbranding=1\" width=\"100%\" height=\"250\" frameborder=\"0\" allowfullscreen=\"allowfullscreen\"><\/iframe><\/div>\n<\/div>\n<\/div>\n<\/div>\n<p><a href=\"#\" data-toggle=\"modal\" data-target=\"#myModal-1\"><img loading=\"lazy\" decoding=\"async\" class=\"img-fluid alignnone\" src=\"http:\/\/www.miamiroboticprostatectomy.com\/wp-content\/uploads\/2017\/09\/44002.jpg\" alt=\"\" width=\"310\" height=\"70\" title=\"\"><\/a><\/p>\n<\/div>\n<div class=\"col-md-4 col-sm-4 col-xs-12\">\n<p><!-- Modal --><\/p>\n<div id=\"myModal-2\" class=\"modal fade\" role=\"dialog\">\n<div class=\"modal-dialog\">\n<p><!-- Modal content--><\/p>\n<div class=\"modal-content\">\n<div class=\"modal-header\"><button class=\"close\" type=\"button\" data-dismiss=\"modal\">\u00d7<\/button><\/div>\n<div class=\"modal-body\"><iframe loading=\"lazy\" src=\"https:\/\/www.youtube.com\/embed\/wsdvrKI7VO0?rel=0&amp;autohide=2&amp;modestbranding=1\" width=\"100%\" height=\"250\" frameborder=\"0\" allowfullscreen=\"allowfullscreen\"><\/iframe><\/div>\n<\/div>\n<\/div>\n<\/div>\n<p><a href=\"#\" data-toggle=\"modal\" data-target=\"#myModal-2\"><img loading=\"lazy\" decoding=\"async\" class=\"img-fluid alignnone\" src=\"http:\/\/www.miamiroboticprostatectomy.com\/wp-content\/uploads\/2017\/09\/44003.jpg\" alt=\"\" width=\"310\" height=\"70\" title=\"\"><\/a><\/p>\n<\/div>\n<\/div>\n<div class=\"row inthenews1\">\n<div class=\"col-md-4 col-sm-4 col-xs-12\">\n<p><!-- Modal --><\/p>\n<div id=\"myModal-3\" class=\"modal fade\" role=\"dialog\">\n<div class=\"modal-dialog\">\n<p><!-- Modal content--><\/p>\n<div class=\"modal-content\">\n<div class=\"modal-header\"><button class=\"close\" type=\"button\" data-dismiss=\"modal\">\u00d7<\/button><\/div>\n<div class=\"modal-body\"><iframe loading=\"lazy\" src=\"https:\/\/www.youtube.com\/embed\/l3lNRzDdX3c?rel=0&amp;autohide=2&amp;modestbranding=1\" width=\"100%\" height=\"250\" frameborder=\"0\" allowfullscreen=\"allowfullscreen\"><\/iframe><\/div>\n<\/div>\n<\/div>\n<\/div>\n<p><a href=\"#\" data-toggle=\"modal\" data-target=\"#myModal-3\"><img loading=\"lazy\" decoding=\"async\" class=\"img-fluid alignnone\" src=\"http:\/\/www.miamiroboticprostatectomy.com\/wp-content\/uploads\/2017\/09\/44004.jpg\" alt=\"\" width=\"308\" height=\"70\" title=\"\"><\/a><\/p>\n<\/div>\n<div class=\"col-md-4 col-sm-4 col-xs-12\">\n<p><!-- Modal --><\/p>\n<div id=\"myModal-4\" class=\"modal fade\" role=\"dialog\">\n<div class=\"modal-dialog\">\n<p><!-- Modal content--><\/p>\n<div class=\"modal-content\">\n<div class=\"modal-header\"><button class=\"close\" type=\"button\" data-dismiss=\"modal\">\u00d7<\/button><\/div>\n<div class=\"modal-body\"><iframe loading=\"lazy\" src=\"https:\/\/www.youtube.com\/embed\/ms9OlYjf9eg?rel=0&amp;autohide=2&amp;modestbranding=1\" width=\"100%\" height=\"250\" frameborder=\"0\" allowfullscreen=\"allowfullscreen\"><\/iframe><\/div>\n<\/div>\n<\/div>\n<\/div>\n<p><a href=\"#\" data-toggle=\"modal\" data-target=\"#myModal-4\"><img loading=\"lazy\" decoding=\"async\" class=\"img-fluid alignnone\" src=\"http:\/\/www.miamiroboticprostatectomy.com\/wp-content\/uploads\/2017\/09\/44005.jpg\" alt=\"\" width=\"310\" height=\"70\" title=\"\"><\/a><\/p>\n<\/div>\n<div class=\"col-md-4 col-sm-4 col-xs-12\">\n<p><!-- Modal --><\/p>\n<div id=\"myModal-5\" class=\"modal fade\" role=\"dialog\">\n<div class=\"modal-dialog\">\n<p><!-- Modal content--><\/p>\n<div class=\"modal-content\">\n<div class=\"modal-header\"><button class=\"close\" type=\"button\" data-dismiss=\"modal\">\u00d7<\/button><\/div>\n<div class=\"modal-body\"><iframe loading=\"lazy\" src=\"https:\/\/www.youtube.com\/embed\/23xpEsmF0Aw?rel=0&amp;autohide=2&amp;modestbranding=1\" width=\"100%\" height=\"250\" frameborder=\"0\" allowfullscreen=\"allowfullscreen\"><\/iframe><\/div>\n<\/div>\n<\/div>\n<\/div>\n<p><a href=\"#\" data-toggle=\"modal\" data-target=\"#myModal-5\"><img loading=\"lazy\" decoding=\"async\" class=\"img-fluid alignnone\" src=\"http:\/\/www.miamiroboticprostatectomy.com\/wp-content\/uploads\/2017\/09\/44006.jpg\" alt=\"\" width=\"310\" height=\"70\" title=\"\"><\/a><\/p>\n<\/div>\n<\/div>\n<div class=\"row inthenews1\">\n<div class=\"col-md-4 col-sm-4 col-xs-12\">\n<p><!-- Modal --><\/p>\n<div id=\"myModal-6\" class=\"modal fade\" role=\"dialog\">\n<div class=\"modal-dialog\">\n<p><!-- Modal content--><\/p>\n<div class=\"modal-content\">\n<div class=\"modal-header\"><button class=\"close\" type=\"button\" data-dismiss=\"modal\">\u00d7<\/button><\/div>\n<div class=\"modal-body\"><iframe loading=\"lazy\" src=\"https:\/\/www.youtube.com\/embed\/kE_agUWl_oY?rel=0&amp;autohide=2&amp;modestbranding=1\" width=\"100%\" height=\"250\" frameborder=\"0\" allowfullscreen=\"allowfullscreen\"><\/iframe><\/div>\n<\/div>\n<\/div>\n<\/div>\n<p><a href=\"#\" data-toggle=\"modal\" data-target=\"#myModal-6\"><img loading=\"lazy\" decoding=\"async\" class=\"img-fluid alignnone\" src=\"http:\/\/www.miamiroboticprostatectomy.com\/wp-content\/uploads\/2017\/09\/44006.jpg\" alt=\"\" width=\"310\" height=\"70\" title=\"\"><\/a><\/p>\n<\/div>\n<div class=\"col-md-4 col-sm-4 col-xs-12\">\n<p><!-- Modal --><\/p>\n<div id=\"myModal-7\" class=\"modal fade\" role=\"dialog\">\n<div class=\"modal-dialog\">\n<p><!-- Modal content--><\/p>\n<div class=\"modal-content\">\n<div class=\"modal-header\"><button class=\"close\" type=\"button\" data-dismiss=\"modal\">\u00d7<\/button><\/div>\n<div class=\"modal-body\"><iframe loading=\"lazy\" src=\"https:\/\/www.youtube.com\/embed\/hoHahLBWxCY?rel=0&amp;autohide=2&amp;modestbranding=1\" width=\"100%\" height=\"250\" frameborder=\"0\" allowfullscreen=\"allowfullscreen\"><\/iframe><\/div>\n<\/div>\n<\/div>\n<\/div>\n<p><a href=\"#\" data-toggle=\"modal\" data-target=\"#myModal-7\"><img loading=\"lazy\" decoding=\"async\" class=\"img-fluid alignnone\" src=\"http:\/\/www.miamiroboticprostatectomy.com\/wp-content\/uploads\/2017\/09\/44007.jpg\" alt=\"\" width=\"310\" height=\"70\" title=\"\"><\/a><\/p>\n<\/div>\n<div class=\"col-md-4 col-sm-4 col-xs-12\">\n<p><!-- Modal --><\/p>\n<div id=\"myModal-8\" class=\"modal fade\" role=\"dialog\">\n<div class=\"modal-dialog\">\n<p><!-- Modal content--><\/p>\n<div class=\"modal-content\">\n<div class=\"modal-header\"><button class=\"close\" type=\"button\" data-dismiss=\"modal\">\u00d7<\/button><\/div>\n<div class=\"modal-body\"><iframe loading=\"lazy\" src=\"https:\/\/www.youtube.com\/embed\/MtQVimfq6wo?rel=0&amp;autohide=2&amp;modestbranding=1\" width=\"100%\" height=\"250\" frameborder=\"0\" allowfullscreen=\"allowfullscreen\"><\/iframe><\/div>\n<\/div>\n<\/div>\n<\/div>\n<p><a href=\"#\" data-toggle=\"modal\" data-target=\"#myModal-8\"><img loading=\"lazy\" decoding=\"async\" class=\"img-fluid alignnone\" src=\"http:\/\/www.miamiroboticprostatectomy.com\/wp-content\/uploads\/2017\/09\/JHS.jpg\" alt=\"\" width=\"310\" height=\"70\" title=\"\"><\/a><\/p>\n<\/div>\n<div class=\"col-md-4 col-sm-4 col-xs-12\">\n<p><!-- Modal --><\/p>\n<div id=\"myModal-8\" class=\"modal fade\" role=\"dialog\">\n<div class=\"modal-dialog\">\n<p><!-- Modal content--><\/p>\n<div class=\"modal-content\">\n<div class=\"modal-header\"><button class=\"close\" type=\"button\" data-dismiss=\"modal\">\u00d7<\/button><\/div>\n<div class=\"modal-body\"><iframe loading=\"lazy\" src=\"https:\/\/www.youtube.com\/embed\/3lV5uTcvGYU?rel=0&amp;autohide=2&amp;modestbranding=1\" width=\"100%\" height=\"250\" frameborder=\"0\" allowfullscreen=\"allowfullscreen\"><\/iframe><\/div>\n<\/div>\n<\/div>\n<\/div>\n<p><a href=\"#\" data-toggle=\"modal\" data-target=\"#myModal-8\"><img loading=\"lazy\" decoding=\"async\" class=\"img-fluid alignnone\" src=\"http:\/\/www.miamiroboticprostatectomy.com\/wp-content\/uploads\/2019\/04\/local10.png\" alt=\"\" width=\"310\" height=\"70\" title=\"\"><\/a><\/p>\n<\/div>\n<div class=\"col-md-12 col-sm-12 col-xs-12\">\n<p><a href=\"https:\/\/miamiroboticprostatectomy.com\/pt\/wp-content\/uploads\/2020\/01\/Patients-Honor-Dr.-Sanjay-Razdan-for-Compassion.pdf\">Os pacientes honram o Dr. Sanjay Razdan pela compaix\u00e3o<\/a><\/p>\n<p><a href=\"https:\/\/miamiroboticprostatectomy.com\/pt\/wp-content\/uploads\/2020\/01\/Meet-Dr.-Sanjay-Razdan-the-Surgeon-With-Robotic-Hands-InsideHook-__-Reader-View.pdf\" target=\"_blank\" rel=\"noopener noreferrer\">Conhe\u00e7a o Dr. Sanjay Razdan, o cirurgi\u00e3o com &#8216;m\u00e3os rob\u00f3ticas&#8217; &#8211; InsideHook<\/a><\/p>\n<p><a href=\"https:\/\/miamiroboticprostatectomy.com\/pt\/wp-content\/uploads\/2020\/01\/Dr.-Sanjay-Razdan-Recognized-as-Best-Urologist-by-Multiple-Organizations-in-2018.pdf\" target=\"_blank\" rel=\"noopener noreferrer\">Dr. Sanjay Razdan reconhecido como o melhor urologista por v\u00e1rias organiza\u00e7\u00f5es em 2018<\/a><\/p>\n<p><a href=\"https:\/\/miamiroboticprostatectomy.com\/pt\/wp-content\/uploads\/2020\/01\/Tackling-prostate-cancer_-steps-to-take-after-diagnosis-_-Miamis-Community-News.pdf\" target=\"_blank\" rel=\"noopener noreferrer\">Combatendo o c\u00e2ncer de pr\u00f3stata_ etapas a serem executadas ap\u00f3s o diagn\u00f3stico &#8211; Miami Community News<\/a><\/p>\n<p><a href=\"https:\/\/miamiroboticprostatectomy.com\/pt\/wp-content\/uploads\/2020\/01\/Protective-patch-linked-to-erectile-function-recovery-_-Urology-Times.pdf\" target=\"_blank\" rel=\"noopener noreferrer\">Patch protetor vinculado \u00e0 recupera\u00e7\u00e3o da fun\u00e7\u00e3o er\u00e9til _ Urology Times<\/a><\/p>\n<p><a href=\"https:\/\/miamiroboticprostatectomy.com\/pt\/wp-content\/uploads\/2020\/01\/2019-Man-Cave-Health-Awards-Nominations-Dr.-Sanjay-Razdan-Miami.pdf\" target=\"_blank\" rel=\"noopener noreferrer\">Nomea\u00e7\u00f5es para o Man Cave Health Awards de 2019 &#8211; Dr. Sanjay Razdan &#8211; Miami<\/a><\/p>\n<p><a href=\"http:\/\/www.miamichamber.com\/sites\/default\/files\/2018%20Health%20Care%20Heroes.pdf\" target=\"_blank\" rel=\"noopener noreferrer\">Dr. Razdan nomeado para o pr\u00eamio Healthcare Heroes<\/a><\/p>\n<p><a href=\"https:\/\/miamiroboticprostatectomy.com\/pt\/wp-content\/uploads\/2020\/01\/Intuitive-Robot-Performs-More-Precise-Less-Invasive-Surgeries-\u2013-CBS-Miami.pdf\" target=\"_blank\" rel=\"noopener noreferrer\">Rob\u00f4 intuitivo realiza cirurgias mais precisas e menos invasivas &#8211; CBS Miami<\/a><\/p>\n<p><a href=\"https:\/\/miamiroboticprostatectomy.com\/pt\/dr-razdan-featured-soflo-health-local-10-abc-news\/\">Dr. Razdan apresentado no SOFLO Health discutiu a prote\u00e7\u00e3o da fun\u00e7\u00e3o sexual ap\u00f3s cirurgia de pr\u00f3stata<\/a><\/p>\n<p><a href=\"https:\/\/miamiroboticprostatectomy.com\/pt\/wp-content\/uploads\/2020\/01\/Dr.-Razdan-featured-in-Doral-Magazine.pdf\" target=\"_blank\" rel=\"noopener noreferrer\">Revista Dr. Razdan apresentado na Doral<\/a><\/p>\n<p><a href=\"https:\/\/miamiroboticprostatectomy.com\/pt\/wp-content\/uploads\/2020\/01\/First-Urologist-in-South-Florida-to-offer-BK-Fusion-MRI-Guided-Prostate-Biopsy-Dr.-Razdan.pdf\" target=\"_blank\" rel=\"noopener noreferrer\">Primeiro urologista no sul da Fl\u00f3rida a oferecer bi\u00f3psia de pr\u00f3stata guiada por resson\u00e2ncia magn\u00e9tica BK Fusion &#8211; Dr. Razdan<\/a><\/p>\n<p><a href=\"https:\/\/miamiroboticprostatectomy.com\/pt\/wp-content\/uploads\/2020\/01\/Alta-tecnologi\u0301a-permite-sacar-o\u0301rganos-sin-cirugi\u0301a-abierta-Dr.-Razdan-Urologo.pdf\" target=\"_blank\" rel=\"noopener noreferrer\">Alta tecnologia permite sacar \u00f3rganos sem cirug\u00eda aberta &#8211; Dr. Razdan &#8211; Urologo<\/a><\/p>\n<p><a href=\"https:\/\/mivip.com\/prostate\/catching-prostate-cancer-early-is-critical\/\" target=\"_blank\" rel=\"noopener noreferrer\">Catching prostate cancer early<\/a><\/p>\n<p class=\"p1\"><a href=\"https:\/\/miamiroboticprostatectomy.com\/pt\/wp-content\/uploads\/2020\/01\/RETIRED-MATH-TEACHER-BEATS-PROSTATE-CANCER-AFTER-UNDERGOING-ROBOTIC-SURGERY-WITH-DR.-RAZDAN-.pdf\" target=\"_blank\" rel=\"noopener noreferrer\">PROFESSOR DE MATEM\u00c1TICA APOSENTADO BATE C\u00c2NCER DE PR\u00d3STATA AP\u00d3S REALIZA\u00c7\u00c3O DE CIRURGIA ROB\u00d3TICA COM O DR. RAZDAN<\/a><\/p>\n<\/div>\n<div class=\"col-md-12 col-sm-12 col-xs-12\">\n<p><a href=\"https:\/\/southfloridahospitalnews.com\/page\/More_Top_Physicians\/9099\/1\/\" target=\"_blank\" rel=\"noopener noreferrer\">Dr. Razdan featured in South Florida Hospital News<\/a><\/p>\n<\/div>\n<\/div>\n","protected":false},"excerpt":{"rendered":"<p>Dr. Razdan apareceu em v\u00e1rias esta\u00e7\u00f5es de not\u00edcias Dr. Razdan, considerado um importante formador de opini\u00e3o em cirurgia rob\u00f3tica, foi destaque noNBC, Fox, CBS e outras organiza\u00e7\u00f5es de not\u00edcias importantes. \u00d7 \u00d7 \u00d7 \u00d7 \u00d7 \u00d7 \u00d7 \u00d7 \u00d7 \u00d7 Os pacientes honram o Dr. Sanjay Razdan pela compaix\u00e3o Conhe\u00e7a o Dr. Sanjay Razdan, o [&hellip;]<\/p>\n","protected":false},"author":1,"featured_media":0,"parent":0,"menu_order":0,"comment_status":"closed","ping_status":"closed","template":"","meta":{"footnotes":""},"class_list":["post-166","page","type-page","status-publish","hentry"],"_links":{"self":[{"href":"https:\/\/miamiroboticprostatectomy.com\/pt\/wp-json\/wp\/v2\/pages\/166","targetHints":{"allow":["GET"]}}],"collection":[{"href":"https:\/\/miamiroboticprostatectomy.com\/pt\/wp-json\/wp\/v2\/pages"}],"about":[{"href":"https:\/\/miamiroboticprostatectomy.com\/pt\/wp-json\/wp\/v2\/types\/page"}],"author":[{"embeddable":true,"href":"https:\/\/miamiroboticprostatectomy.com\/pt\/wp-json\/wp\/v2\/users\/1"}],"replies":[{"embeddable":true,"href":"https:\/\/miamiroboticprostatectomy.com\/pt\/wp-json\/wp\/v2\/comments?post=166"}],"version-history":[{"count":122,"href":"https:\/\/miamiroboticprostatectomy.com\/pt\/wp-json\/wp\/v2\/pages\/166\/revisions"}],"predecessor-version":[{"id":2075,"href":"https:\/\/miamiroboticprostatectomy.com\/pt\/wp-json\/wp\/v2\/pages\/166\/revisions\/2075"}],"wp:attachment":[{"href":"https:\/\/miamiroboticprostatectomy.com\/pt\/wp-json\/wp\/v2\/media?parent=166"}],"curies":[{"name":"wp","href":"https:\/\/api.w.org\/{rel}","templated":true}]}}