{"id":2125,"date":"2020-08-17T01:00:18","date_gmt":"2020-08-17T01:00:18","guid":{"rendered":"https:\/\/miamiroboticprostatectomy.com\/pt\/?page_id=2125"},"modified":"2021-08-23T11:47:28","modified_gmt":"2021-08-23T11:47:28","slug":"psa-levels-after-prostatectomy","status":"publish","type":"page","link":"https:\/\/miamiroboticprostatectomy.com\/pt\/psa-levels-after-prostatectomy\/","title":{"rendered":"N\u00edveis de PSA ap\u00f3s prostatectomia"},"content":{"rendered":"<p>O objetivo da prostatectomia \u00e9 remover todo o c\u00e2ncer, ou o m\u00e1ximo poss\u00edvel. Se o c\u00e2ncer n\u00e3o se espalhou, pode curar voc\u00ea. Mas nenhuma cirurgia \u00e9 perfeita. \u00c9 poss\u00edvel para<br \/>\n <a href=\"https:\/\/miamiroboticprostatectomy.com\/pt\/about-prostate-cancer\/\">c\u00e2ncer de pr\u00f3stata<\/a>voltar ap\u00f3s uma prostatectomia. Embora os cirurgi\u00f5es removem a pr\u00f3stata durante uma prostatectomia, algumas c\u00e9lulas cancerosas podem viajar para o tecido circundante. Se essas c\u00e9lulas cancerosas se multiplicarem, podem causar o retorno do c\u00e2ncer de pr\u00f3stata.<a href=\"https:\/\/miamiroboticprostatectomy.com\/pt\/psa-test-prostate-cancer\/\">PSA<\/a>ou o ant\u00edgeno espec\u00edfico da pr\u00f3stata \u00e9 uma prote\u00edna produzida por c\u00e9lulas normais e cancerosas da pr\u00f3stata. Ap\u00f3s uma prostatectomia, os n\u00edveis de PSA no sangue devem cair para n\u00edveis indetect\u00e1veis em seis a oito semanas.<\/p>\n<p><strong>Por que o teste de PSA \u00e9 necess\u00e1rio ap\u00f3s a cirurgia?<\/strong><\/p>\n<p>Um teste de PSA regular ap\u00f3s uma prostatectomia \u00e9 uma forma de o m\u00e9dico acompanhar o seu tratamento. Pode ajudar o m\u00e9dico a verificar se a cirurgia funcionou bem e se o c\u00e2ncer voltou. Embora o PSA nem sempre seja confi\u00e1vel quando se trata de rastreamento geral do c\u00e2ncer, \u00e9 um indicador eficaz de recorr\u00eancia do c\u00e2ncer. Um n\u00edvel alto ou crescente de PSA pode significar que as c\u00e9lulas cancerosas ainda est\u00e3o circulando em seu corpo. Se voc\u00ea fez uma prostatectomia ou se sua pr\u00f3stata foi removida cirurgicamente devido ao c\u00e2ncer de pr\u00f3stata, o teste do ant\u00edgeno espec\u00edfico da pr\u00f3stata (PSA) ainda \u00e9 importante.<\/p>\n<p><strong> Como interpretar os resultados do teste PSA? <\/strong><\/p>\n<p>Os testes de PSA podem ser dif\u00edceis de interpretar. Os testes tamb\u00e9m podem variar de laborat\u00f3rio para laborat\u00f3rio. Para garantir uma compara\u00e7\u00e3o precisa, \u00e9 importante usar o mesmo laborat\u00f3rio cada vez que voc\u00ea for testado. Uma maneira mais precisa de descobrir se voc\u00ea tem c\u00e2ncer \u00e9 testar a rapidez com que os n\u00edveis de PSA aumentam. Se o seu n\u00edvel de PSA est\u00e1 baixo e n\u00e3o aumenta ap\u00f3s testes repetidos, provavelmente n\u00e3o \u00e9 uma recorr\u00eancia do c\u00e2ncer. Isso ocorre porque outras c\u00e9lulas da pr\u00f3stata residuais n\u00e3o cancerosas em seu corpo podem produzir pequenas quantidades de PSA. Se o resultado for maior ou igual a 0,2 ng \/ mL e aumentar em dois testes separados feitos com pelo menos duas semanas de intervalo, \u00e9 chamada de reca\u00edda bioqu\u00edmica. Voc\u00ea ainda tem PSA em sua corrente sangu\u00ednea. H\u00e1 uma chance de que o c\u00e2ncer tenha recorrido. Um n\u00edvel de PSA mais alto do que isso pode indicar um tumor localmente avan\u00e7ado.<\/p>\n<p><strong> Altos n\u00edveis de PSA e tratamento: <\/strong><\/p>\n<p>Voc\u00ea pode n\u00e3o precisar de tratamento imediatamente. Se voc\u00ea fez v\u00e1rios testes de PSA e parece que seu n\u00edvel de PSA est\u00e1 aumentando, v\u00e1rios outros fatores determinam as pr\u00f3ximas etapas. Esses fatores incluem:<\/p>\n<ul>\n<li> idade e expectativa de vida <\/li>\n<li> sa\u00fade geral <\/li>\n<li> grau de c\u00e2ncer e agressividade <\/li>\n<li> se o c\u00e2ncer se espalhou e onde <\/li>\n<li> tratamentos anteriores <\/li>\n<\/ul>\n<p>Em alguns casos, os n\u00edveis elevados de PSA no sangue n\u00e3o s\u00e3o devidos \u00e0s c\u00e9lulas cancerosas. Alguns fatores que podem afetar os n\u00edveis de PSA incluem idade avan\u00e7ada, medicamentos e etnia. Um m\u00e9dico levar\u00e1 esses fatores e o hist\u00f3rico m\u00e9dico da pessoa em considera\u00e7\u00e3o ao examinar os resultados dos testes. Isso pode ajud\u00e1-los a decidir se os n\u00edveis de PSA s\u00e3o altos o suficiente para causar preocupa\u00e7\u00e3o.<\/p>\n<p><strong> Conclus\u00e3o: <\/strong><\/p>\n<p>\u00c9 importante fazer o teste de PSA ap\u00f3s alguns meses da opera\u00e7\u00e3o. Fazer o teste de c\u00e2ncer muitas vezes pode causar muita ansiedade e resultados pouco claros podem causar preocupa\u00e7\u00e3o. Um pouco de conhecimento pode ajudar a acalmar seus medos. Antes de fazer este teste, descubra o que esperar. Pergunte ao Dr. Razdan o que seus resultados podem significar e o que acontecer\u00e1 se seu n\u00edvel de PSA for mais alto do que deveria ser. Aprender que seu n\u00edvel de PSA est\u00e1 mais alto do que deveria pode ser muito estressante. Voc\u00ea pode precisar de mais tratamento ou pode esperar e fazer testes regulares de PSA para observar seu c\u00e2ncer.<\/p>\n","protected":false},"excerpt":{"rendered":"<p>O objetivo da prostatectomia \u00e9 remover todo o c\u00e2ncer, ou o m\u00e1ximo poss\u00edvel. Se o c\u00e2ncer n\u00e3o se espalhou, pode curar voc\u00ea. Mas nenhuma cirurgia \u00e9 perfeita. \u00c9 poss\u00edvel para c\u00e2ncer de pr\u00f3statavoltar ap\u00f3s uma prostatectomia. Embora os cirurgi\u00f5es removem a pr\u00f3stata durante uma prostatectomia, algumas c\u00e9lulas cancerosas podem viajar para o tecido circundante. Se [&hellip;]<\/p>\n","protected":false},"author":1,"featured_media":0,"parent":0,"menu_order":0,"comment_status":"closed","ping_status":"closed","template":"","meta":{"footnotes":""},"class_list":["post-2125","page","type-page","status-publish","hentry"],"_links":{"self":[{"href":"https:\/\/miamiroboticprostatectomy.com\/pt\/wp-json\/wp\/v2\/pages\/2125","targetHints":{"allow":["GET"]}}],"collection":[{"href":"https:\/\/miamiroboticprostatectomy.com\/pt\/wp-json\/wp\/v2\/pages"}],"about":[{"href":"https:\/\/miamiroboticprostatectomy.com\/pt\/wp-json\/wp\/v2\/types\/page"}],"author":[{"embeddable":true,"href":"https:\/\/miamiroboticprostatectomy.com\/pt\/wp-json\/wp\/v2\/users\/1"}],"replies":[{"embeddable":true,"href":"https:\/\/miamiroboticprostatectomy.com\/pt\/wp-json\/wp\/v2\/comments?post=2125"}],"version-history":[{"count":5,"href":"https:\/\/miamiroboticprostatectomy.com\/pt\/wp-json\/wp\/v2\/pages\/2125\/revisions"}],"predecessor-version":[{"id":2886,"href":"https:\/\/miamiroboticprostatectomy.com\/pt\/wp-json\/wp\/v2\/pages\/2125\/revisions\/2886"}],"wp:attachment":[{"href":"https:\/\/miamiroboticprostatectomy.com\/pt\/wp-json\/wp\/v2\/media?parent=2125"}],"curies":[{"name":"wp","href":"https:\/\/api.w.org\/{rel}","templated":true}]}}