{"id":2129,"date":"2020-08-17T01:15:18","date_gmt":"2020-08-17T01:15:18","guid":{"rendered":"https:\/\/miamiroboticprostatectomy.com\/pt\/?page_id=2129"},"modified":"2021-08-23T11:39:29","modified_gmt":"2021-08-23T11:39:29","slug":"nerve-sparing-robotic-prostatectomy","status":"publish","type":"page","link":"https:\/\/miamiroboticprostatectomy.com\/pt\/nerve-sparing-robotic-prostatectomy\/","title":{"rendered":"Prostatectom\u00eda rob\u00f3tica con conservaci\u00f3n de nervios"},"content":{"rendered":"<p><strong> \u00bfPor qu\u00e9 se realiza una prostatectom\u00eda? <\/strong><\/p>\n<p>La prostatectom\u00eda es un procedimiento para curar el c\u00e1ncer de pr\u00f3stata localizado. Puede usarse solo o junto con radiaci\u00f3n, quimioterapia y terapia hormonal. La prostatectom\u00eda para tratar el c\u00e1ncer de pr\u00f3stata implica la extirpaci\u00f3n de toda la pr\u00f3stata, las ves\u00edculas seminales y parte del tejido circundante, incluidos los ganglios linf\u00e1ticos. La prostatectom\u00eda radical, que implica la extirpaci\u00f3n completa de la pr\u00f3stata, es el est\u00e1ndar de oro para la mayor\u00eda de los pacientes con c\u00e1ncer de pr\u00f3stata confinado en un \u00f3rgano. Su atractivo radica en el grado de certeza que ofrece en t\u00e9rminos de eliminar la enfermedad de un solo golpe. Se ha entendido que esta es la forma m\u00e1s segura de erradicar el c\u00e1ncer, pero puede haber efectos secundarios si no la realiza un m\u00e9dico.<a href=\"https:\/\/miamiroboticprostatectomy.com\/pt\/dr-sanjay-razdan-inducted-royal-college-physicians-surgeons-glasgow\/\">Cirujano experto en c\u00e1ncer de pr\u00f3stata.<\/a><\/p>\n<p><strong> Riesgos de la prostatectom\u00eda radical: <\/strong><\/p>\n<p>Se realiza una prostatectom\u00eda radical tradicional utilizando amplios m\u00e1rgenes alrededor de la pr\u00f3stata, da\u00f1ando los nervios que controlan el suministro de sangre al pene. Esto puede provocar incontinencia urinaria (no poder controlar la orina) y disfunci\u00f3n er\u00e9ctil (no poder tener una erecci\u00f3n).<\/p>\n<p><strong> \u00bfQu\u00e9 es la prostatectom\u00eda rob\u00f3tica? <\/strong><br \/>\nIn a <a href=\"https:\/\/miamiroboticprostatectomy.com\/pt\/robotic-prostate-surgery\/\">robotic prostatectomy<\/a>, la cirug\u00eda m\u00ednimamente invasiva se realiza utilizando el sistema rob\u00f3tico Davinci. El Dr. Razdan se sienta en un panel de control en la sala de operaciones y mueve brazos rob\u00f3ticos para operar a trav\u00e9s de varias incisiones peque\u00f1as en el abdomen del paciente. La rob\u00f3tica quir\u00fargica combina t\u00e9cnicas m\u00ednimamente invasivas con tecnolog\u00eda y experiencia cl\u00ednica altamente avanzadas.<a href=\"https:\/\/miamiroboticprostatectomy.com\/pt\/first-world-grading-scale-nerve-preservation-developed-published-dr-sanjay-razdan\/\">El m\u00e9todo de preservaci\u00f3n de nervios <\/a> del Dr. Razdan es un tipo \u00fanico de cirug\u00eda que protege los nervios cercanos a los tejidos que se extirpan. La cirug\u00eda rob\u00f3tica proporciona una visi\u00f3n en 3D y una direcci\u00f3n precisa que permiten un enfoque muy preciso para preservar los nervios.<br \/>\n<strong> Beneficios de la prostatectom\u00eda rob\u00f3tica con conservaci\u00f3n de nervios: <\/strong><\/p>\n<p>La prostatectom\u00eda rob\u00f3tica con conservaci\u00f3n de nervios realizada por el Dr. Razdan proporciona a los pacientes con c\u00e1ncer una t\u00e9cnica segura y m\u00ednimamente invasiva para la extirpaci\u00f3n de la gl\u00e1ndula prost\u00e1tica. La prostatectom\u00eda rob\u00f3tica tiene muchos beneficios. El equipo de alta tecnolog\u00eda utilizado para realizar esta cirug\u00eda permite al cirujano operar a trav\u00e9s de peque\u00f1os puertos mientras visualiza los \u00f3rganos internos en alta definici\u00f3n. La prostatectom\u00eda rob\u00f3tica con conservaci\u00f3n de nervios permite a los cirujanos operar con la misma flexibilidad y facilidad que tiene un cirujano abierto cuando realiza una prostatectom\u00eda abierta. Este enfoque tiene algunos beneficios clave que incluyen:<\/p>\n<ul>\n<li> Incisiones m\u00e1s peque\u00f1as y menos cicatrices <\/li>\n<li> Menos p\u00e9rdida de sangre (&#038; lt; 100-200 ml) <\/li>\n<li> Menor necesidad de transfusiones de sangre (&#038; lt; 1-2%) <\/li>\n<li> Estad\u00eda hospitalaria corta (1 d\u00eda para la mayor\u00eda de los pacientes, pero muchos pueden irse a casa el mismo d\u00eda) <\/li>\n<li> Menos dolor posoperatorio y, por lo general, una necesidad m\u00ednima de analg\u00e9sicos <\/li>\n<li> Tiempo de recuperaci\u00f3n corto y regreso r\u00e1pido a la actividad normal (dos o tres semanas) <\/li>\n<li><a href=\"https:\/\/www.ncbi.nlm.nih.gov\/pmc\/articles\/PMC6334588\/\" target=\"_blank\" rel=\"noopener\">Early return of sexual function<\/a><\/li>\n<li>Low risk of urinary incontinence<\/li>\n<li> Preserva gran parte de las estructuras nerviosas circundantes responsables de las erecciones del pene <\/li>\n<\/ul>\n<p>Recent <a href=\"https:\/\/miamiroboticprostatectomy.com\/pt\/groundbreaking-study-published-journal-robotic-surgery\/\">Los datos cl\u00ednicos <\/a> han demostrado que los resultados de los pacientes suelen ser mejores cuando los realiza un cirujano especializado en c\u00e1ncer de pr\u00f3stata de gran volumen.<\/p>\n<p><strong> Palabras finales: <\/strong><\/p>\n<p>En general, con el advenimiento de nuevas tecnolog\u00edas y alternativas m\u00e1s seguras a los tratamientos invasivos, ha sido posible limitar los riesgos asociados con la cirug\u00eda del c\u00e1ncer de pr\u00f3stata. Al combinar los \u00faltimos avances tecnol\u00f3gicos junto con las im\u00e1genes en 3D en la prostatectom\u00eda rob\u00f3tica con conservaci\u00f3n de nervios, la esperanza de vida de los pacientes con c\u00e1ncer de pr\u00f3stata ha aumentado con tiempos de recuperaci\u00f3n m\u00e1s cortos.<\/p>\n<p>&#038; nbsp;<\/p>\n","protected":false},"excerpt":{"rendered":"<p>\u00bfPor qu\u00e9 se realiza una prostatectom\u00eda? La prostatectom\u00eda es un procedimiento para curar el c\u00e1ncer de pr\u00f3stata localizado. Puede usarse solo o junto con radiaci\u00f3n, quimioterapia y terapia hormonal. La prostatectom\u00eda para tratar el c\u00e1ncer de pr\u00f3stata implica la extirpaci\u00f3n de toda la pr\u00f3stata, las ves\u00edculas seminales y parte del tejido circundante, incluidos los ganglios [&hellip;]<\/p>\n","protected":false},"author":1,"featured_media":0,"parent":0,"menu_order":0,"comment_status":"closed","ping_status":"closed","template":"","meta":{"footnotes":""},"class_list":["post-2129","page","type-page","status-publish","hentry"],"_links":{"self":[{"href":"https:\/\/miamiroboticprostatectomy.com\/pt\/wp-json\/wp\/v2\/pages\/2129","targetHints":{"allow":["GET"]}}],"collection":[{"href":"https:\/\/miamiroboticprostatectomy.com\/pt\/wp-json\/wp\/v2\/pages"}],"about":[{"href":"https:\/\/miamiroboticprostatectomy.com\/pt\/wp-json\/wp\/v2\/types\/page"}],"author":[{"embeddable":true,"href":"https:\/\/miamiroboticprostatectomy.com\/pt\/wp-json\/wp\/v2\/users\/1"}],"replies":[{"embeddable":true,"href":"https:\/\/miamiroboticprostatectomy.com\/pt\/wp-json\/wp\/v2\/comments?post=2129"}],"version-history":[{"count":5,"href":"https:\/\/miamiroboticprostatectomy.com\/pt\/wp-json\/wp\/v2\/pages\/2129\/revisions"}],"predecessor-version":[{"id":2859,"href":"https:\/\/miamiroboticprostatectomy.com\/pt\/wp-json\/wp\/v2\/pages\/2129\/revisions\/2859"}],"wp:attachment":[{"href":"https:\/\/miamiroboticprostatectomy.com\/pt\/wp-json\/wp\/v2\/media?parent=2129"}],"curies":[{"name":"wp","href":"https:\/\/api.w.org\/{rel}","templated":true}]}}