{"id":2139,"date":"2020-08-22T18:42:53","date_gmt":"2020-08-22T18:42:53","guid":{"rendered":"https:\/\/miamiroboticprostatectomy.com\/pt\/?page_id=2139"},"modified":"2021-08-23T11:53:58","modified_gmt":"2021-08-23T11:53:58","slug":"upload-your-imaging","status":"publish","type":"page","link":"https:\/\/miamiroboticprostatectomy.com\/pt\/upload-your-imaging\/","title":{"rendered":"Envie sua imagem"},"content":{"rendered":"<h1 class=\"banner-text__heading\">Pe\u00e7a-nos para revisarmos sua resson\u00e2ncia magn\u00e9tica de pr\u00f3stata<\/h1>\n<p class=\"banner-text__description\">As resson\u00e2ncias magn\u00e9ticas de pr\u00f3stata s\u00e3o complexas e requerem um especialista experiente em c\u00e2ncer de pr\u00f3stata como o Dr. Razdan para dar uma interpreta\u00e7\u00e3o precisa de sua resson\u00e2ncia magn\u00e9tica de pr\u00f3stata. Isso pode ajud\u00e1-lo a evitar bi\u00f3psias de pr\u00f3stata invasivas desnecess\u00e1rias e prevenir diagn\u00f3sticos incorretos de c\u00e2ncer de pr\u00f3stata.<\/p>\n<p>O International Robotic Prostate Cancer Institute colaborou com <a href=\"http:\/\/mymedicalimages.com\" target=\"_blank\" rel=\"noopener\">mymedicalimages<\/a>oferecer aos pacientes de qualquer lugar do mundo o upload de suas imagens m\u00e9dicas urol\u00f3gicas do conforto de suas casas. Com este software revolucion\u00e1rio oferecido por<a href=\"https:\/\/miamiroboticprostatectomy.com\/pt\/urology-physician\/\">Dr. Razdan<\/a>, agora voc\u00ea pode carregar facilmente resson\u00e2ncia magn\u00e9tica, tomografia computadorizada, varredura PET, ultrassom e muito mais para que possam ser analisados por nosso instituto.<\/p>\n<p>Ao lidar com um potencial<a href=\"https:\/\/miamiroboticprostatectomy.com\/pt\/prostate-cancer-tests\/\">diagn\u00f3stico de c\u00e2ncer de pr\u00f3stata <\/a>, os pacientes s\u00e3o submetidos a uma resson\u00e2ncia magn\u00e9tica especializada (RM-mp) para ajudar a confirmar o diagn\u00f3stico e localizar tumores cancer\u00edgenos na pr\u00f3stata. Com este mp-MRI geralmente 90% dos tumores malignos e benignos s\u00e3o detectados. O resultado \u00e9 uma imagem 3D altamente precisa da gl\u00e2ndula do paciente. Essas imagens agora podem ser carregadas simplesmente clicando no bot\u00e3o abaixo.<\/p>\n<p><a href=\"https:\/\/app.mymedicalimages.com\/fupi\/miamiroboticprostatectomy\" target=\"_blank\" rel=\"noopener\"><img decoding=\"async\" src=\"https:\/\/app.mymedicalimages.com\/assets\/images\/blue_mmi.png\" alt=\"webpage api button\" title=\"\"><\/a><\/p>\n<p>Fa\u00e7a upload de suas imagens de diagn\u00f3stico na imagem acima e siga as instru\u00e7\u00f5es. Depois de conclu\u00eddo, ligue para nosso escrit\u00f3rio para nos informar que voc\u00ea carregou suas imagens. Nossa equipe ir\u00e1 agendar voc\u00ea com o Dr. Razdan, para que ele possa revisar e discutir com voc\u00ea.<\/p>\n","protected":false},"excerpt":{"rendered":"<p>Pe\u00e7a-nos para revisarmos sua resson\u00e2ncia magn\u00e9tica de pr\u00f3stata As resson\u00e2ncias magn\u00e9ticas de pr\u00f3stata s\u00e3o complexas e requerem um especialista experiente em c\u00e2ncer de pr\u00f3stata como o Dr. Razdan para dar uma interpreta\u00e7\u00e3o precisa de sua resson\u00e2ncia magn\u00e9tica de pr\u00f3stata. Isso pode ajud\u00e1-lo a evitar bi\u00f3psias de pr\u00f3stata invasivas desnecess\u00e1rias e prevenir diagn\u00f3sticos incorretos de c\u00e2ncer [&hellip;]<\/p>\n","protected":false},"author":1,"featured_media":0,"parent":0,"menu_order":0,"comment_status":"closed","ping_status":"closed","template":"","meta":{"footnotes":""},"class_list":["post-2139","page","type-page","status-publish","hentry"],"_links":{"self":[{"href":"https:\/\/miamiroboticprostatectomy.com\/pt\/wp-json\/wp\/v2\/pages\/2139","targetHints":{"allow":["GET"]}}],"collection":[{"href":"https:\/\/miamiroboticprostatectomy.com\/pt\/wp-json\/wp\/v2\/pages"}],"about":[{"href":"https:\/\/miamiroboticprostatectomy.com\/pt\/wp-json\/wp\/v2\/types\/page"}],"author":[{"embeddable":true,"href":"https:\/\/miamiroboticprostatectomy.com\/pt\/wp-json\/wp\/v2\/users\/1"}],"replies":[{"embeddable":true,"href":"https:\/\/miamiroboticprostatectomy.com\/pt\/wp-json\/wp\/v2\/comments?post=2139"}],"version-history":[{"count":5,"href":"https:\/\/miamiroboticprostatectomy.com\/pt\/wp-json\/wp\/v2\/pages\/2139\/revisions"}],"predecessor-version":[{"id":2843,"href":"https:\/\/miamiroboticprostatectomy.com\/pt\/wp-json\/wp\/v2\/pages\/2139\/revisions\/2843"}],"wp:attachment":[{"href":"https:\/\/miamiroboticprostatectomy.com\/pt\/wp-json\/wp\/v2\/media?parent=2139"}],"curies":[{"name":"wp","href":"https:\/\/api.w.org\/{rel}","templated":true}]}}