{"id":214,"date":"2017-09-22T12:49:54","date_gmt":"2017-09-22T12:49:54","guid":{"rendered":"http:\/\/www.miamiroboticprostatectomy.com\/?page_id=214"},"modified":"2021-08-23T11:13:53","modified_gmt":"2021-08-23T11:13:53","slug":"robotic-surgery-benefits","status":"publish","type":"page","link":"https:\/\/miamiroboticprostatectomy.com\/pt\/robotic-surgery-benefits\/","title":{"rendered":"Beneficios de la cirug\u00eda rob\u00f3tica"},"content":{"rendered":"<p><iframe loading=\"lazy\" width=\"100%\" height=\"450\" src=\"https:\/\/www.youtube.com\/embed\/3lV5uTcvGYU\" frameborder=\"0\" allow=\"accelerometer; autoplay; clipboard-write; encrypted-media; gyroscope; picture-in-picture\" allowfullscreen><\/iframe><\/p>\n<h3> da Vinci <sup> \u00ae <\/sup> Prostatectom\u00eda rob\u00f3tica: un procedimiento quir\u00fargico m\u00ednimamente invasivo <\/h3>\n<p>Cuando se enfrenta a un diagn\u00f3stico de c\u00e1ncer de pr\u00f3stata, es importante conocer todos los tratamientos y opciones quir\u00fargicas.Si su m\u00e9dico recomienda una cirug\u00eda para tratar su c\u00e1ncer de pr\u00f3stata, es posible que sea candidato para una nueva cirug\u00eda menos invasiva.<br \/>\nprocedimiento llamado prostatectom\u00eda rob\u00f3tica da Vinci <sup> \u00ae <\/sup>. Este procedimiento de prostatectom\u00eda rob\u00f3tica incorpora un sistema quir\u00fargico de \u00faltima generaci\u00f3n que ayuda a su cirujano a ver estructuras anat\u00f3micas vitales con mayor claridad y a realizar un procedimiento quir\u00fargico m\u00e1s preciso.<\/p>\n<h3> \u00bfPor qu\u00e9 la cirug\u00eda da Vinci <sup> \u00ae <\/sup>? <\/h3>\n<p>Con el sistema da Vinci <sup> \u00ae <\/sup>, los cirujanos operan a trav\u00e9s de unas pocas incisiones peque\u00f1as en lugar de una gran incisi\u00f3n abierta, similar a la laparoscopia tradicional. El sistema da Vinci <sup> \u00ae <\/sup> cuenta con un sistema de visi\u00f3n de alta definici\u00f3n en 3D ampliado e instrumentos especiales de mu\u00f1eca que se doblan y giran mucho m\u00e1s que la mu\u00f1eca humana. da Vinci <sup> \u00ae <\/sup> permite a su m\u00e9dico operar con una visi\u00f3n, precisi\u00f3n, destreza y control mejorados.<\/p>\n<h5> <strong> Como resultado de la tecnolog\u00eda da Vinci <sup> \u00ae <\/sup>, la prostatectom\u00eda da <sup> \u00ae <\/sup> Vinci ofrece muchos beneficios potenciales en comparaci\u00f3n con la cirug\u00eda abierta tradicional, que incluyen: <\/strong> <\/h5>\n<ul>\n<li> Extracci\u00f3n m\u00e1s precisa de pr\u00f3stata cancerosa <\/li>\n<li> Si bien la cirug\u00eda con conservaci\u00f3n de nervios es posible independientemente del enfoque quir\u00fargico, los estudios sugieren que la cirug\u00eda con conservaci\u00f3n de nervios con da Vinci <sup> \u00ae <\/sup> permite: <\/li>\n<li> Retorno m\u00e1s r\u00e1pido de la funci\u00f3n er\u00e9ctil (sexual): los estudios muestran que los pacientes que son potentes antes de la cirug\u00eda da Vinci <sup> \u00ae <\/sup> experimentan un retorno m\u00e1s r\u00e1pido de la funci\u00f3n er\u00e9ctil que los pacientes previamente potentes que se sometieron a cirug\u00eda abierta <\/li>\n<li> Mayor probabilidad de retorno de la continencia urinaria: estudios recientes muestran que m\u00e1s pacientes con cirug\u00eda da Vinci <sup> \u00ae <\/sup> recuperan completamente la continencia urinaria en 6 meses en comparaci\u00f3n con los pacientes sometidos a cirug\u00eda abierta <\/li>\n<li> <b> Menos p\u00e9rdida de sangre <\/b> <\/li>\n<li> Menos necesidad de una transfusi\u00f3n de sangre <\/li>\n<li> <b> Menos dolor <\/b> <\/li>\n<li> Menor riesgo de complicaciones <\/li>\n<li> Menor riesgo de infecci\u00f3n de la herida <\/li>\n<li> Estancia hospitalaria m\u00e1s corta <\/li>\n<li> Menos posibilidades de reingreso hospitalario <\/li>\n<li> Menos posibilidades de necesitar una cirug\u00eda de seguimiento <\/li>\n<li> <b> Menos d\u00edas con cat\u00e9ter <\/b> <\/li>\n<li> Menor riesgo de trombosis venosa profunda (afecci\u00f3n potencialmente mortal en la que se forma un co\u00e1gulo de sangre en las profundidades del cuerpo) <\/li>\n<li> <b> Recuperaci\u00f3n m\u00e1s r\u00e1pida 10 y regreso a las actividades normales <\/b> <\/li>\n<\/ul>\n<p>Como resultado de la tecnolog\u00eda da Vinci <sup> \u00ae <\/sup>, la prostatectom\u00eda da Vinci <sup> \u00ae <\/sup> ofrece los siguientes beneficios potenciales en comparaci\u00f3n con la laparoscopia tradicional:<\/p>\n<ul>\n<li> <b> M\u00e1s pacientes regresan a la funci\u00f3n er\u00e9ctil antes de la cirug\u00eda en el control de 12 meses <\/b> <\/li>\n<li> <b> Retorno m\u00e1s r\u00e1pido de la continencia urinaria <\/b> <\/li>\n<li> Menor riesgo de complicaciones <\/li>\n<li> Menos p\u00e9rdida de sangre y necesidad de una transfusi\u00f3n <\/li>\n<li> Menos posibilidades de lesi\u00f3n nerviosa <\/li>\n<li> Menos posibilidades de lesionar el recto <\/li>\n<li> Operaci\u00f3n m\u00e1s corta <\/li>\n<li> Menor riesgo de trombosis venosa profunda (afecci\u00f3n potencialmente mortal en la que se forma un co\u00e1gulo de sangre en las profundidades del cuerpo) <\/li>\n<li> Estancia hospitalaria m\u00e1s corta <\/li>\n<li> Menos posibilidades de reingreso hospitalario <\/li>\n<li> Menos posibilidades de necesitar una cirug\u00eda de seguimiento <\/li>\n<\/ul>\n<p>El sistema quir\u00fargico da Vinci <sup> \u00ae <\/sup> se utiliza en 4 de cada 5 prostatectom\u00edas radicales en los EE. UU.<\/p>\n<p>El moderno da Vinci <sup> \u00ae <\/sup> utiliza lo \u00faltimo en tecnolog\u00edas quir\u00fargicas y rob\u00f3ticas y es beneficioso para realizar cirug\u00edas complejas. El Dr. Razdan controla al 100% el sistema da Vinci <sup> \u00ae <\/sup>, que traduce los movimientos de sus manos en movimientos m\u00e1s peque\u00f1os y precisos de peque\u00f1os instrumentos dentro de su cuerpo. da Vinci <sup> \u00ae <\/sup>: llevar la cirug\u00eda m\u00e1s all\u00e1 de los l\u00edmites de la mano humana.<\/p>\n<p><strong> M\u00e9dicos experimentados como el Dr. Razdan que utilizan el sistema da Vinci <sup> \u00ae <\/sup> han realizado m\u00e1s de 8.000 procedimientos quir\u00fargicos hasta la fecha y contando. <\/strong> El sistema quir\u00fargico da Vinci <sup> \u00ae <\/sup> System est\u00e1 cambiando la experiencia de la cirug\u00eda para personas de todo el mundo.<\/p>\n","protected":false},"excerpt":{"rendered":"<p>da Vinci \u00ae Prostatectom\u00eda rob\u00f3tica: un procedimiento quir\u00fargico m\u00ednimamente invasivo Cuando se enfrenta a un diagn\u00f3stico de c\u00e1ncer de pr\u00f3stata, es importante conocer todos los tratamientos y opciones quir\u00fargicas.Si su m\u00e9dico recomienda una cirug\u00eda para tratar su c\u00e1ncer de pr\u00f3stata, es posible que sea candidato para una nueva cirug\u00eda menos invasiva. procedimiento llamado prostatectom\u00eda rob\u00f3tica [&hellip;]<\/p>\n","protected":false},"author":1,"featured_media":0,"parent":0,"menu_order":0,"comment_status":"closed","ping_status":"closed","template":"","meta":{"footnotes":""},"class_list":["post-214","page","type-page","status-publish","hentry"],"_links":{"self":[{"href":"https:\/\/miamiroboticprostatectomy.com\/pt\/wp-json\/wp\/v2\/pages\/214","targetHints":{"allow":["GET"]}}],"collection":[{"href":"https:\/\/miamiroboticprostatectomy.com\/pt\/wp-json\/wp\/v2\/pages"}],"about":[{"href":"https:\/\/miamiroboticprostatectomy.com\/pt\/wp-json\/wp\/v2\/types\/page"}],"author":[{"embeddable":true,"href":"https:\/\/miamiroboticprostatectomy.com\/pt\/wp-json\/wp\/v2\/users\/1"}],"replies":[{"embeddable":true,"href":"https:\/\/miamiroboticprostatectomy.com\/pt\/wp-json\/wp\/v2\/comments?post=214"}],"version-history":[{"count":24,"href":"https:\/\/miamiroboticprostatectomy.com\/pt\/wp-json\/wp\/v2\/pages\/214\/revisions"}],"predecessor-version":[{"id":2854,"href":"https:\/\/miamiroboticprostatectomy.com\/pt\/wp-json\/wp\/v2\/pages\/214\/revisions\/2854"}],"wp:attachment":[{"href":"https:\/\/miamiroboticprostatectomy.com\/pt\/wp-json\/wp\/v2\/media?parent=214"}],"curies":[{"name":"wp","href":"https:\/\/api.w.org\/{rel}","templated":true}]}}