{"id":22,"date":"2017-09-21T11:22:39","date_gmt":"2017-09-21T11:22:39","guid":{"rendered":"http:\/\/www.miamiroboticprostatectomy.com\/\/?page_id=22"},"modified":"2021-08-23T11:42:58","modified_gmt":"2021-08-23T11:42:58","slug":"urology-physician","status":"publish","type":"page","link":"https:\/\/miamiroboticprostatectomy.com\/pt\/urology-physician\/","title":{"rendered":"Por que Dr. Razdan?"},"content":{"rendered":"\r\n<h3> RECONHECIDO COMO UM DOS MELHORES CIRURGI\u00d5ES DE PR\u00d3STATA ROB\u00d3TICA DO MUNDO <\/h3>\r\n<p> Dr. Razdan tem milhares de pacientes satisfeitos em todo o mundo. Ele \u00e9 um dos poucos cirurgi\u00f5es de elite no pa\u00eds com treinamento em rob\u00f3tica de alta tecnologia e cirurgia a laser. Dr. Razdan se apresentou em muitos semin\u00e1rios m\u00e9dicos nacionais e internacionais e recebeu v\u00e1rios\r\n<a href=\"https:\/\/miamiroboticprostatectomy.com\/pt\/awards\/\">pr\u00eamios<\/a>. Al\u00e9m disso, ele \u00e9 o <strong> Professor e Presidente do International Robotic Prostatectomy Institute, uma instala\u00e7\u00e3o de \u00faltima gera\u00e7\u00e3o reconhecida mundialmente, dedicada exclusivamente ao tratamento do c\u00e2ncer de pr\u00f3stata. Ele tamb\u00e9m \u00e9 o Diretor de Urologia Rob\u00f3tica da <a href=\"https:\/\/mivip.com\/physicians\/bio\/?id=dr-sanjay-razdan-urology\" target=\"_blank\" rel=\"noopener noreferrer\">MiVIP Centers of Miami<\/a>.<\/strong> Dr. Razdan \u00e9 o ex-diretor do Centro de Excel\u00eancia de Urologia e ex-presidente do Departamento de Cirurgia do Hospital Jackson South em Miami. O Dr. Razdan \u00e9 <strong> certificado pelo The American Board of Urology e pela Endourology Society. <\/strong> <\/p><p><img decoding=\"async\" class=\"img-responsive\" src=\"https:\/\/miamiroboticprostatectomy.com\/pt\/wp-content\/uploads\/2018\/10\/13.jpg\" alt=\"Surgeon\" title=\"\"><strong>Ajuda a Alcan\u00e7ar o Retorno \u201cAnterior\u201d da Fun\u00e7\u00e3o Sexual &#038; amp; Controle urin\u00e1rio!<\/strong><\/p>\r\n<p>\u201cO primeiro estudo prospectivo randomizado do mundo usando<a href=\"https:\/\/miamiroboticprostatectomy.com\/pt\/groundbreaking-study-published-journal-robotic-surgery\/\">human amniotic membrane<\/a> em pacientes com prostatectomia radical p\u00f3s-rob\u00f3tica foi conclu\u00edda com sucesso no International Robotic Prostatectomy Institute em Miami com o \u00faltimo paciente inscrito em novembro de 2013. \u201d<\/p>\r\n<p><img decoding=\"async\" class=\"img-responsive\" src=\"https:\/\/miamiroboticprostatectomy.com\/pt\/wp-content\/uploads\/2017\/09\/patimg-1.png\" alt=\" Cirurgi\u00f5es rob\u00f3ticos de c\u00e2ncer de pr\u00f3stata mais experientes\" title=\"\"><\/p>\r\n<h3>WHY DR. RAZDAN<\/h3>\r\n<ul>\r\n<li>One of the <strong>Mais experiente <a href=\"https:\/\/miamiroboticprostatectomy.com\/pt\/urology-physician\/\">Cirurgi\u00f5es rob\u00f3ticos de c\u00e2ncer de pr\u00f3stata<\/a><\/strong> no mundo<\/li>\r\n<li> Mais de 8.500 procedimentos e contagens (todos os procedimentos s\u00e3o realizados pelo Dr. Razdan) <\/li>\r\n<li> Pesquisador e cirurgi\u00e3o pioneiro em resultados de c\u00e2ncer de pr\u00f3stata e cirurgia rob\u00f3tica <\/li>\r\n<li> <strong> Primeiro Cirurgi\u00e3o do Mundo a USAR MEMBRANA AMNI\u00d3TICA HUMANA PARA RETORNO PRECOCE DE FUN\u00c7\u00c3O ERECTILE ap\u00f3s cirurgia rob\u00f3tica de pr\u00f3stata (premiado com o primeiro pr\u00eamio por pesquisa original pela Endourology Society, 2014.) Foi pioneiro na t\u00e9cnica de PRESERVA\u00c7\u00c3O DE COMPRIMENTO URETAL M\u00c1XIMO(<a href=\"https:\/\/miamiroboticprostatectomy.com\/pt\/mulp\/\">MULP<\/a>) para RETORNO PRECOCE DE CONTIN\u00caNCIA URIN\u00c1RIA ap\u00f3s cirurgia rob\u00f3tica de pr\u00f3stata (Journal of Endourology, agosto de 2014.)<\/strong><\/li>\r\n<li><strong>Melhores resultados em termos de controle do c\u00e2ncer, contin\u00eancia urin\u00e1ria e fun\u00e7\u00e3o er\u00e9til<\/strong><\/li>\r\n<li>A maioria dos pacientes tem controle urin\u00e1rio completo, muitas vezes dentro de alguns dias da cirurgia e quase 98% s\u00e3o continentes em 6 meses<\/li>\r\n<li>A maioria dos pacientes tem ere\u00e7\u00f5es suficientes para a atividade sexual por volta de 6 meses (os resultados individuais podem variar)<\/li>\r\n<li>99% of <a href=\"https:\/\/miamiroboticprostatectomy.com\/pt\/over-5000-satisfied-patients\/\">patients<\/a> deixar o hospital em 24 horas.<\/li>\r\n<li>Atendimento personalizado e de alta qualidade no centro mais movimentado de cirurgia rob\u00f3tica da pr\u00f3stata no sudeste dos Estados Unidos, ou seja, <a href=\"https:\/\/miamiroboticprostatectomy.com\/pt\/\">INSTITUTO INTERNACIONAL DE PROSTATECTOMIA ROB\u00d3TICA<\/a>, Miami, Fl\u00f3rida.<\/li>\r\n<\/ul>\r\n\r\n\r\n\r\n<p>&nbsp;<\/p>\r\n","protected":false},"excerpt":{"rendered":"<ul>\n<li>One of the <B>Most Experienced<\/B> Robotic Prostate Cancer Surgeons in the World<\/li>\n<li><B>Over 8,500 procedures<\/B> and counting (all procedures are performed by Dr. Razdan)<\/li>\n<li><B>Pioneering Researcher and Surgeon<\/B> on Prostate Cancer and Robotic Surgery Outcomes<\/li>\n<\/ul>\n<p>As one of the elite few in the country who are trained in high-tech robotic and laser surgery, Dr. Razdan has presented at many medical seminars nationally and internationally and has received multiple awards. Additionally, he is the Director of the highly coveted Fellowship in Endourology and Robotic Surgery , continuing the renowned medical excellence the Jackson Health System is known for. Dr. Razdan is certified by The American Board of Urology and the Endourology Society<\/p>\n","protected":false},"author":1,"featured_media":0,"parent":0,"menu_order":0,"comment_status":"closed","ping_status":"closed","template":"","meta":{"footnotes":""},"class_list":["post-22","page","type-page","status-publish","hentry"],"_links":{"self":[{"href":"https:\/\/miamiroboticprostatectomy.com\/pt\/wp-json\/wp\/v2\/pages\/22","targetHints":{"allow":["GET"]}}],"collection":[{"href":"https:\/\/miamiroboticprostatectomy.com\/pt\/wp-json\/wp\/v2\/pages"}],"about":[{"href":"https:\/\/miamiroboticprostatectomy.com\/pt\/wp-json\/wp\/v2\/types\/page"}],"author":[{"embeddable":true,"href":"https:\/\/miamiroboticprostatectomy.com\/pt\/wp-json\/wp\/v2\/users\/1"}],"replies":[{"embeddable":true,"href":"https:\/\/miamiroboticprostatectomy.com\/pt\/wp-json\/wp\/v2\/comments?post=22"}],"version-history":[{"count":85,"href":"https:\/\/miamiroboticprostatectomy.com\/pt\/wp-json\/wp\/v2\/pages\/22\/revisions"}],"predecessor-version":[{"id":2957,"href":"https:\/\/miamiroboticprostatectomy.com\/pt\/wp-json\/wp\/v2\/pages\/22\/revisions\/2957"}],"wp:attachment":[{"href":"https:\/\/miamiroboticprostatectomy.com\/pt\/wp-json\/wp\/v2\/media?parent=22"}],"curies":[{"name":"wp","href":"https:\/\/api.w.org\/{rel}","templated":true}]}}