{"id":23,"date":"2017-09-21T11:23:40","date_gmt":"2017-09-21T11:23:40","guid":{"rendered":"http:\/\/www.miamiroboticprostatectomy.com\/\/?page_id=23"},"modified":"2021-08-23T11:19:25","modified_gmt":"2021-08-23T11:19:25","slug":"about-doctor-razdan","status":"publish","type":"page","link":"https:\/\/miamiroboticprostatectomy.com\/pt\/about-doctor-razdan\/","title":{"rendered":"Sobre o doutor"},"content":{"rendered":"<h3>RECONHECIDO POR MUITOS COMO O L\u00cdDER NA CIRURGIA DO C\u00c2NCER DE PR\u00d3STATA<\/h3>\n<p><strong> Pacientes viajam de todo o mundo para ver o Dr. Razdan! <\/strong><br \/>\nSanjay Razdan, MD, MCh, FRCS (Glasg) \u00e9 o <strong> Professor e Presidente do International Robotic Prostatectomy Institute <\/strong>, uma instala\u00e7\u00e3o de \u00faltima gera\u00e7\u00e3o reconhecida mundialmente, dedicada exclusivamente ao tratamento do c\u00e2ncer de pr\u00f3stata. Ele \u00e9 o ex-diretor do Centro de Excel\u00eancia de Urologia e ex-presidente do Departamento de Cirurgia do Jackson South Hospital em Miami. Como um dos l\u00edderes globais em cirurgia rob\u00f3tica da pr\u00f3stata para c\u00e2ncer de pr\u00f3stata, sua s\u00e9rie est\u00e1 entre as maiores por um \u00fanico cirurgi\u00e3o no mundo. <strong> Dr. Razdan tamb\u00e9m \u00e9 um dos pioneiros na execu\u00e7\u00e3o bem-sucedida de procedimentos rob\u00f3ticos de salvamento para <a href=\"https:\/\/miamiroboticprostatectomy.com\/pt\/radiation-therapy-and-prostatectomy\/\">radiation<\/a> e falhas criog\u00eanicas <\/strong>. O centro possui uma linha de apoio ao c\u00e2ncer, onde todos os seus pacientes podem compartilhar suas experi\u00eancias com cirurgia de pr\u00f3stata.<\/p>\n<p><iframe loading=\"lazy\" class=\"iframed-video\" src=\"https:\/\/www.youtube.com\/embed\/HiVIvEyM8E4?rel=0&amp;autoplay=1&amp;autohide=2&amp;modestbranding=1\" width=\"100%^\" height=\"450\" frameborder=\"0\" allowfullscreen=\"allowfullscreen\"><\/iframe>Sanjay Razdan, MD, MCh, FRCS (Glasg) \u00e9 o <strong> Professor e Presidente do International Robotic Prostatectomy Institute <\/strong>, uma instala\u00e7\u00e3o de \u00faltima gera\u00e7\u00e3o reconhecida mundialmente, dedicada exclusivamente ao tratamento do c\u00e2ncer de pr\u00f3stata. Ele \u00e9 o ex-diretor do Centro de Excel\u00eancia de Urologia e ex-presidente do Departamento de Cirurgia do Jackson South Hospital em Miami. Como um dos l\u00edderes globais em cirurgia rob\u00f3tica da pr\u00f3stata para c\u00e2ncer de pr\u00f3stata, sua s\u00e9rie est\u00e1 entre as maiores por um \u00fanico cirurgi\u00e3o no mundo. <strong><a href=\"https:\/\/www.pr.com\/press-release\/749528\" target=\"_blank\" rel=\"noopener\">O Dr. Razdan <\/a> tamb\u00e9m \u00e9 um dos pioneiros na realiza\u00e7\u00e3o bem-sucedida de procedimentos rob\u00f3ticos de resgate para falhas de radia\u00e7\u00e3o e criogenia. <\/strong> O centro possui uma linha de apoio ao c\u00e2ncer onde todas as suas <a href = \"https: \/\/ miamiroboticprostatectomy. com \/ pt \/ testemunho \/ incr\u00edvel-paciente-testemunho-mar\u00e7o-2019 \/ \"> os pacientes <\/a> podem compartilhar suas experi\u00eancias com cirurgia de pr\u00f3stata.<\/p>\n<p>&nbsp;<\/p>\n<p>O Dr. Razdan se formou como o primeiro de sua classe na faculdade de medicina e recebeu mais de <strong> 12 medalh\u00f5es de ouro por excel\u00eancia acad\u00eamica. <\/strong> Ele completou sua resid\u00eancia em Urologia na UM \/ Jackson, onde novamente foi classificado como o melhor residente de gradua\u00e7\u00e3o. Ele ent\u00e3o passou a fazer uma bolsa de estudos avan\u00e7ada em endourologia e oncologia urol\u00f3gica minimamente invasiva, incluindo o daVinci <sup> \u00ae<\/sup> <a href=\"https:\/\/miamiroboticprostatectomy.com\/pt\/innovations-in-robotic-prostate-cancer-surgery\/\">sistema cir\u00fargico rob\u00f3tico <\/a> no Thomas Jefferson University Hospital, na Filad\u00e9lfia. Enquanto estava na Jefferson, ele, pela segunda vez em sua carreira, recebeu o <strong> Pr\u00eamio Pfizer <\/strong> por sua not\u00e1vel contribui\u00e7\u00e3o ao campo da Urologia. Ele tamb\u00e9m foi agraciado com o prestigioso pr\u00eamio <strong> \u201cOutstanding Laparoscopic Surgeon\u201d <\/strong> da Society of Laparoendoscopic Surgeons. O Dr. Razdan \u00e9 um dos primeiros <strong> urologistas no sul da Fl\u00f3rida <\/strong> a realizar o que h\u00e1 de mais moderno em <strong> \u201cdaVinci <sup> \u00ae <\/sup> cirurgia rob\u00f3tica de pr\u00f3stata radical\u201d <\/strong>. Ele tamb\u00e9m \u00e9 o Diretor do \u201cComprehensive Kidney Stone Center\u201d de Miami, que atende a todos os aspectos do tratamento e preven\u00e7\u00e3o de<a href=\"https:\/\/miamiroboticprostatectomy.com\/pt\/kidney-stone-removal\/\">kidney stone disease.<\/a><\/p>\n","protected":false},"excerpt":{"rendered":"<p>Sanjay Razdan, M.D.,MCh, FRCS (Glasg) is the Professor and Chairman of the International Robotic Prostatectomy Institute a globally recognized, state of the art facility, dedicated exclusively to prostate cancer treatment.  He is considered by many to be one of the best prostate cancer surgeons in the United States and around the world given his exceptional outcomes and expertise in prostate cancer surgery.  Dr. Razdan has more video patient testimonials then any other Urologist and patients travel from around the world to Miami to receive prostate cancer treatment&#8230;<\/p>\n","protected":false},"author":1,"featured_media":0,"parent":0,"menu_order":0,"comment_status":"closed","ping_status":"closed","template":"","meta":{"footnotes":""},"class_list":["post-23","page","type-page","status-publish","hentry"],"_links":{"self":[{"href":"https:\/\/miamiroboticprostatectomy.com\/pt\/wp-json\/wp\/v2\/pages\/23","targetHints":{"allow":["GET"]}}],"collection":[{"href":"https:\/\/miamiroboticprostatectomy.com\/pt\/wp-json\/wp\/v2\/pages"}],"about":[{"href":"https:\/\/miamiroboticprostatectomy.com\/pt\/wp-json\/wp\/v2\/types\/page"}],"author":[{"embeddable":true,"href":"https:\/\/miamiroboticprostatectomy.com\/pt\/wp-json\/wp\/v2\/users\/1"}],"replies":[{"embeddable":true,"href":"https:\/\/miamiroboticprostatectomy.com\/pt\/wp-json\/wp\/v2\/comments?post=23"}],"version-history":[{"count":49,"href":"https:\/\/miamiroboticprostatectomy.com\/pt\/wp-json\/wp\/v2\/pages\/23\/revisions"}],"predecessor-version":[{"id":2966,"href":"https:\/\/miamiroboticprostatectomy.com\/pt\/wp-json\/wp\/v2\/pages\/23\/revisions\/2966"}],"wp:attachment":[{"href":"https:\/\/miamiroboticprostatectomy.com\/pt\/wp-json\/wp\/v2\/media?parent=23"}],"curies":[{"name":"wp","href":"https:\/\/api.w.org\/{rel}","templated":true}]}}