{"id":2419,"date":"2021-01-21T22:59:03","date_gmt":"2021-01-21T22:59:03","guid":{"rendered":"https:\/\/miamiroboticprostatectomy.com\/pt\/?page_id=2419"},"modified":"2021-08-23T11:24:42","modified_gmt":"2021-08-23T11:24:42","slug":"prostate-cancer-surgeon-st-petersburg","status":"publish","type":"page","link":"https:\/\/miamiroboticprostatectomy.com\/pt\/prostate-cancer-surgeon-st-petersburg\/","title":{"rendered":"Cirurgi\u00e3o de c\u00e2ncer de pr\u00f3stata, S\u00e3o Petersburgo"},"content":{"rendered":"<p>Tratamento de c\u00e2ncer de pr\u00f3stata atendendo pacientes de <strong> St. Petersburg, Fl\u00f3rida <\/strong><\/p>\n<p><img loading=\"lazy\" decoding=\"async\" class=\"img-responsive alignnone\" src=\"https:\/\/miamiroboticprostatectomy.com\/pt\/wp-content\/uploads\/2018\/10\/1.jpg\" alt=\"St. Petersburg Prostate Cancer Surgeon\" width=\"900\" height=\"400\" title=\"\">Prostatectomia rob\u00f3tica da Vinci: um procedimento cir\u00fargico minimamente invasivo atendendo pacientes de S\u00e3o Petersburgo, Fl\u00f3rida<\/p>\n<p>Prostatectomia rob\u00f3tica da Vinci: um procedimento cir\u00fargico minimamente invasivo atendendo pacientes de S\u00e3o Petersburgo, Fl\u00f3rida<\/p>\n<div class=\"row\">\n<div class=\"col-md-6\"><img decoding=\"async\" class=\"img-responsive\" src=\"https:\/\/miamiroboticprostatectomy.com\/pt\/wp-content\/uploads\/2020\/01\/prosincisions2.jpg\" alt=\"Surgical Incision\" title=\"\"><strong>Incis\u00e3o cir\u00fargica aberta<\/strong><\/div>\n<div class=\"col-md-6\"><img decoding=\"async\" class=\"img-responsive\" src=\"https:\/\/miamiroboticprostatectomy.com\/pt\/wp-content\/uploads\/2020\/01\/prosincisions2.jpg\" alt=\"da Vinci Robotic Incision\" title=\"\"><strong>Incis\u00e3o rob\u00f3tica da Vinci<\/strong><\/div>\n<\/div>\n<p><strong>\u201cO controle urin\u00e1rio e as ere\u00e7\u00f5es com a cirurgia rob\u00f3tica da pr\u00f3stata da Vinci s\u00e3o MUITO MELHORES do que com a cirurgia laparosc\u00f3pica radical da pr\u00f3stata convencional (laprp)\u201d<\/strong><\/p>\n<p>Se o seu m\u00e9dico recomendar cirurgia para tratar o c\u00e2ncer de pr\u00f3stata, voc\u00ea pode ser candidato a um novo procedimento cir\u00fargico menos invasivo denominado prostatectomia rob\u00f3tica da Vinci. Este procedimento de prostatectomia rob\u00f3tica incorpora um sistema cir\u00fargico de \u00faltima gera\u00e7\u00e3o que ajuda o cirurgi\u00e3o a ver as estruturas anat\u00f4micas vitais com mais clareza e a realizar um procedimento cir\u00fargico mais preciso.<\/p>\n<div class=\"row\">\n<div class=\"col-md-4\"><img decoding=\"async\" class=\"img-responsive\" src=\"https:\/\/miamiroboticprostatectomy.com\/pt\/wp-content\/uploads\/2020\/01\/picture8.jpg\" alt=\"Download Robotic Prostatectomy Brochure\" title=\"\"><br \/>\n<a href=\"https:\/\/www.miamiroboticprostatectomy.com\/wp-content\/uploads\/2017\/09\/davinci-1.pdf\">Click Here to Download Robotic Prostatectomy Brochure<\/a><\/div>\n<div class=\"col-md-4\"><iframe loading=\"lazy\" src=\"https:\/\/www.youtube.com\/embed\/9Vyl4fNIgCM?autoplay=1&amp;autohide=2&amp;modestbranding=1\" width=\"100%\" height=\"220\" frameborder=\"0\" allowfullscreen=\"allowfullscreen\" data-mce-fragment=\"1\"><\/iframe><\/div>\n<div class=\"col-md-4\"><iframe loading=\"lazy\" src=\"https:\/\/www.youtube.com\/embed\/9Vyl4fNIgCM?autoplay=1&amp;autohide=2&amp;modestbranding=1\" width=\"100%\" height=\"220\" frameborder=\"0\" allowfullscreen=\"allowfullscreen\" data-mce-fragment=\"1\"><\/iframe><\/div>\n<\/div>\n<p>Para a maioria dos pacientes, a cirurgia rob\u00f3tica de prostatectomia da Vinci realizada pelo Dr. Razdan oferece v\u00e1rios benef\u00edcios potenciais sobre<\/p>\n<h5> <strong> prostatectomia aberta incluindo: <\/strong> <\/h5>\n<ul>\n<li> Interna\u00e7\u00e3o mais curta no hospital <\/li>\n<li> Dor m\u00ednima <\/li>\n<li> Menor risco de infec\u00e7\u00e3o <\/li>\n<li> Sem transfus\u00f5es de sangue <\/li>\n<li> Menos cicatrizes <\/li>\n<li> Recupera\u00e7\u00e3o mais r\u00e1pida <\/li>\n<li> Retorno mais r\u00e1pido \u00e0s atividades normais <\/li>\n<li> Excelente controle urin\u00e1rio <\/li>\n<li> Excelentes ere\u00e7\u00f5es <\/li>\n<\/ul>\n<p>&nbsp;<\/p>\n<h5> <strong> PROSTATECTOMIA (CIRURGIA) <\/strong> <\/h5>\n<p>Uma abordagem cir\u00fargica para tratar o c\u00e2ncer de pr\u00f3stata remover\u00e1 toda ou parte da pr\u00f3stata. Normalmente, os homens com doen\u00e7a em est\u00e1gio inicial ou c\u00e2ncer confinado \u00e0 pr\u00f3stata ser\u00e3o submetidos \u00e0 prostatectomia radical &#8211; remo\u00e7\u00e3o de toda a gl\u00e2ndula da pr\u00f3stata, al\u00e9m de algum tecido circundante. Outros procedimentos cir\u00fargicos podem ser realizados em homens com doen\u00e7a avan\u00e7ada ou recorrente.<\/p>\n<p>No tipo mais comum de prostatectomia &#8211; <strong> prostatectomia retrop\u00fabica radical <\/strong> &#8211; \u00e9 feita uma incis\u00e3o no abd\u00f4men e a pr\u00f3stata \u00e9 removida por tr\u00e1s do osso p\u00fabico. O cirurgi\u00e3o ent\u00e3o sutura a uretra diretamente na bexiga para que a urina possa fluir. Como normalmente leva alguns dias para o corpo se acostumar com essa nova configura\u00e7\u00e3o, o cirurgi\u00e3o insere um cateter, ou tubo, na bexiga. A urina fluir\u00e1 automaticamente para fora da bexiga, descer\u00e1 pela uretra e entrar\u00e1 em uma bolsa coletora sem a necessidade de controle consciente do esf\u00edncter. O cateter \u00e9 geralmente mantido no lugar por cerca de uma semana a 10 dias.<\/p>\n<p>Outro tipo de cirurgia, conhecida como <strong> prostatectomia perineal radical <\/strong>, \u00e9 realizada com menos frequ\u00eancia atualmente. Nesse procedimento, o cirurgi\u00e3o faz a incis\u00e3o no per\u00edneo (espa\u00e7o entre o escroto e o \u00e2nus) e a pr\u00f3stata \u00e9 removida por tr\u00e1s.<\/p>\n<p>T\u00e9cnicas Cir\u00fargicas<\/p>\n<h5><\u201dNerve-paring<\/ Budap <\/h5>\n<p>Em uma prostatectomia que poupa os nervos, o cirurgi\u00e3o corta at\u00e9 as bordas da pr\u00f3stata, tomando cuidado para poupar os nervos er\u00e9teis que correm ao lado da pr\u00f3stata. Se os nervos n\u00e3o podem ser poupados porque o c\u00e2ncer se estende al\u00e9m da pr\u00f3stata, pode ser poss\u00edvel anexar cirurgicamente, ou enxertar, nervos de outras partes do corpo nas extremidades dos nervos er\u00e9teis cortados.<\/p>\n<p>Os cirurgi\u00f5es n\u00e3o saber\u00e3o at\u00e9 o momento do procedimento se a preserva\u00e7\u00e3o dos nervos \u00e9 poss\u00edvel; depende se o c\u00e2ncer est\u00e1 invadindo os nervos. No entanto, o procedimento de preserva\u00e7\u00e3o dos nervos oferece a melhor chance de preservar a fun\u00e7\u00e3o er\u00e9til em longo prazo.<\/p>\n<h5><\u201dLaparosc\u00f3pico<\/ Budap <\/h5>\n<p>Na cirurgia laparosc\u00f3pica, incis\u00f5es muito pequenas s\u00e3o feitas no abd\u00f4men. O cirurgi\u00e3o ent\u00e3o insere instrumentos estreitos equipados com c\u00e2meras e \/ ou instrumentos cir\u00fargicos, permitindo-lhe visualizar e operar as estruturas internas sem cortar todo o abd\u00f4men.<\/p>\n<p>Com uma interface rob\u00f3tica, o cirurgi\u00e3o manobra os bra\u00e7os de um rob\u00f4, que por sua vez controlam as c\u00e2meras e instrumentos. A cirurgia rob\u00f3tica se tornou muito popular nos \u00faltimos 10 anos devido \u00e0 incis\u00e3o menor e ao per\u00edodo de recupera\u00e7\u00e3o p\u00f3s-operat\u00f3rio mais curto.<\/p>\n<p>At\u00e9 o momento, os procedimentos abertos e laparosc\u00f3picos nunca foram comparados frente a frente em termos de controle do c\u00e2ncer e efeitos colaterais. Em geral, nas m\u00e3os de um cirurgi\u00e3o habilidoso, esses resultados s\u00e3o otimizados com qualquer uma das abordagens.<\/p>\n<h5> <strong> A import\u00e2ncia da habilidade cir\u00fargica <\/strong> <\/h5>\n<h5> <strong> O \u00daNICO FATOR MAIS IMPORTANTE NA DETERMINA\u00c7\u00c3O DOS RESULTADOS \u00c9 A EXPERI\u00caNCIA DO CIRURGI\u00c3O <\/strong> <\/h5>\n<p>A prostatectomia, como muitos procedimentos cir\u00fargicos, \u00e9 um trabalho muito delicado, e a diferen\u00e7a entre um bom cirurgi\u00e3o e um \u00f3timo cirurgi\u00e3o pode afetar os resultados.<\/p>\n<p>Ao escolher um cirurgi\u00e3o, no m\u00ednimo, certifique-se de que ele ou ela \u00e9 algu\u00e9m em quem voc\u00ea tem confian\u00e7a e confian\u00e7a, e algu\u00e9m que tem experi\u00eancia suficiente n\u00e3o apenas para realizar a opera\u00e7\u00e3o, mas tamb\u00e9m para fazer um julgamento cl\u00ednico informado e mudar o curso, se necess\u00e1rio . <strong> Centenas de pacientes viajaram de S\u00e3o Petersburgo para Miami para serem tratados pelo Dr. Razdan, considerado por muitos o melhor cirurgi\u00e3o de c\u00e2ncer de pr\u00f3stata do estado da Fl\u00f3rida. <\/strong><br \/>\nSe voc\u00ea foi diagnosticado com c\u00e2ncer de pr\u00f3stata e est\u00e1 localizado em S\u00e3o Petersburgo, <a href=\"https:\/\/miamiroboticprostatectomy.com\/pt\/contact\/\">entre em contato com o Dr. Razdan agora.<\/a><\/p>\n","protected":false},"excerpt":{"rendered":"<p>Tratamento de c\u00e2ncer de pr\u00f3stata atendendo pacientes de St. Petersburg, Fl\u00f3rida Prostatectomia rob\u00f3tica da Vinci: um procedimento cir\u00fargico minimamente invasivo atendendo pacientes de S\u00e3o Petersburgo, Fl\u00f3rida Prostatectomia rob\u00f3tica da Vinci: um procedimento cir\u00fargico minimamente invasivo atendendo pacientes de S\u00e3o Petersburgo, Fl\u00f3rida Incis\u00e3o cir\u00fargica aberta Incis\u00e3o rob\u00f3tica da Vinci \u201cO controle urin\u00e1rio e as ere\u00e7\u00f5es com [&hellip;]<\/p>\n","protected":false},"author":1,"featured_media":0,"parent":0,"menu_order":0,"comment_status":"closed","ping_status":"closed","template":"","meta":{"footnotes":""},"class_list":["post-2419","page","type-page","status-publish","hentry"],"_links":{"self":[{"href":"https:\/\/miamiroboticprostatectomy.com\/pt\/wp-json\/wp\/v2\/pages\/2419","targetHints":{"allow":["GET"]}}],"collection":[{"href":"https:\/\/miamiroboticprostatectomy.com\/pt\/wp-json\/wp\/v2\/pages"}],"about":[{"href":"https:\/\/miamiroboticprostatectomy.com\/pt\/wp-json\/wp\/v2\/types\/page"}],"author":[{"embeddable":true,"href":"https:\/\/miamiroboticprostatectomy.com\/pt\/wp-json\/wp\/v2\/users\/1"}],"replies":[{"embeddable":true,"href":"https:\/\/miamiroboticprostatectomy.com\/pt\/wp-json\/wp\/v2\/comments?post=2419"}],"version-history":[{"count":6,"href":"https:\/\/miamiroboticprostatectomy.com\/pt\/wp-json\/wp\/v2\/pages\/2419\/revisions"}],"predecessor-version":[{"id":2945,"href":"https:\/\/miamiroboticprostatectomy.com\/pt\/wp-json\/wp\/v2\/pages\/2419\/revisions\/2945"}],"wp:attachment":[{"href":"https:\/\/miamiroboticprostatectomy.com\/pt\/wp-json\/wp\/v2\/media?parent=2419"}],"curies":[{"name":"wp","href":"https:\/\/api.w.org\/{rel}","templated":true}]}}