{"id":25,"date":"2017-09-21T11:28:30","date_gmt":"2017-09-21T11:28:30","guid":{"rendered":"http:\/\/www.miamiroboticprostatectomy.com\/\/?page_id=25"},"modified":"2021-10-01T15:04:28","modified_gmt":"2021-10-01T15:04:28","slug":"amniotic-membrane","status":"publish","type":"page","link":"https:\/\/miamiroboticprostatectomy.com\/pt\/amniotic-membrane\/","title":{"rendered":"Membrana Amni\u00f3tica"},"content":{"rendered":"<div class=\"mar-10\"><\/div>\n<h3>Procedimento revolucion\u00e1rio de membrana amni\u00f3tica desenvolvido pelo Dr. Razdan<\/h3>\n<h3 class=\"pg-hdng\">Ajuda a Alcan\u00e7ar o Retorno \u201cAnterior\u201d da Fun\u00e7\u00e3o Sexual &amp; amp; Controle urin\u00e1rio!<\/h3>\n<p>\u201cO primeiro estudo prospectivo randomizado do mundo usando Membrana Amni\u00f3tica Humana em pacientes com prostatectomia radical p\u00f3s-rob\u00f3tica foi conclu\u00eddo com sucesso no Instituto Internacional de Prostatectomia Rob\u00f3tica em Miami, Fl\u00f3rida, com o \u00faltimo paciente inscrito em <a href=\"https:\/\/pubmed.ncbi.nlm.nih.gov\/30209677\/\" target=\"_blank\" rel=\"noopener\">Novembro de 2013 <\/a>.\u201d\u00a0At\u00e9 hoje, milhares de pacientes com c\u00e2ncer de pr\u00f3stata se beneficiaram com esse procedimento.<\/p>\n<div class=\"mar-10\"><\/div>\n<p><iframe loading=\"lazy\" src=\"https:\/\/www.youtube.com\/embed\/23xpEsmF0Aw?rel=0&amp;showinfo=0\" width=\"100%\" height=\"315\" frameborder=\"0\" allowfullscreen=\"allowfullscreen\"><\/iframe><\/p>\n<div class=\"mar-10\"><\/div>\n<p>Desde o estudo original em 2012-2013 <a href=\"https:\/\/miamiroboticprostatectomy.com\/pt\/urology-physician\/\">Dr. Razdan<\/a> j\u00e1 realizou mais de <strong>3,000<\/strong> coloca\u00e7\u00f5es de membrana amni\u00f3tica. Ele \u00e9 o <strong class=\"txt-red\">PRIMEIRO CIRURGI\u00c3O DO MUNDO PARA SER PIONEIRO E USAR<\/strong> <a href=\"https:\/\/miamiroboticprostatectomy.com\/pt\/testimonial\/human-amniotic-membrane-testimonial\/\">Membrana Amni\u00f3tica Humana<\/a> em pacientes com c\u00e2ncer de pr\u00f3stata submetidos a cirurgia rob\u00f3tica de pr\u00f3stata e \u00e9 o <strong class=\"txt-blue\">L\u00cdDER MUNDIAL<\/strong> quando se trata dessa t\u00e9cnica cir\u00fargica.<\/p>\n<div class=\"mar-10\"><\/div>\n<p>Sua pesquisa levou a resultados significativamente melhores em termos de retorno precoce da fun\u00e7\u00e3o er\u00e9til, \u00e0s vezes dentro de alguns dias ap\u00f3s a remo\u00e7\u00e3o rob\u00f3tica da pr\u00f3stata. Dr. Razdan foi premiado com o <b>PRIMEIRO PR\u00caMIO <\/b> por sua pesquisa original sobre o uso de <b> MEMBRANA AMNI\u00d3TICA HUMANA <\/b> em cirurgia rob\u00f3tica de pr\u00f3stata no Congresso Mundial de Endourologia e Cirurgia Rob\u00f3tica em Taiwan em 2014.<\/p>\n<div class=\"mar-10\"><\/div>\n<p>A cirurgia rob\u00f3tica da pr\u00f3stata do Dr. Razdan \u00e9 verdadeiramente \u00fanica, especialmente sua t\u00e9cnica de <a href=\"https:\/\/miamiroboticprostatectomy.com\/pt\/mulp\/\"><b>PRESERVA\u00c7\u00c3O DO COMPRIMENTO M\u00c1XIMO DO URETRAL (MULP) <\/b> <\/a>, o que resultou na maioria de seus pacientes tendo controle urin\u00e1rio total quase imediatamente ap\u00f3s a remo\u00e7\u00e3o do cateter. Isso, combinado com sua nova t\u00e9cnica de preserva\u00e7\u00e3o de nervos e uso de membrana amni\u00f3tica humana, resultou em <b> RESULTADOS EXCELENTES EM TERMOS DE PRESERVA\u00c7\u00c3O DE CONTIN\u00caNCIA URIN\u00c1RIA E FUN\u00c7\u00c3O ERECTIL. <\/b><\/p>\n<p>At\u00e9 o momento, milhares de homens se beneficiaram com o procedimento de prostatectomia rob\u00f3tica exclusivo do Dr. Razdan com coloca\u00e7\u00e3o de membrana amni\u00f3tica humana. Voc\u00ea pode encontrar centenas de depoimentos de pacientes reais de pacientes em todos os Estados Unidos e em todo o mundo, testemunhando seus resultados excepcionais e agora vivendo uma vida livre do c\u00e2ncer de pr\u00f3stata. Os depoimentos est\u00e3o em ingl\u00eas e espanhol. Voc\u00ea tamb\u00e9m pode ver as incont\u00e1veis \u200b\u200bavalia\u00e7\u00f5es 5 estrelas do Google que os pacientes deram ao Dr. Razdan e \u00e0 equipe do International Robotic Prostatectomy Institute.<\/p>\n<h2>Para agendar sua prostatectomia rob\u00f3tica com o Dr. Razdan, <a href=\"https:\/\/miamiroboticprostatectomy.com\/pt\/contact\/\">preencha o formul\u00e1rio de contato.<\/a><\/h2>\n","protected":false},"excerpt":{"rendered":"<p>Dr. Razdan&#8217;s novel technique of nerve preservation and use of human amniotic membrane, has resulted in <B>EXCELLENT OUTCOMES IN TERMS OF PRESERVATION OF URINARY CONTINENCE AND ERECTILE FUNCTION<\/B><br \/>\nHAGA CLIC AQUI PARA VER EN TELEMUNDO<br \/>\nVista en Espa\u00f1ol<\/p>\n","protected":false},"author":1,"featured_media":0,"parent":0,"menu_order":0,"comment_status":"closed","ping_status":"closed","template":"","meta":{"footnotes":""},"class_list":["post-25","page","type-page","status-publish","hentry"],"_links":{"self":[{"href":"https:\/\/miamiroboticprostatectomy.com\/pt\/wp-json\/wp\/v2\/pages\/25","targetHints":{"allow":["GET"]}}],"collection":[{"href":"https:\/\/miamiroboticprostatectomy.com\/pt\/wp-json\/wp\/v2\/pages"}],"about":[{"href":"https:\/\/miamiroboticprostatectomy.com\/pt\/wp-json\/wp\/v2\/types\/page"}],"author":[{"embeddable":true,"href":"https:\/\/miamiroboticprostatectomy.com\/pt\/wp-json\/wp\/v2\/users\/1"}],"replies":[{"embeddable":true,"href":"https:\/\/miamiroboticprostatectomy.com\/pt\/wp-json\/wp\/v2\/comments?post=25"}],"version-history":[{"count":23,"href":"https:\/\/miamiroboticprostatectomy.com\/pt\/wp-json\/wp\/v2\/pages\/25\/revisions"}],"predecessor-version":[{"id":2986,"href":"https:\/\/miamiroboticprostatectomy.com\/pt\/wp-json\/wp\/v2\/pages\/25\/revisions\/2986"}],"wp:attachment":[{"href":"https:\/\/miamiroboticprostatectomy.com\/pt\/wp-json\/wp\/v2\/media?parent=25"}],"curies":[{"name":"wp","href":"https:\/\/api.w.org\/{rel}","templated":true}]}}