{"id":30,"date":"2017-09-21T11:32:49","date_gmt":"2017-09-21T11:32:49","guid":{"rendered":"http:\/\/www.miamiroboticprostatectomy.com\/\/?page_id=30"},"modified":"2021-08-23T11:29:54","modified_gmt":"2021-08-23T11:29:54","slug":"da-vinci-robot","status":"publish","type":"page","link":"https:\/\/miamiroboticprostatectomy.com\/pt\/da-vinci-robot\/","title":{"rendered":"Rob\u00f4 Da Vinci"},"content":{"rendered":"<p><strong> O Sistema Cir\u00fargico Da Vinci <sup> \u00ae <\/sup> <\/strong> \u00e9 uma plataforma rob\u00f3tica sofisticada projetada para expandir as capacidades do cirurgi\u00e3o e oferecer uma op\u00e7\u00e3o minimamente invasiva de \u00faltima gera\u00e7\u00e3o para cirurgias de grande porte.<\/p>\n<p><img decoding=\"async\" class=\"img-responsive\" src=\"https:\/\/miamiroboticprostatectomy.com\/pt\/wp-content\/uploads\/2020\/01\/da-Vinci-Robot.jpg\" alt=\"da Vinci Robot\" title=\"\">With <strong>da Vinci <sup> \u00ae <\/sup> <\/strong>, pequenas incis\u00f5es s\u00e3o usadas para inserir instrumentos miniaturizados de pulso e uma c\u00e2mera 3D de alta defini\u00e7\u00e3o. Sentado confortavelmente no console da Vinci <sup> \u00ae <\/sup>, seu cirurgi\u00e3o visualiza uma imagem 3D ampliada e de alta resolu\u00e7\u00e3o do local da cirurgia dentro de seu corpo.<\/p>\n<p>Ao mesmo tempo, as tecnologias rob\u00f3ticas e de computador mais recentes escalam, filtram e traduzem perfeitamente os movimentos da m\u00e3o do seu cirurgi\u00e3o em micromovimentos precisos dos instrumentos da Vinci <sup> \u00ae <\/sup>.<\/p>\n<p>Embora seja freq\u00fcentemente chamado de <strong> \u201crob\u00f4\u201d <\/strong>, o Sistema da Vinci <sup> \u00ae <\/sup> n\u00e3o pode se mover ou operar por conta pr\u00f3pria; seu cirurgi\u00e3o est\u00e1 100% no controle.<\/p>\n<h5><\u2713Recursos<\/ Budap <\/h5>\n<p>O <strong> da Vinci <sup> \u00ae <\/sup> Sistema Cir\u00fargico <\/strong> \u00e9 a \u00fanica tecnologia dispon\u00edvel comercialmente que pode fornecer ao cirurgi\u00e3o a precis\u00e3o, destreza e controle da cirurgia aberta tradicional, exigindo apenas 1-2 cm incis\u00f5es.<\/p>\n<p>O <strong> da Vinci <sup> \u00ae <\/sup> Sistema Cir\u00fargico <\/strong> consiste em um console do cirurgi\u00e3o ergonomicamente projetado, um carrinho do paciente com quatro bra\u00e7os rob\u00f3ticos interativos, um sistema de vis\u00e3o de alto desempenho e instrumentos patenteados EndoWrist.<\/p>\n<p>No console <strong> da Vinci <sup> \u00ae <\/sup> <\/strong>, seu cirurgi\u00e3o opera sentado confortavelmente, visualizando uma imagem 3D altamente ampliada do interior do corpo. Para operar, o cirurgi\u00e3o usa controles principais que funcionam como uma pin\u00e7a.<\/p>\n<p>Conforme seu cirurgi\u00e3o manipula os controles, o <strong> da Vinci <sup> \u00ae <\/sup> <\/strong> responde \u00e0s informa\u00e7\u00f5es do cirurgi\u00e3o em tempo real, traduzindo os movimentos de sua m\u00e3o, pulso e dedo em movimentos precisos de instrumentos miniaturizados em o carrinho do lado do paciente.<\/p>\n<p>O carrinho do paciente <strong> da Vinci <sup> \u00ae <\/sup> <\/strong> comporta at\u00e9 tr\u00eas instrumentos EndoWrist e uma c\u00e2mera 3D. Para acessar a anatomia alvo, o cirurgi\u00e3o introduz os instrumentos EndoWrist precisamente controlados no corpo por meio de uma s\u00e9rie de incis\u00f5es do tamanho de uma moeda. Uma ampla variedade de tipos de instrumentos est\u00e1 dispon\u00edvel para ajudar seu cirurgi\u00e3o a realizar tarefas cir\u00fargicas especializadas com precis\u00e3o e controle.<\/p>\n<p><strong> \u201cO controle urin\u00e1rio e as ere\u00e7\u00f5es com a cirurgia rob\u00f3tica da pr\u00f3stata da Vinci <sup> \u00ae <\/sup> s\u00e3o MUITO MELHORES do que com a cirurgia laparosc\u00f3pica radical da pr\u00f3stata convencional (laprp)\u201d <\/strong><\/p>\n<p><strong> Prostatectomia Rob\u00f3tica Da Vinci: Um Procedimento Cir\u00fargico Minimamente Invasivo <\/strong><\/p>\n<p>Ao enfrentar um diagn\u00f3stico de c\u00e2ncer de pr\u00f3stata, \u00e9 importante conhecer todos os tratamentos e op\u00e7\u00f5es cir\u00fargicas.<\/p>\n<p>Se o seu m\u00e9dico recomendar cirurgia para tratar o c\u00e2ncer de pr\u00f3stata, voc\u00ea pode ser candidato a um novo procedimento cir\u00fargico menos invasivo chamado da Vinci <sup> \u00ae <\/sup> prostatectomia rob\u00f3tica. este<a href=\"https:\/\/miamiroboticprostatectomy.com\/pt\/robotic-prostate-surgery-blog\/\">Robotic Prostatectomy<\/a> O procedimento incorpora um sistema cir\u00fargico de \u00faltima gera\u00e7\u00e3o que ajuda o cirurgi\u00e3o a ver as estruturas anat\u00f4micas vitais com mais clareza e a realizar um procedimento cir\u00fargico mais preciso.<\/p>\n<h3> Por que a cirurgia da Vinci <sup> \u00ae <\/sup>? <\/h3>\n<p>Com o sistema da Vinci <sup> \u00ae <\/sup>, os cirurgi\u00f5es operam por meio de algumas pequenas incis\u00f5es em vez de uma grande incis\u00e3o aberta &#8211; semelhante \u00e0 laparoscopia tradicional. O sistema da Vinci <sup> \u00ae <\/sup> apresenta um sistema de vis\u00e3o 3D de alta defini\u00e7\u00e3o ampliado e instrumentos de pulso especiais que dobram e giram muito mais do que o pulso humano. da Vinci <sup> \u00ae <\/sup> permite que seu m\u00e9dico opere com vis\u00e3o, precis\u00e3o, destreza e controle aprimorados.<\/p>\n<h3> <strong> Como resultado da tecnologia da Vinci <sup> \u00ae <\/sup>, a prostatectomia da Vinci <sup> \u00ae <\/sup> oferece muitos benef\u00edcios potenciais quando comparada \u00e0 cirurgia aberta tradicional, incluindo: <\/strong><br \/>\n<\/h3>\n<div class=\"row\">\n<div class=\"col-md-6\">\n<ul>\n<li> Remo\u00e7\u00e3o mais precisa da pr\u00f3stata cancerosa <\/li>\n<li> Embora a cirurgia de preserva\u00e7\u00e3o de nervos seja poss\u00edvel independentemente da abordagem cir\u00fargica, estudos sugerem que a cirurgia de preserva\u00e7\u00e3o de nervos com da Vinci <sup> \u00ae <\/sup> permite: <\/li>\n<li> <strong> Retorno mais r\u00e1pido da fun\u00e7\u00e3o er\u00e9til (sexual): estudos mostram que pacientes potentes antes da cirurgia de da Vinci <sup> \u00ae <\/sup> experimentam um retorno mais r\u00e1pido da fun\u00e7\u00e3o er\u00e9til do que pacientes anteriormente potentes submetidos \u00e0 cirurgia aberta < \/ strong> <\/li>\n<li> <strong> Melhor chance de retorno da contin\u00eancia urin\u00e1ria: estudos recentes mostram que mais pacientes com cirurgia da Vinci <sup> \u00ae <\/sup> t\u00eam retorno total da contin\u00eancia urin\u00e1ria em 6 meses em compara\u00e7\u00e3o com pacientes submetidos \u00e0 cirurgia aberta <\/ strong > <\/li>\n<li> <strong> Menos perda de sangue <\/strong> <\/li>\n<li> Menos necessidade de transfus\u00e3o de sangue <\/li>\n<\/ul>\n<\/div>\n<div class=\"col-md-6\">\n<ul>\n<li> <strong> Menos dor <\/strong> <\/li>\n<li> Menor risco de complica\u00e7\u00f5es <\/li>\n<li> Menor risco de infec\u00e7\u00e3o da ferida <\/li>\n<li> <strong> Interna\u00e7\u00e3o hospitalar mais curta <\/strong> <\/li>\n<li> <strong> Menos dias com cateter <\/strong> <\/li>\n<li> Menor risco de trombose venosa profunda (condi\u00e7\u00e3o com risco de vida em que se forma um co\u00e1gulo sangu\u00edneo nas profundezas do corpo) <\/li>\n<li> <strong> Tempo de recupera\u00e7\u00e3o mais r\u00e1pido e retorno \u00e0s atividades normais <\/strong> <\/li>\n<\/ul>\n<h3> <strong> Como resultado da tecnologia da Vinci <sup> \u00ae <\/sup>,<a href=\"https:\/\/www.insidehook.com\/article\/health-and-fitness\/dr-sanjay-razdan-expert-robotic-surgery\" target=\"_blank\" rel=\"noopener\">A prostatectomia da Vinci <sup> \u00ae <\/sup> <\/a> oferece os seguintes benef\u00edcios potenciais em compara\u00e7\u00e3o com a laparoscopia tradicional: <\/strong> <\/h3>\n<\/div>\n<\/div>\n<div class=\"row\">\n<div class=\"col-md-6\">\n<ul>\n<li> <strong> Mais pacientes retornam \u00e0 fun\u00e7\u00e3o er\u00e9til pr\u00e9-cirurgia no check-up de 12 meses <\/strong> <\/li>\n<li> <strong> Retorno mais r\u00e1pido da contin\u00eancia urin\u00e1ria <\/strong> <\/li>\n<li> <strong> Menor risco de complica\u00e7\u00f5es <\/strong> <\/li>\n<li> Menos perda de sangue e necessidade de transfus\u00e3o <\/li>\n<li> Menos chance de les\u00e3o do nervo <\/li>\n<\/ul>\n<\/div>\n<div class=\"col-md-6\">\n<ul>\n<li> Menos chance de ferir o reto <\/li>\n<li> Opera\u00e7\u00e3o mais curta <\/li>\n<li> Menor risco de trombose venosa profunda (condi\u00e7\u00e3o com risco de vida em que se forma um co\u00e1gulo sangu\u00edneo nas profundezas do corpo) <\/li>\n<li> Menor chance de readmiss\u00e3o hospitalar <\/li>\n<li> Menos chance de precisar de cirurgia de acompanhamento <\/li>\n<\/ul>\n<p>&nbsp;<\/p>\n<\/div>\n<\/div>\n<p><strong> O sistema cir\u00fargico da Vinci <sup> \u00ae <\/sup> \u00e9 usado em 4 de 5 prostatectomias radicais nos EUA. <\/strong><\/p>\n<p>O da Vinci <sup> \u00ae <\/sup> de \u00faltima gera\u00e7\u00e3o usa o que h\u00e1 de mais moderno em tecnologias cir\u00fargicas e rob\u00f3ticas e \u00e9 ben\u00e9fico para a realiza\u00e7\u00e3o de cirurgias complexas. O Dr. Razdan est\u00e1 100% no controle do Sistema da Vinci <sup> \u00ae <\/sup>, que traduz os movimentos das m\u00e3os em movimentos menores e mais precisos de instrumentos min\u00fasculos dentro do seu corpo. da Vinci <sup> \u00ae <\/sup> &#8211; fazer uma cirurgia al\u00e9m dos limites da m\u00e3o humana.<br \/>\n<strong>M\u00e9dicos experientes gostam <a href=\"https:\/\/miamiroboticprostatectomy.com\/pt\/about-doctor\/\">Dr. Razdan<\/a> usando o Sistema da Vinci <sup> \u00ae <\/sup> teve um bom desempenho <a href=\"https:\/\/miamiroboticprostatectomy.com\/pt\/over-5000-satisfied-patients\/\">8,00 Robotic procedures<\/a> to date and counting.<\/strong> O sistema cir\u00fargico da Vinci <sup> \u00ae <\/sup> est\u00e1 mudando a experi\u00eancia da cirurgia para pessoas em todo o mundo.<\/p>\n","protected":false},"excerpt":{"rendered":"<p>Revolutionary Procedure developed by Dr. Razdan<br \/>\nHelps Achieve <B>&#8220;Earlier&#8221; Return of Sexual Function &#038; Urinary Control!<\/B><br \/>\n&#8220;The worlds first prospective randomized study using human amniotic membrane in post robotic radical prostatectomy patients was successfully completed at the International Robotic Prostatectomy Institute in Miami in November, 2013<\/p>\n","protected":false},"author":1,"featured_media":0,"parent":0,"menu_order":0,"comment_status":"closed","ping_status":"closed","template":"","meta":{"footnotes":""},"class_list":["post-30","page","type-page","status-publish","hentry"],"_links":{"self":[{"href":"https:\/\/miamiroboticprostatectomy.com\/pt\/wp-json\/wp\/v2\/pages\/30","targetHints":{"allow":["GET"]}}],"collection":[{"href":"https:\/\/miamiroboticprostatectomy.com\/pt\/wp-json\/wp\/v2\/pages"}],"about":[{"href":"https:\/\/miamiroboticprostatectomy.com\/pt\/wp-json\/wp\/v2\/types\/page"}],"author":[{"embeddable":true,"href":"https:\/\/miamiroboticprostatectomy.com\/pt\/wp-json\/wp\/v2\/users\/1"}],"replies":[{"embeddable":true,"href":"https:\/\/miamiroboticprostatectomy.com\/pt\/wp-json\/wp\/v2\/comments?post=30"}],"version-history":[{"count":48,"href":"https:\/\/miamiroboticprostatectomy.com\/pt\/wp-json\/wp\/v2\/pages\/30\/revisions"}],"predecessor-version":[{"id":2948,"href":"https:\/\/miamiroboticprostatectomy.com\/pt\/wp-json\/wp\/v2\/pages\/30\/revisions\/2948"}],"wp:attachment":[{"href":"https:\/\/miamiroboticprostatectomy.com\/pt\/wp-json\/wp\/v2\/media?parent=30"}],"curies":[{"name":"wp","href":"https:\/\/api.w.org\/{rel}","templated":true}]}}