{"id":31,"date":"2017-09-21T11:33:39","date_gmt":"2017-09-21T11:33:39","guid":{"rendered":"http:\/\/www.miamiroboticprostatectomy.com\/\/?page_id=31"},"modified":"2021-08-23T11:56:21","modified_gmt":"2021-08-23T11:56:21","slug":"patient-testimonials","status":"publish","type":"page","link":"https:\/\/miamiroboticprostatectomy.com\/pt\/patient-testimonials\/","title":{"rendered":"Depoimentos de pacientes"},"content":{"rendered":"<p>Se o seu m\u00e9dico recomendar cirurgia para tratar o c\u00e2ncer de pr\u00f3stata, voc\u00ea pode ser candidato a um novo procedimento cir\u00fargico menos invasivo chamado da Vinci <sup> \u00ae <\/sup> prostatectomia rob\u00f3tica. Este procedimento de prostatectomia rob\u00f3tica incorpora um sistema cir\u00fargico de \u00faltima gera\u00e7\u00e3o<br \/>\nsistema que ajuda o cirurgi\u00e3o a ver as estruturas anat\u00f4micas vitais com mais clareza e a realizar um procedimento cir\u00fargico mais preciso.<\/p>\n","protected":false},"excerpt":{"rendered":"<p>If your doctor recommends surgery to treat your prostate cancer, you may be a candidate for a new, less-invasive sur\u00adgical procedure called da Vinci Robotic Prostatectomy. This Robotic Prostatectomy procedure incorporates a state-of-the-art surgical<br \/>\nsystem that helps your surgeon see vital anatomical structures more clearly and to perform a more precise surgical procedure.<\/p>\n","protected":false},"author":1,"featured_media":0,"parent":0,"menu_order":0,"comment_status":"closed","ping_status":"closed","template":"","meta":{"footnotes":""},"class_list":["post-31","page","type-page","status-publish","hentry"],"_links":{"self":[{"href":"https:\/\/miamiroboticprostatectomy.com\/pt\/wp-json\/wp\/v2\/pages\/31","targetHints":{"allow":["GET"]}}],"collection":[{"href":"https:\/\/miamiroboticprostatectomy.com\/pt\/wp-json\/wp\/v2\/pages"}],"about":[{"href":"https:\/\/miamiroboticprostatectomy.com\/pt\/wp-json\/wp\/v2\/types\/page"}],"author":[{"embeddable":true,"href":"https:\/\/miamiroboticprostatectomy.com\/pt\/wp-json\/wp\/v2\/users\/1"}],"replies":[{"embeddable":true,"href":"https:\/\/miamiroboticprostatectomy.com\/pt\/wp-json\/wp\/v2\/comments?post=31"}],"version-history":[{"count":4,"href":"https:\/\/miamiroboticprostatectomy.com\/pt\/wp-json\/wp\/v2\/pages\/31\/revisions"}],"predecessor-version":[{"id":2898,"href":"https:\/\/miamiroboticprostatectomy.com\/pt\/wp-json\/wp\/v2\/pages\/31\/revisions\/2898"}],"wp:attachment":[{"href":"https:\/\/miamiroboticprostatectomy.com\/pt\/wp-json\/wp\/v2\/media?parent=31"}],"curies":[{"name":"wp","href":"https:\/\/api.w.org\/{rel}","templated":true}]}}