{"id":32,"date":"2017-09-21T11:35:15","date_gmt":"2017-09-21T11:35:15","guid":{"rendered":"http:\/\/www.miamiroboticprostatectomy.com\/\/?page_id=32"},"modified":"2021-08-23T11:21:04","modified_gmt":"2021-08-23T11:21:04","slug":"about-prostate-cancer","status":"publish","type":"page","link":"https:\/\/miamiroboticprostatectomy.com\/pt\/about-prostate-cancer\/","title":{"rendered":"Sobre o c\u00e2ncer de pr\u00f3stata"},"content":{"rendered":"\r\n<p>Sobre o c\u00e2ncer de pr\u00f3stata<\/p>\r\n<p>Respostas a perguntas comuns sobre c\u00e2ncer de pr\u00f3stata e cirurgia de c\u00e2ncer de pr\u00f3stata<\/p>\r\n<h2><strong>Luta contra o c\u00e2ncer de pr\u00f3stata. A segunda causa principal de morte em homens<\/strong><\/h2>\r\n<p>De acordo com <a href=\"https:\/\/www.cancer.org\/cancer\/prostate-cancer.html\" target=\"_blank\" rel=\"noopener\"> American Cancer Society<\/a>, mais de 191.930 homens foram diagnosticados com c\u00e2ncer de pr\u00f3stata nos Estados Unidos em 2020, e mais de 33.330 homens morreram da doen\u00e7a. Com essas estat\u00edsticas surpreendentes, \u00e9 importante que os homens e suas fam\u00edlias estejam cientes da doen\u00e7a, entendam quem est\u00e1 em maior risco e o que eles podem fazer hoje para diminuir suas chances de lutar contra esta doen\u00e7a.<\/p>\r\n<h3><strong>O que \u00e9 c\u00e2ncer de pr\u00f3stata?<\/strong><\/h3>\r\n<p>O c\u00e2ncer de pr\u00f3stata refere-se a c\u00e9lulas anormais na gl\u00e2ndula da pr\u00f3stata, que faz parte do sistema reprodutor masculino. A pr\u00f3stata est\u00e1 situada logo abaixo da bexiga e na frente do reto. Uma pr\u00f3stata normal \u00e9 aproximadamente do tamanho de uma noz.<\/p>\r\n<h3><strong>Quem corre risco de desenvolver c\u00e2ncer de pr\u00f3stata?<\/strong><\/h3>\r\n<p>Esta doen\u00e7a da pr\u00f3stata pode afetar homens de qualquer idade, mas \u00e9 mais comum em homens com mais de 50 anos. Oito em cada 10 homens que sofrem de c\u00e2ncer de pr\u00f3stata t\u00eam mais de 65 anos. Homens afro-americanos correm maior risco, assim como os homens com um<strong> hist\u00f3ria familiar da doen\u00e7a.<\/strong>\u00a0 Homens obesos ou que seguem uma dieta rica em gordura podem ter maiores chances de desenvolver c\u00e2ncer de pr\u00f3stata. A<strong> a associa\u00e7\u00e3o mais forte \u00e9 gen\u00e9tica.<\/strong> Se seu pai, tio ou irm\u00e3o teve c\u00e2ncer de pr\u00f3stata, voc\u00ea tem um risco muito maior de desenvolver a doen\u00e7a e provavelmente deve come\u00e7ar o rastreamento aos 40 anos ou at\u00e9 antes.<\/p>\r\n<h3><strong>O que pode ser feito para diminuir o risco de contrair a doen\u00e7a?<\/strong><\/h3>\r\n<p>Enquanto os pesquisadores continuam a estudar o efeito da dieta e de outros fatores de estilo de vida sobre o risco de um homem desenvolver c\u00e2ncer de pr\u00f3stata, existem algumas mudan\u00e7as que podem estar associadas a uma diminui\u00e7\u00e3o do risco de c\u00e2ncer de pr\u00f3stata. Os homens s\u00e3o incentivados a fazer uma dieta com baixo teor de gordura, especialmente gordura animal, e incluir mais frutas e vegetais. De acordo com o National Cancer Institute, estudos mostram que uma dieta rica em produtos l\u00e1cteos e c\u00e1lcio tamb\u00e9m pode estar ligada a um risco aumentado, embora o aumento possa ser pequeno.<\/p>\r\n<h3><strong>Quais s\u00e3o os sintomas do c\u00e2ncer de pr\u00f3stata?<\/strong><\/h3>\r\n<p>Na maioria dos casos, o c\u00e2ncer de pr\u00f3stata em est\u00e1gio inicial <strong> n\u00e3o produz quaisquer sintomas<\/strong>, mas podem come\u00e7ar a aparecer \u00e0 medida que o c\u00e2ncer cresce. Os sintomas incluem:<\/p>\r\n<ul>\r\n<li>Dificuldade em come\u00e7ar a urinar<\/li>\r\n<li>Menos for\u00e7a para o jato de urina<\/li>\r\n<li>Mic\u00e7\u00e3o frequente, especialmente durante a noite<\/li>\r\n<li>Dor ao urinar<\/li>\r\n<li>Sangue ou pus na urina<\/li>\r\n<li>Dor no quadril, parte inferior das costas ou parte inferior da p\u00e9lvis<\/li>\r\n<li>Perda de peso n\u00e3o intencional e \/ ou perda de apetite<\/li>\r\n<\/ul>\r\n<h3><strong>Que tipos de op\u00e7\u00f5es est\u00e3o dispon\u00edveis para tratar o c\u00e2ncer de pr\u00f3stata?<\/strong><\/h3>\r\n<p>O c\u00e2ncer de pr\u00f3stata pode ser tratado com sucesso se for detectado precocemente, antes de se espalhar para outras partes do corpo. Cirurgia, radioterapia, crioabla\u00e7\u00e3o e tratamento hormonal s\u00e3o op\u00e7\u00f5es razo\u00e1veis \u200b\u200bno ambiente cl\u00ednico apropriado. Uma nova op\u00e7\u00e3o de tratamento para os pacientes \u00e9 o desenvolvimento de uma nova forma revolucion\u00e1ria de cirurgia de pr\u00f3stata, o <a href=\"https:\/\/miamiroboticprostatectomy.com\/pt\/robotic-prostatectomy\/\">prostatectomia rob\u00f3tica,<\/a>o que permite ao cirurgi\u00e3o realizar procedimentos minimamente invasivos, como a retirada da pr\u00f3stata, em \u00e1reas de dif\u00edcil acesso com mais precis\u00e3o. Como essa tecnologia \u00e9 menos invasiva do que outras op\u00e7\u00f5es cir\u00fargicas, os pacientes sentem dor m\u00ednima, perda m\u00ednima de sangue e recupera\u00e7\u00e3o mais r\u00e1pida. Os pacientes submetidos a este procedimento podem esperar uma excelente chance de cura com retorno \u00e0s atividades normais em alguns dias.<\/p>\r\n<p>O Dr. Razdan, que j\u00e1 realizou mais de 8.500 procedimentos rob\u00f3ticos, desenvolveu t\u00e9cnicas cir\u00fargicas que permitem a preserva\u00e7\u00e3o m\u00e1xima das estruturas nervosas cr\u00edticas para garantir que os pacientes tenham problemas de contin\u00eancia zero e ere\u00e7\u00f5es saud\u00e1veis \u200b\u200bap\u00f3s a cirurgia. O Dr. Razdan foi destaque em v\u00e1rios peri\u00f3dicos cl\u00ednicos publicados discutindo os resultados incr\u00edveis, incluindo <a href=\"https:\/\/www.ncbi.nlm.nih.gov\/pmc\/articles\/PMC6334588\/\" target=\"_blank\" rel=\"noopener\">Uma nova pontua\u00e7\u00e3o de classifica\u00e7\u00e3o atribu\u00edda pelo m\u00e9dico no intraoperat\u00f3rio para prever o retorno p\u00f3s-operat\u00f3rio da pot\u00eancia em 1 ano ap\u00f3s a prostatectomia laparosc\u00f3pica rob\u00f3tica assistida.<\/a><\/p>\r\n<p>No International Robotic Prostatectomy Institute, o mundialmente renomado cirurgi\u00e3o Dr. Razdan e sua equipe altamente experiente e qualificada de assistentes est\u00e3o agora oferecendo <strong>cirurgia rob\u00f3tica ambulatorial para c\u00e2ncer de pr\u00f3stata com <a href=\"https:\/\/miamiroboticprostatectomy.com\/pt\/testimonial\/human-amniotic-membrane-testimonial\/\">membrana amni\u00f3tica humana<\/a><\/strong>. Felizmente, na maioria dos casos, os pacientes n\u00e3o se preocupam com <strong>incontin\u00eancia ou impot\u00eancia. Dr. Razdan desenvolveu recentemente sua pr\u00f3pria t\u00e9cnica de &#8220;preserva\u00e7\u00e3o de nervo retr\u00f3grado e anter\u00f3grado combinado at\u00e9rmico&#8221;, que resultou em resultados muito superiores com rela\u00e7\u00e3o \u00e0 fun\u00e7\u00e3o er\u00e9til.<\/strong> Ap\u00f3s a cirurgia, nosso <strong>Reabilita\u00e7\u00e3o Peniana<\/strong> O programa \u00e9 exclusivamente adequado para trabalhar individualmente com cada paciente de maneira compassiva para garantir os excelentes resultados pelos quais este centro passou a ser reconhecido.<\/p>\r\n<h3><strong>Como os homens podem aprender mais sobre o c\u00e2ncer de pr\u00f3stata e as v\u00e1rias op\u00e7\u00f5es de tratamento?<\/strong><\/h3>\r\n<p>O <strong>Instituto Internacional de Prostatectomia Rob\u00f3tica <\/strong> tem equipamentos de teste de diagn\u00f3stico de \u00faltima gera\u00e7\u00e3o, como o <a href=\"https:\/\/miamiroboticprostatectomy.com\/pt\/first-urologist-in-south-florida-to-offer-bk-fusion-mri-guided-prostate-biopsy\/\">Bi\u00f3psia de fus\u00e3o de pr\u00f3stata guiada por resson\u00e2ncia magn\u00e9tica<\/a> e as \u00faltimas ofertas de tratamento minimamente invasivas para a pr\u00f3stata e outros problemas urol\u00f3gicos. O Centro \u00e9 formado por m\u00e9dicos reconhecidos internacionalmente, especialistas nesses tipos de doen\u00e7as urol\u00f3gicas. A Linha de Apoio ao C\u00e2ncer do Dr. Razdan, que tem centenas de pacientes inscritos, \u00e9 outro recurso valioso para pacientes que buscam informa\u00e7\u00f5es sobre o <strong> tratamento do c\u00e2ncer de pr\u00f3stata<\/strong> e o que esperar antes, durante e ap\u00f3s a cirurgia. <\/p>\r\n<p> Finalmente, o Dr. Razdan acumulou mais de 450 depoimentos em v\u00eddeo, <strong> mais do que qualquer outro urologista no mundo <\/strong> sobre seus resultados excepcionais. Pacientes de todos os Estados Unidos viajaram para o Dr. Razdan para uma cirurgia rob\u00f3tica de pr\u00f3stata. Eles fornecem depoimentos detalhados em v\u00eddeo em ingl\u00eas e espanhol sobre a experi\u00eancia, por que escolheram o Instituto Internacional de Prostatectomia Rob\u00f3tica em vez de outros locais e os resultados ap\u00f3s a cirurgia. Os pacientes incluem celebridades, figuras do governo, executivos, outros m\u00e9dicos, policiais e homens de todas as esferas da vida. <\/p>\r\n<p>Para obter mais informa\u00e7\u00f5es ou para agendar uma consulta, ligue para o International Robotic Prostatectomy Institute em <strong> 305-251-8650<\/strong><\/p>\r\n","protected":false},"excerpt":{"rendered":"<p><H5> Fighting Prostate Cancer. The Second Leading Cause of Death in Men.<\/H5> According to the American Cancer Society, <B>more than 186,000 men were diagnosed with prostate cancer in the United States last year, and more than 28,000 men died of the disease.<\/B>With these startling statistics, it is important for men and their families to be aware of the disease, understand who is most at risk, and what they can do today to lower their chances of being diagnosed with prostate cancer.<\/p>\n","protected":false},"author":1,"featured_media":1395,"parent":0,"menu_order":0,"comment_status":"closed","ping_status":"closed","template":"","meta":{"footnotes":""},"class_list":["post-32","page","type-page","status-publish","has-post-thumbnail","hentry"],"_links":{"self":[{"href":"https:\/\/miamiroboticprostatectomy.com\/pt\/wp-json\/wp\/v2\/pages\/32","targetHints":{"allow":["GET"]}}],"collection":[{"href":"https:\/\/miamiroboticprostatectomy.com\/pt\/wp-json\/wp\/v2\/pages"}],"about":[{"href":"https:\/\/miamiroboticprostatectomy.com\/pt\/wp-json\/wp\/v2\/types\/page"}],"author":[{"embeddable":true,"href":"https:\/\/miamiroboticprostatectomy.com\/pt\/wp-json\/wp\/v2\/users\/1"}],"replies":[{"embeddable":true,"href":"https:\/\/miamiroboticprostatectomy.com\/pt\/wp-json\/wp\/v2\/comments?post=32"}],"version-history":[{"count":45,"href":"https:\/\/miamiroboticprostatectomy.com\/pt\/wp-json\/wp\/v2\/pages\/32\/revisions"}],"predecessor-version":[{"id":2840,"href":"https:\/\/miamiroboticprostatectomy.com\/pt\/wp-json\/wp\/v2\/pages\/32\/revisions\/2840"}],"wp:featuredmedia":[{"embeddable":true,"href":"https:\/\/miamiroboticprostatectomy.com\/pt\/wp-json\/wp\/v2\/media\/1395"}],"wp:attachment":[{"href":"https:\/\/miamiroboticprostatectomy.com\/pt\/wp-json\/wp\/v2\/media?parent=32"}],"curies":[{"name":"wp","href":"https:\/\/api.w.org\/{rel}","templated":true}]}}