{"id":33,"date":"2017-09-21T11:37:35","date_gmt":"2017-09-21T11:37:35","guid":{"rendered":"http:\/\/www.miamiroboticprostatectomy.com\/\/?page_id=33"},"modified":"2021-08-23T11:23:34","modified_gmt":"2021-08-23T11:23:34","slug":"prostate-cancer-symptoms","status":"publish","type":"page","link":"https:\/\/miamiroboticprostatectomy.com\/pt\/prostate-cancer-symptoms\/","title":{"rendered":"Sintomas de c\u00e2ncer de pr\u00f3stata"},"content":{"rendered":"<h3> CONTR\u00c1RIO \u00c0 CREN\u00c7A POPULAR, A MAIORIA DOS PACIENTES COM C\u00c2NCER DE PR\u00d3STATA N\u00c3O TEM SINTOMAS !! <\/h3>\n<p><img decoding=\"async\" class=\"img-responsive\" src=\"http:\/\/www.miamiroboticprostatectomy.com\/wp-content\/uploads\/2017\/09\/prostatecancer.png\" alt=\"prostate cancer\" title=\"\"><\/p>\n<p>Muitas vezes, os sinais de c\u00e2ncer de pr\u00f3stata s\u00e3o detectados pela primeira vez por um m\u00e9dico durante um check-up de rotina.<\/p>\n<h5> <strong> No entanto, alguns homens experimentam altera\u00e7\u00f5es na fun\u00e7\u00e3o urin\u00e1ria ou sexual que podem indicar a presen\u00e7a de c\u00e2ncer de pr\u00f3stata. Esses sintomas incluem: <\/strong> <\/h5>\n<ul>\n<li> Necessidade de urinar com frequ\u00eancia, especialmente \u00e0 noite <\/li>\n<li> Dificuldade para come\u00e7ar a urinar ou reter a urina <\/li>\n<li> Fluxo de urina fraco ou interrompido <\/li>\n<li> Dor ou queima\u00e7\u00e3o ao urinar <\/li>\n<li> Dificuldade em ter uma ere\u00e7\u00e3o <\/li>\n<li> Ejacula\u00e7\u00e3o dolorosa <\/li>\n<li> Sangue na urina ou s\u00eamen <\/li>\n<li> Dor ou rigidez frequente na parte inferior das costas, quadris ou parte superior das coxas <\/li>\n<\/ul>\n<p>Voc\u00ea deve consultar seu m\u00e9dico se sentir algum dos sintomas acima.<\/p>\n<p>Como esses sintomas tamb\u00e9m podem indicar a presen\u00e7a de outras doen\u00e7as ou dist\u00farbios, como HPB ou prostatite, os homens ser\u00e3o submetidos a uma investiga\u00e7\u00e3o completa para determinar a causa subjacente.<\/p>\n","protected":false},"excerpt":{"rendered":"<p>if you experience any of the symptoms above. Because these symptoms can also indicate the presence of other diseases or disorders, such as BPH or prostatitis, men will undergo a thorough work-up to determine the underlying cause.<\/p>\n","protected":false},"author":1,"featured_media":0,"parent":0,"menu_order":0,"comment_status":"closed","ping_status":"closed","template":"","meta":{"footnotes":""},"class_list":["post-33","page","type-page","status-publish","hentry"],"_links":{"self":[{"href":"https:\/\/miamiroboticprostatectomy.com\/pt\/wp-json\/wp\/v2\/pages\/33","targetHints":{"allow":["GET"]}}],"collection":[{"href":"https:\/\/miamiroboticprostatectomy.com\/pt\/wp-json\/wp\/v2\/pages"}],"about":[{"href":"https:\/\/miamiroboticprostatectomy.com\/pt\/wp-json\/wp\/v2\/types\/page"}],"author":[{"embeddable":true,"href":"https:\/\/miamiroboticprostatectomy.com\/pt\/wp-json\/wp\/v2\/users\/1"}],"replies":[{"embeddable":true,"href":"https:\/\/miamiroboticprostatectomy.com\/pt\/wp-json\/wp\/v2\/comments?post=33"}],"version-history":[{"count":28,"href":"https:\/\/miamiroboticprostatectomy.com\/pt\/wp-json\/wp\/v2\/pages\/33\/revisions"}],"predecessor-version":[{"id":2937,"href":"https:\/\/miamiroboticprostatectomy.com\/pt\/wp-json\/wp\/v2\/pages\/33\/revisions\/2937"}],"wp:attachment":[{"href":"https:\/\/miamiroboticprostatectomy.com\/pt\/wp-json\/wp\/v2\/media?parent=33"}],"curies":[{"name":"wp","href":"https:\/\/api.w.org\/{rel}","templated":true}]}}