{"id":35,"date":"2017-09-21T11:40:00","date_gmt":"2017-09-21T11:40:00","guid":{"rendered":"http:\/\/www.miamiroboticprostatectomy.com\/\/?page_id=35"},"modified":"2021-08-23T11:45:35","modified_gmt":"2021-08-23T11:45:35","slug":"prostate-cancer-faqs","status":"publish","type":"page","link":"https:\/\/miamiroboticprostatectomy.com\/pt\/prostate-cancer-faqs\/","title":{"rendered":"Perguntas frequentes sobre c\u00e2ncer de pr\u00f3stata"},"content":{"rendered":"<p>&nbsp;<\/p>\n<h4>Combate ao c\u00e2ncer de pr\u00f3stata, a segunda causa principal de morte em homens<\/h4>\n<div class=\"mar-10\"><\/div>\n<div class=\"row\">\n<div id=\"main\" class=\"col-md-12\">\n<div id=\"accordion\" class=\"panel-group\" role=\"tablist\" aria-multiselectable=\"true\">\n<div class=\"panel panel-default\">\n<div id=\"headingTwo\" class=\"panel-heading\" role=\"tab\">\n<h4 class=\"panel-title\"><a class=\"collapsed\" role=\"button\" href=\"#collapse1\" data-toggle=\"collapse\" data-parent=\"#accordion\" aria-expanded=\"false\" aria-controls=\"collapse1\"><br \/>\nO que \u00e9 um teste PSA?<br \/>\n<\/a><\/h4>\n<\/div>\n<div id=\"collapse1\" class=\"panel-collapse collapse\" role=\"tabpanel\" aria-labelledby=\"headingTwo\">\n<div class=\"panel-body\">\n<p>O teste de ant\u00edgeno espec\u00edfico da pr\u00f3stata (PSA) usa uma amostra de sangue para medir e monitorar o n\u00edvel de PSA que est\u00e1 sendo produzido pela pr\u00f3stata. \u00c9 muito importante entender que o teste de PSA n\u00e3o \u00e9 um teste de c\u00e2ncer de pr\u00f3stata. Quando os n\u00edveis de PSA s\u00e3o monitorados por um per\u00edodo de anos, especialistas em c\u00e2ncer de pr\u00f3stata como o Dr. Razdan podem detectar picos ou eleva\u00e7\u00f5es nos n\u00edveis de PSA de um homem.\n<\/p><\/div>\n<\/div>\n<\/div>\n<div class=\"panel panel-default\">\n<div id=\"headingTwo\" class=\"panel-heading\" role=\"tab\">\n<h4 class=\"panel-title\"><a class=\"collapsed\" role=\"button\" href=\"#collapseTwo\" data-toggle=\"collapse\" data-parent=\"#accordion\" aria-expanded=\"false\" aria-controls=\"collapseTwo\"><br \/>\nO que significa o termo Velocidade PSA?<br \/>\n<\/a><\/h4>\n<\/div>\n<div id=\"collapseTwo\" class=\"panel-collapse collapse\" role=\"tabpanel\" aria-labelledby=\"headingTwo\">\n<div class=\"panel-body\">\n<p>Sua velocidade de PSA \u00e9 a taxa na qual seus n\u00edveis de PSA est\u00e3o mudando ao longo de um determinado per\u00edodo de tempo. O mapeamento do PSA por um especialista em c\u00e2ncer de pr\u00f3stata \u00e9 a maneira mais precisa de determinar se as eleva\u00e7\u00f5es do PSA s\u00e3o motivo de preocupa\u00e7\u00e3o. Por exemplo, um n\u00edvel de PSA de 4,0 ng \/ ml \u00e9 considerado normal; no entanto, altera\u00e7\u00f5es maiores que 2,0 ng \/ ml por ano s\u00e3o uma indica\u00e7\u00e3o da presen\u00e7a potencial de c\u00e2ncer de pr\u00f3stata, uma infec\u00e7\u00e3o ou aumento da pr\u00f3stata.<\/p>\n<\/div>\n<\/div>\n<\/div>\n<div class=\"panel panel-default\">\n<div id=\"headingTwo\" class=\"panel-heading\" role=\"tab\">\n<h4 class=\"panel-title\"><a class=\"collapsed\" role=\"button\" href=\"#collapse2\" data-toggle=\"collapse\" data-parent=\"#accordion\" aria-expanded=\"false\" aria-controls=\"collapse2\"><br \/>\nQuando devo fazer o teste PSA?<br \/>\n<\/a><\/h4>\n<\/div>\n<div id=\"collapse2\" class=\"panel-collapse collapse\" role=\"tabpanel\" aria-labelledby=\"headingTwo\">\n<div class=\"panel-body\">\n<p>A American Urological Association recomenda que a maioria dos homens precise apenas de um teste de PSA a cada 2 anos. Homens com idades entre 55 e 69 anos devem pesar os pr\u00f3s e os contras do teste de PSA antes de tomar sua pr\u00f3pria decis\u00e3o sobre um cronograma de testes.<\/p>\n<p>Com base na experi\u00eancia mundialmente conhecida do Dr. Razdan com c\u00e2ncer de pr\u00f3stata, ele incentiva fortemente os homens a se comprometerem com pelo menos um exame de PSA a cada ano e a fazerem um teste de base aos 40 anos.<\/p>\n<p>O Dr. Razdan acredita que todos os homens com mais de 40 anos devem fazer um exame de sangue PSA (ant\u00edgeno espec\u00edfico da pr\u00f3stata) e um exame retal digital como parte de seu exame f\u00edsico anual. Para aqueles homens com fatores de risco de c\u00e2ncer de pr\u00f3stata, como hist\u00f3rico familiar da doen\u00e7a ou homens afro-americanos &#8211; o rastreamento deve come\u00e7ar ainda mais cedo. Atrav\u00e9s do monitoramento dos n\u00edveis de PSA, os homens que est\u00e3o em risco de desenvolver a doen\u00e7a podem ser monitorados de perto e facilmente.<\/p>\n<p>Se um n\u00edvel elevado de PSA for detectado, uma bi\u00f3psia da pr\u00f3stata pode ser realizada para confirmar a presen\u00e7a de c\u00e2ncer.<\/p>\n<p>Se voc\u00ea \u00e9 um homem que come\u00e7ou a examinar seus n\u00edveis de PSA, mas est\u00e1 tendo dificuldades para urinar, uma sensa\u00e7\u00e3o constante de urinar, a sensa\u00e7\u00e3o de que n\u00e3o consegue esvaziar totalmente a bexiga ou sangue na urina: voc\u00ea deve consultar o seu urologista imediatamente . Estes podem ser sinais de HBP ou c\u00e2ncer de pr\u00f3stata.\n<\/p><\/div>\n<\/div>\n<\/div>\n<div class=\"panel panel-default\">\n<div id=\"headingTwo\" class=\"panel-heading\" role=\"tab\">\n<h4 class=\"panel-title\"><a class=\"collapsed\" role=\"button\" href=\"#collapse4\" data-toggle=\"collapse\" data-parent=\"#accordion\" aria-expanded=\"false\" aria-controls=\"collapse4\"><br \/>\nQue outros testes, al\u00e9m do teste de PSA, est\u00e3o dispon\u00edveis para c\u00e2ncer de pr\u00f3stata?<br \/>\n<\/a><\/h4>\n<\/div>\n<div id=\"collapse4\" class=\"panel-collapse collapse\" role=\"tabpanel\" aria-labelledby=\"headingTwo\">\n<div class=\"panel-body\">\n<p>A American Urological Association recomenda que a maioria dos homens precise apenas de um teste de PSA a cada 2 anos. Homens com idades entre 55 e 69 anos devem pesar os pr\u00f3s e os contras do teste de PSA antes de tomar sua pr\u00f3pria decis\u00e3o sobre um cronograma de testes.<\/p>\n<p>Com base na experi\u00eancia mundialmente conhecida do Dr. Razdan com c\u00e2ncer de pr\u00f3stata, ele incentiva fortemente os homens a se comprometerem com pelo menos um exame de PSA a cada ano e a fazerem um teste de base aos 40 anos.<\/p>\n<p>O Dr. Razdan acredita que todos os homens com mais de 40 anos devem fazer um exame de sangue PSA (ant\u00edgeno espec\u00edfico da pr\u00f3stata) e um exame retal digital como parte de seu exame f\u00edsico anual. Para aqueles homens com fatores de risco de c\u00e2ncer de pr\u00f3stata, como hist\u00f3rico familiar da doen\u00e7a ou homens afro-americanos &#8211; o rastreamento deve come\u00e7ar ainda mais cedo. Atrav\u00e9s do monitoramento dos n\u00edveis de PSA, os homens que est\u00e3o em risco de desenvolver a doen\u00e7a podem ser monitorados de perto e facilmente.<\/p>\n<p>Se um n\u00edvel elevado de PSA for detectado, uma bi\u00f3psia da pr\u00f3stata pode ser realizada para confirmar a presen\u00e7a de c\u00e2ncer.<\/p>\n<p>Se voc\u00ea \u00e9 um homem que come\u00e7ou a examinar seus n\u00edveis de PSA, mas est\u00e1 tendo dificuldades para urinar, uma sensa\u00e7\u00e3o constante de urinar, a sensa\u00e7\u00e3o de que n\u00e3o consegue esvaziar totalmente a bexiga ou sangue na urina: voc\u00ea deve consultar o seu urologista imediatamente . Podem ser sinais de HBP ou c\u00e2ncer de pr\u00f3stata. Existem diferentes tipos de testes de rastreamento que geralmente se enquadram em duas categorias: rastreamento do c\u00e2ncer de pr\u00f3stata e rastreamento para ajudar a determinar o est\u00e1gio da doen\u00e7a. Esses testes s\u00e3o:<\/p>\n<p>&#038; nbsp;<\/p>\n<p><b> 1. Exame retal digital (DRE). <\/b> Este \u00e9 um exame feito por um m\u00e9dico que insere um dedo esterilizado e lubrificado protegido no reto para examinar a pr\u00f3stata. Durante este exame, o m\u00e9dico ir\u00e1 procurar anormalidades na forma, tamanho ou textura.<\/p>\n<p>&#038; nbsp;<\/p>\n<p><b> 2. Ultrassom transretal. <\/b> Uma sonda de ultrassom \u00e9 inserida no reto, que emite ondas sonoras para produzir uma imagem ao vivo da pr\u00f3stata.<\/p>\n<p>&#038; nbsp;<\/p>\n<p>3. <b> Bi\u00f3psia da pr\u00f3stata. <\/b> Sob a orienta\u00e7\u00e3o do ultrassom, o urologista remover\u00e1 at\u00e9 12 n\u00facleos (pequenos peda\u00e7os de tecido da pr\u00f3stata) para avalia\u00e7\u00e3o. Essas amostras de tecido fornecem um diagn\u00f3stico de c\u00e2ncer de pr\u00f3stata e classificam o est\u00e1gio do c\u00e2ncer, mais conhecido como o Combined Gleason Score ou CGS. A bi\u00f3psia da pr\u00f3stata e o CGS s\u00e3o importantes no diagn\u00f3stico e na escolha da op\u00e7\u00e3o de tratamento adequada.\n<\/div>\n<\/div>\n<\/div>\n<div class=\"panel panel-default\">\n<div id=\"headingTwo\" class=\"panel-heading\" role=\"tab\">\n<h4 class=\"panel-title\"><a class=\"collapsed\" role=\"button\" href=\"#collapse9\" data-toggle=\"collapse\" data-parent=\"#accordion\" aria-expanded=\"false\" aria-controls=\"collapse9\"><br \/>\nO que \u00e9 c\u00e2ncer de pr\u00f3stata?<br \/>\n<\/a><\/h4>\n<\/div>\n<div id=\"collapse9\" class=\"panel-collapse collapse\" role=\"tabpanel\" aria-labelledby=\"headingTwo\">\n<div class=\"panel-body\">\n<p>O c\u00e2ncer de pr\u00f3stata refere-se a c\u00e9lulas anormais na gl\u00e2ndula da pr\u00f3stata, que faz parte do sistema reprodutor masculino. A pr\u00f3stata est\u00e1 situada logo abaixo da bexiga e na frente do reto. Uma pr\u00f3stata normal tem o tamanho de uma noz.<\/p>\n<p><b> Quem corre risco de desenvolver c\u00e2ncer de pr\u00f3stata? <\/b><\/p>\n<p>O c\u00e2ncer de pr\u00f3stata pode afetar homens de qualquer idade, mas \u00e9 mais comum em homens com mais de 50 anos. Oito em cada 10 homens que sofrem de c\u00e2ncer de pr\u00f3stata t\u00eam mais de 65 anos. Homens afro-americanos correm maior risco, assim como homens com um <strong> hist\u00f3rico familiar da doen\u00e7a. <\/strong> Homens que comem uma dieta rica em gorduras ou que s\u00e3o obesos tamb\u00e9m podem ter maiores chances de desenvolver c\u00e2ncer de pr\u00f3stata. <strong> A associa\u00e7\u00e3o mais forte \u00e9 gen\u00e9tica. <\/strong> Se seu pai, tio ou irm\u00e3o teve c\u00e2ncer de pr\u00f3stata, voc\u00ea tem um risco muito maior de desenvolver a doen\u00e7a e provavelmente deve come\u00e7ar o rastreamento aos 40 anos ou at\u00e9 antes.\n<\/div>\n<\/div>\n<\/div>\n<div class=\"panel panel-default\">\n<div id=\"headingThree\" class=\"panel-heading\" role=\"tab\">\n<h4 class=\"panel-title\"><a class=\"collapsed\" role=\"button\" href=\"#collapseThree\" data-toggle=\"collapse\" data-parent=\"#accordion\" aria-expanded=\"false\" aria-controls=\"collapseThree\"><br \/>\nO que pode ser feito para diminuir o risco de contrair a doen\u00e7a?<br \/>\n<\/a><\/h4>\n<\/div>\n<div id=\"collapseThree\" class=\"panel-collapse collapse\" role=\"tabpanel\" aria-labelledby=\"headingThree\">\n<div class=\"panel-body\">\n<p>Enquanto os pesquisadores continuam a estudar o efeito da dieta e de outros fatores de estilo de vida sobre o risco de um homem desenvolver c\u00e2ncer de pr\u00f3stata, existem algumas mudan\u00e7as que podem estar associadas a uma diminui\u00e7\u00e3o do risco de c\u00e2ncer de pr\u00f3stata. Os homens s\u00e3o incentivados a fazer uma dieta com baixo teor de gordura, especialmente gordura animal, e incluir mais frutas e vegetais. De acordo com o Instituto Nacional do C\u00e2ncer, estudos mostram que uma dieta rica em latic\u00ednios e c\u00e1lcio tamb\u00e9m pode estar associada a um risco aumentado de c\u00e2ncer de pr\u00f3stata, embora o aumento possa ser pequeno.<\/p>\n<div class=\"mar-10\"><\/div>\n<p>Quais s\u00e3o os sintomas do c\u00e2ncer de pr\u00f3stata?<\/p>\n<p>Na maioria dos casos, o c\u00e2ncer de pr\u00f3stata em est\u00e1gio inicial <strong> n\u00e3o produz nenhum sintoma <\/strong>, mas podem come\u00e7ar a aparecer \u00e0 medida que o c\u00e2ncer cresce. Os sintomas incluem:<\/p>\n<div class=\"mar-10\"><\/div>\n<ul>\n<li> Dificuldade para come\u00e7ar a urinar <\/li>\n<li> Menos for\u00e7a para o jato de urina <\/li>\n<li> Mic\u00e7\u00e3o frequente, especialmente durante a noite <\/li>\n<li> Dor ao urinar <\/li>\n<li> Sangue ou pus na urina <\/li>\n<li> Dor no quadril, parte inferior das costas ou parte inferior da p\u00e9lvis <\/li>\n<li> Perda de peso n\u00e3o intencional e \/ ou perda de apetite <\/li>\n<\/ul>\n<\/div>\n<\/div>\n<\/div>\n<div class=\"panel panel-default\">\n<div id=\"headingfour\" class=\"panel-heading\" role=\"tab\">\n<h4 class=\"panel-title\"><a class=\"collapsed\" role=\"button\" href=\"#collapsefour\" data-toggle=\"collapse\" data-parent=\"#accordion\" aria-expanded=\"false\" aria-controls=\"collapsefour\"><br \/>\nQue tipos de op\u00e7\u00f5es est\u00e3o dispon\u00edveis para tratar o c\u00e2ncer de pr\u00f3stata?<br \/>\n<\/a><\/h4>\n<\/div>\n<div id=\"collapsefour\" class=\"panel-collapse collapse\" role=\"tabpanel\" aria-labelledby=\"headingfour\">\n<div class=\"panel-body\">\n<p>O c\u00e2ncer de pr\u00f3stata pode ser tratado com sucesso se for detectado precocemente, antes de se espalhar para outras partes do corpo. Cirurgia, radioterapia, crioabla\u00e7\u00e3o e tratamento hormonal s\u00e3o op\u00e7\u00f5es razo\u00e1veis \u200b\u200bno ambiente cl\u00ednico apropriado. Uma nova op\u00e7\u00e3o de tratamento para os pacientes \u00e9 o desenvolvimento de uma nova forma revolucion\u00e1ria de cirurgia de pr\u00f3stata, a <strong> <u> prostatectomia rob\u00f3tica <\/u> <\/strong>, que permite ao cirurgi\u00e3o realizar procedimentos minimamente invasivos, como a remo\u00e7\u00e3o de a pr\u00f3stata, em \u00e1reas de dif\u00edcil alcance com mais precis\u00e3o. Como essa tecnologia \u00e9 menos invasiva do que outras op\u00e7\u00f5es cir\u00fargicas, os pacientes sentem dor m\u00ednima, perda m\u00ednima de sangue e recupera\u00e7\u00e3o mais r\u00e1pida. Os pacientes submetidos a este procedimento podem esperar uma excelente chance de cura com o retorno \u00e0s atividades normais em alguns dias.<\/p>\n<p>&#038; nbsp;<\/p>\n<p>No International Robotic Prostatectomy Institute, o mundialmente renomado cirurgi\u00e3o rob\u00f3tico Dr. Sanjay Razdan e sua equipe altamente experiente e qualificada de assistentes est\u00e3o agora oferecendo <strong> <u> cirurgia rob\u00f3tica ambulatorial para c\u00e2ncer de pr\u00f3stata <\/u> <\/strong>. Felizmente, na maioria dos casos, os <strong> <span style = \"text-decoration: underline;\"> pacientes permanecem <\/span> <\/strong><b> <u> continente e n\u00e3o experimentam impot\u00eancia <\/u> < \/ b>. O Dr. Razdan desenvolveu recentemente sua pr\u00f3pria t\u00e9cnica de <b> \u201cpreserva\u00e7\u00e3o at\u00e9rmica combinada anter\u00f3grada e retr\u00f3grada do nervo\u201d <\/b>, que resultou em <b> resultados muito superiores com rela\u00e7\u00e3o \u00e0 fun\u00e7\u00e3o er\u00e9til. <\/b> Ap\u00f3s a cirurgia, <forte > <u> nosso Programa de Reabilita\u00e7\u00e3o Peniana <\/u> <\/strong> \u00e9 exclusivamente adequado para trabalhar individualmente com cada paciente de uma maneira compassiva para garantir os excelentes resultados pelos quais este centro passou a ser reconhecido.<\/div>\n<\/div>\n<\/div>\n<div class=\"panel panel-default\">\n<div id=\"headingfive\" class=\"panel-heading\" role=\"tab\">\n<h4 class=\"panel-title\"><a class=\"collapsed\" role=\"button\" href=\"#collapsefive\" data-toggle=\"collapse\" data-parent=\"#accordion\" aria-expanded=\"false\" aria-controls=\"collapsefive\"><br \/>\nComo os homens podem aprender mais sobre o c\u00e2ncer de pr\u00f3stata e as v\u00e1rias op\u00e7\u00f5es de tratamento?<br \/>\n<\/a> <\/h4>\n<\/div>\n<div id = \"collapsefive\" class = \"panel-collapse collapse\" role = \"tabpanel\" aria-labelledby = \"headerfive\">\n<div class = \"panel-body\">\n<p>O <strong> <u> Instituto Internacional de Prostatectomia Rob\u00f3tica <\/u> <\/strong> \u00e9 um recurso importante para <b> testes de diagn\u00f3stico e tratamento de ponta para a pr\u00f3stata e outros problemas urol\u00f3gicos. <\/b> O O Centro \u00e9 formado por m\u00e9dicos internacionalmente reconhecidos, especialistas neste tipo de doen\u00e7as. A <strong> <u> Linha de Apoio ao C\u00e2ncer <\/u> <\/strong> do Dr. Razdan, que tem centenas de pacientes inscritos, \u00e9 outro recurso valioso para pacientes que buscam informa\u00e7\u00f5es sobre o tratamento do c\u00e2ncer de pr\u00f3stata e o que esperar ap\u00f3s a cirurgia.<\/p>\n<\/div>\n<\/div>\n<\/div>\n<\/div>\n<\/div>\n<\/div>\n","protected":false},"excerpt":{"rendered":"<p>&nbsp; Combate ao c\u00e2ncer de pr\u00f3stata, a segunda causa principal de morte em homens O que \u00e9 um teste PSA? O teste de ant\u00edgeno espec\u00edfico da pr\u00f3stata (PSA) usa uma amostra de sangue para medir e monitorar o n\u00edvel de PSA que est\u00e1 sendo produzido pela pr\u00f3stata. \u00c9 muito importante entender que o teste de [&hellip;]<\/p>\n","protected":false},"author":1,"featured_media":0,"parent":0,"menu_order":0,"comment_status":"closed","ping_status":"closed","template":"","meta":{"footnotes":""},"class_list":["post-35","page","type-page","status-publish","hentry"],"_links":{"self":[{"href":"https:\/\/miamiroboticprostatectomy.com\/pt\/wp-json\/wp\/v2\/pages\/35","targetHints":{"allow":["GET"]}}],"collection":[{"href":"https:\/\/miamiroboticprostatectomy.com\/pt\/wp-json\/wp\/v2\/pages"}],"about":[{"href":"https:\/\/miamiroboticprostatectomy.com\/pt\/wp-json\/wp\/v2\/types\/page"}],"author":[{"embeddable":true,"href":"https:\/\/miamiroboticprostatectomy.com\/pt\/wp-json\/wp\/v2\/users\/1"}],"replies":[{"embeddable":true,"href":"https:\/\/miamiroboticprostatectomy.com\/pt\/wp-json\/wp\/v2\/comments?post=35"}],"version-history":[{"count":37,"href":"https:\/\/miamiroboticprostatectomy.com\/pt\/wp-json\/wp\/v2\/pages\/35\/revisions"}],"predecessor-version":[{"id":2955,"href":"https:\/\/miamiroboticprostatectomy.com\/pt\/wp-json\/wp\/v2\/pages\/35\/revisions\/2955"}],"wp:attachment":[{"href":"https:\/\/miamiroboticprostatectomy.com\/pt\/wp-json\/wp\/v2\/media?parent=35"}],"curies":[{"name":"wp","href":"https:\/\/api.w.org\/{rel}","templated":true}]}}