{"id":4,"date":"2017-09-21T10:25:10","date_gmt":"2017-09-21T10:25:10","guid":{"rendered":"http:\/\/www.miamiroboticprostatectomy.com\/\/?page_id=4"},"modified":"2021-08-23T11:55:20","modified_gmt":"2021-08-23T11:55:20","slug":"dr-razdan","status":"publish","type":"page","link":"https:\/\/miamiroboticprostatectomy.com\/pt\/dr-razdan\/","title":{"rendered":"Dr. Razdan"},"content":{"rendered":"<p><strong>Sanjay Razdan, M.D., MCh, FRCS (Glasg)<\/strong>\u00a0\u00e9 o professor e presidente do International Robotic Prostatectomy Institute, uma instala\u00e7\u00e3o de \u00faltima gera\u00e7\u00e3o reconhecida mundialmente, dedicada exclusivamente ao tratamento do c\u00e2ncer de pr\u00f3stata. <strong>Ele \u00e9 o ex-Diretor do Centro de Excel\u00eancia em Urologia e Presidente do Departamento de Cirurgia da<\/strong> Hospital Jackson South em Miami. Como um dos l\u00edderes globais em cirurgia rob\u00f3tica da pr\u00f3stata para c\u00e2ncer de pr\u00f3stata, sua s\u00e9rie est\u00e1 entre as maiores por um \u00fanico cirurgi\u00e3o no mundo. <strong>Dr. Razdan tamb\u00e9m \u00e9 um dos pioneiros na execu\u00e7\u00e3o bem-sucedida de procedimentos rob\u00f3ticos de resgate para falhas de radia\u00e7\u00e3o e criogenia.<\/strong> O centro possui uma linha de apoio ao c\u00e2ncer, onde todos os seus pacientes podem compartilhar suas experi\u00eancias com cirurgia de pr\u00f3stata.<\/p>\n<p>O Dr. Razdan se formou como o primeiro de sua classe na faculdade de medicina e nomeada mais de <strong> 12 medalhas de ouro por excel\u00eancia acad\u00eamica <\/strong>. Ele completou sua resid\u00eancia em urologia na UM \/ Jackson, onde novamente foi classificado como o melhor residente graduando. Ele ent\u00e3o passou a fazer uma bolsa de estudos avan\u00e7ados em endourologia e oncologia urol\u00f3gica minimamente invasiva, incluindo o daVinci<sup>\u00ae<\/sup> sistema cir\u00fargico rob\u00f3tico no Thomas Jefferson University Hospital, na Filad\u00e9lfia. Enquanto estava na Jefferson, ele, pela segunda vez em sua carreira, recebeu o <strong> Pfizer <a href=\"https:\/\/miamiroboticprostatectomy.com\/pt\/awards\/\">Pr\u00eamio<\/a><\/strong> pela contribui\u00e7\u00e3o not\u00e1vel para o campo da urologia. Ele tamb\u00e9m foi agraciado com o prestigioso pr\u00eamio de <strong> \u201cexcelente cirurgi\u00e3o laparosc\u00f3pico\u201d <\/strong> pela sociedade de cirurgi\u00f5es laparosc\u00f3picos. Dr. Razdan \u00e9 um dos primeiros urologistas no sul da Fl\u00f3rida a realizar o estado da arte <strong> \u201cdaVinci<sup>\u00ae<\/sup> Cirurgia rob\u00f3tica da pr\u00f3stata radical \u201d<\/strong>. Ele tamb\u00e9m \u00e9 o Diretor do \u201cComprehensive Kidney Stone Center\u201d de Miami, que atende a todos os aspectos do tratamento e preven\u00e7\u00e3o da doen\u00e7a de pedra nos rins.<\/p>\n<p>Como um dos poucos da elite no pa\u00eds que s\u00e3o treinados em rob\u00f3tica de alta tecnologia e cirurgia a laser, o Dr. Razdan se apresentou em muitos semin\u00e1rios m\u00e9dicos nacionais e internacionais e recebeu v\u00e1rios pr\u00eamios. Al\u00e9m disso, ele \u00e9 o <strong> Diretor da altamente cobi\u00e7ada Fellowship in Endourology and Robotic Surgery <\/strong>, dando continuidade \u00e0 renomada excel\u00eancia m\u00e9dica pela qual o Jackson Health System \u00e9 conhecido. O Dr. Razdan \u00e9 <strong> certificado pelo The American Board of Urology e pela Endourology Society <\/strong>. Ele \u00e9 considerado por muitos como o <a href=\"https:\/\/en.everybodywiki.com\/Sanjay_Razdan\" target=\"_blank\" rel=\"noopener\">melhor cirurgi\u00e3o de c\u00e2ncer de pr\u00f3stata <\/a> na \u00e1rea de Urologia.<\/p>\n","protected":false},"excerpt":{"rendered":"<p>Sanjay Razdan, M.D., MCh, FRCS (Glasg)\u00a0\u00e9 o professor e presidente do International Robotic Prostatectomy Institute, uma instala\u00e7\u00e3o de \u00faltima gera\u00e7\u00e3o reconhecida mundialmente, dedicada exclusivamente ao tratamento do c\u00e2ncer de pr\u00f3stata. Ele \u00e9 o ex-Diretor do Centro de Excel\u00eancia em Urologia e Presidente do Departamento de Cirurgia da Hospital Jackson South em Miami. Como um dos [&hellip;]<\/p>\n","protected":false},"author":1,"featured_media":0,"parent":0,"menu_order":0,"comment_status":"closed","ping_status":"closed","template":"","meta":{"footnotes":""},"class_list":["post-4","page","type-page","status-publish","hentry"],"_links":{"self":[{"href":"https:\/\/miamiroboticprostatectomy.com\/pt\/wp-json\/wp\/v2\/pages\/4","targetHints":{"allow":["GET"]}}],"collection":[{"href":"https:\/\/miamiroboticprostatectomy.com\/pt\/wp-json\/wp\/v2\/pages"}],"about":[{"href":"https:\/\/miamiroboticprostatectomy.com\/pt\/wp-json\/wp\/v2\/types\/page"}],"author":[{"embeddable":true,"href":"https:\/\/miamiroboticprostatectomy.com\/pt\/wp-json\/wp\/v2\/users\/1"}],"replies":[{"embeddable":true,"href":"https:\/\/miamiroboticprostatectomy.com\/pt\/wp-json\/wp\/v2\/comments?post=4"}],"version-history":[{"count":9,"href":"https:\/\/miamiroboticprostatectomy.com\/pt\/wp-json\/wp\/v2\/pages\/4\/revisions"}],"predecessor-version":[{"id":2870,"href":"https:\/\/miamiroboticprostatectomy.com\/pt\/wp-json\/wp\/v2\/pages\/4\/revisions\/2870"}],"wp:attachment":[{"href":"https:\/\/miamiroboticprostatectomy.com\/pt\/wp-json\/wp\/v2\/media?parent=4"}],"curies":[{"name":"wp","href":"https:\/\/api.w.org\/{rel}","templated":true}]}}