{"id":5,"date":"2017-09-21T10:25:19","date_gmt":"2017-09-21T10:25:19","guid":{"rendered":"http:\/\/www.miamiroboticprostatectomy.com\/\/?page_id=5"},"modified":"2021-11-16T11:54:48","modified_gmt":"2021-11-16T11:54:48","slug":"robotic-prostate-surgery","status":"publish","type":"page","link":"https:\/\/miamiroboticprostatectomy.com\/pt\/robotic-prostate-surgery\/","title":{"rendered":"Cirug\u00eda rob\u00f3tica de pr\u00f3stata"},"content":{"rendered":"<p>The Dawn of a New Era<\/p>\n<div class=\"row\">\n<div class=\"col-md-4\">\n<p><iframe src=\"https:\/\/www.youtube.com\/embed\/9lAYRZ9qz44?autoplay=1&amp;autohide=2&amp;modestbranding=1\" width=\"100%\" frameborder=\"0\" allowfullscreen=\"allowfullscreen\"><\/iframe><strong>Watch Dr. Razdan perform Robotic Prostate Surgery<\/strong><\/p>\n<\/div>\n<div class=\"col-md-4\">\n<p><iframe src=\"https:\/\/www.youtube.com\/embed\/HiVIvEyM8E4?&amp;autohide=2&amp;modestbranding=1\" width=\"100%\" frameborder=\"0\" allowfullscreen=\"allowfullscreen\"><\/iframe><strong>da Vinci<sup>\u00ae<\/sup> Robotic Prostatectomy<\/strong><\/p>\n<\/div>\n<div class=\"col-md-4\">\n<p><iframe src=\"https:\/\/www.youtube.com\/embed\/_5wW4HcAf2I?&amp;autohide=2&amp;modestbranding=1\" width=\"100%\" frameborder=\"0\" allowfullscreen=\"allowfullscreen\"><\/iframe><strong>Informaci\u00f3n sobre prostatectom\u00eda rob\u00f3tica<\/strong><\/p>\n<\/div>\n<\/div>\n<h5><strong> da Vinci <sup> \u00ae <\/sup> Prostatectom\u00eda rob\u00f3tica: un procedimiento quir\u00fargico m\u00ednimamente invasivo <\/strong><\/h5>\n<p>Ante un diagn\u00f3stico de c\u00e1ncer de pr\u00f3stata, es importante conocer todos los tratamientos y opciones quir\u00fargicas. Si su m\u00e9dico recomienda una cirug\u00eda para tratar su c\u00e1ncer de pr\u00f3stata, es posible que usted sea candidato para un nuevo procedimiento quir\u00fargico menos invasivo llamado prostatectom\u00eda rob\u00f3tica da Vinci <sup> \u00ae <\/sup>. Este procedimiento de prostatectom\u00eda rob\u00f3tica incorpora un sistema quir\u00fargico de \u00faltima generaci\u00f3n que ayuda a su cirujano a ver estructuras anat\u00f3micas vitales con mayor claridad y a realizar un procedimiento quir\u00fargico m\u00e1s preciso.<br \/>\n<strong>CIRUG\u00cdA<\/strong><\/p>\n<div class=\"row\">\n<div class=\"col-md-4\"><img decoding=\"async\" class=\"img-responsive\" src=\"https:\/\/miamiroboticprostatectomy.com\/pt\/wp-content\/uploads\/2020\/01\/picture1.jpg\" alt=\"1\" title=\"\"><\/div>\n<div class=\"col-md-4\">\n<p><img decoding=\"async\" class=\"img-responsive\" src=\"https:\/\/miamiroboticprostatectomy.com\/pt\/wp-content\/uploads\/2017\/09\/2.png\" alt=\"2\" title=\"\"><strong>Incisi\u00f3n quir\u00fargica abierta<\/strong><\/p>\n<\/div>\n<div class=\"col-md-4\">\n<p><img decoding=\"async\" class=\"img-responsive\" src=\"https:\/\/miamiroboticprostatectomy.com\/pt\/wp-content\/uploads\/2017\/09\/3.png\" alt=\"3\" title=\"\"><strong>Incisiones quir\u00fargicas<\/strong><\/p>\n<\/div>\n<\/div>\n<p><strong> &#8220;El control urinario y las erecciones con la cirug\u00eda rob\u00f3tica de pr\u00f3stata da Vinci <sup> \u00ae <\/sup> son MUCHO MEJORES que con la cirug\u00eda de pr\u00f3stata radical laparosc\u00f3pica convencional (laprp)&#8221; <\/strong><\/p>\n<div class=\"row\">\n<div class=\"col-md-4\">\n<p><img decoding=\"async\" class=\"img-responsive\" src=\"https:\/\/miamiroboticprostatectomy.com\/pt\/wp-content\/uploads\/2020\/01\/picture7.jpg\" alt=\"4\" title=\"\"><strong>Haga clic aqu\u00ed para descargar el folleto de prostatectom\u00eda rob\u00f3tica<\/strong><\/p>\n<\/div>\n<div class=\"col-md-4\">\n<p><iframe src=\"https:\/\/www.youtube.com\/embed\/23xpEsmF0Aw?&amp;autohide=2&amp;modestbranding=1\" width=\"100%\" frameborder=\"0\" allowfullscreen=\"allowfullscreen\"><\/iframe><strong>Procedimiento revolucionario desarrollado por primera vez en el mundo desarrollado por el Dr. Razdan salva vidas sexuales de pacientes <\/strong><\/p>\n<\/div>\n<div class=\"col-md-4\">\n<p><iframe src=\"https:\/\/www.youtube.com\/embed\/Kf1mcJ1hu5M?&amp;autohide=2&amp;modestbranding=1\" width=\"100%\" frameborder=\"0\" allowfullscreen=\"allowfullscreen\"><\/iframe><strong>Primera Vez en el Mundo Procedimiento Revolucionario Desarrollado por el Dr. Razdan Los pacientes Guarda Vidas Sexuales<\/strong><\/p>\n<\/div>\n<\/div>\n<h5><strong> Para la mayor\u00eda de los pacientes, la cirug\u00eda de prostatectom\u00eda rob\u00f3tica da Vinci <sup> \u00ae <\/sup> ofrece numerosos beneficios potenciales sobre la prostatectom\u00eda abierta, que incluyen: <\/strong><\/h5>\n<ul>\n<li>Estad\u00eda hospitalaria m\u00e1s corta<\/li>\n<li>Dolor m\u00ednimo<\/li>\n<li>Menor riesgo de infecci\u00f3n<\/li>\n<li>Sin transfusiones de sangre<\/li>\n<li>Menos cicatrices<\/li>\n<li>Recuperaci\u00f3n m\u00e1s r\u00e1pida<\/li>\n<li>Regreso m\u00e1s r\u00e1pido a las actividades normales<\/li>\n<li>Excelente control urinario<\/li>\n<li>Excelentes erecciones<\/li>\n<\/ul>\n","protected":false},"excerpt":{"rendered":"<p>The Dawn of a New Era Watch Dr. Razdan perform Robotic Prostate Surgery da Vinci\u00ae Robotic Prostatectomy Informaci\u00f3n sobre prostatectom\u00eda rob\u00f3tica da Vinci \u00ae Prostatectom\u00eda rob\u00f3tica: un procedimiento quir\u00fargico m\u00ednimamente invasivo Ante un diagn\u00f3stico de c\u00e1ncer de pr\u00f3stata, es importante conocer todos los tratamientos y opciones quir\u00fargicas. Si su m\u00e9dico recomienda una cirug\u00eda para tratar [&hellip;]<\/p>\n","protected":false},"author":1,"featured_media":0,"parent":0,"menu_order":0,"comment_status":"closed","ping_status":"closed","template":"","meta":{"footnotes":""},"class_list":["post-5","page","type-page","status-publish","hentry"],"_links":{"self":[{"href":"https:\/\/miamiroboticprostatectomy.com\/pt\/wp-json\/wp\/v2\/pages\/5","targetHints":{"allow":["GET"]}}],"collection":[{"href":"https:\/\/miamiroboticprostatectomy.com\/pt\/wp-json\/wp\/v2\/pages"}],"about":[{"href":"https:\/\/miamiroboticprostatectomy.com\/pt\/wp-json\/wp\/v2\/types\/page"}],"author":[{"embeddable":true,"href":"https:\/\/miamiroboticprostatectomy.com\/pt\/wp-json\/wp\/v2\/users\/1"}],"replies":[{"embeddable":true,"href":"https:\/\/miamiroboticprostatectomy.com\/pt\/wp-json\/wp\/v2\/comments?post=5"}],"version-history":[{"count":76,"href":"https:\/\/miamiroboticprostatectomy.com\/pt\/wp-json\/wp\/v2\/pages\/5\/revisions"}],"predecessor-version":[{"id":3002,"href":"https:\/\/miamiroboticprostatectomy.com\/pt\/wp-json\/wp\/v2\/pages\/5\/revisions\/3002"}],"wp:attachment":[{"href":"https:\/\/miamiroboticprostatectomy.com\/pt\/wp-json\/wp\/v2\/media?parent=5"}],"curies":[{"name":"wp","href":"https:\/\/api.w.org\/{rel}","templated":true}]}}