{"id":555,"date":"2017-09-26T12:44:36","date_gmt":"2017-09-26T12:44:36","guid":{"rendered":"http:\/\/www.miamiroboticprostatectomy.com\/?page_id=555"},"modified":"2021-08-23T11:41:59","modified_gmt":"2021-08-23T11:41:59","slug":"awards","status":"publish","type":"page","link":"https:\/\/miamiroboticprostatectomy.com\/pt\/awards\/","title":{"rendered":"Pr\u00eamios"},"content":{"rendered":"<h2 class=\"pg-hdng\">Dr. Razdan \u00e9 homenageado com pr\u00eamios por seus servi\u00e7os<\/h2>\n<p>Dr. Razdan homenageado por sua pesquisa pioneira no 31\u00ba congresso mundial de Endourologia &#038; amp; SWL &#8211; setembro de 2014.<\/p>\n<div class=\"mar-10\"><\/div>\n<div class=\"row\">\n<div class=\"col-md-4 col-sm-4 col-xs-12\">\n<p><img decoding=\"async\" class=\"img-fluid\" src=\"http:\/\/www.miamiroboticprostatectomy.com\/wp-content\/uploads\/2017\/09\/q.jpg\" alt=\"olympus\" title=\"\"><\/p>\n<\/div>\n<div class=\"col-md-4 col-sm-4 col-xs-12\">\n<p><img decoding=\"async\" class=\"img-fluid\" src=\"http:\/\/www.miamiroboticprostatectomy.com\/wp-content\/uploads\/2017\/09\/r.jpg\" alt=\"chief resident\" title=\"\"><\/p>\n<\/div>\n<div class=\"col-md-4 col-sm-4 col-xs-12\">\n<p><img decoding=\"async\" class=\"img-fluid\" src=\"http:\/\/www.miamiroboticprostatectomy.com\/wp-content\/uploads\/2017\/09\/p.jpg\" alt=\"patient&#039;s choice award\" title=\"\"><\/p>\n<\/div>\n<\/div>\n<div class=\"mar-10\"><\/div>\n<div class=\"row\">\n<div class=\"col-md-4 col-sm-4 col-xs-12\">\n<p><img decoding=\"async\" class=\"img-fluid\" src=\"http:\/\/www.miamiroboticprostatectomy.com\/wp-content\/uploads\/2017\/09\/s.jpg\" alt=\"2001 award\" title=\"\"><\/p>\n<\/div>\n<div class=\"col-md-4 col-sm-4 col-xs-12\">\n<p><img decoding=\"async\" class=\"img-fluid\" src=\"http:\/\/www.miamiroboticprostatectomy.com\/wp-content\/uploads\/2017\/09\/A1.jpg\" alt=\"award\" title=\"\"><\/p>\n<\/div>\n<div class=\"col-md-4 col-sm-4 col-xs-12\">\n<p><img decoding=\"async\" class=\"img-fluid\" src=\"http:\/\/www.miamiroboticprostatectomy.com\/wp-content\/uploads\/2017\/09\/A2.jpg\" alt=\"resident achievement award\" title=\"\"><\/p>\n<\/div>\n<\/div>\n<div class=\"mar-10\"><\/div>\n<div class=\"row\">\n<div class=\"col-md-4 col-sm-4 col-xs-12\">\n<p><img decoding=\"async\" class=\"img-fluid\" src=\"http:\/\/www.miamiroboticprostatectomy.com\/wp-content\/uploads\/2017\/09\/A3.jpg\" alt=\"award\" title=\"\"><\/p>\n<\/div>\n<div class=\"col-md-4 col-sm-4 col-xs-12\">\n<p><img decoding=\"async\" class=\"img-fluid\" src=\"http:\/\/www.miamiroboticprostatectomy.com\/wp-content\/uploads\/2017\/09\/A4.jpg\" alt=\"a\" title=\"\"><\/p>\n<\/div>\n<div class=\"col-md-4 col-sm-4 col-xs-12\">\n<p><img decoding=\"async\" class=\"img-fluid\" src=\"http:\/\/www.miamiroboticprostatectomy.com\/wp-content\/uploads\/2017\/09\/1-1.jpg\" alt=\"la medicina y la globalizaci\u00f3n\" title=\"\"><\/p>\n<\/div>\n<\/div>\n<div class=\"mar-10\"><\/div>\n<div class=\"row\">\n<div class=\"col-md-4 col-sm-4 col-xs-12\">\n<p><img decoding=\"async\" class=\"img-fluid\" src=\"http:\/\/www.miamiroboticprostatectomy.com\/wp-content\/uploads\/2017\/09\/2.jpg\" alt=\"America&#039;s top urologist\" title=\"\"><\/p>\n<\/div>\n<div class=\"col-md-4 col-sm-4 col-xs-12\">\n<p><img decoding=\"async\" class=\"img-fluid\" src=\"http:\/\/www.miamiroboticprostatectomy.com\/wp-content\/uploads\/2017\/09\/3.jpg\" alt=\"most compassionate doctor\" title=\"\"><\/p>\n<\/div>\n<div class=\"col-md-4 col-sm-4 col-xs-12\">\n<p><img decoding=\"async\" class=\"img-fluid\" src=\"http:\/\/www.miamiroboticprostatectomy.com\/wp-content\/uploads\/2017\/09\/4.jpg\" alt=\"4\" title=\"\"><\/p>\n<\/div>\n<\/div>\n<div class=\"mar-10\"><\/div>\n<div class=\"row\">\n<div class=\"col-md-4 col-sm-4 col-xs-12\"><img decoding=\"async\" class=\"img-fluid\" src=\"http:\/\/www.miamiroboticprostatectomy.com\/wp-content\/uploads\/2017\/09\/lumenis.jpg\" alt=\"center of exellence\" title=\"\"><\/div>\n<div class=\"mar-10\"><\/div>\n<div class=\"col-md-4 col-sm-4 col-xs-12\"><img decoding=\"async\" class=\"img-fluid\" src=\"http:\/\/www.miamiroboticprostatectomy.com\/wp-content\/uploads\/2018\/12\/healthcare-heroes.jpg\" alt=\"health care heroes\" title=\"\"><\/div>\n<\/div>\n","protected":false},"excerpt":{"rendered":"<p>Dr. Razdan honored for his pioneering Research at the 31st World Congress of Endourology &#038; SWL &#8211; September 2014<\/p>\n","protected":false},"author":1,"featured_media":916,"parent":0,"menu_order":0,"comment_status":"closed","ping_status":"closed","template":"","meta":{"footnotes":""},"class_list":["post-555","page","type-page","status-publish","has-post-thumbnail","hentry"],"_links":{"self":[{"href":"https:\/\/miamiroboticprostatectomy.com\/pt\/wp-json\/wp\/v2\/pages\/555","targetHints":{"allow":["GET"]}}],"collection":[{"href":"https:\/\/miamiroboticprostatectomy.com\/pt\/wp-json\/wp\/v2\/pages"}],"about":[{"href":"https:\/\/miamiroboticprostatectomy.com\/pt\/wp-json\/wp\/v2\/types\/page"}],"author":[{"embeddable":true,"href":"https:\/\/miamiroboticprostatectomy.com\/pt\/wp-json\/wp\/v2\/users\/1"}],"replies":[{"embeddable":true,"href":"https:\/\/miamiroboticprostatectomy.com\/pt\/wp-json\/wp\/v2\/comments?post=555"}],"version-history":[{"count":15,"href":"https:\/\/miamiroboticprostatectomy.com\/pt\/wp-json\/wp\/v2\/pages\/555\/revisions"}],"predecessor-version":[{"id":2860,"href":"https:\/\/miamiroboticprostatectomy.com\/pt\/wp-json\/wp\/v2\/pages\/555\/revisions\/2860"}],"wp:featuredmedia":[{"embeddable":true,"href":"https:\/\/miamiroboticprostatectomy.com\/pt\/wp-json\/wp\/v2\/media\/916"}],"wp:attachment":[{"href":"https:\/\/miamiroboticprostatectomy.com\/pt\/wp-json\/wp\/v2\/media?parent=555"}],"curies":[{"name":"wp","href":"https:\/\/api.w.org\/{rel}","templated":true}]}}