{"id":6,"date":"2017-09-21T10:25:28","date_gmt":"2017-09-21T10:25:28","guid":{"rendered":"http:\/\/www.miamiroboticprostatectomy.com\/\/?page_id=6"},"modified":"2021-11-01T10:28:36","modified_gmt":"2021-11-01T10:28:36","slug":"prostate-cancer","status":"publish","type":"page","link":"https:\/\/miamiroboticprostatectomy.com\/pt\/prostate-cancer\/","title":{"rendered":"Melhor cirurgi\u00e3o do c\u00e2ncer de pr\u00f3stata"},"content":{"rendered":"<div class=\"row\">\n<div class=\"col-md-8\">\n<p><strong> Sanjay Razdan, M.D., MCh. <\/strong> \u00e9 professor e presidente do International Robotic Prostatectomy Institute, uma instala\u00e7\u00e3o de \u00faltima gera\u00e7\u00e3o reconhecida mundialmente, dedicada exclusivamente ao tratamento do c\u00e2ncer de pr\u00f3stata.<\/p>\n<p><strong> Ele tamb\u00e9m \u00e9 o Diretor de Urologia Rob\u00f3tica dos Centros MiVIP de Miami. <\/strong> O Dr. Razdan \u00e9 o ex-Diretor do Centro de Excel\u00eancia de Urologia e ex-Presidente do Departamento de Cirurgia do Hospital Jackson South em Miami.<\/p>\n<p>Como um dos l\u00edderes globais em cirurgia rob\u00f3tica da pr\u00f3stata para c\u00e2ncer de pr\u00f3stata, sua s\u00e9rie est\u00e1 entre as maiores realizadas por um \u00fanico cirurgi\u00e3o no mundo. <strong> O Dr. Razdan tamb\u00e9m \u00e9 um dos pioneiros na realiza\u00e7\u00e3o de procedimentos rob\u00f3ticos de resgate para radia\u00e7\u00e3o e criogenia falhas. <\/strong> O centro possui uma linha de apoio ao c\u00e2ncer, onde todos os seus pacientes podem compartilhar suas experi\u00eancias com cirurgia de pr\u00f3stata.<\/p>\n<p>\u201cO primeiro texto enfoca exclusivamente os aspectos anat\u00f4micos, fisiol\u00f3gicos, patol\u00f3gicos e t\u00e9cnicos da contin\u00eancia urin\u00e1ria e fun\u00e7\u00e3o er\u00e9til p\u00f3s-prostatectomia rob\u00f3tica. O primeiro texto enfoca exclusivamente os aspectos anat\u00f4micos, fisiol\u00f3gicos, patol\u00f3gicos e t\u00e9cnicos da p\u00f3s-prostatectomia urin\u00e1ria rob\u00f3tica. contin\u00eancia e fun\u00e7\u00e3o er\u00e9til. \u201d<\/p>\n<\/div>\n<div class=\"col-md-4\"><img decoding=\"async\" src=\"https:\/\/miamiroboticprostatectomy.com\/pt\/wp-content\/uploads\/2017\/09\/43917.jpg\" alt=\"director\" title=\"\"><\/div>\n<\/div>\n<div class=\"row\">\n<div class=\"col-md-4\"><img decoding=\"async\" src=\"https:\/\/miamiroboticprostatectomy.com\/pt\/wp-content\/uploads\/2017\/09\/bio-2.jpg\" alt=\"laparoscopic surgeon\" title=\"\"><\/div>\n<div class=\"col-md-8\">\n<p>O Dr. Razdan se formou como o primeiro de sua classe na faculdade de medicina e recebeu mais de <strong> 12 medalh\u00f5es de ouro por excel\u00eancia acad\u00eamica. <\/strong> Ele completou sua resid\u00eancia em urologia na UM \/ Jackson, onde novamente foi classificado como o melhor residente de gradua\u00e7\u00e3o.<\/p>\n<p>Ele ent\u00e3o passou a fazer uma bolsa de estudos em endourologia e oncologia urol\u00f3gica minimamente invasiva, incluindo o sistema cir\u00fargico rob\u00f3tico daVinci no Thomas Jefferson University Hospital na Filad\u00e9lfia. Enquanto estava na Jefferson, ele, pela segunda vez em sua carreira, recebeu o <strong> Pr\u00eamio Pfizer <\/strong> por sua not\u00e1vel contribui\u00e7\u00e3o ao campo da urologia.<\/p>\n<p>Ele tamb\u00e9m foi agraciado com o prestigioso pr\u00eamio de <strong> \u201cexcelente cirurgi\u00e3o laparosc\u00f3pico\u201d <\/strong> pela sociedade de cirurgi\u00f5es laparosc\u00f3picos. O Dr. Razdan \u00e9 um dos primeiros urologistas no sul da Fl\u00f3rida a realizar o que h\u00e1 de mais moderno em <strong> \u201ccirurgia de pr\u00f3stata radical rob\u00f3tica daVinci\u201d <\/strong>. Ele tamb\u00e9m \u00e9 o Diretor do \u201cComprehensive Kidney Stone Center\u201d de Miami, que atende a todos os aspectos do tratamento e preven\u00e7\u00e3o da doen\u00e7a de pedra nos rins.<\/p>\n<\/div>\n<\/div>\n<p><img decoding=\"async\" src=\"https:\/\/miamiroboticprostatectomy.com\/pt\/wp-content\/uploads\/2017\/09\/bio-3.jpg\" alt=\"Endourology\" title=\"\"> Como um dos poucos da elite no pa\u00eds que s\u00e3o treinados em rob\u00f3tica de alta tecnologia e cirurgia a laser, o Dr. Razdan se apresentou em muitos semin\u00e1rios m\u00e9dicos nacionais e internacionais e recebeu v\u00e1rios pr\u00eamios.<\/p>\n<p>Al\u00e9m disso, ele \u00e9 o <strong> Diretor da altamente cobi\u00e7ada Fellowship in Endourology and Robotic Surgery. O Dr. Razdan \u00e9 certificado pelo The American Board of Urology e pela Endourology Society. <\/strong><\/p>\n","protected":false},"excerpt":{"rendered":"<p>It is not only about prostate cancer removal it is also about maintaining the quality of life afterwards. <strong class=\"txt-red\">&#8220;Maintaining urinary continence and erectile function&#8221; <\/strong>is what we excel in. Dr. Razdan leads all other South Florida Surgeons in the number of Robotic Prostatectomies performed as well as outcomes with respect to cancer control, erectile function and urinary continence. With <strong class=\"txt-red\">over 5,500 satisfied patients<\/strong>, we have the testimonials to back our claims. <\/p>\n<h4>WHEN IT COMES TO PROSTATE CANCER, EXPERIENCE COUNTS!<\/h4>\n<p>Using the da Vinci<sup>\u00ae<\/sup> robot system, I am able to perform a minimally-invasive robotic prostatectomy on patients with prostate cancer in less than 1 hour and my patients experience minimal or no blood loss. As a result patients are able to leave the hospital in 12 hours and only require a catheter for five days. In addition, <B>patients experience a quicker return to normal activity and earlier return to sexual activity and excellent urinary control<\/B>, which is why we are excited to provide this advanced option to patients. Browse our website to learn more about the da Vinci<sup>\u00ae<\/sup> robotic prostate surgery for prostate cancer and contact us for even more information.&#8221;<br \/>\nPlease browse our website and check the patient testimonials to learn more about the stellar work being done at the <strong class=\"txt-red\">ONLY INSTITUTE<\/strong> in South Florida dedicated exclusively to prostate cancer treatment.<\/p>\n","protected":false},"author":1,"featured_media":1007,"parent":0,"menu_order":0,"comment_status":"closed","ping_status":"closed","template":"","meta":{"footnotes":""},"class_list":["post-6","page","type-page","status-publish","has-post-thumbnail","hentry"],"_links":{"self":[{"href":"https:\/\/miamiroboticprostatectomy.com\/pt\/wp-json\/wp\/v2\/pages\/6","targetHints":{"allow":["GET"]}}],"collection":[{"href":"https:\/\/miamiroboticprostatectomy.com\/pt\/wp-json\/wp\/v2\/pages"}],"about":[{"href":"https:\/\/miamiroboticprostatectomy.com\/pt\/wp-json\/wp\/v2\/types\/page"}],"author":[{"embeddable":true,"href":"https:\/\/miamiroboticprostatectomy.com\/pt\/wp-json\/wp\/v2\/users\/1"}],"replies":[{"embeddable":true,"href":"https:\/\/miamiroboticprostatectomy.com\/pt\/wp-json\/wp\/v2\/comments?post=6"}],"version-history":[{"count":50,"href":"https:\/\/miamiroboticprostatectomy.com\/pt\/wp-json\/wp\/v2\/pages\/6\/revisions"}],"predecessor-version":[{"id":2993,"href":"https:\/\/miamiroboticprostatectomy.com\/pt\/wp-json\/wp\/v2\/pages\/6\/revisions\/2993"}],"wp:featuredmedia":[{"embeddable":true,"href":"https:\/\/miamiroboticprostatectomy.com\/pt\/wp-json\/wp\/v2\/media\/1007"}],"wp:attachment":[{"href":"https:\/\/miamiroboticprostatectomy.com\/pt\/wp-json\/wp\/v2\/media?parent=6"}],"curies":[{"name":"wp","href":"https:\/\/api.w.org\/{rel}","templated":true}]}}