{"id":917,"date":"2017-10-06T11:11:23","date_gmt":"2017-10-06T11:11:23","guid":{"rendered":"http:\/\/www.miamiroboticprostatectomy.com\/?page_id=917"},"modified":"2021-08-23T11:33:24","modified_gmt":"2021-08-23T11:33:24","slug":"robotic-inguinal-hernia-repair","status":"publish","type":"page","link":"https:\/\/miamiroboticprostatectomy.com\/pt\/robotic-inguinal-hernia-repair\/","title":{"rendered":"Repara\u00e7\u00e3o rob\u00f3tica de h\u00e9rnia inguinal"},"content":{"rendered":"<h3> REPARO ROB\u00d3TICO DE H\u00c9RNIA INGUINAL PELO DR. RAZDAN <\/h3>\n<p><strong> Menos dor com uma incis\u00e3o menor! <\/strong> Gra\u00e7as \u00e0s inova\u00e7\u00f5es em tecnologia rob\u00f3tica da Intuitive Surgical, <a href=\"https:\/\/miamiroboticprostatectomy.com\/pt\/urology-physician\/\"> Dr. Razdan <\/a> \u00e9 capaz de realizar o reparo rob\u00f3tico da h\u00e9rnia inguinal por meio de pequenas incis\u00f5es, em vez das grandes incis\u00f5es associadas \u00e0 cirurgia aberta tradicional. O <a href=\"https:\/\/isrg.intuitive.com\/news-releases\/news-release-details\/new-study-shows-robotic-assisted-surgery-benefits-inguinal\" target=\"_blank\" rel=\"noopener\">o resultado <\/a> \u00e9 menos danos aos tecidos circundantes, menos dor para o paciente e uma recupera\u00e7\u00e3o muito mais r\u00e1pida &#8211; geralmente em alguns dias.<br \/>\n<iframe loading=\"lazy\" width=\"100%\" height=\"450\" src=\"https:\/\/www.youtube.com\/embed\/Yx9Sf4neRl0\" frameborder=\"0\" allow=\"accelerometer; autoplay; clipboard-write; encrypted-media; gyroscope; picture-in-picture\" allowfullscreen><\/iframe><br \/>\nT\u00e9cnicas de cirurgia rob\u00f3tica t\u00eam sido usadas h\u00e1 anos para fornecer tratamento avan\u00e7ado para condi\u00e7\u00f5es urol\u00f3gicas. Agora, o Dr. Sanjay Razdan aplica a mesma tecnologia a outros tipos de procedimentos, incluindo reparo de h\u00e9rnia.<\/p>\n<p>Com uma das <a> maiores experi\u00eancias em simult\u00e2nea <\/a> <a> prostatectomia rob\u00f3tica <\/a> <a> e reparo de h\u00e9rnia inguinal, <\/a> Dr. Razdan ampliou seu repert\u00f3rio para incluir pacientes com h\u00e9rnias inguinais. Esses pacientes agora podem ser tratados com <strong> Reparo de h\u00e9rnia inguinal por rob\u00f4 em regime ambulatorial. <\/strong><\/p>\n<p><strong> O que exatamente \u00e9 uma h\u00e9rnia? <\/strong> As h\u00e9rnias s\u00e3o causadas quando um \u00f3rg\u00e3o se espreme por um rasgo ou ponto fraco no tecido que o cerca. Os locais comuns para h\u00e9rnias incluem virilha, umbigo e cicatrizes de cirurgias anteriores. A cirurgia de reparo da h\u00e9rnia envolve o retorno do \u00f3rg\u00e3o ao seu lugar adequado e a fixa\u00e7\u00e3o das lacera\u00e7\u00f5es no tecido circundante.<\/p>\n<p>A cirurgia rob\u00f3tica oferece v\u00e1rias vantagens em rela\u00e7\u00e3o \u00e0 cirurgia aberta tradicional e aos procedimentos laparosc\u00f3picos padr\u00e3o. Embora a cirurgia aberta ofere\u00e7a uma vis\u00e3o completa do abd\u00f4men e a capacidade de trabalhar livremente dentro da \u00e1rea afetada, ela requer uma grande incis\u00e3o atrav\u00e9s do m\u00fasculo e do tecido. Esse tipo de incis\u00e3o pode ser mais doloroso e demorar mais para cicatrizar.<\/p>\n<h5> <strong> As vantagens do reparo rob\u00f3tico de h\u00e9rnia inguinal incluem: <\/strong> <\/h5>\n<ul>\n<li> <strong> Uma pequena incis\u00e3o. <\/strong> Uma incis\u00e3o do tamanho aproximado de uma borracha de l\u00e1pis reduz cicatrizes, tempo de recupera\u00e7\u00e3o, perda de sangue e risco de infec\u00e7\u00e3o. <\/li>\n<li> <strong> Melhor visibilidade. <\/strong> O uso de uma c\u00e2mera 3D de alta defini\u00e7\u00e3o fornece ao cirurgi\u00e3o melhor visibilidade do que a cirurgia laparosc\u00f3pica minimamente invasiva. <\/li>\n<li> <strong> Maior precis\u00e3o. <\/strong> Os bra\u00e7os rob\u00f3ticos de pulso t\u00eam uma amplitude de movimento maior do que a m\u00e3o humana. Isso permite ao cirurgi\u00e3o manobrar os instrumentos de forma a fornecer os melhores resultados cir\u00fargicos. <\/li>\n<\/ul>\n<p><strong> Para saber mais sobre o reparo rob\u00f3tico de h\u00e9rnia inguinal, ligue para 305-251-8650 hoje ou <ahref=\"https:\/\/miamiroboticprostatectomy.com\/pt\/contact\/\">Contate-Nos.<\/a><\/strong><\/p>\n","protected":false},"excerpt":{"rendered":"<p>REPARO ROB\u00d3TICO DE H\u00c9RNIA INGUINAL PELO DR. RAZDAN Menos dor com uma incis\u00e3o menor! Gra\u00e7as \u00e0s inova\u00e7\u00f5es em tecnologia rob\u00f3tica da Intuitive Surgical, Dr. Razdan \u00e9 capaz de realizar o reparo rob\u00f3tico da h\u00e9rnia inguinal por meio de pequenas incis\u00f5es, em vez das grandes incis\u00f5es associadas \u00e0 cirurgia aberta tradicional. O o resultado \u00e9 menos [&hellip;]<\/p>\n","protected":false},"author":1,"featured_media":0,"parent":0,"menu_order":0,"comment_status":"closed","ping_status":"closed","template":"","meta":{"footnotes":""},"class_list":["post-917","page","type-page","status-publish","hentry"],"_links":{"self":[{"href":"https:\/\/miamiroboticprostatectomy.com\/pt\/wp-json\/wp\/v2\/pages\/917","targetHints":{"allow":["GET"]}}],"collection":[{"href":"https:\/\/miamiroboticprostatectomy.com\/pt\/wp-json\/wp\/v2\/pages"}],"about":[{"href":"https:\/\/miamiroboticprostatectomy.com\/pt\/wp-json\/wp\/v2\/types\/page"}],"author":[{"embeddable":true,"href":"https:\/\/miamiroboticprostatectomy.com\/pt\/wp-json\/wp\/v2\/users\/1"}],"replies":[{"embeddable":true,"href":"https:\/\/miamiroboticprostatectomy.com\/pt\/wp-json\/wp\/v2\/comments?post=917"}],"version-history":[{"count":22,"href":"https:\/\/miamiroboticprostatectomy.com\/pt\/wp-json\/wp\/v2\/pages\/917\/revisions"}],"predecessor-version":[{"id":2956,"href":"https:\/\/miamiroboticprostatectomy.com\/pt\/wp-json\/wp\/v2\/pages\/917\/revisions\/2956"}],"wp:attachment":[{"href":"https:\/\/miamiroboticprostatectomy.com\/pt\/wp-json\/wp\/v2\/media?parent=917"}],"curies":[{"name":"wp","href":"https:\/\/api.w.org\/{rel}","templated":true}]}}