{"id":939,"date":"2017-10-12T15:33:34","date_gmt":"2017-10-12T15:33:34","guid":{"rendered":"http:\/\/www.miamiroboticprostatectomy.com\/?page_id=939"},"modified":"2021-08-23T11:13:03","modified_gmt":"2021-08-23T11:13:03","slug":"prostate-fusion-biopsy","status":"publish","type":"page","link":"https:\/\/miamiroboticprostatectomy.com\/pt\/prostate-fusion-biopsy\/","title":{"rendered":"Bi\u00f3psia de fus\u00e3o de pr\u00f3stata por ultrassom resson\u00e2ncia magn\u00e9tica"},"content":{"rendered":"\r\n<p><img decoding=\"async\" class=\"img-responsive\" src=\"http:\/\/www.miamiroboticprostatectomy.com\/wp-content\/uploads\/2017\/10\/BK-FUSION-first-1.jpg\" alt=\"\" title=\"\"><\/p>\r\n<div class=\"mar-10\">\u00a0<\/div>\r\n<p>Miami, Fl\u00f3rida., 12 de outubro de 2017 &#8211; International Robotic Prostatectomy Institute, <strong> uma instala\u00e7\u00e3o de \u00faltima gera\u00e7\u00e3o reconhecida mundialmente, dedicada exclusivamente ao tratamento do c\u00e2ncer de pr\u00f3stata <\/strong>, anunciou hoje que \u00e9 o primeiro centro no sul da Fl\u00f3rida para apresentar o bkFusion \u2122, uma solu\u00e7\u00e3o inovadora para melhorar o direcionamento da bi\u00f3psia no c\u00e2ncer de pr\u00f3stata. bkFusion \u00e9 a inova\u00e7\u00e3o mais recente da marca carro-chefe da empresa, BK Ultrasound. \u00c9 o primeiro aplicativo de bi\u00f3psia de pr\u00f3stata com fus\u00e3o por resson\u00e2ncia magn\u00e9tica totalmente integrado a um sistema de ultrassom premium &#8211; o bk3000 &#8211; para uso por urologistas em hospitais e consult\u00f3rios. O sistema bk3000 \u00e9 projetado para aplica\u00e7\u00f5es de urologia, imagem geral e orienta\u00e7\u00e3o de procedimentos. <\/p>\r\n<p> Diagnosticar o c\u00e2ncer de pr\u00f3stata pode ser um desafio, e as bi\u00f3psias convencionais e sistem\u00e1ticas costumam ser inconclusivas, aumentando os riscos de aus\u00eancia de tumores de alto grau ou de les\u00f5es em est\u00e1gio inferior para vigil\u00e2ncia ativa. A fim de capacitar os urologistas a dar respostas claras aos seus pacientes, <a href=\"http:\/\/www.bkmedical.com\" target=\"_blank\" rel=\"noopener\">BK Ultrasound <\/a> fez parceria com <a href=\"https:\/\/www.mimsoftware.com\/prostate_mr_fusion_and_urology\/mim_symphony_bx\" target=\"_blank\" rel=\"noopener\">MIM Software Inc <\/a>., Fornecedora de solu\u00e7\u00f5es de imagem l\u00edder de mercado para oncologia de radia\u00e7\u00e3o, radiologia, medicina nuclear, neuroimagem e imagem card\u00edaca, para criar o bkFusion. A <strong> pr\u00f3stata <\/strong> <strong> Bi\u00f3psia de fus\u00e3o <\/strong> \u00e9 um avan\u00e7o poderoso na visualiza\u00e7\u00e3o de diagn\u00f3stico que combina imagens de ultrassom em tempo real com dados sobre extens\u00e3o e localiza\u00e7\u00e3o da les\u00e3o por resson\u00e2ncia magn\u00e9tica. Ao fundir perfeitamente as informa\u00e7\u00f5es de resson\u00e2ncia magn\u00e9tica em imagens de ultrassom em tempo real sem interrup\u00e7\u00f5es no fluxo de trabalho, o bkFusion fornece orienta\u00e7\u00e3o aos urologistas para ajudar a identificar e biopsiar les\u00f5es com precis\u00e3o e rapidez. Detalhes de resson\u00e2ncia magn\u00e9tica do departamento de radiologia podem ser facilmente importados para o bkFusion via PACS, USB, CD ou uma plataforma em nuvem, o que permite uma transfer\u00eancia de dados segura e compat\u00edvel com HIPAA. Como o bkFusion \u00e9 totalmente integrado ao sistema de ultra-som bk3000, nenhum equipamento volumoso adicional ou tempo de configura\u00e7\u00e3o \u00e9 necess\u00e1rio e ele se encaixa facilmente em qualquer espa\u00e7o de exame. Com um fluxo de trabalho intuitivo e pegada pequena, o <a href=\"https:\/\/www.bkmedical.com\/systems\/bk3000\/\" target=\"_blank\" rel=\"noopener\">bk3000<\/a> e o bkFusion permitem o gerenciamento r\u00e1pido e confi\u00e1vel de doen\u00e7as para todos os urologistas. <\/p>\r\n<p> \u201cEstou muito satisfeito por ser o primeiro no sul da Fl\u00f3rida a oferecer o bkFusion para nossos pacientes\u201d, disse o Dr. Sanjay Razdan, <strong> Professor e Presidente do International Robotic Prostatectomy Institute <\/strong>. \u201cEsta \u00e9 a solu\u00e7\u00e3o que n\u00f3s, da comunidade urol\u00f3gica, esper\u00e1vamos, possibilitada pela combina\u00e7\u00e3o da experi\u00eancia do MIM em processamento de imagens m\u00e9dicas para assist\u00eancia na visualiza\u00e7\u00e3o do c\u00e2ncer com nossa for\u00e7a em ultrassom especialidade. Ao contr\u00e1rio das solu\u00e7\u00f5es atuais para fus\u00e3o de resson\u00e2ncia magn\u00e9tica, onde o foco est\u00e1 na resson\u00e2ncia magn\u00e9tica, <a href=\"https:\/\/www.bkmedical.com\/bkfusion-mr-fusion-biopsy\/\" target=\"_blank\" rel=\"noopener\">O bkFusion <\/a> traz o ultrassom em tempo real para o centro do fluxo de trabalho. As informa\u00e7\u00f5es de resson\u00e2ncia magn\u00e9tica ajudam a guiar os urologistas at\u00e9 seu alvo, enquanto a qualidade de imagem de ultrassom de pr\u00f3stata premium, fornecida pelo bk3000, ajuda os urologistas a visualizar e revalidar les\u00f5es sutis em tempo real. \u201d<\/p>\r\n<p> \u201cEstamos entusiasmados com a parceria com a BK Ultrasound para trazer essa inova\u00e7\u00e3o em urologia aos nossos pacientes\u201d, diz o Dr. Razdan. A <strong> bi\u00f3psia de fus\u00e3o da pr\u00f3stata <\/strong> capacita a resson\u00e2ncia magn\u00e9tica no consult\u00f3rio de urologia, ao mesmo tempo que oferece os benef\u00edcios cl\u00ednicos centrados no paciente da bi\u00f3psia direcionada, tudo na privacidade e conforto de um ambiente ambulatorial conveniente. <\/p>\r\n<p> Dr. Sanjay Razdan \u00e9 um dos <b> mais experientes <\/b> cirurgi\u00f5es rob\u00f3ticos de c\u00e2ncer de pr\u00f3stata do mundo, com <b> os MELHORES resultados em termos de controle do c\u00e2ncer, contin\u00eancia urin\u00e1ria e fun\u00e7\u00e3o er\u00e9til. <\/b> <\/p>\r\n<p> O <strong> Instituto Internacional de Prostatectomia Rob\u00f3tica <\/strong> agora oferece aos pacientes o processo de bi\u00f3psia mais seguro, eficiente e preciso dispon\u00edvel em todo o sul da Fl\u00f3rida. Guiados por imagens de resson\u00e2ncia magn\u00e9tica em tempo real, sob a orienta\u00e7\u00e3o do radiologista, os resultados oferecem um grau significativo de confian\u00e7a em rela\u00e7\u00e3o aos m\u00e9todos tradicionais de bi\u00f3psia. <strong> A bi\u00f3psia direta guiada por resson\u00e2ncia magn\u00e9tica provavelmente se tornar\u00e1 a t\u00e9cnica mais precisa, pois \u00e9 menos sujeita a erros de fus\u00e3o e movimento. <\/strong> Dr. Razdan est\u00e1 confiante de que a bi\u00f3psia guiada por fus\u00e3o por ultrassom por resson\u00e2ncia magn\u00e9tica \u00e9 uma adi\u00e7\u00e3o positiva ao campo da urologia, ajudando os urologistas a trazer bi\u00f3psias mais direcionadas e precisas para sua pr\u00e1tica. <\/p>\r\n<p>To <a href=\"https:\/\/miamiroboticprostatectomy.com\/pt\/contact\/\">agende sua consulta <\/a> ou saiba mais sobre a Bi\u00f3psia de Fus\u00e3o da Pr\u00f3stata, ligue para 305-251-8650.<\/p>\r\n","protected":false},"excerpt":{"rendered":"<p>\u00a0 Miami, Fl\u00f3rida., 12 de outubro de 2017 &#8211; International Robotic Prostatectomy Institute, uma instala\u00e7\u00e3o de \u00faltima gera\u00e7\u00e3o reconhecida mundialmente, dedicada exclusivamente ao tratamento do c\u00e2ncer de pr\u00f3stata , anunciou hoje que \u00e9 o primeiro centro no sul da Fl\u00f3rida para apresentar o bkFusion \u2122, uma solu\u00e7\u00e3o inovadora para melhorar o direcionamento da bi\u00f3psia no [&hellip;]<\/p>\n","protected":false},"author":1,"featured_media":0,"parent":0,"menu_order":0,"comment_status":"closed","ping_status":"closed","template":"","meta":{"footnotes":""},"class_list":["post-939","page","type-page","status-publish","hentry"],"_links":{"self":[{"href":"https:\/\/miamiroboticprostatectomy.com\/pt\/wp-json\/wp\/v2\/pages\/939","targetHints":{"allow":["GET"]}}],"collection":[{"href":"https:\/\/miamiroboticprostatectomy.com\/pt\/wp-json\/wp\/v2\/pages"}],"about":[{"href":"https:\/\/miamiroboticprostatectomy.com\/pt\/wp-json\/wp\/v2\/types\/page"}],"author":[{"embeddable":true,"href":"https:\/\/miamiroboticprostatectomy.com\/pt\/wp-json\/wp\/v2\/users\/1"}],"replies":[{"embeddable":true,"href":"https:\/\/miamiroboticprostatectomy.com\/pt\/wp-json\/wp\/v2\/comments?post=939"}],"version-history":[{"count":17,"href":"https:\/\/miamiroboticprostatectomy.com\/pt\/wp-json\/wp\/v2\/pages\/939\/revisions"}],"predecessor-version":[{"id":2894,"href":"https:\/\/miamiroboticprostatectomy.com\/pt\/wp-json\/wp\/v2\/pages\/939\/revisions\/2894"}],"wp:attachment":[{"href":"https:\/\/miamiroboticprostatectomy.com\/pt\/wp-json\/wp\/v2\/media?parent=939"}],"curies":[{"name":"wp","href":"https:\/\/api.w.org\/{rel}","templated":true}]}}