{"id":98,"date":"2017-09-22T10:08:55","date_gmt":"2017-09-22T10:08:55","guid":{"rendered":"http:\/\/www.miamiroboticprostatectomy.com\/?page_id=98"},"modified":"2021-08-23T11:27:47","modified_gmt":"2021-08-23T11:27:47","slug":"robotic-prostatectomy","status":"publish","type":"page","link":"https:\/\/miamiroboticprostatectomy.com\/pt\/robotic-prostatectomy\/","title":{"rendered":"Rob\u00f3tica-prostatectomia"},"content":{"rendered":"\r\n<p>Dr. Razdan, considerado um dos melhores cirurgi\u00f5es rob\u00f3ticos do mundo<\/p>\r\n<div class=\"row\">\r\n<div class=\"col-md-4\"><iframe loading=\"lazy\" src=\"https:\/\/www.youtube.com\/embed\/vzUbDegORM0?rel=0&amp;autohide=2&amp;modestbranding=1\" width=\"100%\" height=\"210\" frameborder=\"0\" allowfullscreen=\"allowfullscreen\"><\/iframe>\r\n<p><strong>Veja o Dr. Razdan realizar uma cirurgia rob\u00f3tica de pr\u00f3stata<\/strong><\/p>\r\n<\/div>\r\n<div class=\"col-md-4\">\r\n<a target=\"_blank\" href=\"https:\/\/www.youtube.com\/watch?v=vzUbDegORM0\" rel=\"noopener noreferrer\"><img decoding=\"async\" class=\"img-responsive\" src=\"https:\/\/miamiroboticprostatectomy.com\/pt\/wp-content\/uploads\/2020\/12\/Vinci-Robot.jpg\" alt=\"\" title=\"\"><\/a>\r\n<p><strong>da Vinci<sup>\u00ae<\/sup> Robotic Prostatectomy<\/strong><\/p>\r\n<\/div>\r\n<div class=\"col-md-4\"><iframe loading=\"lazy\" src=\"https:\/\/www.youtube.com\/embed\/E2eblup-M7E?&amp;autohide=2&amp;modestbranding=1\" width=\"100%\" height=\"210\" frameborder=\"0\" allowfullscreen=\"allowfullscreen\"><\/iframe>\r\n<p><strong>Robotic Prostatectomy Information<\/strong><\/p>\r\n<\/div>\r\n<\/div>\r\n<p><strong>da Vinci<sup>\u00ae<\/sup>Prostatectomia rob\u00f3tica: um procedimento cir\u00fargico minimamente invasivo <\/strong> <\/p>\r\n<p> Ao enfrentar um diagn\u00f3stico de c\u00e2ncer de pr\u00f3stata, \u00e9 importante saber mais sobre todos os tratamentos e op\u00e7\u00f5es cir\u00fargicas. Se o seu m\u00e9dico recomendar cirurgia para tratar o c\u00e2ncer de pr\u00f3stata, voc\u00ea pode ser candidato a um novo procedimento cir\u00fargico menos invasivo chamado da Vinci <sup> \u00ae <\/sup> prostatectomia rob\u00f3tica. Este procedimento de prostatectomia rob\u00f3tica incorpora um sistema cir\u00fargico de \u00faltima gera\u00e7\u00e3o que ajuda o cirurgi\u00e3o a ver as estruturas anat\u00f4micas vitais com mais clareza e a realizar um procedimento cir\u00fargico mais preciso. <\/p>\r\n<div class=\"row\">\r\n<div class=\"col-md-4\"><img decoding=\"async\" class=\"img-responsive\" src=\"https:\/\/miamiroboticprostatectomy.com\/pt\/wp-content\/uploads\/2020\/01\/picture1.jpg\" alt=\"SURGERY\" title=\"\">\r\n<p><strong>CIRURGIA<\/strong><\/p>\r\n<\/div>\r\n<div class=\"col-md-4\"><img decoding=\"async\" class=\"img-responsive\" src=\"https:\/\/miamiroboticprostatectomy.com\/pt\/wp-content\/uploads\/2017\/09\/2.png\" alt=\"Surgical Incision\" title=\"\">\r\n<p><strong>Incisi\u00f3n quir\u00fargica abierta<\/strong><\/p>\r\n<\/div>\r\n<div class=\"col-md-4\"><img decoding=\"async\" class=\"img-responsive\" src=\"https:\/\/miamiroboticprostatectomy.com\/pt\/wp-content\/uploads\/2017\/09\/3.png\" alt=\"Surgical Incisions\" title=\"\">\r\n<p><strong>Incis\u00f5es Cir\u00fargicas<\/strong><\/p>\r\n<\/div>\r\n<\/div>\r\n<p><strong> \u201cDr. A cirurgia rob\u00f3tica da pr\u00f3stata de Razdan com membrana amni\u00f3tica humana e preserva\u00e7\u00e3o do comprimento uretral m\u00e1ximo (MULP) \u00e9 verdadeiramente \u00fanica, resultando em EXCELENTES RESULTADOS EM TERMOS DE PRESERVA\u00c7\u00c3O DA CONTIN\u00caNCIA URIN\u00c1RIA E DA FUN\u00c7\u00c3O ERECTIL &#8220;<\/strong> <\/p>\r\n<div class=\"row\">\r\n<div class=\"col-md-4\"><img decoding=\"async\" class=\"img-responsive\" src=\"https:\/\/miamiroboticprostatectomy.com\/pt\/wp-content\/uploads\/2020\/01\/picture7.jpg\" alt=\"Robotic Prostatectomy Brochure\" title=\"\">\r\n<p><strong>Clique aqui para baixar o folheto de prostatectomia rob\u00f3tica<\/strong><\/p>\r\n<\/div>\r\n<div class=\"col-md-4\"><iframe src=\"https:\/\/www.youtube.com\/embed\/23xpEsmF0Aw?&amp;autohide=2&amp;modestbranding=1\" width=\"100%\" frameborder=\"0\" allowfullscreen=\"allowfullscreen\"><\/iframe>\r\n<p><strong>Primeira vez no procedimento revolucion\u00e1rio mundial desenvolvido pelo Dr. Razdan salva vidas sexuais de pacientes<\/strong><\/p>\r\n<\/div>\r\n<div class=\"col-md-4\"><iframe src=\"https:\/\/www.youtube.com\/embed\/Kf1mcJ1hu5M?&amp;autohide=2&amp;modestbranding=1\" width=\"100%\" frameborder=\"0\" allowfullscreen=\"allowfullscreen\"><\/iframe>\r\n<p><strong>Primera Vez en el Mundo Procedimiento Revolucionario Desarrollado por el Dr. Razdan Los pacientes Guarda Vidas Sexuales<\/strong><\/p>\r\n<\/div>\r\n<\/div>\r\n<p> <strong> \u00bfSoy un buen candidato para la prostatectom\u00eda rob\u00f3tica da Vinci <sup> \u00ae <\/sup>? <\/strong> <\/p>\r\n<p> Los hombres a los que se les diagnostica c\u00e1ncer de pr\u00f3stata localizado son excelentes candidatos para este procedimiento. El Dr. Razdan lidera a todos los dem\u00e1s cirujanos del sur de la Florida en el n\u00famero de prostatectom\u00edas rob\u00f3ticas realizadas, as\u00ed como en los resultados con respecto al control del c\u00e1ncer, la funci\u00f3n er\u00e9ctil y la continencia urinaria. Con m\u00e1s de <a href=\"https:\/\/miamiroboticprostatectomy.com\/pt\/testimonial\/\">8.500 pacientes satisfechos, tenemos los testimonios que respaldan nuestras afirmaciones. <\/a> <\/p>\r\n<p> <strong> Para la mayor\u00eda de los pacientes, la cirug\u00eda de prostatectom\u00eda rob\u00f3tica da Vinci <sup> \u00ae <\/sup> ofrece numerosos beneficios potenciales sobre la prostatectom\u00eda abierta, que incluyen: <\/strong> <\/p>\r\n<ul>\r\n<li> Estad\u00eda hospitalaria m\u00e1s corta <\/li>\r\n<li> Dolor m\u00ednimo <\/li>\r\n<li> Menor riesgo de infecci\u00f3n <\/li>\r\n<li> Sin transfusiones de sangre <\/li>\r\n<li> Menos cicatrices <\/li>\r\n<li> Recuperaci\u00f3n m\u00e1s r\u00e1pida <\/li>\r\n<li> Regreso m\u00e1s r\u00e1pido a las actividades normales <\/li>\r\n<li> Excelente control urinario <\/li>\r\n<li> Excelentes erecciones <\/li>\r\n<\/ul>\r\n","protected":false},"excerpt":{"rendered":"<p>Dr. Razdan, considerado um dos melhores cirurgi\u00f5es rob\u00f3ticos do mundo Veja o Dr. Razdan realizar uma cirurgia rob\u00f3tica de pr\u00f3stata da Vinci\u00ae Robotic Prostatectomy Robotic Prostatectomy Information da Vinci\u00aeProstatectomia rob\u00f3tica: um procedimento cir\u00fargico minimamente invasivo Ao enfrentar um diagn\u00f3stico de c\u00e2ncer de pr\u00f3stata, \u00e9 importante saber mais sobre todos os tratamentos e op\u00e7\u00f5es cir\u00fargicas. Se [&hellip;]<\/p>\n","protected":false},"author":1,"featured_media":0,"parent":0,"menu_order":0,"comment_status":"closed","ping_status":"closed","template":"","meta":{"footnotes":""},"class_list":["post-98","page","type-page","status-publish","hentry"],"_links":{"self":[{"href":"https:\/\/miamiroboticprostatectomy.com\/pt\/wp-json\/wp\/v2\/pages\/98","targetHints":{"allow":["GET"]}}],"collection":[{"href":"https:\/\/miamiroboticprostatectomy.com\/pt\/wp-json\/wp\/v2\/pages"}],"about":[{"href":"https:\/\/miamiroboticprostatectomy.com\/pt\/wp-json\/wp\/v2\/types\/page"}],"author":[{"embeddable":true,"href":"https:\/\/miamiroboticprostatectomy.com\/pt\/wp-json\/wp\/v2\/users\/1"}],"replies":[{"embeddable":true,"href":"https:\/\/miamiroboticprostatectomy.com\/pt\/wp-json\/wp\/v2\/comments?post=98"}],"version-history":[{"count":128,"href":"https:\/\/miamiroboticprostatectomy.com\/pt\/wp-json\/wp\/v2\/pages\/98\/revisions"}],"predecessor-version":[{"id":2952,"href":"https:\/\/miamiroboticprostatectomy.com\/pt\/wp-json\/wp\/v2\/pages\/98\/revisions\/2952"}],"wp:attachment":[{"href":"https:\/\/miamiroboticprostatectomy.com\/pt\/wp-json\/wp\/v2\/media?parent=98"}],"curies":[{"name":"wp","href":"https:\/\/api.w.org\/{rel}","templated":true}]}}