{"id":1014,"date":"2019-12-10T18:41:33","date_gmt":"2019-12-10T18:41:33","guid":{"rendered":"https:\/\/miamiroboticprostatectomy.com\/sp\/?page_id=1014"},"modified":"2025-04-30T01:38:27","modified_gmt":"2025-04-30T05:38:27","slug":"sobre-el-instituto","status":"publish","type":"page","link":"https:\/\/miamiroboticprostatectomy.com\/sp\/sobre-el-instituto\/","title":{"rendered":"Sobre el instituto"},"content":{"rendered":"<p>Bienvenido al Instituto Internacional de Prostatectom\u00eda Rob\u00f3tica. Nuestro equipo comprende que un diagn\u00f3stico de c\u00e1ncer de pr\u00f3stata puede ser una experiencia traum\u00e1tica para usted y su familia, tanto f\u00edsica como emocionalmente.<\/p>\n<p><iframe class=\"iframed-video\" src=\"https:\/\/www.youtube.com\/embed\/isogLsJycQc?rel=0&amp;autoplay=1&amp;autohide=2&amp;modestbranding=1\" width=\"100%^\" height=\"485\" frameborder=\"0\" allowfullscreen=\"allowfullscreen\"><\/iframe>Todos los d\u00edas, pacientes de todo el mundo que han buscado ayuda vienen a nuestro State of the Art Institute ubicado aqu\u00ed en la hermosa Miami. Nuestra constante innovaci\u00f3n y atenci\u00f3n a los detalles quir\u00fargicos y la delicadeza han dado como resultado resultados sobresalientes.<\/p>\n<p>Muchos m\u00e9dicos y centros de todo el mundo consideran que el Dr. Sanjay Razdan tiene los mejores resultados en t\u00e9rminos de control del c\u00e1ncer, incontinencia urinaria y funci\u00f3n sexual. Tambi\u00e9n somos los primeros en el mundo en ser pioneros y utilizar la membrana amni\u00f3tica humana en pacientes con c\u00e1ncer de pr\u00f3stata sometidos a cirug\u00eda rob\u00f3tica de pr\u00f3stata.<\/p>\n<p>El Dr. Razdan es considerado el L\u00cdDER MUNDIAL cuando se trata de esta t\u00e9cnica quir\u00fargica. Nuestros pacientes generalmente abandonan el hospital o el centro quir\u00fargico de 4 a 6 horas despu\u00e9s de una prostatectom\u00eda rob\u00f3tica. Nuestro experimentado y compasivo equipo de cirujanos, compa\u00f1eros, enfermeras y t\u00e9cnicos lo ayudar\u00e1 a recuperarse y volver a la normalidad lo m\u00e1s r\u00e1pido posible.<\/p>\n<p>Le damos la bienvenida al Instituto Internacional de Prostatectom\u00eda Rob\u00f3tica. Puede esperar una experiencia quir\u00fargica de clase mundial combinada con una atenci\u00f3n compasiva para brindar los mejores resultados posibles. Ll\u00e1menos hoy al 1-305-251-8650. Tambi\u00e9n puede completar nuestro Formulario de contacto y alguien de nuestro equipo le responder\u00e1 lo antes posible.<\/p>\n<p><iframe style=\"border: 0;\" src=\"https:\/\/www.google.com\/maps\/embed?pb=!1m14!1m8!1m3!1d14367.412158183242!2d-80.33006!3d25.808422!3m2!1i1024!2i768!4f13.1!3m3!1m2!1s0x0%3A0x6be16910198dacc1!2sDr.%20Sanjay%20Razdan!5e0!3m2!1sen!2sin!4v1642511173340!5m2!1sen!2sin\" width=\"100%\" height=\"400\" allowfullscreen=\"allowfullscreen\"><\/iframe><\/p>\n","protected":false},"excerpt":{"rendered":"<p>Bienvenido al Instituto Internacional de Prostatectom\u00eda Rob\u00f3tica. Nuestro equipo comprende que un diagn\u00f3stico de c\u00e1ncer de pr\u00f3stata puede ser una experiencia traum\u00e1tica para usted y su familia, tanto f\u00edsica como emocionalmente. Todos los d\u00edas, pacientes de todo el mundo que han buscado ayuda vienen a nuestro State of the Art Institute ubicado aqu\u00ed en la [&hellip;]<\/p>\n","protected":false},"author":1,"featured_media":0,"parent":0,"menu_order":0,"comment_status":"closed","ping_status":"closed","template":"","meta":{"footnotes":""},"class_list":["post-1014","page","type-page","status-publish","hentry"],"_links":{"self":[{"href":"https:\/\/miamiroboticprostatectomy.com\/sp\/wp-json\/wp\/v2\/pages\/1014","targetHints":{"allow":["GET"]}}],"collection":[{"href":"https:\/\/miamiroboticprostatectomy.com\/sp\/wp-json\/wp\/v2\/pages"}],"about":[{"href":"https:\/\/miamiroboticprostatectomy.com\/sp\/wp-json\/wp\/v2\/types\/page"}],"author":[{"embeddable":true,"href":"https:\/\/miamiroboticprostatectomy.com\/sp\/wp-json\/wp\/v2\/users\/1"}],"replies":[{"embeddable":true,"href":"https:\/\/miamiroboticprostatectomy.com\/sp\/wp-json\/wp\/v2\/comments?post=1014"}],"version-history":[{"count":9,"href":"https:\/\/miamiroboticprostatectomy.com\/sp\/wp-json\/wp\/v2\/pages\/1014\/revisions"}],"predecessor-version":[{"id":2250,"href":"https:\/\/miamiroboticprostatectomy.com\/sp\/wp-json\/wp\/v2\/pages\/1014\/revisions\/2250"}],"wp:attachment":[{"href":"https:\/\/miamiroboticprostatectomy.com\/sp\/wp-json\/wp\/v2\/media?parent=1014"}],"curies":[{"name":"wp","href":"https:\/\/api.w.org\/{rel}","templated":true}]}}