{"id":106,"date":"2017-09-22T10:24:02","date_gmt":"2017-09-22T10:24:02","guid":{"rendered":"https:\/\/miamiroboticprostatectomy.com\/sp?page_id=106"},"modified":"2020-10-29T10:55:17","modified_gmt":"2020-10-29T10:55:17","slug":"holeap-turp","status":"publish","type":"page","link":"https:\/\/miamiroboticprostatectomy.com\/sp\/holeap-turp\/","title":{"rendered":"Holeap-Turp"},"content":{"rendered":"<p><iframe src=\"https:\/\/www.youtube.com\/embed\/hoHahLBWxCY?&amp;autohide=2&amp;modestbranding=1\" width=\"100%\" height=\"350\" frameborder=\"0\" allowfullscreen=\"allowfullscreen\"><\/iframe><\/p>\n<div class=\"row\">\n<div class=\"col-md-6 col-sm-6 col-xs-12\"><iframe src=\"https:\/\/www.youtube.com\/embed\/9Vyl4fNIgCM?autoplay=1&amp;autohide=2&amp;modestbranding=1\" width=\"100%\" height=\"315\" frameborder=\"0\" allowfullscreen=\"allowfullscreen\"><\/iframe><\/div>\n<div class=\"col-md-6 col-sm-6 col-xs-12\"><iframe src=\"https:\/\/www.youtube.com\/embed\/JY1L_ThJPLY?&amp;autohide=2&amp;modestbranding=1\" width=\"100%\" height=\"315\" frameborder=\"0\" allowfullscreen=\"allowfullscreen\"><\/iframe><\/div>\n<\/div>\n<p>Para los pacientes que sufren de agrandamiento de la pr\u00f3stata, nuestra ablaci\u00f3n con l\u00e1ser de holmio proporciona un tratamiento mejor, m\u00e1s r\u00e1pido y m\u00e1s seguro. Esta cirug\u00eda utiliza un l\u00e1ser de alta potencia para tratar el agrandamiento de la pr\u00f3stata, as\u00ed como los c\u00e1lculos sin ninguno de los efectos secundarios habituales.<\/p>\n<p>El procedimiento ofrece:<\/p>\n<ul class=\"list1\">\n<li>No hay transfusiones de sangre<\/li>\n<li>Efectos secundarios reducidos<\/li>\n<li>Mejores resultados que el l\u00e1ser de luz verde&#8221;<\/li>\n<li>El procedimiento ambulatorio permite que los pacientes se vayan a casa el mismo d\u00eda<\/li>\n<li>El 90% de los pacientes regresan a casa sin un cat\u00e9ter foley<\/li>\n<li>Seguro para pacientes de alto riesgo con anticoagulantes<\/li>\n<\/ul>\n","protected":false},"excerpt":{"rendered":"<p>Para los pacientes que sufren de agrandamiento de la pr\u00f3stata, nuestra ablaci\u00f3n con l\u00e1ser de holmio proporciona un tratamiento mejor, m\u00e1s r\u00e1pido y m\u00e1s seguro. Esta cirug\u00eda utiliza un l\u00e1ser de alta potencia para tratar el agrandamiento de la pr\u00f3stata, as\u00ed como los c\u00e1lculos sin ninguno de los efectos secundarios habituales. El procedimiento ofrece: No [&hellip;]<\/p>\n","protected":false},"author":1,"featured_media":0,"parent":0,"menu_order":0,"comment_status":"closed","ping_status":"closed","template":"","meta":{"footnotes":""},"class_list":["post-106","page","type-page","status-publish","hentry"],"_links":{"self":[{"href":"https:\/\/miamiroboticprostatectomy.com\/sp\/wp-json\/wp\/v2\/pages\/106","targetHints":{"allow":["GET"]}}],"collection":[{"href":"https:\/\/miamiroboticprostatectomy.com\/sp\/wp-json\/wp\/v2\/pages"}],"about":[{"href":"https:\/\/miamiroboticprostatectomy.com\/sp\/wp-json\/wp\/v2\/types\/page"}],"author":[{"embeddable":true,"href":"https:\/\/miamiroboticprostatectomy.com\/sp\/wp-json\/wp\/v2\/users\/1"}],"replies":[{"embeddable":true,"href":"https:\/\/miamiroboticprostatectomy.com\/sp\/wp-json\/wp\/v2\/comments?post=106"}],"version-history":[{"count":12,"href":"https:\/\/miamiroboticprostatectomy.com\/sp\/wp-json\/wp\/v2\/pages\/106\/revisions"}],"predecessor-version":[{"id":1535,"href":"https:\/\/miamiroboticprostatectomy.com\/sp\/wp-json\/wp\/v2\/pages\/106\/revisions\/1535"}],"wp:attachment":[{"href":"https:\/\/miamiroboticprostatectomy.com\/sp\/wp-json\/wp\/v2\/media?parent=106"}],"curies":[{"name":"wp","href":"https:\/\/api.w.org\/{rel}","templated":true}]}}