{"id":115,"date":"2017-09-22T10:30:08","date_gmt":"2017-09-22T10:30:08","guid":{"rendered":"https:\/\/miamiroboticprostatectomy.com\/sp?page_id=115"},"modified":"2020-10-30T13:04:16","modified_gmt":"2020-10-30T13:04:16","slug":"autora","status":"publish","type":"page","link":"https:\/\/miamiroboticprostatectomy.com\/sp\/autora\/","title":{"rendered":"Autora"},"content":{"rendered":"\r\n<p><iframe src=\"https:\/\/www.youtube.com\/embed\/hoHahLBWxCY?&amp;autohide=2&amp;modestbranding=1\" width=\"100%\" height=\"350\" frameborder=\"0\" allowfullscreen=\"allowfullscreen\"><\/iframe><\/p>\r\n<h5><strong>&#8220;\u201cEl primer texto se centra exclusivamente en los aspectos anat\u00f3micos, fisiol\u00f3gicos, patol\u00f3gicos y t\u00e9cnicos de la prostatectom\u00eda de continencia urinaria post-rob\u00f3tica y la funci\u00f3n er\u00e9ctil. &#8221; &#8220;<\/strong><\/h5>\r\n<h3>Preface<\/h3>\r\n<div class=\"img-txt\">\r\n<p>El campo de la prostatectom\u00eda rob\u00f3tica est\u00e1 evolucionando r\u00e1pidamente. Las t\u00e9cnicas m\u00e1s nuevas permiten tiempos de hospitalizaci\u00f3n m\u00e1s cortos, una recuperaci\u00f3n m\u00e1s r\u00e1pida y una mejor continencia y funci\u00f3n er\u00e9ctil. La rapidez con la que avanzan las t\u00e9cnicas quir\u00fargicas y la preparaci\u00f3n pre y postoperatoria es lo que me llev\u00f3 a escribir este libro. En \u00e9l, cubro tanto los fundamentos de la prostatectom\u00eda rob\u00f3tica como los m\u00e9todos utilizados por l\u00edderes reconocidos internacionalmente en el campo para maximizar la continencia y la funci\u00f3n er\u00e9ctil. De hecho, nos encontramos en una etapa de la pr\u00e1ctica m\u00e9dica y quir\u00fargica en la que curar el c\u00e1ncer es f\u00e1cil. Ahora cambiamos nuestro enfoque para minimizar los da\u00f1os colaterales.<\/p>\r\n<\/div>\r\n<div class=\"row\">\r\n<div class=\"col-md-4\"><img decoding=\"async\" class=\"img-responsive\" src=\"https:\/\/miamiroboticprostatectomy.com\/sp\/wp-content\/uploads\/2017\/09\/book.jpg\" alt=\"\" title=\"\"><\/div>\r\n<div class=\"col-md-8\">\r\n<p>La pr\u00f3xima frontera de la cirug\u00eda rob\u00f3tica de pr\u00f3stata definitivamente no es solo curar el c\u00e1ncer, sino tambi\u00e9n mejorar los resultados, con la continencia preservada y la funci\u00f3n er\u00e9ctil en la parte superior de la lista de prioridades de un hombre. paciente. Con esto en mente, este novedoso libro es el primer tratado del mundo dedicado exclusivamente al regreso temprano de la continencia y la funci\u00f3n er\u00e9ctil despu\u00e9s de la cirug\u00eda rob\u00f3tica de pr\u00f3stata.<\/p>\r\n<p>El texto se divide en 9 cap\u00edtulos, partiendo de la comprensi\u00f3n b\u00e1sica de la anatom\u00eda y fisiolog\u00eda de la continencia y la potencia y evolucionando gradualmente hacia nuevas t\u00e9cnicas para mejorar y acelerar la recuperaci\u00f3n de la continencia y la funci\u00f3n er\u00e9ctil. \u00a9 ctil.<\/p>\r\n<p>Lo que encontr\u00e9 particularmente \u00fatil mientras perfeccionaba mi t\u00e9cnica quir\u00fargica personal fue ver videos de mis cirug\u00edas y los videos de otros cirujanos experimentados. De esta manera, pude ver qu\u00e9 funcion\u00f3 y qu\u00e9 no, y luego ajustar mi procedimiento.<\/p>\r\n<\/div>\r\n<\/div>\r\n<p>Esta es la raz\u00f3n por la que hemos incluido una serie de videos como acompa\u00f1amiento a este libro para guiar su estudio. Muchos cap\u00edtulos incluyen referencias a videos que presentan los puntos clave de cada cap\u00edtulo. Esperamos que el lector encuentre \u00fatiles estos videos.<\/p>\r\n<p>Al final del d\u00eda, lo m\u00e1s importante a recordar en la cirug\u00eda rob\u00f3tica de pr\u00f3stata es seguir practicando. Incluso si un cirujano no est\u00e1 sentado en la consola, maniobrando el joystick y presionando el pedal, a\u00fan puede ver videos, estudiar la literatura y estar abierto al di\u00e1logo con colegas en el campo de la oncolog\u00eda urol\u00f3gica y quiz\u00e1s incluso en otros campos. De hecho, fue una conversaci\u00f3n informal con un neurocirujano lo que me impuls\u00f3 a ser pionero en el uso de la membrana amni\u00f3tica humana en la preservaci\u00f3n de la funci\u00f3n nerviosa durante la prostatectom\u00eda rob\u00f3tica, como se ver\u00e1 en el cap. 9. A su debido tiempo, el novato se convertir\u00e1 en un experto y dise\u00f1ar\u00e1 sus propias t\u00e9cnicas para mejorar los resultados, al igual que los cirujanos que han contribuido a este libro.<\/p>\r\n<p>Me gustar\u00eda agradecer a mis colegas por contribuir generosamente con cap\u00edtulos a este libro. Cada cap\u00edtulo ha sido muy bien escrito por colegas a quienes tengo en gran estima por sus destacadas contribuciones a la cirug\u00eda rob\u00f3tica de pr\u00f3stata. Fue realmente un esfuerzo de colaboraci\u00f3n. Tambi\u00e9n me gustar\u00eda agradecer a mi familia por su incansable apoyo, en particular a mi hija Shirin, por tomarse un tiempo de su apretada agenda de la escuela de medicina para ayudarme a m\u00ed y a mis colegas a organizar nuestra amplia base de datos de pacientes que se han sometido a una prostatectom\u00eda rob\u00f3tica.<\/p>\r\n<p>Los autores esperan que disfrute de este libro de texto. Nos esforzamos por hacerlo relevante para la pr\u00e1ctica actual y comprensible para los cirujanos en todos los niveles de la curva de aprendizaje. Los videos que acompa\u00f1an al libro no deben ser ignorados, ya que pueden mostrar a\u00fan mejor los conceptos explicados en los cap\u00edtulos.<\/p>\r\n<p>Nuestros mejores deseos est\u00e1n contigo.<br \/><strong>Sanjay Razdan, MD, MCh Miami, FL, USA <\/strong><\/p>\r\n<h3>Tabla de contenido<\/h3>\r\n<ul class=\"list1\">\r\n<li>Anatomical Foundations and Physiology of Erectile Function and Urinary Continence Deepansh Dalela and Mani Menon<\/li>\r\n<li>Evaluaci\u00c3\u00b3n Preoperatoria e Intervenci\u00c3\u00b3n Preoperatoria: Optimizando los Resultados para el Retorno Temprano de la Continencia Urinaria<\/li>\r\n<li>Evaluaci\u00f3n preoperatoria e intervenci\u00f3n preoperatoria: optimizaci\u00f3n de resultados para el retorno temprano de la continencia urinaria<\/li>\r\n<li>Fisiopatolog\u00eda de la lesi\u00f3n nerviosa y su efecto sobre el retorno de la funci\u00f3n er\u00e9ctil <!-- li--><\/li>\r\n<li>Innovaciones tecnicas para optimizar el retorno temprano de la continencia urinaria Usama Khater y Sanjay Razdan<\/li>\r\n<li>Innovaciones tecnicas para optimizar el regreso temprano de la funci\u00f3n er\u00e9ctil<\/li>\r\n<li>Innovaciones tecnicas para optimizar el retorno temprano de la funci\u00f3n er\u00e9ctil<\/li>\r\n<li>Resultados oncol\u00f3gicos de la prostatectom\u00eda radical asistida por robot: el &#8220;acto de equilibrio&#8221; para lograr el control del c\u00e1ncer y minimizar el da\u00f1o colateral P. Sooriakumaran, H. S. Dev, D. Skarecky, Thomas E. Ahlering y P. Wiklund<\/li>\r\n<li>Medidas adyuvantes y nuevas terapias para optimizar el retorno precoz de la continencia urinaria Rose Khavari y Brian J. Miles<\/li>\r\n<li>Medidas Adicionales y Nuevas Terapias para Optimizar el Retorno Temprano de la Funci\u00f3n Er\u00e9ctil Nizar Boudiab, Usama Khater, Shirin Razdan y Sanjay Razdan<\/li>\r\n<\/ul>\r\n<h4>HAGA CLIC AQU\u00cd SI EST\u00c1 INTERESADO EN ADQUIRIR ESTE LIBRO<\/h4>\r\n","protected":false},"excerpt":{"rendered":"<p>ISBN: 978-3-319-39446-6 (Impresi\u00c3\u00b3n)<\/p>\n<p>978-3-319-39448-0 (En l\u00c3\u00adnea)<\/p>\n","protected":false},"author":1,"featured_media":0,"parent":0,"menu_order":0,"comment_status":"closed","ping_status":"closed","template":"","meta":{"footnotes":""},"class_list":["post-115","page","type-page","status-publish","hentry"],"_links":{"self":[{"href":"https:\/\/miamiroboticprostatectomy.com\/sp\/wp-json\/wp\/v2\/pages\/115","targetHints":{"allow":["GET"]}}],"collection":[{"href":"https:\/\/miamiroboticprostatectomy.com\/sp\/wp-json\/wp\/v2\/pages"}],"about":[{"href":"https:\/\/miamiroboticprostatectomy.com\/sp\/wp-json\/wp\/v2\/types\/page"}],"author":[{"embeddable":true,"href":"https:\/\/miamiroboticprostatectomy.com\/sp\/wp-json\/wp\/v2\/users\/1"}],"replies":[{"embeddable":true,"href":"https:\/\/miamiroboticprostatectomy.com\/sp\/wp-json\/wp\/v2\/comments?post=115"}],"version-history":[{"count":41,"href":"https:\/\/miamiroboticprostatectomy.com\/sp\/wp-json\/wp\/v2\/pages\/115\/revisions"}],"predecessor-version":[{"id":1491,"href":"https:\/\/miamiroboticprostatectomy.com\/sp\/wp-json\/wp\/v2\/pages\/115\/revisions\/1491"}],"wp:attachment":[{"href":"https:\/\/miamiroboticprostatectomy.com\/sp\/wp-json\/wp\/v2\/media?parent=115"}],"curies":[{"name":"wp","href":"https:\/\/api.w.org\/{rel}","templated":true}]}}