{"id":116,"date":"2017-09-22T10:29:41","date_gmt":"2017-09-22T10:29:41","guid":{"rendered":"https:\/\/miamiroboticprostatectomy.com\/sp?page_id=116"},"modified":"2025-12-30T04:13:42","modified_gmt":"2025-12-30T09:13:42","slug":"pvp-greenlight-laser","status":"publish","type":"page","link":"https:\/\/miamiroboticprostatectomy.com\/sp\/pvp-greenlight-laser\/","title":{"rendered":"PVP-Luz verde-L\u00e1ser"},"content":{"rendered":"<div class=\"sidebar-block\">\n<div class=\"tp-bx mbgfrm\">\n<div class=\"tp-bg-border tp-bg-box\">\n<p>El l\u00e1ser PVP GreenLight es un m\u00e9todo alternativo para reducir la obstrucci\u00f3n del flujo vesical que sufren los hombres con hiperplasia prost\u00e1tica benigna (HPB). Si bien la resecci\u00f3n transuretral de pr\u00f3stata (RTUP) a\u00fan se considera el tratamiento quir\u00fargico de referencia para la HBP, la posibilidad de un tratamiento menos invasivo resulta atractiva. El l\u00e1ser PVP GreenLight requiere una breve hospitalizaci\u00f3n y una anestesia ligera, pero la recuperaci\u00f3n es m\u00e1s r\u00e1pida a corto plazo. Tambi\u00e9n se necesita un cat\u00e9ter (un tubo que drena la vejiga) durante uno o dos d\u00edas hasta que la orina se aclare. Se recomienda a los pacientes que lleven una vida tranquila y eviten realizar esfuerzos o levantar objetos pesados \u200b\u200bdurante aproximadamente 10 d\u00edas despu\u00e9s de la cirug\u00eda.<\/p>\n<\/div>\n<\/div>\n<\/div>\n<div class=\"mar-10\"><\/div>\n<p><img decoding=\"async\" class=\"img-fluid\" src=\"http:\/\/www.miamiroboticprostatectomy.com\/wp-content\/uploads\/2017\/09\/PVP-Greenlight-laser.jpg\" alt=\"img-leaser\" title=\"\"><\/p>\n<h4>\u00bfPara qui\u00e9n es adecuado?<\/h4>\n<p>Cualquier paciente para quien est\u00e9 indicada la RTUP, excepto hombres que hayan sufrido retenci\u00f3n aguda (incapacidad para orinar), que tengan un volumen prost\u00e1tico superior a 60 cc o que necesiten an\u00e1lisis de laboratorio de los fragmentos prost\u00e1ticos.<\/p>\n<h4>\u00bfC\u00f3mo funciona?<\/h4>\n<p>Al igual que en la RTUP, se extrae parte del tejido prost\u00e1tico para aliviar la presi\u00f3n sobre la uretra. En esta ocasi\u00f3n, se inserta una sonda l\u00e1ser y, bajo la gu\u00eda del cirujano, el tejido sobrecrecido se vaporiza mediante la energ\u00eda l\u00e1ser. El l\u00e1ser detiene con gran eficacia el sangrado de cualquier tejido y, como resultado, no se requiere irrigaci\u00f3n vesical.<\/p>\n<p>Los efectos secundarios son similares a los de la RTUP. Sin embargo, al presentar un sangrado mucho menor, el procedimiento l\u00e1ser se considera menos invasivo. Por lo general, esto significa que la estancia hospitalaria es m\u00e1s corta y la recuperaci\u00f3n m\u00e1s r\u00e1pida. Sin embargo, no es raro que los pacientes sientan una sensaci\u00f3n de ardor o escozor durante un tiempo despu\u00e9s del procedimiento, que puede durar hasta seis u ocho semanas.<\/p>\n<p>Es normal tener rastros de sangre en la orina despu\u00e9s de esta operaci\u00f3n, por lo que se recomienda beber abundante agua durante unos d\u00edas hasta que la sangre se disipe. En ocasiones, se expulsan co\u00e1gulos entre 10 y 14 d\u00edas despu\u00e9s; esto forma parte del proceso de curaci\u00f3n.<\/p>\n<p>Aparte de esto y del riesgo de infecci\u00f3n que acompa\u00f1a a cualquier operaci\u00f3n o procedimiento invasivo, el \u00fanico efecto secundario significativo es la casi certeza de que la eyaculaci\u00f3n normal cese. Esto se debe a que la contracci\u00f3n que se produce durante el orgasmo puede no bloquear completamente la entrada a la vejiga una vez extirpado parte del tejido. El semen fluir\u00e1 de regreso a la vejiga (eyaculaci\u00f3n retr\u00f3grada o seca) en lugar de salir por el pene. Esto no es perjudicial, pero s\u00ed significa que la fertilidad futura se reduce significativamente.<\/p>\n<h2><strong>\u00bfQu\u00e9 es la cirug\u00eda l\u00e1ser PVP Greenlight?<\/strong><\/h2>\n<p>La PVP (Vaporizaci\u00f3n Fotoselectiva de la Pr\u00f3stata), o cirug\u00eda l\u00e1ser Greenlight, es un procedimiento m\u00ednimamente invasivo que utiliza un l\u00e1ser verde para vaporizar el exceso de tejido prost\u00e1tico. Esta cirug\u00eda trata los s\u00edntomas urinarios causados \u200b\u200bpor el agrandamiento de la pr\u00f3stata (hiperplasia prost\u00e1tica benigna o HPB) al aliviar la obstrucci\u00f3n causada por el tejido prost\u00e1tico en la uretra. Tambi\u00e9n se utiliza en algunos casos de c\u00e1ncer de pr\u00f3stata.<\/p>\n<p>Beneficios clave<\/p>\n<ul>\n<li><strong>M\u00ednimamente invasivo:<\/strong> Es un procedimiento ambulatorio que no requiere incisiones.<\/li>\n<li><strong>Menos efectos secundarios leves:<\/strong> Existe una menor probabilidad de efectos secundarios sexuales en comparaci\u00f3n con la cirug\u00eda de pr\u00f3stata tradicional.<\/li>\n<li><strong>Recuperaci\u00f3n r\u00e1pida:<\/strong> La mayor\u00eda de los pacientes pueden irse a casa el mismo d\u00eda y retomar sus actividades normales en pocos d\u00edas.<\/li>\n<li><strong>Procedimiento sin sangre:<\/strong> El l\u00e1ser vaporiza el tejido, pr\u00e1cticamente sin dejar sangre. Esto es \u00fatil para pacientes que toman anticoagulantes.<\/li>\n<\/ul>\n<h3><strong>\u00bfQu\u00e9 afecciones se tratan con el l\u00e1ser PVP Greenlight?<\/strong><\/h3>\n<p>El l\u00e1ser PVP Greenlight se utiliza para tratar afecciones como la hiperplasia prost\u00e1tica benigna (HPB), que es un agrandamiento no canceroso de la pr\u00f3stata. Este tratamiento tambi\u00e9n ayuda a aliviar varios s\u00edntomas, como:<\/p>\n<ul>\n<li>Necesidad frecuente o urgente de orinar<\/li>\n<li>Dificultad para iniciar la micci\u00f3n<\/li>\n<li>Chorro de orina d\u00e9bil o interrumpido<\/li>\n<li>Vaciado vesical incompleto<\/li>\n<li>Orina nocturna<\/li>\n<\/ul>\n<h3><strong>\u00bfPor qu\u00e9 elegir el l\u00e1ser PVP Greenlight en lugar de la cirug\u00eda tradicional?<\/strong><\/h3>\n<p>El l\u00e1ser PVP Greenlight ofrece una opci\u00f3n moderna y menos invasiva que los m\u00e9todos tradicionales de cirug\u00eda de pr\u00f3stata, incluida la RTUP. Utilizando energ\u00eda l\u00e1ser precisa, esta t\u00e9cnica permite la extirpaci\u00f3n del exceso de tejido prost\u00e1tico con menor sangrado, una recuperaci\u00f3n m\u00e1s r\u00e1pida y significativamente menos molestias.<\/p>\n<p><strong>Estos son algunos de los beneficios m\u00e1s destacados:<\/strong><\/p>\n<ul>\n<li><strong>Menos invasivo:<\/strong> Sin cortes quir\u00fargicos, por lo que hay menos trauma y menor riesgo de infecci\u00f3n.<\/li>\n<li><strong>Menos sangrado:<\/strong> Si est\u00e1 tomando anticoagulantes, es una opci\u00f3n segura.<\/li>\n<li><strong>Recuperaci\u00f3n m\u00e1s r\u00e1pida:<\/strong> La mayor\u00eda de los pacientes regresan el mismo d\u00eda y reanudan sus actividades habituales en pocos d\u00edas.<\/li>\n<li><strong>Menor tasa de complicaciones:<\/strong> Menos efectos secundarios urinarios y sexuales que la RTUP.<\/li>\n<li><strong>Alivio efectivo:<\/strong> La mejora del flujo urinario y el alivio de los s\u00edntomas de la HBP se producen de inmediato.<\/li>\n<\/ul>\n<h3><strong>L\u00e1ser PVP vs. Otros tratamientos para la pr\u00f3stata<\/strong><\/h3>\n<p>Aqu\u00ed se presentan algunas diferencias clave entre el l\u00e1ser PVP y otros tratamientos para la pr\u00f3stata:<\/p>\n<p><strong>Caracter\u00edstica de la cirug\u00eda tradicional con l\u00e1ser PVP (RTUP)<\/strong><\/p>\n<ul>\n<li><strong>Sangrado: M\u00ednimo o nulo;<\/strong> ideal para pacientes que toman anticoagulantes. Puede implicar sangrado significativo.<\/li>\n<li><strong>Estancia hospitalaria: Generalmente ambulatoria;<\/strong> generalmente alta el mismo d\u00eda. Generalmente requiere una noche o m\u00e1s de hospitalizaci\u00f3n.<\/li>\n<li><strong>Recuperaci\u00f3n:<\/strong> Tiempo de recuperaci\u00f3n m\u00e1s corto con menos molestias. Recuperaci\u00f3n m\u00e1s prolongada con mayor dolor postoperatorio.<\/li>\n<li><strong>Efectos secundarios:<\/strong> Eficacia similar, pero menos efectos secundarios sexuales y menor riesgo. Mayor riesgo de impotencia y eyaculaci\u00f3n retr\u00f3grada.<\/li>\n<li><strong>Tasa de reoperaci\u00f3n:<\/strong> Tasa de reoperaci\u00f3n a largo plazo ligeramente mayor que la RTUP. Tasa de reoperaci\u00f3n a largo plazo m\u00e1s baja.<\/li>\n<\/ul>\n<h4><strong>\u00bfPor qu\u00e9 elegir al Dr. Sanjay Razdan para la cirug\u00eda PVP con l\u00e1ser Greenlight en Miami?<\/strong><\/h4>\n<p>El Dr. Sanjay Razdan es un cirujano de c\u00e1ncer de pr\u00f3stata altamente calificado con sede en Miami, con experiencia en brindar tratamientos de alta calidad y atenci\u00f3n integral. Existen diversas razones para elegir al Dr. Razdan para la cirug\u00eda l\u00e1ser PVP Greenlight, entre ellas:<\/p>\n<ul>\n<li>Experiencia en procedimientos m\u00ednimamente invasivos y rob\u00f3ticos<\/li>\n<li>Alta tasa de \u00e9xito y satisfacci\u00f3n de los pacientes<\/li>\n<li>Instalaciones de vanguardia y tecnolog\u00eda l\u00e1ser avanzada<\/li>\n<li>Atenci\u00f3n personalizada y apoyo postratamiento<\/li>\n<\/ul>\n<p><strong>\u00a1Reserve una consulta con el Dr. Razdan hoy mismo!<\/strong><br \/>\n\u00bfEst\u00e1 considerando la cirug\u00eda l\u00e1ser PVP Greenlight en Miami? Programe una cita con el Dr. Razdan hoy mismo a trav\u00e9s de los datos de contacto a continuaci\u00f3n:<\/p>\n<p><strong>Dr. Sanjay Razdan, MD, MCh, FRCS (Glasg<\/strong><\/p>\n<p><strong><strong>N\u00famero de tel\u00e9fono:<\/strong><\/strong> 1-305-251-8650, 1-305-251-8913<strong><br \/>\n<strong>Horario de atenci\u00f3n:<\/strong><br \/>\nLunes a viernes:<\/strong> de 8:30 a. m. a 5 p. m.<br \/>\nCerrado los fines de semana<strong><br \/>\n<strong>Direcci\u00f3n:<\/strong><\/strong>Instituto Internacional de Rob\u00f3tica para el C\u00e1ncer de Pr\u00f3stata, 3650 N.W. 82nd Avenue, Suite PH 501, Doral, FL 33166<\/p>\n<h2><strong>Preguntas frecuentes<\/strong><\/h2>\n<h4><strong>Pregunta 1. \u00bfCu\u00e1l es el costo promedio de la cirug\u00eda PVP con l\u00e1ser Greenlight?<\/strong><\/h4>\n<p>Respuesta. El costo promedio de la cirug\u00eda PVP con l\u00e1ser Greenlight var\u00eda entre aproximadamente $6,000 y m\u00e1s de $15,000, dependiendo de varios factores como el hospital o centro quir\u00fargico, los honorarios del cirujano, la anestesia y el tama\u00f1o de la pr\u00f3stata.<\/p>\n<h4><strong>Pregunta 2. \u00bfQui\u00e9n es un buen candidato para el procedimiento PVP con l\u00e1ser Greenlight?<\/strong><\/h4>\n<p>Respuesta. Las personas con diagn\u00f3stico de hiperplasia prost\u00e1tica benigna (HPB) o dificultades urinarias son buenas candidatas para el procedimiento PVP con l\u00e1ser Greenlight.<\/p>\n<h4><strong>Pregunta 3. \u00bfCu\u00e1nto dura la cirug\u00eda PVP con l\u00e1ser Greenlight?<\/strong><\/h4>\n<p>Respuesta. La cirug\u00eda PVP con l\u00e1ser Greenlight suele durar entre 60 y 90 minutos, dependiendo del tama\u00f1o de la pr\u00f3stata y su complejidad.<\/p>\n<h4><strong>Pregunta 4. \u00bfCu\u00e1nto tiempo notar\u00e9 mejor\u00eda despu\u00e9s de la cirug\u00eda?<\/strong><\/h4>\n<p>Respuesta. La mayor\u00eda de los pacientes notan mejoras significativas en el flujo urinario en un plazo de 24 a 48 horas, y los beneficios completos se manifiestan en unas pocas semanas.<script type=\"application\/ld+json\">\n{\n  \"@context\": \"https:\/\/schema.org\",\n  \"@type\": \"FAQPage\",\n  \"mainEntity\": [\n    {\n      \"@type\": \"Question\",\n      \"name\": \"\u00bfCu\u00e1l es el costo promedio de la cirug\u00eda l\u00e1ser PVP Greenlight?\",\n      \"acceptedAnswer\": {\n        \"@type\": \"Answer\",\n        \"text\": \"El costo promedio de la cirug\u00eda l\u00e1ser PVP Greenlight var\u00eda entre $6,000 y m\u00e1s de $15,000, dependiendo del hospital, los honorarios del cirujano, la anestesia y el tama\u00f1o de la pr\u00f3stata.\"\n      }\n    },\n    {\n      \"@type\": \"Question\",\n      \"name\": \"\u00bfQui\u00e9n es un buen candidato para el procedimiento PVP con l\u00e1ser Greenlight?\",\n      \"acceptedAnswer\": {\n        \"@type\": \"Answer\",\n        \"text\": \"Las personas diagnosticadas con hiperplasia prost\u00e1tica benigna (HPB) o que presentan dificultades urinarias suelen ser buenos candidatos para el procedimiento PVP con l\u00e1ser Greenlight.\"\n      }\n    },\n    {\n      \"@type\": \"Question\",\n      \"name\": \"\u00bfCu\u00e1nto dura la cirug\u00eda PVP con l\u00e1ser Greenlight?\",\n      \"acceptedAnswer\": {\n        \"@type\": \"Answer\",\n        \"text\": \"La cirug\u00eda PVP con l\u00e1ser Greenlight suele durar entre 60 y 90 minutos, dependiendo del tama\u00f1o de la pr\u00f3stata y la complejidad del caso.\"\n      }\n    },\n    {\n      \"@type\": \"Question\",\n      \"name\": \"\u00bfCu\u00e1nto tiempo tarda la recuperaci\u00f3n despu\u00e9s de la cirug\u00eda PVP?\",\n      \"acceptedAnswer\": {\n        \"@type\": \"Answer\",\n        \"text\": \"La mayor\u00eda de los pacientes puede retomar actividades ligeras en pocos d\u00edas. La recuperaci\u00f3n completa suele tomar entre una y dos semanas, dependiendo del estado general del paciente.\"\n      }\n    }\n  ]\n}\n<\/script><\/p>\n","protected":false},"excerpt":{"rendered":"<p>El l\u00e1ser PVP GreenLight es un m\u00e9todo alternativo para reducir la obstrucci\u00f3n del flujo vesical que sufren los hombres con hiperplasia prost\u00e1tica benigna (HPB). Si bien la resecci\u00f3n transuretral de pr\u00f3stata (RTUP) a\u00fan se considera el tratamiento quir\u00fargico de referencia para la HBP, la posibilidad de un tratamiento menos invasivo resulta atractiva. El l\u00e1ser PVP [&hellip;]<\/p>\n","protected":false},"author":1,"featured_media":0,"parent":0,"menu_order":0,"comment_status":"closed","ping_status":"closed","template":"","meta":{"footnotes":""},"class_list":["post-116","page","type-page","status-publish","hentry"],"_links":{"self":[{"href":"https:\/\/miamiroboticprostatectomy.com\/sp\/wp-json\/wp\/v2\/pages\/116","targetHints":{"allow":["GET"]}}],"collection":[{"href":"https:\/\/miamiroboticprostatectomy.com\/sp\/wp-json\/wp\/v2\/pages"}],"about":[{"href":"https:\/\/miamiroboticprostatectomy.com\/sp\/wp-json\/wp\/v2\/types\/page"}],"author":[{"embeddable":true,"href":"https:\/\/miamiroboticprostatectomy.com\/sp\/wp-json\/wp\/v2\/users\/1"}],"replies":[{"embeddable":true,"href":"https:\/\/miamiroboticprostatectomy.com\/sp\/wp-json\/wp\/v2\/comments?post=116"}],"version-history":[{"count":19,"href":"https:\/\/miamiroboticprostatectomy.com\/sp\/wp-json\/wp\/v2\/pages\/116\/revisions"}],"predecessor-version":[{"id":2673,"href":"https:\/\/miamiroboticprostatectomy.com\/sp\/wp-json\/wp\/v2\/pages\/116\/revisions\/2673"}],"wp:attachment":[{"href":"https:\/\/miamiroboticprostatectomy.com\/sp\/wp-json\/wp\/v2\/media?parent=116"}],"curies":[{"name":"wp","href":"https:\/\/api.w.org\/{rel}","templated":true}]}}