{"id":1179,"date":"2020-01-07T13:39:57","date_gmt":"2020-01-07T13:39:57","guid":{"rendered":"https:\/\/miamiroboticprostatectomy.com\/sp\/?page_id=1179"},"modified":"2021-04-03T09:09:53","modified_gmt":"2021-04-03T09:09:53","slug":"seguros-aceptados","status":"publish","type":"page","link":"https:\/\/miamiroboticprostatectomy.com\/sp\/seguros-aceptados\/","title":{"rendered":"SEGUROS ACEPTADOS"},"content":{"rendered":"\r\n<p><img decoding=\"async\" class=\"img-responsive\" src=\"https:\/\/www.miamiroboticprostatectomy.com\/wp-content\/uploads\/2017\/11\/Insurances-Accepted.jpg\" alt=\"\" title=\"\"><\/p>\r\n<p>El Instituto Internacional de Prostatectom\u00eda Rob\u00f3tica acepta la mayor\u00eda de las compa\u00f1\u00edas de seguros, incluidas las que se enumeran a continuaci\u00f3n:<\/p>\r\n<div class=\"row\">\r\n<div>\u00c2\u00a0<\/div>\r\n<div class=\"col-md-6\"><a href=\"https:\/\/www.aarp.org\" target=\"_blank\" rel=\"noopener\">AARP<\/a><br \/><a href=\"https:\/\/www.myallsavers.com\/MyAllSavers\/Home\/FindDoc\" target=\"_blank\" rel=\"noopener\">ALL SAVERS<\/a><br \/>ANET<br \/><a href=\"https:\/\/www.aetna.com\/\" target=\"_blank\" rel=\"noopener\">AETNA<\/a><br \/><a href=\"https:\/\/www.ambetterhealth.com\/\" target=\"_blank\" rel=\"noopener\">AMBETTER<\/a><br \/>AMERIBAN<br \/>ATLANTIC MEDICAL<br \/><a href=\"https:\/\/www.avmed.org\/\" target=\"_blank\" rel=\"noopener\">AVMED<\/a><br \/>ADMNISTRATIVE-CONCEPTS\/LIBERTY HEALTH<br \/><a href=\"https:\/\/www.trustmarkbenefits.com\/Health-Benefits\" target=\"_blank\" rel=\"noopener\">CORE SOURCE<\/a><br \/>BEST DOCTORS<br \/><a href=\"https:\/\/www.bcbs.com\/\" target=\"_blank\" rel=\"noopener\">BCBS<\/a><br \/><a href=\"https:\/\/www.bupaglobal.com\/en\" target=\"_blank\" rel=\"noopener\">BUPA<\/a><br \/><a href=\"https:\/\/www.cigna.com\" target=\"_blank\" rel=\"noopener\">CIGNA<\/a><br \/><a href=\"https:\/\/www.careplushealthplans.com\/\" target=\"_blank\" rel=\"noopener\">CAREPLUS<\/a><br \/><a href=\"https:\/\/member.cvty.com\/memberPortalWeb\/appmanager\/memberPortal\/member\" target=\"_blank\" rel=\"noopener\">COVENTRY<\/a><br \/><a href=\"https:\/\/www.colina.com\/\" target=\"_blank\" rel=\"noopener\">COLINA<\/a><br \/>DIMENSION<br \/>GOLDEN RULES<br \/>INTERNATIONAL-BENEFIT-ADMINISTRATORS<br \/>GLOBAL EXCEL<br \/><a href=\"https:\/\/www.geha.com\/\" target=\"_blank\" rel=\"noopener\">GEHA<\/a><br \/><a href=\"https:\/\/www.leonmedicalcenters.com\/\" target=\"_blank\" rel=\"noopener\">LEON MEDICAL<\/a><\/div>\r\n<div class=\"col-md-6\"><a href=\"https:\/\/www.mymedicare.gov\/\" target=\"_blank\" rel=\"noopener\">MEDICARE<\/a><br \/><a href=\"https:\/\/www.medicaid.gov\/\" target=\"_blank\" rel=\"noopener\">MEDICAID\/MEDICAID HMOS<\/a><br \/>MERITAIN<br \/>HEALTH NETWORK ONE<br \/><a href=\"https:\/\/www.humana.com\/\" target=\"_blank\" rel=\"noopener\">HUMANA<\/a><br \/><a href=\"https:\/\/healthsun.com\/\" target=\"_blank\" rel=\"noopener\">HEALTHSUN<\/a><br \/>FIRST HEALTH NETWORK<br \/><a href=\"https:\/\/www.molinahealthcare.com\/en-us\/Pages\/home.aspx?CookieCheck=true\" target=\"_blank\" rel=\"noopener\">MOLINA<\/a><br \/>NEIGHBORHOOD<br \/>ONE SOURCE EPO<br \/>PHCS<br \/>PAN AMERICA<br \/><a href=\"https:\/\/www.oxhp.com\/\" target=\"_blank\" rel=\"noopener\">OXFORD<\/a><br \/>OLYMPUS<br \/>QHM<br \/>QUALITY HEALTH MANAGEMENT<br \/><a href=\"https:\/\/www.medigap.com\/secure-horizons-medicare-plans\/\" target=\"_blank\" rel=\"noopener\">SECURE HORIZON<\/a><br \/><a href=\"https:\/\/www.wellcare.com\/florida\/members\/medicaid-plans\/staywell\" target=\"_blank\" rel=\"noopener\">STAYWELL<\/a><br \/><a href=\"https:\/\/www.simplyhealthcareplans.com\/florida-home\/simply.html\" target=\"_blank\" rel=\"noopener\">SIMPLY<\/a><br \/><a href=\"https:\/\/www.sanushealth.com\/\" target=\"_blank\" rel=\"noopener\">SANUS<\/a><br \/><a href=\"https:\/\/www.sunshinehealth.com\/\" target=\"_blank\" rel=\"noopener\">SUNSHINE<\/a><br \/><a href=\"https:\/\/www.tricare.mil\/\" target=\"_blank\" rel=\"noopener\">TRICARE<\/a><\/div>\r\n<div class=\"col-md-6\"><a href=\"https:\/\/www.uhc.com\/\" target=\"_blank\" rel=\"noopener\">UNITED HEALTH CARE<\/a><br \/>UMR<br \/><a href=\"https:\/\/www.wellcare.com\/\" target=\"_blank\" rel=\"noopener\">WELLCARE<\/a><\/div>\r\n<\/div>\r\n<p>Para aquellos pacientes que no tienen cobertura de seguro, el Instituto Internacional de Prostatectom\u00eda Rob\u00f3tica ofrece un plan de pago en efectivo con DESCUENTO. Tambi\u00e9n aceptamos beneficios fuera de la red para algunos seguros, as\u00ed como una tarifa de pago en efectivo con descuento para pacientes que hayan agotado sus beneficios. El seguro nunca es f\u00e1cil, pero perm\u00edtanos ayudarlo a guiarlo.<\/p>\r\n<p>Es importante comprender los detalles de su plan y las opciones de pago. Si tiene preguntas, comun\u00edquese con su proveedor de seguros para obtener informaci\u00f3n sobre deducibles o copagos.<\/p>\r\n<p>\u00bfSu seguro no figura en la lista anterior? Algunas compa\u00f1\u00edas de seguros no nos permitir\u00e1n presentar una solicitud en su nombre. Si no ve su empresa en la lista anterior, comun\u00edquese con nosotros. Estaremos encantados de responder cualquier pregunta y ver si podemos trabajar con usted y su seguro.<\/p>\r\n<p>Como servicio complementario adicional, lo contactaremos y confirmaremos sus beneficios de Urolog\u00eda antes de su consulta con el Instituto Internacional de Prostatectom\u00eda Rob\u00f3tica.<\/p>\r\n<p>Para obtener m\u00e1s informaci\u00f3n sobre la cobertura del seguro y las opciones de pago, ll\u00e1menos al 305-251-8650.<\/p>\r\n","protected":false},"excerpt":{"rendered":"<p>El Instituto Internacional de Prostatectom\u00eda Rob\u00f3tica acepta la mayor\u00eda de las compa\u00f1\u00edas de seguros, incluidas las que se enumeran a continuaci\u00f3n: \u00c2\u00a0 AARPALL SAVERSANETAETNAAMBETTERAMERIBANATLANTIC MEDICALAVMEDADMNISTRATIVE-CONCEPTS\/LIBERTY HEALTHCORE SOURCEBEST DOCTORSBCBSBUPACIGNACAREPLUSCOVENTRYCOLINADIMENSIONGOLDEN RULESINTERNATIONAL-BENEFIT-ADMINISTRATORSGLOBAL EXCELGEHALEON MEDICAL MEDICAREMEDICAID\/MEDICAID HMOSMERITAINHEALTH NETWORK ONEHUMANAHEALTHSUNFIRST HEALTH NETWORKMOLINANEIGHBORHOODONE SOURCE EPOPHCSPAN AMERICAOXFORDOLYMPUSQHMQUALITY HEALTH MANAGEMENTSECURE HORIZONSTAYWELLSIMPLYSANUSSUNSHINETRICARE UNITED HEALTH CAREUMRWELLCARE Para aquellos pacientes que no tienen cobertura de seguro, [&hellip;]<\/p>\n","protected":false},"author":1,"featured_media":0,"parent":0,"menu_order":0,"comment_status":"closed","ping_status":"closed","template":"","meta":{"footnotes":""},"class_list":["post-1179","page","type-page","status-publish","hentry"],"_links":{"self":[{"href":"https:\/\/miamiroboticprostatectomy.com\/sp\/wp-json\/wp\/v2\/pages\/1179","targetHints":{"allow":["GET"]}}],"collection":[{"href":"https:\/\/miamiroboticprostatectomy.com\/sp\/wp-json\/wp\/v2\/pages"}],"about":[{"href":"https:\/\/miamiroboticprostatectomy.com\/sp\/wp-json\/wp\/v2\/types\/page"}],"author":[{"embeddable":true,"href":"https:\/\/miamiroboticprostatectomy.com\/sp\/wp-json\/wp\/v2\/users\/1"}],"replies":[{"embeddable":true,"href":"https:\/\/miamiroboticprostatectomy.com\/sp\/wp-json\/wp\/v2\/comments?post=1179"}],"version-history":[{"count":5,"href":"https:\/\/miamiroboticprostatectomy.com\/sp\/wp-json\/wp\/v2\/pages\/1179\/revisions"}],"predecessor-version":[{"id":1748,"href":"https:\/\/miamiroboticprostatectomy.com\/sp\/wp-json\/wp\/v2\/pages\/1179\/revisions\/1748"}],"wp:attachment":[{"href":"https:\/\/miamiroboticprostatectomy.com\/sp\/wp-json\/wp\/v2\/media?parent=1179"}],"curies":[{"name":"wp","href":"https:\/\/api.w.org\/{rel}","templated":true}]}}