{"id":1181,"date":"2020-01-07T13:43:01","date_gmt":"2020-01-07T13:43:01","guid":{"rendered":"https:\/\/miamiroboticprostatectomy.com\/sp\/?page_id=1181"},"modified":"2025-10-16T01:12:21","modified_gmt":"2025-10-16T05:12:21","slug":"prueba-de-psa-para-el-cancer-de-prostata","status":"publish","type":"page","link":"https:\/\/miamiroboticprostatectomy.com\/sp\/prueba-de-psa-para-el-cancer-de-prostata\/","title":{"rendered":"PRUEBA DE PSA PARA CANCER DE PR\u00d3STATA"},"content":{"rendered":"\r\n<h2>PRUEBA DE PSA: INTRODUCCI\u00d3N<\/h2>\r\n<p>La prueba de PSA es un tipo de an\u00e1lisis de sangre que puede ayudar a diagnosticar problemas relacionados con la pr\u00f3stata. Tambi\u00e9n es una de las principales pruebas que se realizan para diagnosticar <a href=\"https:\/\/miamiroboticprostatectomy.com\/sp\/dr-razdan-ayuda-a-celebrity-dj-beat-prostate-cancer\/\">Cancer de prostata.<\/a><\/p>\r\n<p>Aqu\u00ed hay informaci\u00f3n detallada sobre la prueba de PSA para ayudarlo a saber qu\u00e9 sucede si se hace una prueba y qu\u00e9 resultados de PSA puede indicar:<\/p>\r\n<h3>\u00bfQu\u00e9 es la prueba de PSA?<\/h3>\r\n<p>Este es un an\u00e1lisis de sangre dise\u00f1ado para medir la cantidad exacta de ant\u00edgeno prost\u00e1tico espec\u00edfico (PSA) en su sangre. El PSA es en realidad una prote\u00edna producida por c\u00e9lulas sanas presentes en la pr\u00f3stata. Esta prote\u00edna tambi\u00e9n puede ser producida por c\u00e9lulas de c\u00e1ncer de pr\u00f3stata.<\/p>\r\n<p>Es bastante normal tener una peque\u00f1a cantidad de PSA en la sangre. Esta cantidad puede aumentar un poco a medida que uno envejece y aumenta el tama\u00f1o de la pr\u00f3stata. Un nivel elevado de PSA puede indicar un problema de pr\u00f3stata. Sin embargo, esto no significa necesariamente c\u00e1ncer.<\/p>\r\n<p>Su m\u00e9dico de cabecera debe analizar esta prueba con usted en detalle.<\/p>\r\n<h2>\u00bfSoy candidato para la prueba de PSA?<\/h2>\r\n<p>Eres candidato si tienes 50 a\u00f1os. En caso de que tenga m\u00e1s de 45 a\u00f1os y tenga un mayor riesgo de c\u00e1ncer de pr\u00f3stata (antecedentes familiares o de raza negra de la afecci\u00f3n), puede discutir la posibilidad de hacerse un examen con su m\u00e9dico de cabecera (m\u00e9dico de cabecera).<\/p>\r\n<h3>\u00bfQu\u00e9 indica la prueba de PSA?<\/h3>\r\n<h4><strong>Un nivel elevado de PSA puede indicar un problema de pr\u00f3stata. Esto puede deberse a lo siguiente:<\/strong><\/h4>\r\n<ul>\r\n<li>Una pr\u00f3stata agrandada<\/li>\r\n<li>Prostatitis<\/li>\r\n<li>C\u00e1ncer de pr\u00f3stata<\/li>\r\n<\/ul>\r\n<p>Una serie de otras cosas tambi\u00e9n puede dar lugar a un aumento en los niveles de PSA. Por lo tanto, es natural si su m\u00e9dico de cabecera le pide que se haga otras pruebas para averiguar la causa exacta.<\/p>\r\n<h2>PROS Y CONTRAS DE LA PRUEBA DE PSA<\/h2>\r\n<p>Es muy importante saber acerca de los diversos pros y contras de hacerse la prueba de PSA. Esto es lo que necesita saber:<\/p>\r\n<h4><strong>Pros<\/strong><\/h4>\r\n<ul>\r\n<li>La prueba puede ayudar a detectar el c\u00e1ncer de pr\u00f3stata incluso antes de que observe alg\u00fan s\u00edntoma.<\/li>\r\n<li>La prueba ayudar\u00e1 a detectar el c\u00e1ncer de r\u00e1pido crecimiento en una etapa temprana. En esta etapa, el tratamiento detendr\u00e1 la propagaci\u00f3n del c\u00e1ncer y causar\u00e1 problemas.<\/li>\r\n<li>Esta prueba es m\u00e1s \u00fatil para los hombres con mayor riesgo de c\u00e1ncer de pr\u00f3stata. Ayudar\u00e1 a detectar cualquier cambio en el nivel de PSA y a decidir el mejor tratamiento para el c\u00e1ncer de pr\u00f3stata.<\/li>\r\n<\/ul>\r\n<h4><strong>Desventajas<\/strong><\/h4>\r\n<p>Es posible que le preocupe el aumento del nivel de PSA. Sin embargo, la prueba de PSA puede no detectar el c\u00e1ncer de pr\u00f3stata.<\/p>\r\n<p>En caso de que su nivel de PSA suba una vez, es posible que necesite m\u00e1s pruebas, incluida una biopsia. La biopsia puede causar efectos secundarios, como sangre en el semen \/ orina, dolor e infecci\u00f3n.<\/p>\r\n<p>Es posible que le diagnostiquen c\u00e1ncer de pr\u00f3stata de crecimiento lento. Este tipo de c\u00e1ncer nunca puede causar problemas al paciente. Esto tampoco puede afectar la vida \u00fatil del paciente. Sin embargo, recibir un diagn\u00f3stico de c\u00e1ncer puede provocar un estr\u00e9s innecesario. Puede decidir recibir tratamiento incluso si no lo necesita.<\/p>\r\n<p>Los tratamientos del c\u00e1ncer de pr\u00f3stata tienen algunos efectos secundarios graves en los pacientes que pueden afectar su vida diaria. Estos pueden incluir problemas con el intestino y el tracto urinario. Los problemas de erecci\u00f3n tambi\u00e9n son comunes entre los pacientes con c\u00e1ncer de pr\u00f3stata.<\/p>\r\n<h3>PRUEBA DE PSA BASE<\/h3>\r\n<p>Esta prueba implica hacerse una prueba de PSA incluso cuando el riesgo de contraerla es bajo. Su objetivo es ayudar a los expertos a comprender su riesgo de c\u00e1ncer de pr\u00f3stata en el futuro. Por ejemplo, si el nivel de PSA de un hombre es ligeramente m\u00e1s alto cuando tiene 40 a\u00f1os, es posible que tenga un mayor riesgo de desarrollar c\u00e1ncer de pr\u00f3stata en el futuro.<\/p>\r\n<h2>\u00bfQu\u00e9 nivel de PSA indica c\u00e1ncer?<\/h2>\r\n<p>Unos niveles altos de PSA no garantizan la presencia de c\u00e1ncer de pr\u00f3stata. No existe un nivel fijo de PSA que indique si se tiene c\u00e1ncer de pr\u00f3stata. Es necesario hacerse una biopsia de pr\u00f3stata para confirmar la presencia de c\u00e1ncer.<br \/>Un nivel de PSA entre 4 y 10 implica un 25 % de probabilidades de tener c\u00e1ncer de pr\u00f3stata. Si el nivel de PSA es superior a 10, el riesgo de c\u00e1ncer de pr\u00f3stata es del 50 %. Es importante consultar con su profesional de la salud sobre la posibilidad de una biopsia de pr\u00f3stata si los niveles se encuentran en este rango.<\/p>\r\n<h3>\u00bfC\u00f3mo reducir el PSA r\u00e1pidamente?<\/h3>\r\n<p>No existe una forma fija de reducir los niveles de PSA. Sin embargo, seg\u00fan algunas investigaciones, realizar cambios en el estilo de vida y la dieta puede ayudar a reducir los niveles de PSA. Estos consejos incluyen:<\/p>\r\n<ul>\r\n<li>\u00a0Consumir m\u00e1s alimentos que contengan licopeno. El licopeno es una sustancia qu\u00edmica que le da a algunas frutas y verduras su color rojo o rosado. Puede tener posibles propiedades anticancer\u00edgenas.<\/li>\r\n<li>Aumentar el consumo de una dieta basada en plantas. Comer m\u00e1s verduras y legumbres puede aumentar el sistema inmunitario y prevenir el crecimiento de c\u00e9lulas cancerosas.<\/li>\r\n<li>Es necesario consumir vitamina D. La vitamina D ayuda a desarrollar y mantener huesos fuertes y refuerza el sistema inmunitario.<\/li>\r\n<li>Aumente la actividad f\u00edsica. Cuanto m\u00e1s ejercicio haga, m\u00e1s le ayudar\u00e1 a mantener bajos sus niveles de PSA.<\/li>\r\n<\/ul>\r\n<h2>C\u00f3mo entender el resultado de la prueba de PSA<\/h2>\r\n<p>El PSA se mide generalmente en nanogramos por mililitro de sangre (ng\/ml). No existe una \u00fanica lectura de PSA que se considere normal. La lectura var\u00eda de persona a persona y aumenta con la edad. En particular, la mayor\u00eda de los hombres tienen un nivel de PSA inferior a 3 ng\/ml. Su m\u00e9dico podr\u00eda derivarlo a un especialista si su nivel de PSA es:<\/p>\r\n<table>\r\n<tbody>\r\n<tr>\r\n<td width=\"468\">\r\n<p>Edad<\/p>\r\n<\/td>\r\n<td width=\"468\">\r\n<p>Nivel de PSA<\/p>\r\n<\/td>\r\n<\/tr>\r\n<tr>\r\n<td width=\"468\">\r\n<p>Entre 40 y 49 a\u00f1os<\/p>\r\n<\/td>\r\n<td width=\"468\">\r\n<p>M\u00e1s de 2.5 ng\/ml<\/p>\r\n<\/td>\r\n<\/tr>\r\n<tr>\r\n<td width=\"468\">\r\n<p>Entre 50 y 59 a\u00f1os<\/p>\r\n<\/td>\r\n<td width=\"468\">\r\n<p>M\u00e1s de 3.5 ng\/ml<\/p>\r\n<\/td>\r\n<\/tr>\r\n<tr>\r\n<td width=\"468\">\r\n<p>Entre 60 y 69 a\u00f1os<\/p>\r\n<\/td>\r\n<td width=\"468\">\r\n<p>M\u00e1s de 4.5 ng\/ml<\/p>\r\n<\/td>\r\n<\/tr>\r\n<tr>\r\n<td width=\"468\">\r\n<p>Entre 70 y 79 a\u00f1os<\/p>\r\n<\/td>\r\n<td width=\"468\">\r\n<p>M\u00e1s de 6.5 ng\/ml<\/p>\r\n<\/td>\r\n<\/tr>\r\n<\/tbody>\r\n<\/table>\r\n<p><\/p>\r\n<h4><strong>Preguntas frecuentes<\/strong><\/h4>\r\n<h5>P. \u00bfCu\u00e1les son las se\u00f1ales de alerta del c\u00e1ncer de pr\u00f3stata?<\/h5>\r\n<p>R: Las se\u00f1ales de alerta del c\u00e1ncer de pr\u00f3stata son:<\/p>\r\n<ul>\r\n<li>\u2022 Cambios en la micci\u00f3n<\/li>\r\n<li>Dolor en la zona lumbar, caderas o pecho<\/li>\r\n<li>Sangre en la orina o el semen<\/li>\r\n<li>Dolor \u00f3seo<\/li>\r\n<li>P\u00e9rdida de peso inesperada<\/li>\r\n<li>Disfunci\u00f3n er\u00e9ctil y eyaculaci\u00f3n dolorosa<\/li>\r\n<\/ul>\r\n<h5><strong>P. \u00bfQu\u00e9 es un nivel de PSA alarmante?<\/strong><\/h5>\r\n<p>R: Los niveles de PSA superiores a 10 ng\/ml suelen indicar un mayor riesgo de c\u00e1ncer de pr\u00f3stata. P.<\/p>\r\n<h5><strong>P. \u00bfCu\u00e1ndo debo recibir los resultados de una prueba de PSA?<\/strong><\/h5>\r\n<p>R: Deber\u00eda recibir los resultados de una prueba de PSA en una semana. Un profesional de la salud podr\u00eda contactarle para programar una cita de seguimiento y hablar m\u00e1s sobre el tema.<\/p>\r\n<h5><strong>P. \u00bfCu\u00e1ndo se realiza una prueba de PSA?<\/strong><\/h5>\r\n<p>R: Las pruebas de PSA son muy comunes. Si tiene problemas de pr\u00f3stata, su profesional de la salud podr\u00eda recomendarle hacerse una prueba de PSA cada dos o tres a\u00f1os, comenzando alrededor de los 50 a\u00f1os.<\/p>","protected":false},"excerpt":{"rendered":"<p>PRUEBA DE PSA: INTRODUCCI\u00d3N La prueba de PSA es un tipo de an\u00e1lisis de sangre que puede ayudar a diagnosticar problemas relacionados con la pr\u00f3stata. Tambi\u00e9n es una de las principales pruebas que se realizan para diagnosticar Cancer de prostata. Aqu\u00ed hay informaci\u00f3n detallada sobre la prueba de PSA para ayudarlo a saber qu\u00e9 sucede [&hellip;]<\/p>\n","protected":false},"author":1,"featured_media":0,"parent":0,"menu_order":0,"comment_status":"closed","ping_status":"closed","template":"","meta":{"footnotes":""},"class_list":["post-1181","page","type-page","status-publish","hentry"],"_links":{"self":[{"href":"https:\/\/miamiroboticprostatectomy.com\/sp\/wp-json\/wp\/v2\/pages\/1181","targetHints":{"allow":["GET"]}}],"collection":[{"href":"https:\/\/miamiroboticprostatectomy.com\/sp\/wp-json\/wp\/v2\/pages"}],"about":[{"href":"https:\/\/miamiroboticprostatectomy.com\/sp\/wp-json\/wp\/v2\/types\/page"}],"author":[{"embeddable":true,"href":"https:\/\/miamiroboticprostatectomy.com\/sp\/wp-json\/wp\/v2\/users\/1"}],"replies":[{"embeddable":true,"href":"https:\/\/miamiroboticprostatectomy.com\/sp\/wp-json\/wp\/v2\/comments?post=1181"}],"version-history":[{"count":13,"href":"https:\/\/miamiroboticprostatectomy.com\/sp\/wp-json\/wp\/v2\/pages\/1181\/revisions"}],"predecessor-version":[{"id":2564,"href":"https:\/\/miamiroboticprostatectomy.com\/sp\/wp-json\/wp\/v2\/pages\/1181\/revisions\/2564"}],"wp:attachment":[{"href":"https:\/\/miamiroboticprostatectomy.com\/sp\/wp-json\/wp\/v2\/media?parent=1181"}],"curies":[{"name":"wp","href":"https:\/\/api.w.org\/{rel}","templated":true}]}}