{"id":1183,"date":"2020-01-07T13:45:49","date_gmt":"2020-01-07T13:45:49","guid":{"rendered":"https:\/\/miamiroboticprostatectomy.com\/sp\/?page_id=1183"},"modified":"2020-10-30T13:29:55","modified_gmt":"2020-10-30T13:29:55","slug":"hiperplasia-prostatica-benigna","status":"publish","type":"page","link":"https:\/\/miamiroboticprostatectomy.com\/sp\/hiperplasia-prostatica-benigna\/","title":{"rendered":"Hiperplasia prost\u00e1tica benigna"},"content":{"rendered":"\r\n<p>La hiperplasia prost\u00e1tica benigna, m\u00e1s conocida como HPB, es una gl\u00e1ndula prost\u00e1tica agrandada (no cancerosa) debido al desarrollo excesivo de las c\u00e9lulas prost\u00e1ticas. La gl\u00e1ndula es un componente cr\u00edtico del sistema reproductor masculino.<\/p>\r\n<p>La gl\u00e1ndula prost\u00e1tica secreta l\u00edquido en la uretra durante el proceso de eyaculaci\u00f3n. La gl\u00e1ndula prost\u00e1tica se encuentra debajo del cuello de la vejiga urinaria y abarca la uretra. Aunque no existe consenso sobre la causa de la HPB, muchos expertos creen que se debe a una disminuci\u00f3n de la testosterona a medida que el hombre envejece.<\/p>\r\n\r\n<p><img decoding=\"async\" class=\"img-responsive\" src=\"https:\/\/miamiroboticprostatectomy.com\/sp\/wp-content\/uploads\/2020\/02\/BPH-image.png\" alt=\"\" title=\"\"><\/p>\r\n<p>Casi el 50% de los hombres a los 50 a\u00f1os tendr\u00e1n hiperplasia prost\u00e1tica benigna, y cuando lleguen a los 80 a\u00f1os, existe una probabilidad del 80-90% de desarrollar agrandamiento de la pr\u00f3stata. En los Estados Unidos, m\u00e1s de 2 millones de hombres son tratados anualmente por HPB. Aunque los s\u00edntomas de la HPB y el c\u00e1ncer de pr\u00f3stata son similares, nunca se ha demostrado que la hiperplasia prost\u00e1tica benigna sea un precursor en el desarrollo del c\u00e1ncer de pr\u00f3stata.<\/p>\r\n<p>A medida que la pr\u00f3stata se agranda, aprieta la uretra que atraviesa directamente el centro de la gl\u00e1ndula y, a medida que pasa el tiempo, puede restringir el flujo de orina. Al principio, los s\u00edntomas de la HPB son leves y tolerables. A medida que la afecci\u00f3n se agrava, los s\u00edntomas pueden afectar la calidad de vida de un hombre.<\/p>\r\n\r\n<h4><strong>Los s\u00edntomas m\u00e1s comunes de la HPB son:<\/strong><\/h4>\r\n<ul>\r\n<li>Orine frecuentemente por la noche.<\/li>\r\n<li>Necesidad de orinar con frecuencia.<\/li>\r\n<li>El flujo urinario no comienza de inmediato<\/li>\r\n<li>El flujo urinario es intermitente, se detiene y desaparece.<\/li>\r\n<li>Flujo lento de orina.<\/li>\r\n<li>encontrar sangre en la orina<\/li>\r\n<li>Sensaci\u00f3n de que la vejiga no est\u00e1 vac\u00eda.<\/li>\r\n<li>Dolor o sensaci\u00f3n de ardor durante o despu\u00e9s de orinar.<\/li>\r\n<li>Impotencia<\/li>\r\n<li>Tiene dolor durante los orgasmos.<\/li>\r\n<\/ul>\r\n<p>Con tales s\u00edntomas, encontrar un ba\u00f1o influye en el lugar al que puedes ir. Tener que disculparse con frecuencia y sentirse inc\u00f3modo la mayor parte del tiempo puede ser molesto, si no vergonzoso, en entornos sociales. En cierto momento, se hace necesario acudir a un ur\u00f3logo como el Dr. Razdan, m\u00e9dico experto en enfermedades del \u00e1rea urinaria y genital. Una vez que se confirma el diagn\u00f3stico de HPB, recomendar\u00e1n una opci\u00f3n de tratamiento. No existe cura para la HPB, por lo que el objetivo principal del tratamiento es encontrar alivio. La causa de la hiperplasia prost\u00e1tica benigna no est\u00e1 clara.<\/p>\r\n<p>Aunque hay mucha investigaci\u00f3n sobre la BPH, a\u00fan no se ha identificado la causa principal de la hiperplasia prost\u00e1tica benigna. Hay dos factores principales que se destacan para ayudar a predecir esta condici\u00f3n:<\/p>\r\n<h3>antecedentes familiares de BPH a\u00f1os<\/h3>\r\n<p>Muchos expertos tienden a estar de acuerdo en que la HPB es el resultado de una disminuci\u00f3n de la testosterona a medida que los hombres envejecen. Algunas de las otras teor\u00edas incluyen el estr\u00f3geno y la presencia de DHT. Debido a la gran poblaci\u00f3n de hombres que sufren de BPH, se est\u00e1n realizando investigaciones para identificar la verdadera causa y los m\u00e9todos menos invasivos para tratar la enfermedad.<\/p>\r\n<p>Las opciones de tratamiento para la HPB pueden variar de una terapia con medicamentos a una cirug\u00eda.<\/p>\r\n<p>Para la mayor\u00eda de los hombres con hiperplasia prost\u00e1tica benigna, la pr\u00f3stata seguir\u00e1 creciendo hasta que sea necesaria una intervenci\u00f3n m\u00e9dica. Con la ayuda de un ur\u00f3logo de renombre mundial como el Dr. Razdan, cada hombre puede desarrollar el mejor y m\u00e1s apropiado plan de tratamiento con el que ambos se sientan c\u00f3modos. Algunas de las opciones disponibles actualmente se enumeran a continuaci\u00f3n. Opci\u00f3n de ver y esperar:<\/p>\r\n<p>Para s\u00edntomas muy leves sin una disminuci\u00f3n en la calidad de vida de un hombre, sensibilidad a los medicamentos o cuando la cirug\u00eda no es una opci\u00f3n, este enfoque puede ser deseable. Con seguimientos regulares, el Dr. Razdan controlar\u00e1 el progreso y los s\u00edntomas de la enfermedad. Esta suele ser una opci\u00f3n temporal porque la pr\u00f3stata seguir\u00e1 creciendo con el tiempo y se requerir\u00e1 un tratamiento m\u00e1s avanzado. Adem\u00e1s, se recomendar\u00e1 un tratamiento avanzado independientemente del nivel de malestar debido a la posibilidad de lesionar la regi\u00f3n urogenital. Con el tiempo, la pared de la vejiga se engrosar\u00e1 y los m\u00fasculos se debilitar\u00e1n hasta el punto de que la vejiga no se puede vaciar por completo. Esto puede provocar infecciones repetitivas del tracto urinario, retenci\u00f3n de orina, c\u00e1lculos vesicales dolorosos y da\u00f1o a los \u00f3rganos de las \u00e1reas urinaria y reproductiva. Eventualmente, si estas condiciones contin\u00faan, la orina de un hombre puede fluir de regreso a los ri\u00f1ones, creando la posibilidad de c\u00e1lculos renales dolorosos y enfermedad renal.<\/p>\r\n<h3>Terapia con medicamentos:<\/h3>\r\n<p>Hay 3 grupos de medicamentos:<\/p>\r\n\r\n<ul>\r\n<li>Medicamentos que relajan los m\u00fasculos de la pr\u00f3stata y la parte inferior de la vejiga permitiendo que se abra la uretra.<\/li>\r\n<li>Medicamentos que retardan el crecimiento de la pr\u00f3stata.<\/li>\r\n<li>Medicamentos que aumentan la capacidad de la vejiga.<\/li>\r\n<\/ul>\r\n\r\n<p>Algunos nombres de estos medicamentos son: Flomax, Proscar, Cardura y Avodart. Cuando se prescribe este medicamento, debe tomarse por el resto de la vida del hombre. Estos medicamentos pueden ser muy efectivos, sin embargo, la desventaja son sus efectos secundarios que incluyen problemas de funcionamiento sexual. Para algunos pacientes, esta opci\u00f3n es inaceptable.<\/p>\r\n<ul>\r\n<li>Intervenciones quir\u00fargicas:<\/li>\r\n<\/ul>\r\n<p>Hay varias opciones quir\u00fargicas disponibles. Los procedimientos que se describen a continuaci\u00f3n son las opciones de tratamiento m\u00e1s eficientes y efectivas disponibles actualmente.<\/p>\r\n<p>Hace a\u00f1os, la HPB se tr<\/p>","protected":false},"excerpt":{"rendered":"<p>La hiperplasia prost\u00e1tica benigna, m\u00e1s conocida como HPB, es una gl\u00e1ndula prost\u00e1tica agrandada (no cancerosa) debido al desarrollo excesivo de las c\u00e9lulas prost\u00e1ticas. La gl\u00e1ndula es un componente cr\u00edtico del sistema reproductor masculino. La gl\u00e1ndula prost\u00e1tica secreta l\u00edquido en la uretra durante el proceso de eyaculaci\u00f3n. La gl\u00e1ndula prost\u00e1tica se encuentra debajo del cuello de [&hellip;]<\/p>\n","protected":false},"author":1,"featured_media":0,"parent":0,"menu_order":0,"comment_status":"closed","ping_status":"closed","template":"","meta":{"footnotes":""},"class_list":["post-1183","page","type-page","status-publish","hentry"],"_links":{"self":[{"href":"https:\/\/miamiroboticprostatectomy.com\/sp\/wp-json\/wp\/v2\/pages\/1183","targetHints":{"allow":["GET"]}}],"collection":[{"href":"https:\/\/miamiroboticprostatectomy.com\/sp\/wp-json\/wp\/v2\/pages"}],"about":[{"href":"https:\/\/miamiroboticprostatectomy.com\/sp\/wp-json\/wp\/v2\/types\/page"}],"author":[{"embeddable":true,"href":"https:\/\/miamiroboticprostatectomy.com\/sp\/wp-json\/wp\/v2\/users\/1"}],"replies":[{"embeddable":true,"href":"https:\/\/miamiroboticprostatectomy.com\/sp\/wp-json\/wp\/v2\/comments?post=1183"}],"version-history":[{"count":15,"href":"https:\/\/miamiroboticprostatectomy.com\/sp\/wp-json\/wp\/v2\/pages\/1183\/revisions"}],"predecessor-version":[{"id":1300,"href":"https:\/\/miamiroboticprostatectomy.com\/sp\/wp-json\/wp\/v2\/pages\/1183\/revisions\/1300"}],"wp:attachment":[{"href":"https:\/\/miamiroboticprostatectomy.com\/sp\/wp-json\/wp\/v2\/media?parent=1183"}],"curies":[{"name":"wp","href":"https:\/\/api.w.org\/{rel}","templated":true}]}}