{"id":1191,"date":"2020-01-08T05:17:15","date_gmt":"2020-01-08T05:17:15","guid":{"rendered":"https:\/\/miamiroboticprostatectomy.com\/sp\/?page_id=1191"},"modified":"2025-10-16T01:17:04","modified_gmt":"2025-10-16T05:17:04","slug":"tratamiento-de-cancer-de-vejiga","status":"publish","type":"page","link":"https:\/\/miamiroboticprostatectomy.com\/sp\/tratamiento-de-cancer-de-vejiga\/","title":{"rendered":"TRATAMIENTO DE CANCER DE VEJIGA"},"content":{"rendered":"\r\n<p><img decoding=\"async\" class=\"img-responsive\" src=\"https:\/\/miamiroboticprostatectomy.com\/sp\/wp-content\/uploads\/2020\/01\/Bladder-cancer.jpg\" alt=\"\" title=\"\"><\/p>\r\n<p>El c\u00e1ncer de cancer es el sexto c\u00e1ncer m\u00e1s com\u00fan que se presenta en los ancianos. Los hombres tienen cuatro veces m\u00e1s probabilidades que las mujeres de tener esta enfermedad. Aproximadamente 17.000 de las 80.000 personas diagnosticadas cada a\u00f1o con c\u00e1ncer de vejiga no sobreviven a la enfermedad.<\/p>\r\n<p>Como cualquier otro c\u00e1ncer, el c\u00e1ncer de vejiga urinaria tambi\u00e9n tiene la misma propensi\u00f3n a invadir la pared de la vejiga y eventualmente migrar a otras partes del cuerpo y hacer met\u00e1stasis. Los factores de riesgo son el consumo de tabaco (en cualquier forma), la radiaci\u00f3n, las infecciones cr\u00f3nicas y la exposici\u00f3n ocupacional a determinadas sustancias qu\u00edmicas como la bencidina. Se han propuesto medidas preventivas como una gran cantidad de l\u00edquidos orales, verduras de color amarillo verdoso, etc., pero a\u00fan no se ha demostrado definitivamente que sean efectivas.<\/p>\r\n<p>Los s\u00edntomas pueden aparecer de forma inocua al principio, y es especialmente la sangre en la orina lo que primero llama la atenci\u00f3n del paciente. En etapas posteriores puede ser dolor en la pelvis o dolor \u00f3seo o cualquier otro s\u00edntoma relacionado con el \u00f3rgano metast\u00e1sico.<\/p>\r\n<p>El diagn\u00f3stico se basa principalmente en la visualizaci\u00f3n del tumor mediante un procedimiento de oficina simple llamado cistoscopia, que significa la inserci\u00f3n de un peque\u00f1o telescopio a trav\u00e9s de la uretra que ofrece un diagn\u00f3stico concluyente. Luego, se organiza a trav\u00e9s de modalidades como ecograf\u00eda, tomograf\u00eda computarizada, etc., ya que la modalidad de tratamiento viene determinada por el grado de afectaci\u00f3n de la enfermedad.<\/p>\r\n<p>En una etapa temprana, se puede tratar de manera segura con extracci\u00f3n endosc\u00f3pica seguida de un seguimiento regular durante hasta cinco a\u00f1os. Ocasionalmente, en el momento de la presentaci\u00f3n, se encuentra en una etapa avanzada que requiere una cirug\u00eda mayor para extirpar la vejiga y proporcionar una desviaci\u00f3n para la orina. Los oncocirujanos especialistas son capaces de manejar la situaci\u00f3n en cualquier etapa de la presentaci\u00f3n. Afortunadamente, los ur\u00f3logos como el Dr. Sanjay Razdan est\u00e1n disponibles para brindar sus servicios en este campo.<\/p>\r\n<p><a href=\"https:\/\/miamiroboticprostatectomy.com\/sp\/por-que-el-dr-razdan\/\">Dr. Sanjay Razdan<\/a> is one of the most renowned Urologic Cancer Specialists in the United States. He has performed more than <a href=\"https:\/\/miamiroboticprostatectomy.com\/sp\/patient-testimonials\/\">7,000 cancer procedures<\/a> successfully. Widely acclaimed for his exceptional results in cancer surgery, he has been instrumental in innovating advanced methods for achieving superior cancer controls in a variety of clinical scenarios.<\/p>\r\n<p>Si tiene alguno de los factores de riesgo enumerados anteriormente o si tiene sospechas de c\u00c3\u00a1ncer de vejiga, se puede contactar al Dr. Razdan<\/p>\r\n<h2><strong>Entendiendo el C\u00e1ncer de Vejiga<\/strong><\/h2>\r\n<p>El c\u00e1ncer de vejiga es un tipo de c\u00e1ncer que se presenta en la vejiga, el \u00f3rgano que almacena la orina. Generalmente se presenta en el revestimiento interno de la vejiga, llamado urotelio.<\/p>\r\n<p><strong>Tipos de C\u00e1ncer de Vejiga:<\/strong><\/p>\r\n<ul>\r\n<li><strong>Carcinoma de c\u00e9lulas transicionales (CCT):<\/strong> El tipo m\u00e1s com\u00fan de c\u00e1ncer de vejiga, este tipo de c\u00e1ncer representa m\u00e1s del 90% de todos los casos de c\u00e1ncer de vejiga.<\/li>\r\n<li><strong>Carcinoma de c\u00e9lulas escamosas:<\/strong> Este tipo es menos com\u00fan, pero puede desarrollarse en el revestimiento de la vejiga debido a una inflamaci\u00f3n cr\u00f3nica.<\/li>\r\n<li><strong>Adenocarcinoma:<\/strong> Este tipo se desarrolla a partir de las c\u00e9lulas glandulares de la vejiga. Este tipo es extremadamente raro.<\/li>\r\n<\/ul>\r\n<p>En Florida, el c\u00e1ncer de vejiga es un problema urol\u00f3gico prevalente, con <strong>aproximadamente 6700 nuevos casos diagnosticados cada a\u00f1o<\/strong>. Los hombres son m\u00e1s propensos a desarrollar c\u00e1ncer de vejiga que las mujeres. La tasa de mortalidad es de <strong>aproximadamente cuatro muertes por cada 100\u00a0000 personas<\/strong>, lo que resulta en <strong>m\u00e1s de 1000 muertes anuales<\/strong> en el estado. El diagn\u00f3stico temprano es esencial para un <strong>tratamiento eficaz del c\u00e1ncer de vejiga<\/strong>.<\/p>\r\n<h3><strong>\u00bfCu\u00e1les son las causas y los factores de riesgo del c\u00e1ncer de vejiga?<\/strong><\/h3>\r\n<p>La causa y el factor de riesgo m\u00e1s importante para el c\u00e1ncer de vejiga es el tabaquismo, junto con varios factores de riesgo importantes que incluyen la exposici\u00f3n a ciertas sustancias qu\u00edmicas en el lugar de trabajo, la edad avanzada y los antecedentes familiares de c\u00e1ncer de vejiga. Otros factores de riesgo incluyen infecciones cr\u00f3nicas de vejiga, algunos medicamentos de quimioterapia, beber agua de pozos que contienen ars\u00e9nico y algunos medicamentos para tratar la diabetes, como la pioglitazona.<\/p>\r\n<h4><strong>Signos y s\u00edntomas del c\u00e1ncer de vejiga<\/strong><\/h4>\r\n<p>Estos son algunos s\u00edntomas comunes del c\u00e1ncer de vejiga:<\/p>\r\n<p><strong>S\u00edntomas urinarios<\/strong>: Sangre en la orina (hematuria), micci\u00f3n frecuente, dolor o ardor al orinar, dificultad para iniciar o detener la micci\u00f3n y chorro de orina d\u00e9bil.<\/p>\r\n<p><strong>Otros s\u00edntomas<\/strong>:<\/p>\r\n<ul>\r\n<li>Dolor en la parte baja de la espalda o el abdomen<\/li>\r\n<li>Fatiga<\/li>\r\n<li>P\u00e9rdida de peso<\/li>\r\n<li>N\u00e1useas<\/li>\r\n<li>Dolor \u00f3seo<\/li>\r\n<li>Hinchaz\u00f3n en las piernas o los pies<\/li>\r\n<\/ul>\r\n<p><strong>S\u00edntomas en etapa avanzada<\/strong>: Co\u00e1gulos de sangre visibles en las piernas, ganglios linf\u00e1ticos inflamados, dolor en la pelvis o la ingle e infecciones recurrentes del tracto urinario.<\/p>\r\n<h3><strong>\u00bfCu\u00e1les son las opciones de tratamiento disponibles para el c\u00e1ncer de vejiga avanzado?<\/strong><\/h3>\r\n<p>El Dr. Sanjay Razdan ofrece enfoques avanzados y m\u00ednimamente invasivos para el tratamiento del c\u00e1ncer de vejiga, individualizados seg\u00fan las necesidades del paciente y el estadio del c\u00e1ncer. Los principales enfoques son:<\/p>\r\n<p><strong>Resecci\u00f3n Transuretral de Tumor Vesical (RTUT)<\/strong>: Este procedimiento m\u00ednimamente invasivo extirpa tumores en etapa temprana a trav\u00e9s de la uretra sin incisiones externas.<\/p>\r\n<p><strong>Terapia Intravesical<\/strong>: Este enfoque dirigido administra la terapia directamente en la vejiga, ya sea mediante inmunoterapia con BCG o quimioterapia, para eliminar las c\u00e9lulas cancerosas y prevenir la progresi\u00f3n de la enfermedad.<\/p>\r\n<p><strong>Cistectom\u00eda Radical Asistida por Rob\u00f3tica<\/strong>: Un enfoque quir\u00fargico rob\u00f3tico avanzado que utiliza el Sistema Quir\u00fargico da Vinci\u00ae que ofrece alta precisi\u00f3n, la menor p\u00e9rdida de sangre y una recuperaci\u00f3n m\u00e1s r\u00e1pida.<\/p>\r\n<p><strong>Desviaci\u00f3n Urinaria y Reconstrucci\u00f3n de Neovejiga<\/strong>: Una reconstrucci\u00f3n quir\u00fargica que restaura la funci\u00f3n urinaria normal despu\u00e9s de la extirpaci\u00f3n de la vejiga para la comodidad del paciente.<\/p>\r\n<p><strong>Quimioterapia y Radioterapia:<\/strong> Estos tratamientos se utilizan antes o despu\u00e9s de la cirug\u00eda para tratar tumores no invasivos, reducir su tama\u00f1o, eliminar las c\u00e9lulas cancerosas restantes y evitar que el c\u00e1ncer progrese.<\/p>\r\n<h2><strong>\u00bfPor qu\u00e9 elegir al Dr. Sanjay Razdan para el tratamiento del c\u00e1ncer de vejiga en Miami?<\/strong><\/h2>\r\n<p>Existen diversas razones por las que deber\u00eda elegir al Dr. Razdan para el tratamiento del c\u00e1ncer de vejiga en Miami, entre las que se incluyen las siguientes:<\/p>\r\n<ul>\r\n<li>Experiencia en cirug\u00eda urol\u00f3gica rob\u00f3tica (con el sistema da Vinci\u00ae)<\/li>\r\n<li>Enfoque personalizado y centrado en el paciente<\/li>\r\n<li>Cicatrices m\u00ednimas, menor dolor y recuperaci\u00f3n m\u00e1s r\u00e1pida<\/li>\r\n<li>Altas tasas de \u00e9xito en la extirpaci\u00f3n del c\u00e1ncer y preservaci\u00f3n del control urinario<\/li>\r\n<li>Instalaciones de vanguardia en Miami<\/li>\r\n<\/ul>\r\n<h3><strong>Preguntas frecuentes sobre el tratamiento del c\u00e1ncer de vejiga<\/strong><\/h3>\r\n<h4><strong>Pregunta 1. \u00bfCu\u00e1les son los primeros signos de c\u00e1ncer de vejiga a los que debo prestar atenci\u00f3n?<\/strong><\/h4>\r\n<p>Respuesta. Algunos de los primeros signos m\u00e1s comunes de c\u00e1ncer de vejiga a los que debe prestar atenci\u00f3n incluyen sangre en la orina, micci\u00f3n frecuente, dolor al orinar y dolor lumbar o p\u00e9lvico.<\/p>\r\n<h4><strong>Pregunta 2. \u00bfEs curable el c\u00e1ncer de vejiga si se detecta a tiempo?<\/strong><\/h4>\r\n<p>Respuesta. S\u00ed, el c\u00e1ncer de vejiga se puede tratar con \u00e9xito si se detecta a tiempo, y los procedimientos m\u00ednimamente invasivos y asistidos por robot, como la RTUT, tienen altas tasas de \u00e9xito.<\/p>\r\n<h4><strong>Pregunta 3. \u00bfQu\u00e9 es la cirug\u00eda de c\u00e1ncer de vejiga asistida por robot?<\/strong><\/h4>\r\n<p>Respuesta. La tecnolog\u00eda rob\u00f3tica avanzada, como el sistema quir\u00fargico da Vinci\u00ae, se utiliza en la cirug\u00eda de c\u00e1ncer de vejiga para extirpar la vejiga o el tumor con mayor precisi\u00f3n y una recuperaci\u00f3n m\u00e1s r\u00e1pida.<\/p>\r\n<h4><strong>Pregunta 4. \u00bfFumar realmente aumenta el riesgo de c\u00e1ncer de vejiga?<\/strong><\/h4>\r\n<p>Respuesta. S\u00ed. Fumar es uno de los principales factores de riesgo de c\u00e1ncer de vejiga porque los ri\u00f1ones filtran las sustancias qu\u00edmicas nocivas del tabaco y da\u00f1an la vejiga.<\/p>\r\n<script type=\"application\/ld+json\">\r\n{\r\n  \"@context\": \"https:\/\/schema.org\",\r\n  \"@type\": \"FAQPage\",\r\n  \"mainEntity\": [{\r\n    \"@type\": \"Question\",\r\n    \"name\": \"\u00bfCu\u00e1les son los primeros signos de c\u00e1ncer de vejiga a los que debo prestar atenci\u00f3n?\",\r\n    \"acceptedAnswer\": {\r\n      \"@type\": \"Answer\",\r\n      \"text\": \"Algunos de los primeros signos m\u00e1s comunes de c\u00e1ncer de vejiga a los que debe prestar atenci\u00f3n incluyen sangre en la orina, micci\u00f3n frecuente, dolor al orinar y dolor lumbar o p\u00e9lvico.\"\r\n    }\r\n  },{\r\n    \"@type\": \"Question\",\r\n    \"name\": \"\u00bfEs curable el c\u00e1ncer de vejiga si se detecta a tiempo?\",\r\n    \"acceptedAnswer\": {\r\n      \"@type\": \"Answer\",\r\n      \"text\": \"S\u00ed, el c\u00e1ncer de vejiga se puede tratar con \u00e9xito si se detecta a tiempo, y los procedimientos m\u00ednimamente invasivos y asistidos por robot, como la RTUT, tienen altas tasas de \u00e9xito.\"\r\n    }\r\n  },{\r\n    \"@type\": \"Question\",\r\n    \"name\": \"\u00bfQu\u00e9 es la cirug\u00eda de c\u00e1ncer de vejiga asistida por robot?\",\r\n    \"acceptedAnswer\": {\r\n      \"@type\": \"Answer\",\r\n      \"text\": \"La tecnolog\u00eda rob\u00f3tica avanzada, como el sistema quir\u00fargico da Vinci\u00ae, se utiliza en la cirug\u00eda de c\u00e1ncer de vejiga para extirpar la vejiga o el tumor con mayor precisi\u00f3n y una recuperaci\u00f3n m\u00e1s r\u00e1pida.\"\r\n    }\r\n  },{\r\n    \"@type\": \"Question\",\r\n    \"name\": \"\u00bfFumar realmente aumenta el riesgo de c\u00e1ncer de vejiga?\",\r\n    \"acceptedAnswer\": {\r\n      \"@type\": \"Answer\",\r\n      \"text\": \"S\u00ed. Fumar es uno de los principales factores de riesgo de c\u00e1ncer de vejiga porque los ri\u00f1ones filtran las sustancias qu\u00edmicas nocivas del tabaco y da\u00f1an la vejiga.\"\r\n    }\r\n  }]\r\n}\r\n<\/script>\r\n\r\n<p><iframe style=\"border: 0;\" src=\"https:\/\/www.google.com\/maps\/embed?pb=!1m14!1m8!1m3!1d14367.412158183242!2d-80.33006!3d25.808422!3m2!1i1024!2i768!4f13.1!3m3!1m2!1s0x0%3A0x6be16910198dacc1!2sDr.%20Sanjay%20Razdan!5e0!3m2!1sen!2sin!4v1642511173340!5m2!1sen!2sin\" width=\"100%\" height=\"400\" allowfullscreen=\"allowfullscreen\"><\/iframe><\/p>","protected":false},"excerpt":{"rendered":"<p>El c\u00e1ncer de cancer es el sexto c\u00e1ncer m\u00e1s com\u00fan que se presenta en los ancianos. Los hombres tienen cuatro veces m\u00e1s probabilidades que las mujeres de tener esta enfermedad. Aproximadamente 17.000 de las 80.000 personas diagnosticadas cada a\u00f1o con c\u00e1ncer de vejiga no sobreviven a la enfermedad. Como cualquier otro c\u00e1ncer, el c\u00e1ncer de [&hellip;]<\/p>\n","protected":false},"author":1,"featured_media":0,"parent":0,"menu_order":0,"comment_status":"closed","ping_status":"closed","template":"","meta":{"footnotes":""},"class_list":["post-1191","page","type-page","status-publish","hentry"],"_links":{"self":[{"href":"https:\/\/miamiroboticprostatectomy.com\/sp\/wp-json\/wp\/v2\/pages\/1191","targetHints":{"allow":["GET"]}}],"collection":[{"href":"https:\/\/miamiroboticprostatectomy.com\/sp\/wp-json\/wp\/v2\/pages"}],"about":[{"href":"https:\/\/miamiroboticprostatectomy.com\/sp\/wp-json\/wp\/v2\/types\/page"}],"author":[{"embeddable":true,"href":"https:\/\/miamiroboticprostatectomy.com\/sp\/wp-json\/wp\/v2\/users\/1"}],"replies":[{"embeddable":true,"href":"https:\/\/miamiroboticprostatectomy.com\/sp\/wp-json\/wp\/v2\/comments?post=1191"}],"version-history":[{"count":10,"href":"https:\/\/miamiroboticprostatectomy.com\/sp\/wp-json\/wp\/v2\/pages\/1191\/revisions"}],"predecessor-version":[{"id":2565,"href":"https:\/\/miamiroboticprostatectomy.com\/sp\/wp-json\/wp\/v2\/pages\/1191\/revisions\/2565"}],"wp:attachment":[{"href":"https:\/\/miamiroboticprostatectomy.com\/sp\/wp-json\/wp\/v2\/media?parent=1191"}],"curies":[{"name":"wp","href":"https:\/\/api.w.org\/{rel}","templated":true}]}}