{"id":1197,"date":"2020-01-08T06:28:17","date_gmt":"2020-01-08T06:28:17","guid":{"rendered":"https:\/\/miamiroboticprostatectomy.com\/sp\/?page_id=1197"},"modified":"2025-10-27T02:03:34","modified_gmt":"2025-10-27T06:03:34","slug":"renovacion-de-piedra-renal","status":"publish","type":"page","link":"https:\/\/miamiroboticprostatectomy.com\/sp\/renovacion-de-piedra-renal\/","title":{"rendered":"Remocion de Piedra Renal"},"content":{"rendered":"\r\n<h2>Remocion de Piedra Renal<\/h2>\r\n<p id=\"tw-target-text\" class=\"tw-data-text tw-text-large tw-ta\" dir=\"ltr\" data-placeholder=\"Translation\" aria-label=\"Translated text\" data-ved=\"2ahUKEwiyqPLa4raIAxVQQzABHcNPAm0Q3ewLegQIBxAU\"><span class=\"Y2IQFc\" lang=\"es\">El dolor intenso, la dificultad para orinar y las n\u00e1useas son signos comunes de obstrucci\u00f3n por c\u00e1lculos urinarios. Muchas veces, dependiendo del tama\u00f1o y la ubicaci\u00f3n del c\u00e1lculo, pocos de ellos mueren con mucho l\u00edquido y con el tiempo, pero los s\u00edntomas que se niegan a desaparecer pueden indicar un c\u00e1lculo m\u00e1s grande o un c\u00e1lculo m\u00e1s grande. Es peque\u00f1o que obstruye severamente. Un c\u00e1lculo de este tipo en un diab\u00e9tico puede ser peligroso si no se trata. Afortunadamente hoy en d\u00eda existen numerosos m\u00e9todos disponibles para tratar estos c\u00e1lculos y casi todos pueden realizarse de forma ambulatoria. Si se encuentra en el \u00e1rea del sur de Florida y necesita que le controlen el dolor relacionado con los c\u00e1lculos, llame al Dr. Sanjay Razdan en su oficina de Miami, Florida, para programar su consulta o solicitar una cita. <a href=\"https:\/\/www.miamiroboticsurgery.com\/sp\" target=\"_blank\" rel=\"noopener\">La Dra. Shirin Razdan<\/a> es considerada una de las mejores cirujanas urol\u00f3gicas rob\u00f3ticas nuevas en los Estados Unidos y atiende a pacientes con una variedad de afecciones urol\u00f3gicas, incluidos s\u00edntomas de agrandamiento de la pr\u00f3stata, c\u00e1lculos renales, <a href=\"https:\/\/miamiroboticsurgery.com\/sp\/cancer-rinon\/\" target=\"_blank\" rel=\"noopener\">tumores renales<\/a> y c\u00e1ncer de pr\u00f3stata.<\/span><\/p>\r\n<p>En EE. UU., los c\u00e1lculos renales afectan a casi 1 de cada 10 adultos, y su prevalencia ha aumentado del 8,5 % a m\u00e1s del 11 % en los \u00faltimos a\u00f1os. Factores como la deshidrataci\u00f3n, la obesidad y la dieta pueden aumentar significativamente el riesgo de c\u00e1lculos renales, y los hombres se ven ligeramente m\u00e1s afectados que las mujeres. En las cirug\u00edas rob\u00f3ticas y m\u00ednimamente invasivas para c\u00e1lculos renales, la tasa de \u00e9xito es del 87 % al 90 %, con una recuperaci\u00f3n m\u00e1s r\u00e1pida y m\u00ednimas molestias.<\/p>\r\n<p><img decoding=\"async\" class=\"img-responsive\" src=\"https:\/\/miamiroboticprostatectomy.com\/sp\/wp-content\/uploads\/2020\/01\/kidney-stones.jpg\" alt=\"\" title=\"\"><\/p>\r\n<h2>Preguntas y respuestas sobre los calculos renales<\/h2>\r\n<h3>Qu\u00e9 son los calculos renales?<\/h3>\r\n<p>Normalmente, los subproductos metab\u00f3licos son secretados por el ri\u00f1\u00f3n a la orina y permanecen disueltos en ella. A veces, cuando la concentraci\u00f3n de estas sustancias supera el nivel umbral, pueden precipitar y formar c\u00e1lculos. Los culpables m\u00e1s comunes son: calcio, oxalato y \u00e1cido \u00farico. Esta situaci\u00f3n es ideal para la formaci\u00f3n de c\u00e1lculos. En contraste con la creencia com\u00fan, los c\u00e1lculos renales, una vez formados, no se disuelven y pueden permanecer en el ri\u00f1\u00f3n y continuar creciendo all\u00ed o pueden migrar a trav\u00e9s de tubos llamados ur\u00e9teres para finalmente ser expulsados \u200b\u200bo alcanzar y permanecer en la vejiga. Siempre existe la posibilidad de que estos c\u00e1lculos migratorios se atasquen en el ur\u00e9ter.<\/p>\r\n<h3>\u00bfQu\u00e9 puede causar calculos renales?<\/h3>\r\n<p>Si bien no existe una causa \u00fanica de los c\u00e1lculos renales, existen algunos factores de riesgo comunes que contribuyen a su formaci\u00f3n.<\/p>\r\n<ul>\r\n<li>Estilo de vida sedentario<\/li>\r\n<li>Malos h\u00e1bitos alimenticios<\/li>\r\n<li>Constantemente bajo volumen de orina<\/li>\r\n<li>Diarrea persistente<\/li>\r\n<li>Obesidad<\/li>\r\n<li>Antecedentes familiares de calculos renales.<\/li>\r\n<li>Algunas enfermedades metab\u00f3lico como hiperuricemia, acidosis tubular renal, agrandamiento de paratiroides, etc.<\/li>\r\n<li>Estado prolongado de estar en cama<\/li>\r\n<li>consumo excesivo de carnes rojas<\/li>\r\n<li>ciertos medicamentos<\/li>\r\n<\/ul>\r\n<h3>Los c\u00e1lculos renales se dividen en cuatro tipos seg\u00fan c\u00f3mo se forman:<\/h3>\r\n<h3>PIEDRAS DE CALCIO<\/h3>\r\n<p>El tipo m\u00e1s com\u00fan de c\u00e1lculo renal, estos c\u00e1lculos est\u00e1n hechos de oxalato de calcio o fosfato de calcio. Una cantidad excesiva de calcio en la orina puede provocar su precipitaci\u00f3n, aumentando el riesgo de formaci\u00f3n de c\u00e1lculos sintom\u00e1ticos. Incluso con cantidades normales de calcio, puede haber condiciones que pueden conducir a la formaci\u00f3n de c\u00e1lculos.<\/p>\r\n<h3>PIEDRAS ESTRUVITAS<\/h3>\r\n<p>Estos c\u00e1lculos ocurren en respuesta a infecciones del tracto urinario y pueden crecer r\u00e1pidamente sin previo aviso. Algunas bacterias cambian el nivel de acidez de la orina y crean un ambiente agradable para la formaci\u00f3n de c\u00e1lculos. Debido a que estos c\u00e1lculos crecen lentamente, a menudo no presentan s\u00edntomas y, por lo tanto, se diagnostican tarde cuando el c\u00e1lculo es grande. Los pacientes con tubos de larga duraci\u00f3n en el sistema urinario, vaciado incompleto de la vejiga, enfermedades neurol\u00f3gicas, etc. predisponen a las personas a realizar este tipo de c\u00e1lculos.<\/p>\r\n<h3>PIEDRAS DE ACIDO URICO<\/h3>\r\n<p>Los c\u00e1lculos de \u00e1cido \u00farico se forman si uno no se mantiene lo suficientemente hidratado durante largos per\u00edodos de tiempo. El \u00e1cido \u00farico es poco soluble en orina y necesita muchos l\u00edquidos para permanecer disuelto. La orina \u00e1cida de bajo volumen es la receta perfecta para que se formen estos c\u00e1lculos. Una dieta alta en prote\u00ednas tambi\u00e9n puede contribuir a la formaci\u00f3n de c\u00e1lculos de \u00e1cido \u00farico.<\/p>\r\n<h3>PIEDRAS DE CISTINA<\/h3>\r\n<p>El tipo m\u00e1s raro de c\u00e1lculo renal, ocurre si tiene un trastorno hereditario conocido como cistinuria, que conduce a niveles inusualmente altos de un amino\u00e1cido conocido como cistina en la orina.<\/p>\r\n<h3>\u00bfCu\u00e1les son los principales s\u00edntomas de los c\u00e1lculos renales?<\/h3>\r\n<p>Los c\u00e1lculos renales pueden permanecer sin diagnosticar ya que es posible que no causen molestias. La obstrucci\u00f3n del flujo de orina en cualquier parte del tracto por piedras causa dolor espasm\u00f3dico severo y varios otros s\u00edntomas:<\/p>\r\n<ul>\r\n<li>Dolor en el costado<\/li>\r\n<li>Irradiando dolor a lo largo de su abdomen e ingle<\/li>\r\n<li>Orina descolorida (T\u00edpicamente rojo o marr\u00f3n)<\/li>\r\n<li>Mayor necesidad de orinar<\/li>\r\n<li>Dolor al orinar<\/li>\r\n<li>N\u00e1useas y v\u00f3mitos<\/li>\r\n<li>Escalofr\u00edos o fiebre en casos graves.<\/li>\r\n<\/ul>\r\n<h3>DIAGN\u00d3STICO<\/h3>\r\n<p id=\"tw-target-text\" class=\"tw-data-text tw-text-large tw-ta\" dir=\"ltr\" data-placeholder=\"Translation\" aria-label=\"Translated text\" data-ved=\"2ahUKEwiyqPLa4raIAxVQQzABHcNPAm0Q3ewLegQIBxAU\"><span class=\"Y2IQFc\" lang=\"es\">Cuando no hay s\u00edntomas, los c\u00e1lculos se encuentran cuando se realizan pruebas durante el examen de salud de rutina. En caso de s\u00edntomas, una ecograf\u00eda o una tomograf\u00eda computarizada ayuda a hacer un diagn\u00f3stico.<\/span><\/p>\r\n<h3>\u00bfC\u00d3MO SE TRATAN LAS PIEDRAS RINALES?<\/h3>\r\n<p>Los c\u00e1lculos peque\u00f1os que no obstruyen se pueden ver de forma segura bajo la gu\u00eda de un ur\u00f3logo.<\/p>\r\n<p>Es importante que se elimine un c\u00e1lculo grande o sintom\u00e1tico para preservar la capacidad funcional del ri\u00f1\u00f3n. La obstrucci\u00f3n prolongada del flujo de orina puede causar da\u00f1o permanente al ri\u00f1\u00f3n. En los diab\u00e9ticos, los c\u00e1lculos pueden causar un bloqueo asociado con una infecci\u00f3n que puede provocar una afecci\u00f3n grave.<\/p>\r\n<p><strong> Varios m\u00e9todos para tratar los c\u00e1lculos renales son: <\/strong><\/p>\r\n<h3>CHOQUE LITOTRICO EXTRA CORPORATIVO POR ONDAS<\/h3>\r\n<p>En la litotricia extracorp\u00f3rea por ondas de choque (LEOC), el Dr. Razdan usa ondas de choque electromagn\u00e9ticas para romper los c\u00e1lculos renales en pedazos m\u00e1s peque\u00f1os que luego pueden pasar a trav\u00e9s del tracto urinario. Este procedimiento es adecuado solo para ciertas piedras espec\u00edficas en ubicaciones convenientes. Adem\u00e1s de la ubicaci\u00f3n, otros determinantes para el uso de esta modalidad son el tama\u00f1o, la composici\u00f3n de los c\u00e1lculos y el h\u00e1bito corporal del paciente. A menudo, se coloca un stent antes de la terapia para facilitar que el fragmento de c\u00e1lculo salga del cuerpo.<\/p>\r\n<h3>URETEROSCOPIA<\/h3>\r\n<p>La ureteroscopia se usa para tratar c\u00e1lculos peque\u00f1os, especialmente en el ur\u00e9ter. Usando una peque\u00f1a c\u00e1mara llamada ureteroscopio, insertada a trav\u00e9s de la uretra normal, el Dr. Razdan localiza el c\u00e1lculo y usa l\u00e1seres para removerlo o romperlo en pedazos transitables. El uso del l\u00e1ser es inofensivo para el paciente y la principal ventaja es que no requiere ingreso hospitalario.<\/p>\r\n<h3>NEFROLITOTOM\u00cdA PERCUT\u00c1NEA<\/h3>\r\n<p>Un m\u00e9todo ideal para c\u00e1lculos grandes en el ri\u00f1\u00f3n. El telescopio m\u00e1s grande se pasa a trav\u00e9s de una peque\u00f1a incisi\u00f3n en la espalda a trav\u00e9s de la cual se pasan ondas l\u00e1ser o de ultrasonido para romper el c\u00e1lculo y extraer los fragmentos. Las piedras muy grandes pueden tratarse de una vez mediante este procedimiento.<\/p>\r\n<h3>Prevenci\u00f3n de c\u00e1lculos futuros<\/h3>\r\n<ul>\r\n<li>Hidrataci\u00f3n adecuada todos los d\u00edas para prevenir la deshidrataci\u00f3n.<\/li>\r\n<li>Dieta restringida en sal<\/li>\r\n<li>Calcio diet\u00e9tico recomendado<\/li>\r\n<li>Evite el exceso de verduras de hoja verde.<\/li>\r\n<li>Carnes rojas con moderaci\u00f3n<\/li>\r\n<li>Muchas frutas para comer<\/li>\r\n<li>Doctors may prescribe some medications<\/li>\r\n<\/ul>\r\n<h4><strong>Tiempo de recuperaci\u00f3n tras la extracci\u00f3n de c\u00e1lculos renales<\/strong><\/h4>\r\n<table>\r\n<tbody>\r\n<tr>\r\n<td>\r\n<p><b>Procedimiento<\/b><\/p>\r\n<\/td>\r\n<td>\r\n<p><b>Tiempo promedio de recuperaci\u00f3n<\/b><\/p>\r\n<\/td>\r\n<td>\r\n<p><b>Estancia hospitalaria<\/b><\/p>\r\n<\/td>\r\n<\/tr>\r\n<tr>\r\n<td>\r\n<p><b>Ureteroscopia<\/b><\/p>\r\n<\/td>\r\n<td>\r\n<p><span style=\"font-weight: 400;\">De 2 a 3 d\u00edas a 1 semana<\/span><\/p>\r\n<\/td>\r\n<td>\r\n<p><span style=\"font-weight: 400;\">De 1 a 2 d\u00edas o lo mismo d\u00eda<\/span><\/p>\r\n<\/td>\r\n<\/tr>\r\n<tr>\r\n<td>\r\n<p><b>Litotricia extracorp\u00f3rea por ondas de choque (LEOC)<\/b><\/p>\r\n<\/td>\r\n<td>\r\n<p><span style=\"font-weight: 400;\">De 2 a 3 d\u00edas<\/span><\/p>\r\n<\/td>\r\n<td>\r\n<p><span style=\"font-weight: 400;\">De 1 a 2 d\u00edas o el mismo d\u00eda<\/span><\/p>\r\n<\/td>\r\n<\/tr>\r\n<tr>\r\n<td>\r\n<p><b>Nefrolitotom\u00eda percut\u00e1nea (NLPC)<\/b><\/p>\r\n<\/td>\r\n<td>\r\n<p><span style=\"font-weight: 400;\">De 2 a 4 semanas<\/span><\/p>\r\n<\/td>\r\n<td>\r\n<p><span style=\"font-weight: 400;\">1 a 2 d\u00edas<\/span><\/p>\r\n<\/td>\r\n<\/tr>\r\n<tr>\r\n<td>\r\n<p><b>Cirug\u00eda abierta<\/b><\/p>\r\n<\/td>\r\n<td>\r\n<p><span style=\"font-weight: 400;\">4 a 6 semanas<\/span><\/p>\r\n<\/td>\r\n<td>\r\n<p><span style=\"font-weight: 400;\">6 a 9 d\u00edas<\/span><\/p>\r\n<\/td>\r\n<\/tr>\r\n<\/tbody>\r\n<\/table>\r\n<h4><strong>\u00bfCu\u00e1l es el costo promedio de la extracci\u00f3n de c\u00e1lculos renales en Miami?<\/strong><\/h4>\r\n<p>En Miami, el costo promedio de la extracci\u00f3n de c\u00e1lculos renales var\u00eda entre $3,100 y $14,820 o m\u00e1s, dependiendo del centro, el procedimiento espec\u00edfico (invasivo o no invasivo) y la cobertura del seguro. Varios factores influyen en el costo de la extracci\u00f3n de c\u00e1lculos renales en Miami.<\/p>\r\n<ul>\r\n<li><strong>Tipo de procedimiento<\/strong>: El m\u00e9todo espec\u00edfico utilizado afectar\u00e1 el precio, como litotricia, ureteroscopia o cirug\u00eda abierta (nefrolitotom\u00eda).<\/li>\r\n<li><strong>Centro de tratamiento<\/strong>: Los precios var\u00edan entre hospitales y centros ambulatorios.<\/li>\r\n<li><strong>Ubicaci\u00f3n<\/strong>: El costo de la extracci\u00f3n de c\u00e1lculos renales puede variar incluso dentro de la misma ciudad.<\/li>\r\n<\/ul>\r\n<h4><strong>\u00bfPor qu\u00e9 elegir al Dr. Sanjay Razdan para la extracci\u00f3n de c\u00e1lculos renales en Miami?<\/strong><\/h4>\r\n<p>El Dr. Razdan cuenta con a\u00f1os de experiencia en la realizaci\u00f3n de procedimientos avanzados, incluyendo la extracci\u00f3n de c\u00e1lculos renales. Hay varias razones por las que deber\u00eda elegir al Dr. Razdan para la extracci\u00f3n de c\u00e1lculos renales en Miami. Algunas de las razones principales incluyen las siguientes:<\/p>\r\n<ul>\r\n<li>Ur\u00f3logo certificado con miles de casos exitosos<\/li>\r\n<li>Experiencia en cirug\u00edas rob\u00f3ticas y m\u00ednimamente invasivas<\/li>\r\n<li>Planes de tratamiento personalizados y apoyo m\u00e9dico<\/li>\r\n<li>Tecnolog\u00eda de vanguardia y equipo avanzado<\/li>\r\n<\/ul>\r\n<h4><strong>Otras preguntas sobre la extracci\u00f3n de c\u00e1lculos renales en Miami<\/strong><\/h4>\r\n<h5><strong>Pregunta 1. \u00bfCu\u00e1les son los signos que indican que podr\u00eda tener c\u00e1lculos renales?<\/strong><\/h5>\r\n<p>Respuesta. Algunos de los signos comunes que indican que podr\u00eda tener un c\u00e1lculo renal incluyen dolor en la espalda baja, sangre en la orina, micci\u00f3n frecuente, n\u00e1useas y dolor al orinar.<\/p>\r\n<h5><strong>Pregunta 2. \u00bfCu\u00e1l es el tratamiento m\u00e1s efectivo para los c\u00e1lculos renales?<\/strong><\/h5>\r\n<p>Respuesta. Dependiendo del tama\u00f1o y la ubicaci\u00f3n del c\u00e1lculo, se determina el tratamiento ideal. El Dr. Razdan ofrece opciones de tratamiento avanzadas, que incluyen cirug\u00eda asistida por robot, litotricia l\u00e1ser y ureteroscopia para una mayor precisi\u00f3n y una recuperaci\u00f3n m\u00e1s r\u00e1pida.<\/p>\r\n<h5><strong>Pregunta 3. \u00bfCu\u00e1nto dura la recuperaci\u00f3n tras la extracci\u00f3n de c\u00e1lculos renales?<\/strong><\/h5>\r\n<p>Respuesta. El tiempo de recuperaci\u00f3n tras la extracci\u00f3n de c\u00e1lculos renales var\u00eda seg\u00fan el tipo de procedimiento. Muchos pacientes suelen retomar sus actividades normales a los pocos d\u00edas de los procedimientos m\u00ednimamente invasivos y con l\u00e1ser.<\/p>\r\n<h5><strong>Pregunta 4. \u00bfEs dolorosa la cirug\u00eda de extracci\u00f3n de c\u00e1lculos renales?<\/strong><\/h5>\r\n<p>Respuesta. La mayor\u00eda de los procedimientos avanzados, como las t\u00e9cnicas asistidas por robot y m\u00ednimamente invasivas, implican peque\u00f1as incisiones, lo que causa m\u00ednimas molestias y ofrece mayor precisi\u00f3n y una recuperaci\u00f3n m\u00e1s r\u00e1pida.<\/p>\r\n<p><script type=\"application\/ld+json\">\r\n{\r\n  \"@context\": \"https:\/\/schema.org\",\r\n  \"@type\": \"FAQPage\",\r\n  \"mainEntity\": [\r\n    {\r\n      \"@type\": \"Question\",\r\n      \"name\": \"\u00bfCu\u00e1les son los signos que indican que podr\u00eda tener c\u00e1lculos renales?\",\r\n      \"acceptedAnswer\": {\r\n        \"@type\": \"Answer\",\r\n        \"text\": \"Algunos de los signos comunes que indican que podr\u00eda tener un c\u00e1lculo renal incluyen dolor en la espalda baja, sangre en la orina, micci\u00f3n frecuente, n\u00e1useas y dolor al orinar.\"\r\n      }\r\n    },\r\n    {\r\n      \"@type\": \"Question\",\r\n      \"name\": \"\u00bfCu\u00e1l es el tratamiento m\u00e1s efectivo para los c\u00e1lculos renales?\",\r\n      \"acceptedAnswer\": {\r\n        \"@type\": \"Answer\",\r\n        \"text\": \"Dependiendo del tama\u00f1o y la ubicaci\u00f3n del c\u00e1lculo, se determina el tratamiento ideal. El Dr. Razdan ofrece opciones de tratamiento avanzadas, que incluyen cirug\u00eda asistida por robot, litotricia l\u00e1ser y ureteroscopia para una mayor precisi\u00f3n y una recuperaci\u00f3n m\u00e1s r\u00e1pida.\"\r\n      }\r\n    },\r\n    {\r\n      \"@type\": \"Question\",\r\n      \"name\": \"\u00bfCu\u00e1nto dura la recuperaci\u00f3n tras la extracci\u00f3n de c\u00e1lculos renales?\",\r\n      \"acceptedAnswer\": {\r\n        \"@type\": \"Answer\",\r\n        \"text\": \"El tiempo de recuperaci\u00f3n tras la extracci\u00f3n de c\u00e1lculos renales var\u00eda seg\u00fan el tipo de procedimiento. Muchos pacientes suelen retomar sus actividades normales a los pocos d\u00edas de los procedimientos m\u00ednimamente invasivos y con l\u00e1ser.\"\r\n      }\r\n    },\r\n    {\r\n      \"@type\": \"Question\",\r\n      \"name\": \"\u00bfEs dolorosa la cirug\u00eda de extracci\u00f3n de c\u00e1lculos renales?\",\r\n      \"acceptedAnswer\": {\r\n        \"@type\": \"Answer\",\r\n        \"text\": \"La mayor\u00eda de los procedimientos avanzados, como las t\u00e9cnicas asistidas por robot y m\u00ednimamente invasivas, implican peque\u00f1as incisiones, lo que causa m\u00ednimas molestias y ofrece mayor precisi\u00f3n y una recuperaci\u00f3n m\u00e1s r\u00e1pida.\"\r\n      }\r\n    }\r\n  ]\r\n}\r\n<\/script><\/p>\r\n<p>Si se encuentra en el \u00e1rea del sur de Florida y sufre s\u00edntomas que cree que podr\u00edan ser c\u00e1lculos renales, llame ahora al Dr. Razdan para solicitar su consulta <a href=\"https:\/\/miamiroboticsurgery.com\/sp\/contact-us\/\" target=\"_blank\" rel=\"noopener\">o complete el formulario de contacto.<\/a><\/p>\r\n<p><\/p>\r\n<p><iframe style=\"border: 0;\" src=\"https:\/\/www.google.com\/maps\/embed?pb=!1m14!1m8!1m3!1d14367.412158183242!2d-80.33006!3d25.808422!3m2!1i1024!2i768!4f13.1!3m3!1m2!1s0x0%3A0x6be16910198dacc1!2sDr.%20Sanjay%20Razdan!5e0!3m2!1sen!2sin!4v1642511173340!5m2!1sen!2sin\" width=\"100%\" height=\"400\" allowfullscreen=\"allowfullscreen\"><\/iframe><\/p>","protected":false},"excerpt":{"rendered":"<p>Remocion de Piedra Renal El dolor intenso, la dificultad para orinar y las n\u00e1useas son signos comunes de obstrucci\u00f3n por c\u00e1lculos urinarios. Muchas veces, dependiendo del tama\u00f1o y la ubicaci\u00f3n del c\u00e1lculo, pocos de ellos mueren con mucho l\u00edquido y con el tiempo, pero los s\u00edntomas que se niegan a desaparecer pueden indicar un c\u00e1lculo [&hellip;]<\/p>\n","protected":false},"author":1,"featured_media":0,"parent":0,"menu_order":0,"comment_status":"closed","ping_status":"closed","template":"","meta":{"footnotes":""},"class_list":["post-1197","page","type-page","status-publish","hentry"],"_links":{"self":[{"href":"https:\/\/miamiroboticprostatectomy.com\/sp\/wp-json\/wp\/v2\/pages\/1197","targetHints":{"allow":["GET"]}}],"collection":[{"href":"https:\/\/miamiroboticprostatectomy.com\/sp\/wp-json\/wp\/v2\/pages"}],"about":[{"href":"https:\/\/miamiroboticprostatectomy.com\/sp\/wp-json\/wp\/v2\/types\/page"}],"author":[{"embeddable":true,"href":"https:\/\/miamiroboticprostatectomy.com\/sp\/wp-json\/wp\/v2\/users\/1"}],"replies":[{"embeddable":true,"href":"https:\/\/miamiroboticprostatectomy.com\/sp\/wp-json\/wp\/v2\/comments?post=1197"}],"version-history":[{"count":11,"href":"https:\/\/miamiroboticprostatectomy.com\/sp\/wp-json\/wp\/v2\/pages\/1197\/revisions"}],"predecessor-version":[{"id":2585,"href":"https:\/\/miamiroboticprostatectomy.com\/sp\/wp-json\/wp\/v2\/pages\/1197\/revisions\/2585"}],"wp:attachment":[{"href":"https:\/\/miamiroboticprostatectomy.com\/sp\/wp-json\/wp\/v2\/media?parent=1197"}],"curies":[{"name":"wp","href":"https:\/\/api.w.org\/{rel}","templated":true}]}}