{"id":1202,"date":"2020-01-08T07:16:38","date_gmt":"2020-01-08T07:16:38","guid":{"rendered":"https:\/\/miamiroboticprostatectomy.com\/sp\/?page_id=1202"},"modified":"2025-11-29T00:52:34","modified_gmt":"2025-11-29T05:52:34","slug":"implante-penilo-para-disfuncion-erectil","status":"publish","type":"page","link":"https:\/\/miamiroboticprostatectomy.com\/sp\/implante-penilo-para-disfuncion-erectil\/","title":{"rendered":"Implante de pene para la disfunci\u00f3n er\u00e9ctil"},"content":{"rendered":"\r\n<p><a href=\"https:\/\/miamiroboticprostatectomy.com\/sp\/wp-content\/uploads\/2025\/06\/PI.webp\"><img decoding=\"async\" class=\"aligncenter wp-image-2293 size-full\" src=\"https:\/\/miamiroboticprostatectomy.com\/sp\/wp-content\/uploads\/2025\/06\/PI.webp\" alt=\"IMPLANTE DE PENE PARA DISFUNCION ERECTIL\" width=\"900\" height=\"450\" title=\"\" srcset=\"https:\/\/miamiroboticprostatectomy.com\/sp\/wp-content\/uploads\/2025\/06\/PI.webp 900w, https:\/\/miamiroboticprostatectomy.com\/sp\/wp-content\/uploads\/2025\/06\/PI-300x150.webp 300w, https:\/\/miamiroboticprostatectomy.com\/sp\/wp-content\/uploads\/2025\/06\/PI-768x384.webp 768w, https:\/\/miamiroboticprostatectomy.com\/sp\/wp-content\/uploads\/2025\/06\/PI-50x25.webp 50w\" sizes=\"(max-width: 900px) 100vw, 900px\" \/><\/a><\/p>\r\n<h5>\u00bfSab\u00edas que uno de cada cuatro hombres mayores de 60 a\u00f1os experimenta alg\u00fan grado de disfunci\u00f3n er\u00e9ctil?<\/h5>\r\n<h3>\u00bfQu\u00e9 es la disfunci\u00f3n er\u00e9ctil?<\/h3>\r\n<p>La disfunci\u00f3n er\u00e9ctil, com\u00fanmente conocida como (DE), es la incapacidad de lograr o mantener una erecci\u00f3n lo suficientemente firme como para tener relaciones sexuales. Se conoce com\u00fanmente como impotencia.<\/p>\r\n<p>La disfunci\u00f3n er\u00e9ctil o la disfunci\u00f3n er\u00e9ctil ocasional no son infrecuentes. Muchos hombres pueden experimentarlo en momentos de estr\u00e9s. Sin embargo, la disfunci\u00f3n er\u00e9ctil recurrente puede ser un signo de problemas de salud que requieren tratamiento inmediato. La disfunci\u00f3n er\u00e9ctil recurrente tambi\u00e9n puede ser un signo de dificultades emocionales o de relaci\u00f3n que deben ser abordadas por un profesional.<\/p>\r\n<p>Afortunadamente, hay muchos tipos diferentes de tratamientos disponibles que incluyen: terapia oral, terapia de inyecci\u00f3n, terapia intrauretral y dispositivos de vac\u00edo.<\/p>\r\n<h3>EL IMPLANTE DE PENE<\/h3>\r\n<p>Una opci\u00f3n muy eficaz y muy satisfactoria es un implante de pene. Cada a\u00f1o, m\u00e1s de 20.000 hombres en todo el mundo restablecen las relaciones sexuales utilizando este tipo de dispositivo m\u00e9dico.<\/p>\r\n<p><iframe class=\"iframed-video\" src=\"https:\/\/www.youtube.com\/embed\/wRmWXOsbNq8?rel=0&amp;autoplay=1&amp;autohide=2&amp;modestbranding=1\" width=\"100%^\" height=\"485\" frameborder=\"0\" allowfullscreen=\"allowfullscreen\"><\/iframe><\/p>\r\n<p><strong>Como uno de los mejores cirujanos rob\u00f3ticos y urol\u00f3gicos del mundo, el <\/strong><a href=\"https:\/\/miamiroboticprostatectomy.com\/sp\/dr-razdan\/\">Dr. Sanjay Razdan <\/a>destaca por ayudar a los hombres a recuperar su salud sexual. Pacientes de todo el sureste de los Estados Unidos acuden al Dr. Razdan para una cirug\u00eda de implante de pene. El equipo de ur\u00f3logos del Dr. Razdan ofrece una variedad de servicios que incluyen el tratamiento de la enfermedad de Peyronie y todas las dem\u00e1s formas de atenci\u00f3n urol\u00f3gica relacionadas con la funci\u00f3n er\u00e9ctil y la salud masculina.<\/p>\r\n<h4><strong>\u00bfQui\u00e9n es un buen candidato para un implante de pene?<\/strong><\/h4>\r\n<p>Candidatos adecuados para un implante de pene:<\/p>\r\n<ul>\r\n<li><strong>Pacientes que han probado todos los dem\u00e1s tratamientos disponibles:<\/strong> Estos candidatos son excelentes candidatos para un implante de pene si presentan disfunci\u00f3n er\u00e9ctil a pesar de recibir tratamiento con medicamentos orales, moldes de inyecci\u00f3n o dispositivos de erecci\u00f3n por vac\u00edo.<\/li>\r\n<li><strong>Hombres con disfunci\u00f3n er\u00e9ctil por causa f\u00edsica:<\/strong> Algunos ejemplos incluyen hombres con disfunci\u00f3n er\u00e9ctil cr\u00f3nica causada por problemas diab\u00e9ticos o card\u00edacos, o como resultado del uso de medicamentos para la disfunci\u00f3n er\u00e9ctil.<\/li>\r\n<li><strong>Pacientes que se han sometido a prostatectom\u00eda:<\/strong> Muchos hombres experimentan disfunci\u00f3n er\u00e9ctil despu\u00e9s de una cirug\u00eda para el tratamiento del c\u00e1ncer de pr\u00f3stata. Los hombres en esta situaci\u00f3n son buenos candidatos para un implante.<\/li>\r\n<li><strong>Pacientes con enfermedad de Peyronie:<\/strong> Si la curvatura es muy extrema y dolorosa, o si la persona padece disfunci\u00f3n er\u00e9ctil, un implante proporcionar\u00e1 tratamiento para ambas afecciones simult\u00e1neamente.<\/li>\r\n<\/ul>\r\n<h4><strong>\u00bfCu\u00e1les son los beneficios clave de un implante de pene?<\/strong><\/h4>\r\n<p>Estos son algunos de los beneficios clave de un implante de pene, entre los que se incluyen los siguientes:<\/p>\r\n<ol>\r\n<li>Con el uso de implantes, tendr\u00e1 una erecci\u00f3n cuando lo desee, sin necesidad de tiempo ni planificaci\u00f3n.<\/li>\r\n<li>Estudios cl\u00ednicos han demostrado que la mayor\u00eda de los hombres que han recibido este tipo de implante, as\u00ed como sus parejas, quedaron satisfechos con los resultados.<\/li>\r\n<li>La mayor\u00eda de los hombres informan que el implante es pr\u00e1cticamente invisible cuando se oculta y que funciona casi tan bien como antes.<\/li>\r\n<li>Para muchos, restaurar la funci\u00f3n sexual puede tener un impacto en su salud mental y autoestima.<\/li>\r\n<li>A diferencia de los medicamentos, el cuerpo nunca desarrollar\u00e1 tolerancia a los implantes, lo que los convierte en una opci\u00f3n permanente para la disfunci\u00f3n er\u00e9ctil.<\/li>\r\n<\/ol>\r\n<h4><strong>\u00bfCu\u00e1nto tiempo dura la recuperaci\u00f3n tras un implante de pene?<\/strong><\/h4>\r\n<p>Normalmente, un hombre tarda de 4 a 6 semanas en volver a tener relaciones sexuales tras la colocaci\u00f3n de un implante de pene. Sin embargo, la mayor\u00eda de los hombres podr\u00e1n retomar la mayor\u00eda de sus actividades normales una semana despu\u00e9s de la cirug\u00eda, aunque habr\u00e1 algo de inflamaci\u00f3n y molestias durante este periodo, que disminuir\u00e1n significativamente.<\/p>\r\n<ul>\r\n<li><strong>Recuperaci\u00f3n de la primera semana:<\/strong> Los pacientes retoman sus actividades normales al final de la primera semana despu\u00e9s de la cirug\u00eda, y la inflamaci\u00f3n y las molestias se reducir\u00e1n significativamente. Se proporcionar\u00e1n instrucciones postoperatorias que detallan el cuidado de la incisi\u00f3n y las restricciones de actividades.<\/li>\r\n<li><strong>Recuperaci\u00f3n completa:<\/strong> El tiempo de recuperaci\u00f3n promedio ser\u00e1 de 4 a 6 semanas, que es el plazo previsto para retomar la actividad sexual.<\/li>\r\n<li><strong>Cuidados de seguimiento:<\/strong> Tendr\u00e1 citas de seguimiento despu\u00e9s de la cirug\u00eda para asegurar que la herida est\u00e9 cicatrizando correctamente y que est\u00e9 listo para usar los implantes.<\/li>\r\n<\/ul>\r\n<h3><strong>\u00bfPor qu\u00e9 elegir al Dr. Sanjay Razdan para un implante de pene en Miami?<\/strong><\/h3>\r\n<p>El Dr. Sanjay Razdan es un cirujano de pr\u00f3stata certificado y con amplia experiencia en numerosos procedimientos avanzados, incluyendo implantes de pene. Estas son algunas de las razones clave por las que deber\u00eda elegir al Dr. Razdan para un implante de pene en Miami:<\/p>\r\n<ul>\r\n<li>Miles de cirug\u00edas urol\u00f3gicas exitosas<\/li>\r\n<li>Especialista en disfunci\u00f3n er\u00e9ctil y pr\u00f3tesis de pene<\/li>\r\n<li>Experiencia en casos complejos post-prostatectom\u00eda<\/li>\r\n<li>Enfoque centrado en el paciente<\/li>\r\n<li>Alta satisfacci\u00f3n y resultados a largo plazo<\/li>\r\n<\/ul>\r\n<p><strong>Para programar una consulta con el Dr. Razdan,<a href=\"https:\/\/miamiroboticprostatectomy.com\/sp\/contacto\/\"> Contacta con nosotros hoy.<\/a><\/strong><\/p>\r\n\r\n<p><iframe style=\"border: 0;\" src=\"https:\/\/www.google.com\/maps\/embed?pb=!1m14!1m8!1m3!1d14367.412158183242!2d-80.33006!3d25.808422!3m2!1i1024!2i768!4f13.1!3m3!1m2!1s0x0%3A0x6be16910198dacc1!2sDr.%20Sanjay%20Razdan!5e0!3m2!1sen!2sin!4v1642511173340!5m2!1sen!2sin\" width=\"100%\" height=\"400\" allowfullscreen=\"allowfullscreen\"><\/iframe><\/p>\r\n<h2><strong>Preguntas frecuentes sobre implantes de pene para la disfunci\u00f3n er\u00e9ctil<\/strong><\/h2>\r\n<h4><strong>Pregunta 1. \u00bfCu\u00e1nto dura la cirug\u00eda de implante de pene? \u00bfEs dolorosa?<\/strong><\/h4>\r\n<p><strong>Respuesta.<\/strong> La cirug\u00eda de implante de pene suele durar entre 45 minutos y 2 horas y presenta algo de dolor, molestias e inflamaci\u00f3n, pero se puede controlar con analg\u00e9sicos con y sin receta.<\/p>\r\n<h4><strong>Pregunta 2. \u00bfCu\u00e1nto duran los implantes de pene?<\/strong><\/h4>\r\n<p><strong>Respuesta.<\/strong> En promedio, un implante de pene dura entre 15 y 20 a\u00f1os, o incluso m\u00e1s, dependiendo de factores como el dispositivo espec\u00edfico, el uso y el paciente.<\/p>\r\n<h5><strong>Pregunta 3. \u00bfCu\u00e1l es la diferencia entre los implantes inflables y los maleables?<\/strong><\/h5>\r\n<p><strong>Respuesta.<\/strong> La diferencia clave entre los implantes inflables y los maleables es que los primeros se pueden doblar manualmente. En cambio, los implantes inflables permiten inflar cilindros llenos de l\u00edquido para lograr una erecci\u00f3n.<\/p>\r\n<h5><strong>Pregunta 4. \u00bfCu\u00e1nto tiempo puedo tener relaciones sexuales despu\u00e9s de un implante de pene?<\/strong><\/h5>\r\n<p><strong>Respuesta.<\/strong> Por lo general, puede tener relaciones sexuales entre 4 y 6 semanas despu\u00e9s de recibir un implante de pene, pero puede variar dependiendo de su proceso de curaci\u00f3n individual.<\/p>\r\n<p><script type=\"application\/ld+json\">\r\n{\r\n  \"@context\": \"https:\/\/schema.org\",\r\n  \"@type\": \"FAQPage\",\r\n  \"mainEntity\": [{\r\n    \"@type\": \"Question\",\r\n    \"name\": \"\u00bfCu\u00e1nto dura la cirug\u00eda de implante de pene? \u00bfEs dolorosa?\",\r\n    \"acceptedAnswer\": {\r\n      \"@type\": \"Answer\",\r\n      \"text\": \"La cirug\u00eda de implante de pene suele durar entre 45 minutos y 2 horas y presenta algo de dolor, molestias e inflamaci\u00f3n, pero se puede controlar con analg\u00e9sicos con y sin receta.\"\r\n    }\r\n  },{\r\n    \"@type\": \"Question\",\r\n    \"name\": \"\u00bfCu\u00e1nto duran los implantes de pene?\",\r\n    \"acceptedAnswer\": {\r\n      \"@type\": \"Answer\",\r\n      \"text\": \"En promedio, un implante de pene dura entre 15 y 20 a\u00f1os, o incluso m\u00e1s, dependiendo de factores como el dispositivo espec\u00edfico, el uso y el paciente.\"\r\n    }\r\n  },{\r\n    \"@type\": \"Question\",\r\n    \"name\": \"\u00bfCu\u00e1l es la diferencia entre los implantes inflables y los maleables?\",\r\n    \"acceptedAnswer\": {\r\n      \"@type\": \"Answer\",\r\n      \"text\": \"La diferencia clave entre los implantes inflables y los maleables es que los primeros se pueden doblar manualmente. En cambio, los implantes inflables permiten inflar cilindros llenos de l\u00edquido para lograr una erecci\u00f3n.\"\r\n    }\r\n  },{\r\n    \"@type\": \"Question\",\r\n    \"name\": \"\u00bfCu\u00e1nto tiempo puedo tener relaciones sexuales despu\u00e9s de un implante de pene?\",\r\n    \"acceptedAnswer\": {\r\n      \"@type\": \"Answer\",\r\n      \"text\": \"Por lo general, puede tener relaciones sexuales entre 4 y 6 semanas despu\u00e9s de recibir un implante de pene, pero puede variar dependiendo de su proceso de curaci\u00f3n individual.\"\r\n    }\r\n  }]\r\n}\r\n<\/script><\/p>","protected":false},"excerpt":{"rendered":"<p>\u00bfSab\u00edas que uno de cada cuatro hombres mayores de 60 a\u00f1os experimenta alg\u00fan grado de disfunci\u00f3n er\u00e9ctil? \u00bfQu\u00e9 es la disfunci\u00f3n er\u00e9ctil? La disfunci\u00f3n er\u00e9ctil, com\u00fanmente conocida como (DE), es la incapacidad de lograr o mantener una erecci\u00f3n lo suficientemente firme como para tener relaciones sexuales. Se conoce com\u00fanmente como impotencia. La disfunci\u00f3n er\u00e9ctil o [&hellip;]<\/p>\n","protected":false},"author":1,"featured_media":0,"parent":0,"menu_order":0,"comment_status":"closed","ping_status":"closed","template":"","meta":{"footnotes":""},"class_list":["post-1202","page","type-page","status-publish","hentry"],"_links":{"self":[{"href":"https:\/\/miamiroboticprostatectomy.com\/sp\/wp-json\/wp\/v2\/pages\/1202","targetHints":{"allow":["GET"]}}],"collection":[{"href":"https:\/\/miamiroboticprostatectomy.com\/sp\/wp-json\/wp\/v2\/pages"}],"about":[{"href":"https:\/\/miamiroboticprostatectomy.com\/sp\/wp-json\/wp\/v2\/types\/page"}],"author":[{"embeddable":true,"href":"https:\/\/miamiroboticprostatectomy.com\/sp\/wp-json\/wp\/v2\/users\/1"}],"replies":[{"embeddable":true,"href":"https:\/\/miamiroboticprostatectomy.com\/sp\/wp-json\/wp\/v2\/comments?post=1202"}],"version-history":[{"count":8,"href":"https:\/\/miamiroboticprostatectomy.com\/sp\/wp-json\/wp\/v2\/pages\/1202\/revisions"}],"predecessor-version":[{"id":2651,"href":"https:\/\/miamiroboticprostatectomy.com\/sp\/wp-json\/wp\/v2\/pages\/1202\/revisions\/2651"}],"wp:attachment":[{"href":"https:\/\/miamiroboticprostatectomy.com\/sp\/wp-json\/wp\/v2\/media?parent=1202"}],"curies":[{"name":"wp","href":"https:\/\/api.w.org\/{rel}","templated":true}]}}