{"id":1204,"date":"2020-01-08T09:29:53","date_gmt":"2020-01-08T09:29:53","guid":{"rendered":"https:\/\/miamiroboticprostatectomy.com\/sp\/?page_id=1204"},"modified":"2022-01-18T13:31:52","modified_gmt":"2022-01-18T13:31:52","slug":"sintomas-y-tratamiento-urinarios","status":"publish","type":"page","link":"https:\/\/miamiroboticprostatectomy.com\/sp\/sintomas-y-tratamiento-urinarios\/","title":{"rendered":"SINTOMAS Y TRATAMIENTO URINARIOS"},"content":{"rendered":"\r\n<p><img decoding=\"async\" src=\"https:\/\/miamiroboticprostatectomy.com\/sp\/wp-content\/uploads\/2020\/01\/Urinary-Symptoms.jpg\" alt=\"\" title=\"\"><\/p>\r\n<p>El acto muy normal y fisiol\u00f3gico de orinar puede tener alteraciones que conduzcan a una profunda disminuci\u00f3n de la calidad de vida de hombres y mujeres. Ninguna edad est\u00e1 exenta de esta enfermedad. Es com\u00fan tener afecciones como infecciones del tracto urinario, infecciones de la pr\u00f3stata en los hombres e incluso c\u00e1lculos en el tracto urinario que pueden aumentar la dificultad para orinar (orinar). A menudo, pueden coexistir una o m\u00e1s condiciones. Las causas m\u00e1s comunes de dificultad para orinar son obesidad, vejez, infecciones del tracto urinario, resfriado y tos persistentes, fiebre e infecci\u00f3n de la vejiga, etc. Algunas de las causas m\u00e1s comunes de dificultad para orinar en los hombres es el agrandamiento de la pr\u00f3stata o el estrechamiento de la uretra. (el tubo que permite que la orina pase de la vejiga al exterior).<\/p>\r\n<p><strong>En mujeres<\/strong><\/p>\r\n<p>Cuando se trata de problemas de micci\u00f3n, las mujeres son m\u00e1s propensas debido a su anatom\u00eda. Una uretra corta y la proximidad de los sistemas urinario y genital hacen que la orina sea muy susceptible a infecciones con el menor cambio en el ambiente local. Adem\u00e1s, el embarazo y m\u00faltiples partos normales hacen que una mujer sea vulnerable a infecciones y subsecuentes p\u00e9rdidas involuntarias de orina. El cambio en el estado hormonal es responsable de aumentar el n\u00famero de infecciones urinarias en mujeres despu\u00e9s de la menopausia. La actividad sexual tambi\u00e9n juega un papel importante.<\/p>\r\n<p><strong>En hombres<\/strong><\/p>\r\n<p>Aunque es relativamente poco com\u00fan para las mujeres, los hombres no est\u00e1n completamente seguros. La pr\u00f3stata es una gl\u00e1ndula sexual accesoria presente solo en los hombres a trav\u00e9s de la cual fluye el paso urinario normal. Con la edad, esta gl\u00e1ndula aumenta progresivamente de tama\u00f1o y comienza a obstruir el paso urinario, lo que genera una variedad de problemas, como una sensaci\u00f3n de evacuaci\u00f3n incompleta, flujo de orina muy lento o dificultad para iniciar la micci\u00f3n.<\/p>\r\n<p>En general, alrededor del 40-50 por ciento de los adultos han tenido problemas para orinar en su vida. Entre la variedad de s\u00edntomas que cualquiera puede tener, aqu\u00ed nos enfocamos en el problema com\u00fan de la p\u00e9rdida de orina (incontinencia).<\/p>\r\n<p>Incontinencia de esfuerzo: se puede experimentar una p\u00e9rdida involuntaria de orina al realizar actividades triviales como toser, estornudar, levantar pesas peque\u00f1as, etc. La cantidad de fuga cuantifica la gravedad de este problema debido a la laxitud de los m\u00fasculos del piso p\u00e9lvico. Se observa con mayor frecuencia en mujeres que han tenido m\u00faltiples partos vaginales o trabajo de parto prolongado.<\/p>\r\n<p>Incontinencia de urgencia: igualmente com\u00fan en ambos sexos, este es el tipo en el que el paciente no tiene tiempo suficiente para ir al ba\u00f1o antes de que se produzcan fugas. Hay una necesidad muy fuerte de orinar y, a menudo, las fugas se producen en entornos socialmente inaceptables. Combinado con s\u00edntomas de aumento de la frecuencia de la micci\u00f3n durante el d\u00eda y la noche, conduce al caracter\u00edstico &#8220;s\u00edndrome de vejiga hiperactiva&#8221;.<\/p>\r\n<p>Enuresis nocturna: mojar la cama involuntariamente despu\u00e9s de ganar la continencia social infantil durante el sue\u00f1o es a menudo un signo de algo m\u00e1s siniestro.<\/p>\r\n<p><strong>Treatment:<\/strong><\/p>\r\n<p>Hay varios tratamientos disponibles, desde medicamentos hasta cirug\u00edas, que pueden usarse para tratar estos problemas urinarios. Dejar de fumar, comer sano, hacer ejercicio, etc. puede mejorar la salud general y reducir la intensidad de estos problemas. Sin embargo, si no hay una mejora notable en los s\u00edntomas, es necesario visitar a un especialista en orina. El <a href=\"https:\/\/miamiroboticprostatectomy.com\/sp\/sintomas-y-tratamiento-urinarios\/\"> Dr. Sanjay Razdan <\/a> y su equipo de clase mundial abordan estos problemas. Si necesita un especialista en orina en Miami, el Dr. Razdan es uno de los ur\u00f3logos con m\u00e1s experiencia. Los pacientes viajan de todo el mundo para buscar su tratamiento. El Dr. Razdan lo ayudar\u00e1 a decidir el mejor medicamento, procedimiento o tratamiento para tratar su problema urinario espec\u00edfico.<\/p>\r\n<p>To schedule a consultation with Dr. Razdan, call 305-251-8650 or <a href=\"https:\/\/miamiroboticprostatectomy.com\/sp\/contacto\/\">click here.<\/a><\/p>\r\n<p>The above is for general information and CANNOT substitute the scientific evaluation by a health care provider.<\/p>\r\n\r\n\r\n<iframe src=\"https:\/\/www.google.com\/maps\/embed?pb=!1m14!1m8!1m3!1d14367.412158183242!2d-80.33006!3d25.808422!3m2!1i1024!2i768!4f13.1!3m3!1m2!1s0x0%3A0x6be16910198dacc1!2sDr.%20Sanjay%20Razdan!5e0!3m2!1sen!2sin!4v1642511173340!5m2!1sen!2sin\" width=\"100%\" height=\"400\" style=\"border:0;\" allowfullscreen=\"\" loading=\"lazy\"><\/iframe>","protected":false},"excerpt":{"rendered":"<p>El acto muy normal y fisiol\u00f3gico de orinar puede tener alteraciones que conduzcan a una profunda disminuci\u00f3n de la calidad de vida de hombres y mujeres. Ninguna edad est\u00e1 exenta de esta enfermedad. Es com\u00fan tener afecciones como infecciones del tracto urinario, infecciones de la pr\u00f3stata en los hombres e incluso c\u00e1lculos en el tracto [&hellip;]<\/p>\n","protected":false},"author":1,"featured_media":0,"parent":0,"menu_order":0,"comment_status":"closed","ping_status":"closed","template":"","meta":{"footnotes":""},"class_list":["post-1204","page","type-page","status-publish","hentry"],"_links":{"self":[{"href":"https:\/\/miamiroboticprostatectomy.com\/sp\/wp-json\/wp\/v2\/pages\/1204","targetHints":{"allow":["GET"]}}],"collection":[{"href":"https:\/\/miamiroboticprostatectomy.com\/sp\/wp-json\/wp\/v2\/pages"}],"about":[{"href":"https:\/\/miamiroboticprostatectomy.com\/sp\/wp-json\/wp\/v2\/types\/page"}],"author":[{"embeddable":true,"href":"https:\/\/miamiroboticprostatectomy.com\/sp\/wp-json\/wp\/v2\/users\/1"}],"replies":[{"embeddable":true,"href":"https:\/\/miamiroboticprostatectomy.com\/sp\/wp-json\/wp\/v2\/comments?post=1204"}],"version-history":[{"count":5,"href":"https:\/\/miamiroboticprostatectomy.com\/sp\/wp-json\/wp\/v2\/pages\/1204\/revisions"}],"predecessor-version":[{"id":1843,"href":"https:\/\/miamiroboticprostatectomy.com\/sp\/wp-json\/wp\/v2\/pages\/1204\/revisions\/1843"}],"wp:attachment":[{"href":"https:\/\/miamiroboticprostatectomy.com\/sp\/wp-json\/wp\/v2\/media?parent=1204"}],"curies":[{"name":"wp","href":"https:\/\/api.w.org\/{rel}","templated":true}]}}