{"id":1210,"date":"2020-01-08T10:09:51","date_gmt":"2020-01-08T10:09:51","guid":{"rendered":"https:\/\/miamiroboticprostatectomy.com\/sp\/?page_id=1210"},"modified":"2023-01-24T18:12:09","modified_gmt":"2023-01-24T23:12:09","slug":"pruebas-de-cancer-de-prostata","status":"publish","type":"page","link":"https:\/\/miamiroboticprostatectomy.com\/sp\/pruebas-de-cancer-de-prostata\/","title":{"rendered":"PRUEBAS DIAGNOSTICAS DE PR\u00d3STATA"},"content":{"rendered":"\r\n<p><img decoding=\"async\" class=\"img-responsive\" src=\"https:\/\/miamiroboticprostatectomy.com\/sp\/wp-content\/uploads\/2020\/01\/Diagnose-Prostate-Cancer.jpg\" alt=\"\" title=\"\"><\/p>\r\n<p>Las pruebas de pr\u00f3stata son una parte necesaria para diagnosticar el c\u00e1ncer. Se utilizan para comprobar si una persona tiene c\u00e1ncer de pr\u00f3stata o cualquier otro problema relacionado con la pr\u00f3stata. Algunos de los m\u00e1s comunes incluyen la prueba de PSA, la biopsia de pr\u00f3stata, el examen rectal digital (DRE) y las exploraciones.<\/p>\r\n<p>Aqu\u00ed hay una breve introducci\u00f3n a estas pruebas:<\/p>\r\n<h3>INTRODUCCI\u00d3N A LAS PRUEBAS DE PR\u00d3STATA<\/h3>\r\n<p>Estas pruebas son muy \u00fatiles para determinar si podr\u00eda tener c\u00e1ncer de pr\u00f3stata o alg\u00fan otro problema de pr\u00f3stata (prostatitis o agrandamiento de la pr\u00f3stata).<\/p>\r\n<h3>PRUEBAS PR\u00d3STATAS COMUNES<\/h3>\r\n<p>Una sola prueba no puede diagnosticar el c\u00e1ncer de pr\u00f3stata. Por tanto, el paciente tiene que pasar por una serie de pruebas para determinar si tiene un problema de pr\u00f3stata. Las pruebas clave incluyen las siguientes que se enumeran a continuaci\u00f3n:<\/p>\r\n<ul>\r\n<li>A urine test to rule out any urine infection<\/li>\r\n<li>A PSA (prostate specific antigen) blood test<\/li>\r\n<li>Un examen rectal digital (DRE)<\/li>\r\n<\/ul>\r\n<p>Una prueba de PSA es un tipo de an\u00e1lisis de sangre que mide la cantidad de ant\u00edgeno prost\u00e1tico espec\u00edfico (PSA) en la sangre. El PSA es en realidad una prote\u00edna producida por c\u00e9lulas sanas de la pr\u00f3stata y por c\u00e9lulas de c\u00e1ncer de pr\u00f3stata.<\/p>\r\n<p>La presencia de una cierta cantidad de PSA en la sangre es normal. Con la edad, la cantidad puede aumentar ligeramente. Un aumento en el nivel de PSA puede sugerir un problema en la pr\u00f3stata. Sin embargo, esto no necesariamente indica c\u00e1ncer.<\/p>\r\n<p>Antes de someterse a las pruebas mencionadas anteriormente, su m\u00e9dico de cabecera o m\u00e9dico de atenci\u00f3n primaria le explicar\u00e1 cu\u00e1les son. Tambi\u00e9n debe analizar los pros y los contras de todas las pruebas. Aprender\u00e1 m\u00e1s sobre el c\u00e1ncer de pr\u00f3stata y su propio riesgo de contraerlo.<\/p>\r\n<p>En \u00faltima instancia, es su decisi\u00f3n hacerse la prueba. Por lo tanto, aseg\u00farese de haber recopilado toda la informaci\u00f3n necesaria de antemano. Tambi\u00e9n dese algo de tiempo para pensar en todo el proceso.<\/p>\r\n<p>Una vez que haya obtenido todos los resultados de su prueba, es hora de discutir los resultados con su m\u00e9dico. En caso de que piensen que puede tener c\u00e1ncer de pr\u00f3stata u otra afecci\u00f3n relacionada con la pr\u00f3stata, le pedir\u00e1n que programe una cita con un ur\u00f3logo.<\/p>\r\n<h3>CIRUG\u00cdAS PARA EL C\u00c1NCER DE PR\u00d3STATA<\/h3>\r\n<p>Hoy en d\u00eda, la prostatectom\u00eda rob\u00f3tica se ha convertido en el est\u00e1ndar de oro para tratar el c\u00e1ncer de pr\u00f3stata. La cirug\u00eda realizada por un<a>cirujano robot experimentado,<\/a>Es conocido por su precisi\u00f3n y eliminaci\u00f3n precisa de la pr\u00f3stata cancerosa y un retorno m\u00e1s r\u00e1pido de la funci\u00f3n er\u00e9ctil (sexual).<\/p>\r\n<h3>PRUEBAS REALIZADAS EN EL HOSPITAL<\/h3>\r\n<p>Conocer\u00e1 a un especialista (ur\u00f3logo) en el hospital. Aqu\u00ed, se le puede pedir que se haga otra prueba de PSA o un DRE.<\/p>\r\n<h5><strong>El ur\u00f3logo observar\u00e1 de cerca su:<\/strong><\/h5>\r\n<ul>\r\n<li>Nivel de PSA<\/li>\r\n<li>Resultados DRE<\/li>\r\n<li>Riesgo potencial de c\u00e1ncer de pr\u00f3stata.<\/li>\r\n<li>Salud general<\/li>\r\n<\/ul>\r\n<h5><strong>Un ur\u00f3logo puede recomendar algunas de las siguientes pruebas seg\u00fan su afecci\u00f3n y s\u00edntomas:<\/strong><\/h5>\r\n<ul>\r\n<li>Im\u00e1genes por resonancia magn\u00e9tica (IRM)<\/li>\r\n<li>Biopsia de pr\u00f3stata<\/li>\r\n<li>Tomograf\u00eda computarizada (tomograf\u00eda computarizada)<\/li>\r\n<li>Gammagraf\u00eda \u00f3sea (esto se puede hacer con o sin radiograf\u00edas)<\/li>\r\n<\/ul>\r\n<p>En algunos casos, los expertos pueden solicitar una prueba de flujo de orina combinada con una ecograf\u00eda de la vejiga. Estas pruebas se realizan principalmente para ver si el paciente tiene agrandamiento de la pr\u00f3stata.<\/p>\r\n","protected":false},"excerpt":{"rendered":"<p>Las pruebas de pr\u00f3stata son una parte necesaria para diagnosticar el c\u00e1ncer. Se utilizan para comprobar si una persona tiene c\u00e1ncer de pr\u00f3stata o cualquier otro problema relacionado con la pr\u00f3stata. Algunos de los m\u00e1s comunes incluyen la prueba de PSA, la biopsia de pr\u00f3stata, el examen rectal digital (DRE) y las exploraciones. Aqu\u00ed hay [&hellip;]<\/p>\n","protected":false},"author":1,"featured_media":0,"parent":0,"menu_order":0,"comment_status":"closed","ping_status":"closed","template":"","meta":{"footnotes":""},"class_list":["post-1210","page","type-page","status-publish","hentry"],"_links":{"self":[{"href":"https:\/\/miamiroboticprostatectomy.com\/sp\/wp-json\/wp\/v2\/pages\/1210","targetHints":{"allow":["GET"]}}],"collection":[{"href":"https:\/\/miamiroboticprostatectomy.com\/sp\/wp-json\/wp\/v2\/pages"}],"about":[{"href":"https:\/\/miamiroboticprostatectomy.com\/sp\/wp-json\/wp\/v2\/types\/page"}],"author":[{"embeddable":true,"href":"https:\/\/miamiroboticprostatectomy.com\/sp\/wp-json\/wp\/v2\/users\/1"}],"replies":[{"embeddable":true,"href":"https:\/\/miamiroboticprostatectomy.com\/sp\/wp-json\/wp\/v2\/comments?post=1210"}],"version-history":[{"count":10,"href":"https:\/\/miamiroboticprostatectomy.com\/sp\/wp-json\/wp\/v2\/pages\/1210\/revisions"}],"predecessor-version":[{"id":1950,"href":"https:\/\/miamiroboticprostatectomy.com\/sp\/wp-json\/wp\/v2\/pages\/1210\/revisions\/1950"}],"wp:attachment":[{"href":"https:\/\/miamiroboticprostatectomy.com\/sp\/wp-json\/wp\/v2\/media?parent=1210"}],"curies":[{"name":"wp","href":"https:\/\/api.w.org\/{rel}","templated":true}]}}