{"id":1405,"date":"2020-08-21T11:32:31","date_gmt":"2020-08-21T11:32:31","guid":{"rendered":"https:\/\/miamiroboticprostatectomy.com\/sp\/?page_id=1405"},"modified":"2021-04-03T07:57:53","modified_gmt":"2021-04-03T07:57:53","slug":"descargo-de-responsabilidad","status":"publish","type":"page","link":"https:\/\/miamiroboticprostatectomy.com\/sp\/descargo-de-responsabilidad\/","title":{"rendered":"Descargo de responsabilidad"},"content":{"rendered":"<p>Todas las im\u00e1genes, videos y testimonios de pacientes o clientes se basan en las experiencias personales de nuestros pacientes y representan diagn\u00f3sticos individuales, condiciones m\u00e9dicas, metas y resultados. Cada caso individual es \u00fanico, por lo tanto, los resultados pueden variar de persona a persona. Todos los testimonios son proporcionados voluntariamente por nuestros pacientes y clientes sin compensaci\u00f3n monetaria y todas las fotos y videos han sido consentidos para su divulgaci\u00f3n p\u00fablica y no han sido alterados de ninguna manera. El contenido de este documento es solo para fines educativos y no debe considerarse un consejo m\u00e9dico. El asesoramiento m\u00e9dico solo se puede brindar a trav\u00e9s de una consulta privada individual con un m\u00e9dico.<\/p>\n<p>Descargo de responsabilidad de la ADA<br \/>\nDeclaraci\u00f3n de accesibilidad de miamiroboticprostatectomy.com<br \/>\nActualizado: agosto de 2020.<\/p>\n<p>General<br \/>\nmiamiroboticprostatectomy.com se esfuerza por garantizar que sus servicios sean accesibles para personas con discapacidades.<\/p>\n<p>Accesibilidad en miamiroboticprostatectomy.com<\/p>\n<p>miamiroboticprostatectomy.com pone a disposici\u00f3n el widget de accesibilidad del sitio web UserWay que funciona con un servidor de accesibilidad dedicado. El software permite a scorsmedical.com mejorar su cumplimiento de las Pautas de accesibilidad al contenido web (WCAG 2.1).<\/p>\n<p>Habilitaci\u00f3n del men\u00fa de accesibilidad<\/p>\n<p>El men\u00fa de accesibilidad de miamiroboticprostatectomy.com se puede habilitar haciendo clic en el \u00edcono del men\u00fa de accesibilidad que aparece en la esquina de la p\u00e1gina. Despu\u00e9s de activar el men\u00fa de accesibilidad, espere un momento a que el men\u00fa de accesibilidad se cargue por completo.<\/p>\n<p>Aqu\u00ed para ti<\/p>\n<p>Si tiene dificultades con cualquier contenido de miamiroboticprostatectomy.com o necesita ayuda con cualquier parte de nuestro sitio, comun\u00edquese con nosotros durante el horario laboral normal como se detalla a continuaci\u00f3n y estaremos encantados de ayudarle.<\/p>\n<p>Contacta con nosotros<\/p>\n<p>Si desea informar un problema de accesibilidad, tiene alguna pregunta o necesita ayuda, comun\u00edquese con el servicio de atenci\u00f3n al cliente de logicsmd.com de la siguiente manera:<\/p>\n<p>(305)251-8650<\/p>\n","protected":false},"excerpt":{"rendered":"<p>Todas las im\u00e1genes, videos y testimonios de pacientes o clientes se basan en las experiencias personales de nuestros pacientes y representan diagn\u00f3sticos individuales, condiciones m\u00e9dicas, metas y resultados. Cada caso individual es \u00fanico, por lo tanto, los resultados pueden variar de persona a persona. Todos los testimonios son proporcionados voluntariamente por nuestros pacientes y clientes [&hellip;]<\/p>\n","protected":false},"author":1,"featured_media":0,"parent":0,"menu_order":0,"comment_status":"closed","ping_status":"closed","template":"","meta":{"footnotes":""},"class_list":["post-1405","page","type-page","status-publish","hentry"],"_links":{"self":[{"href":"https:\/\/miamiroboticprostatectomy.com\/sp\/wp-json\/wp\/v2\/pages\/1405","targetHints":{"allow":["GET"]}}],"collection":[{"href":"https:\/\/miamiroboticprostatectomy.com\/sp\/wp-json\/wp\/v2\/pages"}],"about":[{"href":"https:\/\/miamiroboticprostatectomy.com\/sp\/wp-json\/wp\/v2\/types\/page"}],"author":[{"embeddable":true,"href":"https:\/\/miamiroboticprostatectomy.com\/sp\/wp-json\/wp\/v2\/users\/1"}],"replies":[{"embeddable":true,"href":"https:\/\/miamiroboticprostatectomy.com\/sp\/wp-json\/wp\/v2\/comments?post=1405"}],"version-history":[{"count":2,"href":"https:\/\/miamiroboticprostatectomy.com\/sp\/wp-json\/wp\/v2\/pages\/1405\/revisions"}],"predecessor-version":[{"id":1560,"href":"https:\/\/miamiroboticprostatectomy.com\/sp\/wp-json\/wp\/v2\/pages\/1405\/revisions\/1560"}],"wp:attachment":[{"href":"https:\/\/miamiroboticprostatectomy.com\/sp\/wp-json\/wp\/v2\/media?parent=1405"}],"curies":[{"name":"wp","href":"https:\/\/api.w.org\/{rel}","templated":true}]}}