{"id":166,"date":"2017-09-22T11:55:42","date_gmt":"2017-09-22T11:55:42","guid":{"rendered":"https:\/\/miamiroboticprostatectomy.com\/sp?page_id=166"},"modified":"2024-06-26T08:02:57","modified_gmt":"2024-06-26T12:02:57","slug":"en-las-noticias","status":"publish","type":"page","link":"https:\/\/miamiroboticprostatectomy.com\/sp\/en-las-noticias\/","title":{"rendered":"En las noticias"},"content":{"rendered":"<h3>EL DOCTOR. RAZDAN APARECI\u00d3 EN VARIAS ESTACIONES DE NOTICIAS<\/h3>\n<p>El Dr. Razdan, considerado un l\u00edder intelectual clave en cirug\u00eda rob\u00f3tica, apareci\u00f3 en <strong>NBC, Fox, CBS y otras organizaciones de noticias.<\/strong><\/p>\n<div class=\"row inthenews\">\n<div class=\"col-md-6\"><a href=\"https:\/\/youtu.be\/yDe1MirLSI8?si=3dCuG4RUjo7mbNa8\" target=\"_blank\" rel=\"noopener\"><img decoding=\"async\" class=\"img-fluid\" src=\"http:\/\/www.miamiroboticprostatectomy.com\/wp-content\/uploads\/2017\/09\/43744.jpg\" alt=\"jackson south hospital\" title=\"\"><\/a><\/div>\n<div class=\"col-md-6\"><a href=\"https:\/\/youtu.be\/kE_agUWl_oY?feature=shared\" target=\"_blank\" rel=\"noopener\"><img decoding=\"async\" class=\"img-fluid\" src=\"http:\/\/www.miamiroboticprostatectomy.com\/wp-content\/uploads\/2017\/09\/NBC.jpg\" alt=\"south florida today\" title=\"\"><\/a><\/div>\n<\/div>\n<div class=\"row inthenews1\">\n<div class=\"col-md-4 col-sm-4 col-xs-12\">\n<p><a href=\"https:\/\/www.youtube.com\/watch?v=yDe1MirLSI8\" target=\"_blank\" rel=\"noopener\"><img decoding=\"async\" class=\"img-fluid alignnone\" src=\"http:\/\/www.miamiroboticprostatectomy.com\/wp-content\/uploads\/2017\/09\/44000.jpg\" alt=\"\" width=\"310\" height=\"70\" title=\"\"><\/a><\/p>\n<\/div>\n<div class=\"col-md-4 col-sm-4 col-xs-12\">\n<p><a href=\"https:\/\/www.youtube.com\/watch?v=kE_agUWl_oY\" target=\"_blank\" rel=\"noopener\"><img decoding=\"async\" class=\"img-fluid alignnone\" src=\"http:\/\/www.miamiroboticprostatectomy.com\/wp-content\/uploads\/2017\/09\/44002.jpg\" alt=\"\" width=\"310\" height=\"70\" title=\"\"><\/a><\/p>\n<\/div>\n<div class=\"col-md-4 col-sm-4 col-xs-12\">\n<p><a href=\"https:\/\/youtu.be\/wsdvrKI7VO0?feature=shared\" target=\"_blank\" rel=\"noopener\"><img decoding=\"async\" class=\"img-fluid alignnone\" src=\"http:\/\/www.miamiroboticprostatectomy.com\/wp-content\/uploads\/2017\/09\/44003.jpg\" alt=\"\" width=\"310\" height=\"70\" title=\"\"><\/a><\/p>\n<\/div>\n<\/div>\n<div class=\"row inthenews1\">\n<div class=\"col-md-4 col-sm-4 col-xs-12\">\n<p><a href=\"https:\/\/www.youtube.com\/watch?v=l3lNRzDdX3c\" target=\"_blank\" rel=\"noopener\"><img decoding=\"async\" class=\"img-fluid alignnone\" src=\"http:\/\/www.miamiroboticprostatectomy.com\/wp-content\/uploads\/2017\/09\/44004.jpg\" alt=\"\" width=\"308\" height=\"70\" title=\"\"><\/a><\/p>\n<\/div>\n<div class=\"col-md-4 col-sm-4 col-xs-12\">\n<p><a href=\"https:\/\/youtu.be\/NqDTqO8jOfY?feature=shared\" target=\"_blank\" rel=\"noopener\"><img decoding=\"async\" class=\"img-fluid alignnone\" src=\"http:\/\/www.miamiroboticprostatectomy.com\/wp-content\/uploads\/2017\/09\/44005.jpg\" alt=\"\" width=\"310\" height=\"70\" title=\"\"><\/a><\/p>\n<\/div>\n<div class=\"col-md-4 col-sm-4 col-xs-12\">\n<p><a href=\"https:\/\/www.youtube.com\/watch?v=23xpEsmF0Aw\" target=\"_blank\" rel=\"noopener\"><img decoding=\"async\" class=\"img-fluid alignnone\" src=\"http:\/\/www.miamiroboticprostatectomy.com\/wp-content\/uploads\/2017\/09\/44006.jpg\" alt=\"\" width=\"310\" height=\"70\" title=\"\"><\/a><\/p>\n<\/div>\n<\/div>\n<div class=\"row inthenews1\">\n<div class=\"col-md-4 col-sm-4 col-xs-12\">\n<p><a href=\"https:\/\/youtu.be\/hoHahLBWxCY?feature=shared\" target=\"_blank\" rel=\"noopener\"><img decoding=\"async\" class=\"img-fluid alignnone\" src=\"http:\/\/www.miamiroboticprostatectomy.com\/wp-content\/uploads\/2017\/09\/44007.jpg\" alt=\"\" width=\"310\" height=\"70\" title=\"\"><\/a><\/p>\n<\/div>\n<div class=\"col-md-4 col-sm-4 col-xs-12\">\n<p><a href=\"https:\/\/youtu.be\/MtQVimfq6wo?feature=shared\" target=\"_blank\" rel=\"noopener\"><img decoding=\"async\" class=\"img-fluid alignnone\" src=\"http:\/\/www.miamiroboticprostatectomy.com\/wp-content\/uploads\/2017\/09\/JHS.jpg\" alt=\"\" width=\"310\" height=\"70\" title=\"\"><\/a><\/p>\n<\/div>\n<div class=\"col-md-4 col-sm-4 col-xs-12\">\n<p><a href=\"https:\/\/youtu.be\/3lV5uTcvGYU?feature=shared\" target=\"_blank\" rel=\"noopener\"><img decoding=\"async\" class=\"img-fluid alignnone\" src=\"http:\/\/www.miamiroboticprostatectomy.com\/wp-content\/uploads\/2019\/04\/local10.png\" alt=\"\" width=\"310\" height=\"70\" title=\"\"><\/a><\/p>\n<\/div>\n<div class=\"col-md-12 col-sm-12 col-xs-12\">\n<p><a href=\"https:\/\/miamiroboticprostatectomy.com\/sp\/wp-content\/uploads\/2020\/01\/Patients-Honor-Dr.-Sanjay-Razdan-for-Compassion.pdf\">Los pacientes honran al Dr. Sanjay Razdan por su compasi\u00f3n<\/a><\/p>\n<p><a href=\"https:\/\/miamiroboticprostatectomy.com\/sp\/wp-content\/uploads\/2020\/01\/Meet-Dr.-Sanjay-Razdan-the-Surgeon-With-Robotic-Hands-InsideHook-__-Reader-View.pdf\">Conozca al Dr. Sanjay Razdan, el cirujano con &#8220;manos rob\u00f3ticas&#8221; &#8211; InsideHook<\/a><\/p>\n<p><a href=\"https:\/\/miamiroboticprostatectomy.com\/sp\/wp-content\/uploads\/2020\/01\/Dr.-Sanjay-Razdan-Recognized-as-Best-Urologist-by-Multiple-Organizations-in-2018.pdf\">Dr. Sanjay Razdan reconocido como el mejor ur\u00f3logo por diversas organizaciones en 2018<\/a><\/p>\n<p><a href=\"https:\/\/miamiroboticprostatectomy.com\/sp\/wp-content\/uploads\/2020\/01\/Tackling-prostate-cancer_-steps-to-take-after-diagnosis-_-Miamis-Community-News.pdf\">Abordar el c\u00e1ncer de pr\u00f3stata: pasos a seguir despu\u00e9s del diagn\u00f3stico &#8211; Miami Community News<\/a><\/p>\n<p><a href=\"https:\/\/miamiroboticprostatectomy.com\/sp\/wp-content\/uploads\/2020\/01\/Protective-patch-linked-to-erectile-function-recovery-_-Urology-Times.pdf\">Parche protector vinculado a la recuperaci\u00f3n de la funci\u00f3n er\u00e9ctil _ Urology Times<\/a><\/p>\n<p><a href=\"https:\/\/miamiroboticprostatectomy.com\/sp\/wp-content\/uploads\/2020\/01\/2019-Man-Cave-Health-Awards-Nominations-Dr.-Sanjay-Razdan-Miami.pdf\">Nominaciones a los premios Man Cave Health Awards 2019 &#8211; Dr. Sanjay Razdan &#8211; Miami<\/a><\/p>\n<p><a href=\"https:\/\/miamiroboticprostatectomy.com\/sp\/wp-content\/uploads\/2020\/01\/2018-Health-Care-Heroes.pdf\">Dr. Razdan nominado para el premio Heroes of Health<\/a><\/p>\n<p><a href=\"https:\/\/miamiroboticprostatectomy.com\/sp\/wp-content\/uploads\/2020\/01\/Intuitive-Robot-Performs-More-Precise-Less-Invasive-Surgeries-\u00e2\u20ac\u201c-CBS-Miami.pdf\">Robot intuitivo realiza cirug\u00edas m\u00e1s precisas y menos invasivas &#8211; CBS Miami<\/a><\/p>\n<p><a href=\"https:\/\/miamiroboticprostatectomy.com\/sp\/el-dr-razdan-presentado-en-soflo-health-hablo-sobre-la-proteccion-de-la-funcion-sexual-despues-de-la-cirugia-de-prostata\/\">El Dr. Razdan presentado en SOFLO Health habl\u00f3 sobre la protecci\u00f3n de la funci\u00f3n sexual despu\u00e9s de la cirug\u00eda de pr\u00f3stata<\/a><\/p>\n<p><a href=\"https:\/\/miamiroboticprostatectomy.com\/sp\/wp-content\/uploads\/2020\/01\/Dr.-Razdan-featured-in-Doral-Magazine.pdf\">El Dr. Razdan aparece en la revista Doral<\/a><\/p>\n<p><a href=\"https:\/\/miamiroboticprostatectomy.com\/sp\/wp-content\/uploads\/2020\/01\/First-Urologist-in-South-Florida-to-offer-BK-Fusion-MRI-Guided-Prostate-Biopsy-Dr.-Razdan.pdf\">Primer ur\u00f3logo en el sur de Florida en ofrecer biopsia de pr\u00f3stata guiada por resonancia magn\u00e9tica BK Fusion &#8211; Dr. Razdan<\/a><\/p>\n<p><a href=\"https:\/\/miamiroboticprostatectomy.com\/sp\/wp-content\/uploads\/2020\/01\/Alta-tecnologi\u00cc\u0081a-permite-sacar-o\u00cc\u0081rganos-sin-cirugi\u00cc\u0081a-abierta-Dr.-Razdan-Urologo.pdf\">La alta tecnolog\u00eda permite la extracci\u00f3n de \u00f3rganos sin cirug\u00eda abierta &#8211; Dr. Razdan &#8211; Urologo<\/a><\/p>\n<p><a href=\"https:\/\/mivip.com\/blog\/prostate\/catching-prostate-cancer-early-is-critical\/\" target=\"_blank\" rel=\"noopener\">Detecci\u00f3n temprana de c\u00e1ncer de pr\u00f3stata<\/a><\/p>\n<p><a href=\"https:\/\/miamiroboticprostatectomy.com\/sp\/wp-content\/uploads\/2020\/01\/RETIRED-MATH-TEACHER-BEATS-PROSTATE-CANCER-AFTER-UNDERGOING-ROBOTIC-SURGERY-WITH-DR.-RAZDAN-.pdf\">PROFESOR DE MATEM\u00c1TICAS JUBILADO GANA CENER DE PR\u00d3STATA DESPU\u00c9S DE UNA CIRUG\u00cdA ROB\u00d3TICA CON EL DR. RAZDAN<\/a><\/p>\n<p><a href=\"https:\/\/southfloridahospitalnews.com\/page\/More_Top_Physicians\/9099\/1\/\" target=\"_blank\" rel=\"noopener\">El Dr. Razdan aparece en South Florida Hospital News<\/a><\/p>\n<\/div>\n<\/div>\n","protected":false},"excerpt":{"rendered":"<p>EL DOCTOR. RAZDAN APARECI\u00d3 EN VARIAS ESTACIONES DE NOTICIAS El Dr. Razdan, considerado un l\u00edder intelectual clave en cirug\u00eda rob\u00f3tica, apareci\u00f3 en NBC, Fox, CBS y otras organizaciones de noticias. Los pacientes honran al Dr. Sanjay Razdan por su compasi\u00f3n Conozca al Dr. Sanjay Razdan, el cirujano con &#8220;manos rob\u00f3ticas&#8221; &#8211; InsideHook Dr. Sanjay Razdan [&hellip;]<\/p>\n","protected":false},"author":1,"featured_media":0,"parent":0,"menu_order":0,"comment_status":"closed","ping_status":"closed","template":"","meta":{"footnotes":""},"class_list":["post-166","page","type-page","status-publish","hentry"],"_links":{"self":[{"href":"https:\/\/miamiroboticprostatectomy.com\/sp\/wp-json\/wp\/v2\/pages\/166","targetHints":{"allow":["GET"]}}],"collection":[{"href":"https:\/\/miamiroboticprostatectomy.com\/sp\/wp-json\/wp\/v2\/pages"}],"about":[{"href":"https:\/\/miamiroboticprostatectomy.com\/sp\/wp-json\/wp\/v2\/types\/page"}],"author":[{"embeddable":true,"href":"https:\/\/miamiroboticprostatectomy.com\/sp\/wp-json\/wp\/v2\/users\/1"}],"replies":[{"embeddable":true,"href":"https:\/\/miamiroboticprostatectomy.com\/sp\/wp-json\/wp\/v2\/comments?post=166"}],"version-history":[{"count":37,"href":"https:\/\/miamiroboticprostatectomy.com\/sp\/wp-json\/wp\/v2\/pages\/166\/revisions"}],"predecessor-version":[{"id":2053,"href":"https:\/\/miamiroboticprostatectomy.com\/sp\/wp-json\/wp\/v2\/pages\/166\/revisions\/2053"}],"wp:attachment":[{"href":"https:\/\/miamiroboticprostatectomy.com\/sp\/wp-json\/wp\/v2\/media?parent=166"}],"curies":[{"name":"wp","href":"https:\/\/api.w.org\/{rel}","templated":true}]}}