{"id":1666,"date":"2021-01-31T15:40:06","date_gmt":"2021-01-31T15:40:06","guid":{"rendered":"https:\/\/miamiroboticprostatectomy.com\/sp\/?page_id=1666"},"modified":"2022-09-08T23:18:34","modified_gmt":"2022-09-08T23:18:34","slug":"mejor-cirujano-de-cancer-de-prostata-costa-rica","status":"publish","type":"page","link":"https:\/\/miamiroboticprostatectomy.com\/sp\/mejor-cirujano-de-cancer-de-prostata-costa-rica\/","title":{"rendered":"Mejor Cirujano de Cancer de Prostata Costa Rica"},"content":{"rendered":"<p><iframe src=\"https:\/\/www.youtube.com\/embed\/hoHahLBWxCY?&amp;autohide=2&amp;modestbranding=1\" width=\"100%\" height=\"350\" frameborder=\"0\" allowfullscreen=\"allowfullscreen\"><span data-mce-type=\"bookmark\" style=\"display: inline-block; width: 0px; overflow: hidden; line-height: 0;\" class=\"mce_SELRES_start\">\ufeff<\/span><\/iframe><\/p>\n<div class=\"mar-10\"><\/div>\n<div class=\"row\">\n<div class=\"col-md-8 col-sm-8 col-xs-6\">\n<h3>Cirujano de c\u00e1ncer de pr\u00f3stata Costa Rica<\/h3>\n<p>El Dr. Razdan es conocido por haber tratado a m\u00e1s de miles de pacientes que llegan desde Costa Rica.<\/p>\n<p>Siendo uno de los pocos cirujanos de \u00e9lite que se ha capacitado en cirug\u00eda rob\u00f3tica y l\u00e1ser de alta tecnolog\u00eda, el Dr. Razdan es la primera preferencia por la cirug\u00eda entre los pacientes de todo el mundo.<\/p>\n<p>Ha honrado muchos seminarios m\u00e9dicos estimados a nivel nacional e internacional con su presencia.<\/p>\n<\/div>\n<div class=\"col-md-4 col-sm-4 col-xs-6\"><img decoding=\"async\" class=\"img-fluid\" src=\"http:\/\/jrmdlive.com\/doctormiami\/wp-content\/uploads\/2017\/09\/bio-1.jpg\" alt=\"bio-1\" title=\"\"><\/div>\n<\/div>\n<div class=\"mar-10\"><\/div>\n<div class=\"row\">\n<div class=\"col-md-4 col-sm-4 col-xs-6\"><img decoding=\"async\" class=\"img-fluid\" src=\"http:\/\/jrmdlive.com\/doctormiami\/wp-content\/uploads\/2017\/09\/bio-2.jpg\" alt=\"bio-2\" title=\"\"><\/div>\n<div class=\"col-md-8 col-sm-8 col-xs-6\">\n<p>El Dr. Razdan ha recibido muchos premios estimados por sus excelentes contribuciones a la industria m\u00e9dica.<\/p>\n<p>Actualmente, el Dr. Razdan se desempe\u00f1a como profesor y presidente del Instituto Internacional de Prostatectom\u00eda Rob\u00f3tica. Se trata de una instalaci\u00f3n de vanguardia reconocida mundialmente, comprometida exclusivamente con la atenci\u00f3n, la investigaci\u00f3n y el tratamiento de los pacientes con c\u00e1ncer de pr\u00f3stata.<\/p>\n<\/div>\n<\/div>\n<div class=\"mar-10\"><\/div>\n<p><img decoding=\"async\" class=\"img-fluid\" src=\"http:\/\/jrmdlive.com\/doctormiami\/wp-content\/uploads\/2017\/09\/bio-3.jpg\" alt=\"bio-1\" title=\"\"><\/p>\n<div class=\"mar-10\"><\/div>\n<p>Tambi\u00e9n es el Director de Urolog\u00eda Rob\u00f3tica en los Centros MiVIP de Miami.<\/p>\n<p>Anteriormente, se ha desempe\u00f1ado como Director del Centro de Excelencia en Urolog\u00eda. Tambi\u00e9n fue presidente del Departamento de Cirug\u00eda del Jackson South Hospital en Miami.<\/p>\n<p>El Dr. Razdan est\u00e1 certificado por la Junta Estadounidense de Urolog\u00eda y la Sociedad de Endourolog\u00eda.<\/p>\n<p>\u00a1Una de las principales contribuciones del Dr. Razdan es ayudar a los pacientes a lograr un retorno &#8220;m\u00e1s temprano&#8221; de la funci\u00f3n sexual y el control urinario!<\/p>\n<p>El Dr. Razdan fue pionero en un estudio aleatorizado que utiliz\u00f3 la membrana amni\u00f3tica humana en pacientes con prostatectom\u00eda radical rob\u00f3tica.<\/p>\n<h3>Por qu\u00e9 volar desde Costa Rica para conocer al Dr. Razdan?<\/h3>\n<ul>\n<li style=\"list-style-type: none;\">\n<ul>\n<li>Uno de los cirujanos rob\u00f3ticos de c\u00e1ncer de pr\u00f3stata altamente calificados y con m\u00e1s experiencia del mundo.<\/li>\n<li>M\u00e1s de 8.500 procedimientos realizados con \u00e9xito por el Dr. Razdan.<\/li>\n<li>Investigador y cirujano pionero en c\u00e1ncer de pr\u00f3stata y resultados de cirug\u00eda rob\u00f3tica<\/li>\n<li>El primer cirujano del mundo en UTILIZAR MEMBRANA AMNI\u00d3TICA HUMANA para el RETORNO TEMPRANO de la FUNCI\u00d3N ER\u00c9CTIL despu\u00e9s de la cirug\u00eda rob\u00f3tica de pr\u00f3stata.<\/li>\n<li>Primer premio a la investigaci\u00f3n original de la Endourology Society, 2014.<\/li>\n<li>Fue pionero en la t\u00e9cnica de PRESERVACI\u00d3N M\u00c1XIMA DE LA LONGITUD URETRAL (MULP) para ayudar a los pacientes a obtener un retorno temprano de la continencia urinaria despu\u00e9s de la cirug\u00eda de pr\u00f3stata rob\u00f3tica.<\/li>\n<li>Resultados brillantes en el control del c\u00e1ncer, la continencia urinaria y la funci\u00f3n er\u00e9ctil.<\/li>\n<li>La mayor\u00eda de los pacientes tratados en INTERNATIONAL ROBOTIC PROSTATECTOMY INSTITUTE, Miami, FL. ha experimentado un control urinario completo, generalmente a los pocos d\u00edas de la cirug\u00eda. Alrededor del 98% son continentes a los 6 meses de tratamiento.<\/li>\n<li>La mayor\u00eda de los pacientes de Costa Rica tienen erecciones suficientes para la actividad sexual dentro de los 6 meses posteriores a la cirug\u00eda.<\/li>\n<li>Casi todos los pacientes est\u00e1n lo suficientemente en forma para salir del hospital en 24 horas.<\/li>\n<li>Atenci\u00f3n de clase mundial personalizada de acuerdo con los requisitos del paciente<\/li>\n<li>Atenci\u00f3n premium brindada por personal calificado en el avanzado Centro de Cirug\u00eda Rob\u00f3tica de Pr\u00f3stata del Dr. Razdan en el sureste de los Estados Unidos.<\/li>\n<\/ul>\n<\/li>\n<\/ul>\n<h3>Diagnosticado con c\u00e1ncer de pr\u00f3stata?<\/h3>\n<p>Cont\u00e1ctenos si se encuentra en Costa Rica. Le ayudaremos a programar vuelos y cirug\u00edas con el Dr. Razdan.<\/p>\n","protected":false},"excerpt":{"rendered":"<p>\ufeff Cirujano de c\u00e1ncer de pr\u00f3stata Costa Rica El Dr. Razdan es conocido por haber tratado a m\u00e1s de miles de pacientes que llegan desde Costa Rica. Siendo uno de los pocos cirujanos de \u00e9lite que se ha capacitado en cirug\u00eda rob\u00f3tica y l\u00e1ser de alta tecnolog\u00eda, el Dr. Razdan es la primera preferencia por [&hellip;]<\/p>\n","protected":false},"author":1,"featured_media":0,"parent":0,"menu_order":0,"comment_status":"closed","ping_status":"closed","template":"","meta":{"footnotes":""},"class_list":["post-1666","page","type-page","status-publish","hentry"],"_links":{"self":[{"href":"https:\/\/miamiroboticprostatectomy.com\/sp\/wp-json\/wp\/v2\/pages\/1666","targetHints":{"allow":["GET"]}}],"collection":[{"href":"https:\/\/miamiroboticprostatectomy.com\/sp\/wp-json\/wp\/v2\/pages"}],"about":[{"href":"https:\/\/miamiroboticprostatectomy.com\/sp\/wp-json\/wp\/v2\/types\/page"}],"author":[{"embeddable":true,"href":"https:\/\/miamiroboticprostatectomy.com\/sp\/wp-json\/wp\/v2\/users\/1"}],"replies":[{"embeddable":true,"href":"https:\/\/miamiroboticprostatectomy.com\/sp\/wp-json\/wp\/v2\/comments?post=1666"}],"version-history":[{"count":8,"href":"https:\/\/miamiroboticprostatectomy.com\/sp\/wp-json\/wp\/v2\/pages\/1666\/revisions"}],"predecessor-version":[{"id":1900,"href":"https:\/\/miamiroboticprostatectomy.com\/sp\/wp-json\/wp\/v2\/pages\/1666\/revisions\/1900"}],"wp:attachment":[{"href":"https:\/\/miamiroboticprostatectomy.com\/sp\/wp-json\/wp\/v2\/media?parent=1666"}],"curies":[{"name":"wp","href":"https:\/\/api.w.org\/{rel}","templated":true}]}}